{"id":10282,"date":"2021-01-08T22:15:25","date_gmt":"2021-01-08T21:15:25","guid":{"rendered":"https:\/\/adequat.eu\/de\/?page_id=10282"},"modified":"2025-12-05T13:21:49","modified_gmt":"2025-12-05T12:21:49","slug":"wettbewerb","status":"publish","type":"page","link":"https:\/\/adequat.eu\/de\/wettbewerb\/","title":{"rendered":"Fotowettbewerb"},"content":{"rendered":"<h1 class=\"entry-title\">Fotowettbewerb<\/h1>\n<h3>Was ist der Ad\u00e9quat Fotowettbewerb?<\/h3>\n<p>Jeden Monat verlosen wir <strong>100 \u20ac<\/strong> unter allen Kunden, die hier ein Foto Ihres Ad\u00e9quat-Produkts hochladen.<\/p>\n<p>Wir freuen uns nat\u00fcrlich noch mehr, wenn das h\u00f6lzerne Ad\u00e9quat-Schild im Foto zu sehen ist, das Sie zu Ihrer Bestellung erhalten.<\/p>\n<p>Sie k\u00f6nnen nat\u00fcrlich auch mehrere Fotos und Videos hochladen \ud83d\ude42<br \/>\nUnd wir freuen uns immer sehr \u00fcber Vorher-Nachher-Bilder!<\/p>\n<p>\u00dcbrigens steigern Sie Ihre Gewinnchancen am Foto-Wettbewerb, wenn <a href=\"https:\/\/www.instagram.com\/staketenzaunliebe\/\" target=\"_blank\" rel=\"noopener\">@staketenzaunliebe<\/a> bei <a href=\"https:\/\/www.instagram.com\/staketenzaunliebe\/\" target=\"_blank\" rel=\"noopener\">Instagram<\/a> ihren Fotos markieren. Bitte laden Sie das Foto oder Video zus\u00e4tzlich hier hoch oder senden Sie es uns per E-Mail zu.<\/p>\n<p><strong>Als Gewinner\/in erhalten Sie zu Beginn des darauf folgenden Monats eine E-Mail von uns.<\/strong><\/p>\n<p>Die 100 \u20ac werden per \u00dcberweisung ausgezahlt.<\/p>\n<p>Falls Sie Probleme mit dem Upload haben sollten, k\u00f6nnen Sie Ihre Fotos auch per E-Mail an rachel@adequat.eu senden.<\/p>\n<p><em>*Mit Ihrer Teilnahme erkl\u00e4ren Sie sich einverstanden, dass Ihr Foto von uns f\u00fcr Werbezwecke verwendet werden darf (nat\u00fcrlich ohne Nennung Ihres Namens, wenn Sie dies w\u00fcnschen).<\/em><\/p>\n<p>&nbsp;<\/p>\n<hr \/>\n<script>\nvar gform;gform||(document.addEventListener(\"gform_main_scripts_loaded\",function(){gform.scriptsLoaded=!0}),document.addEventListener(\"gform\/theme\/scripts_loaded\",function(){gform.themeScriptsLoaded=!0}),window.addEventListener(\"DOMContentLoaded\",function(){gform.domLoaded=!0}),gform={domLoaded:!1,scriptsLoaded:!1,themeScriptsLoaded:!1,isFormEditor:()=>\"function\"==typeof InitializeEditor,callIfLoaded:function(o){return!(!gform.domLoaded||!gform.scriptsLoaded||!gform.themeScriptsLoaded&&!gform.isFormEditor()||(gform.isFormEditor()&&console.warn(\"The use of gform.initializeOnLoaded() is deprecated in the form editor context and will be removed in Gravity Forms 3.1.\"),o(),0))},initializeOnLoaded:function(o){gform.callIfLoaded(o)||(document.addEventListener(\"gform_main_scripts_loaded\",()=>{gform.scriptsLoaded=!0,gform.callIfLoaded(o)}),document.addEventListener(\"gform\/theme\/scripts_loaded\",()=>{gform.themeScriptsLoaded=!0,gform.callIfLoaded(o)}),window.addEventListener(\"DOMContentLoaded\",()=>{gform.domLoaded=!0,gform.callIfLoaded(o)}))},hooks:{action:{},filter:{}},addAction:function(o,r,e,t){gform.addHook(\"action\",o,r,e,t)},addFilter:function(o,r,e,t){gform.addHook(\"filter\",o,r,e,t)},doAction:function(o){gform.doHook(\"action\",o,arguments)},applyFilters:function(o){return gform.doHook(\"filter\",o,arguments)},removeAction:function(o,r){gform.removeHook(\"action\",o,r)},removeFilter:function(o,r,e){gform.removeHook(\"filter\",o,r,e)},addHook:function(o,r,e,t,n){null==gform.hooks[o][r]&&(gform.hooks[o][r]=[]);var d=gform.hooks[o][r];null==n&&(n=r+\"_\"+d.length),gform.hooks[o][r].push({tag:n,callable:e,priority:t=null==t?10:t})},doHook:function(r,o,e){var t;if(e=Array.prototype.slice.call(e,1),null!=gform.hooks[r][o]&&((o=gform.hooks[r][o]).sort(function(o,r){return o.priority-r.priority}),o.forEach(function(o){\"function\"!=typeof(t=o.callable)&&(t=window[t]),\"action\"==r?t.apply(null,e):e[0]=t.apply(null,e)})),\"filter\"==r)return e[0]},removeHook:function(o,r,t,n){var e;null!=gform.hooks[o][r]&&(e=(e=gform.hooks[o][r]).filter(function(o,r,e){return!!(null!=n&&n!=o.tag||null!=t&&t!=o.priority)}),gform.hooks[o][r]=e)}});\n<\/script>\n\n                <div class='gf_browser_gecko gform_wrapper gform_legacy_markup_wrapper gform-theme--no-framework gform_wrapper gform_legacy_markup_wrapper gform-theme--no-framework feedback_form_wrapper' data-form-theme='legacy' data-form-index='0' id='gform_wrapper_3' >\n                        <div class='gform_heading'>\n                            <h3 class=\"gform_title\">Foto upload<\/h3>\n                        <\/div><form method='post' enctype='multipart\/form-data' target='gform_ajax_frame_3' id='gform_3' class='gform feedback_form' action='\/de\/wp-json\/wp\/v2\/pages\/10282' data-formid='3' novalidate>\n                        <div class='gform-body gform_body'><ul id='gform_fields_3' class='gform_fields top_label form_sublabel_below description_above validation_below'><li id=\"field_3_1\" class=\"gfield gfield--type-fileupload gfield_contains_required field_sublabel_below gfield--no-description field_description_above field_validation_below gfield_visibility_visible\"  ><label class='gfield_label gform-field-label' for='gform_browse_button_3_1'>Bild(er)<span class=\"gfield_required\"><span class=\"gfield_required gfield_required_asterisk\">*<\/span><\/span><\/label><div class='ginput_container ginput_container_fileupload'><div id='gform_multifile_upload_3_1' data-settings='{&quot;runtimes&quot;:&quot;html5,flash,html4&quot;,&quot;browse_button&quot;:&quot;gform_browse_button_3_1&quot;,&quot;container&quot;:&quot;gform_multifile_upload_3_1&quot;,&quot;drop_element&quot;:&quot;gform_drag_drop_area_3_1&quot;,&quot;filelist&quot;:&quot;gform_preview_3_1&quot;,&quot;unique_names&quot;:true,&quot;file_data_name&quot;:&quot;file&quot;,&quot;url&quot;:&quot;https:\\\/\\\/adequat.eu\\\/de\\\/?gf_page=59e53d1c2792033&quot;,&quot;flash_swf_url&quot;:&quot;https:\\\/\\\/adequat.eu\\\/de\\\/wp-includes\\\/js\\\/plupload\\\/plupload.flash.swf&quot;,&quot;silverlight_xap_url&quot;:&quot;https:\\\/\\\/adequat.eu\\\/de\\\/wp-includes\\\/js\\\/plupload\\\/plupload.silverlight.xap&quot;,&quot;filters&quot;:{&quot;mime_types&quot;:[{&quot;title&quot;:&quot;Erlaubte Dateitypen&quot;,&quot;extensions&quot;:&quot;*&quot;}],&quot;max_file_size&quot;:&quot;10485760b&quot;},&quot;multipart&quot;:true,&quot;urlstream_upload&quot;:false,&quot;multipart_params&quot;:{&quot;form_id&quot;:3,&quot;field_id&quot;:1,&quot;_gform_file_upload_nonce_3_1&quot;:&quot;6009953672&quot;},&quot;gf_vars&quot;:{&quot;max_files&quot;:0,&quot;message_id&quot;:&quot;gform_multifile_messages_3_1&quot;,&quot;disallowed_extensions&quot;:[&quot;php&quot;,&quot;asp&quot;,&quot;aspx&quot;,&quot;cmd&quot;,&quot;csh&quot;,&quot;bat&quot;,&quot;html&quot;,&quot;htm&quot;,&quot;hta&quot;,&quot;jar&quot;,&quot;exe&quot;,&quot;com&quot;,&quot;js&quot;,&quot;lnk&quot;,&quot;htaccess&quot;,&quot;phar&quot;,&quot;phtml&quot;,&quot;ps1&quot;,&quot;ps2&quot;,&quot;php3&quot;,&quot;php4&quot;,&quot;php5&quot;,&quot;php6&quot;,&quot;py&quot;,&quot;rb&quot;,&quot;tmp&quot;]}}' class='gform_fileupload_multifile'>\n\t\t\t\t\t\t\t\t\t\t<div id='gform_drag_drop_area_3_1' class='gform_drop_area gform-theme-field-control'>\n\t\t\t\t\t\t\t\t\t\t\t<span class='gform_drop_instructions'>Ziehe Dateien hier her oder <\/span>\n\t\t\t\t\t\t\t\t\t\t\t<button type='button' id='gform_browse_button_3_1' class='button gform_button_select_files gform-theme-button gform-theme-button--control' aria-describedby=\"gfield_upload_rules_3_1\" tabindex='100' >W\u00e4hle Dateien aus<\/button>\n\t\t\t\t\t\t\t\t\t\t<\/div>\n\t\t\t\t\t\t\t\t\t<\/div><span class='gfield_description gform_fileupload_rules' id='gfield_upload_rules_3_1'>Max. Dateigr\u00f6\u00dfe: 10 MB.<\/span><ul class='validation_message--hidden-on-empty gform-ul-reset' id='gform_multifile_messages_3_1'><\/ul> <div id='gform_preview_3_1' class='ginput_preview_list'><\/div><\/div><\/li><li id=\"field_3_11\" class=\"gfield gfield--type-section gsection field_sublabel_below gfield--no-description field_description_above field_validation_below gfield_visibility_visible\"  ><h2 class=\"gsection_title\"><\/h2><\/li><li id=\"field_3_10\" class=\"gfield gfield--type-survey gfield--input-type-rating gfield--width-full gfield_contains_required field_sublabel_below gfield--has-description field_description_above field_validation_below gfield_visibility_visible gsurvey-survey-field \"  data-field-class=\"gsurvey-survey-field\" ><label class='gfield_label gform-field-label' >Wie zufrieden sind Sie mit den Produkten?<span class=\"gfield_required\"><span class=\"gfield_required gfield_required_asterisk\">*<\/span><\/span><\/label><div class='gfield_description' id='gfield_description_3_10'>Wir m\u00f6chten betonen, dass die Bewertung keinen Einfluss auf Ihre Gewinnchancen (100 \u20ac Gewinn) hat.<\/div><div class='ginput_container gsurvey-rating-wrapper'><div class='gsurvey-rating' id='input_3_10'><input name='input_10' type='radio' value='grating108b82db03'  id='choice_3_10_0'  tabindex='101'  \/><label for='choice_3_10_0' title='Excellent'><span>Excellent<\/span><\/label><input name='input_10' type='radio' value='grating10f57b7839'  id='choice_3_10_1'  tabindex='102'  \/><label for='choice_3_10_1' title='Pretty good'><span>Pretty good<\/span><\/label><input name='input_10' type='radio' value='grating107925d606'  id='choice_3_10_2'  tabindex='103'  \/><label for='choice_3_10_2' title='Neutral'><span>Neutral<\/span><\/label><input name='input_10' type='radio' value='grating101f456f07'  id='choice_3_10_3'  tabindex='104'  \/><label for='choice_3_10_3' title='Not so great'><span>Not so great<\/span><\/label><input name='input_10' type='radio' value='grating10ce4b7bfa'  id='choice_3_10_4'  tabindex='105'  \/><label for='choice_3_10_4' title='Terrible'><span>Terrible<\/span><\/label><\/div><\/div><\/li><li id=\"field_3_8\" class=\"gfield gfield--type-textarea gfield--width-full field_sublabel_below gfield--no-description field_description_above field_validation_below gfield_visibility_visible\"  ><label class='gfield_label gform-field-label' for='input_3_8'>K\u00f6nnen Sie uns etwas \u00fcber dieses Foto erz\u00e4hlen?<\/label><div class='ginput_container ginput_container_textarea'><textarea name='input_8' id='input_3_8' class='textarea large' tabindex='106'     aria-invalid=\"false\"   rows='10' cols='50'><\/textarea><\/div><\/li><li id=\"field_3_2\" class=\"gfield gfield--type-name gfield_contains_required field_sublabel_below gfield--no-description field_description_above field_validation_below gfield_visibility_visible\"  ><label class='gfield_label gform-field-label gfield_label_before_complex' >Name<span class=\"gfield_required\"><span class=\"gfield_required gfield_required_asterisk\">*<\/span><\/span><\/label><div class='ginput_complex ginput_container ginput_container--name no_prefix has_first_name no_middle_name has_last_name no_suffix gf_name_has_2 ginput_container_name gform-grid-row' id='input_3_2'>\n                            \n                            <span id='input_3_2_3_container' class='name_first gform-grid-col gform-grid-col--size-auto' >\n                                                    <input type='text' name='input_2.3' id='input_3_2_3' value='' tabindex='108'  aria-required='true'     \/>\n                                                    <label for='input_3_2_3' class='gform-field-label gform-field-label--type-sub '>Vorname<\/label>\n                                                <\/span>\n                            \n                            <span id='input_3_2_6_container' class='name_last gform-grid-col gform-grid-col--size-auto' >\n                                                    <input type='text' name='input_2.6' id='input_3_2_6' value='' tabindex='110'  aria-required='true'     \/>\n                                                    <label for='input_3_2_6' class='gform-field-label gform-field-label--type-sub '>Nachname<\/label>\n                                                <\/span>\n                            \n                        <\/div><\/li><li id=\"field_3_3\" class=\"gfield gfield--type-email gf_left_half gfield_contains_required field_sublabel_below gfield--no-description field_description_above field_validation_below gfield_visibility_visible\"  ><label class='gfield_label gform-field-label' for='input_3_3'>E-Mail-Addresse<span class=\"gfield_required\"><span class=\"gfield_required gfield_required_asterisk\">*<\/span><\/span><\/label><div class='ginput_container ginput_container_email'>\n                            <input name='input_3' id='input_3_3' type='email' value='' class='medium' tabindex='112'   aria-required=\"true\" aria-invalid=\"false\"  \/>\n                        <\/div><\/li><li id=\"field_3_4\" class=\"gfield gfield--type-text gf_right_half field_sublabel_below gfield--no-description field_description_above field_validation_below gfield_visibility_visible\"  ><label class='gfield_label gform-field-label' for='input_3_4'>Bestellnummer<\/label><div class='ginput_container ginput_container_text'><input name='input_4' id='input_3_4' type='text' value='' class='medium'   tabindex='113'   aria-invalid=\"false\"   \/><\/div><\/li><li id=\"field_3_7\" class=\"gfield gfield--type-radio gfield--type-choice gfield_contains_required field_sublabel_below gfield--has-description field_description_above field_validation_below gfield_visibility_visible\"  ><label class='gfield_label gform-field-label' >Namenseingabe<span class=\"gfield_required\"><span class=\"gfield_required gfield_required_asterisk\">*<\/span><\/span><\/label><div class='gfield_description' id='gfield_description_3_7'>K\u00f6nnen wir Ihren Namen angeben, wenn wir Ihre Einsendung auf unserer Website ver\u00f6ffentlichen? Oder m\u00f6chten Sie lieber anonym bleiben? Im letzteren Fall wird Ihr Name (genau wie die anderen Angaben) nur verwendet, um Sie zu kontaktieren, wenn Sie gewonnen haben.<\/div><div class='ginput_container ginput_container_radio'><ul class='gfield_radio' id='input_3_7'>\n\t\t\t<li class='gchoice gchoice_3_7_0'>\n\t\t\t\t<input name='input_7' type='radio' value='Ja, mein Name kann auf der Website erw\u00e4hnt werden'  id='choice_3_7_0' tabindex='114'   \/>\n\t\t\t\t<label for='choice_3_7_0' id='label_3_7_0' class='gform-field-label gform-field-label--type-inline'>Ja, mein Name kann auf der Website erw\u00e4hnt werden<\/label>\n\t\t\t<\/li>\n\t\t\t<li class='gchoice gchoice_3_7_1'>\n\t\t\t\t<input name='input_7' type='radio' value='Nein, ich m\u00f6chte anonym bleiben'  id='choice_3_7_1' tabindex='115'   \/>\n\t\t\t\t<label for='choice_3_7_1' id='label_3_7_1' class='gform-field-label gform-field-label--type-inline'>Nein, ich m\u00f6chte anonym bleiben<\/label>\n\t\t\t<\/li><\/ul><\/div><\/li><li id=\"field_3_5\" class=\"gfield gfield--type-checkbox gfield--type-choice gfield_contains_required field_sublabel_below gfield--no-description field_description_above field_validation_below gfield_visibility_visible\"  ><label class='gfield_label gform-field-label gfield_label_before_complex' >AGB akzeptieren<span class=\"gfield_required\"><span class=\"gfield_required gfield_required_asterisk\">*<\/span><\/span><\/label><div class='ginput_container ginput_container_checkbox'><ul class='gfield_checkbox' id='input_3_5'><li class='gchoice gchoice_3_5_1'>\n\t\t\t\t\t\t\t\t<input class='gfield-choice-input' name='input_5.1' type='checkbox'  value='Ich bin mit den genannten Bedingungen einverstanden und erteile hiermit die Erlaubnis, dass meine Einsendung f\u00fcr Marketingzwecke der Firma Ad\u00e9quat verwendet werden darf.'  id='choice_3_5_1' tabindex='116'  \/>\n\t\t\t\t\t\t\t\t<label for='choice_3_5_1' id='label_3_5_1' class='gform-field-label gform-field-label--type-inline'>Ich bin mit den genannten Bedingungen einverstanden und erteile hiermit die Erlaubnis, dass meine Einsendung f\u00fcr Marketingzwecke der Firma Ad\u00e9quat verwendet werden darf.<\/label>\n\t\t\t\t\t\t\t<\/li><\/ul><\/div><\/li><\/ul><\/div>\n        <div class='gform-footer gform_footer top_label'> <button type='submit' id='gform_submit_button_3' class='gform_button button' onclick='gform.submission.handleButtonClick(this);' data-submission-type='submit' value='Senden' tabindex='117' >Senden<\/button> <input type='hidden' name='gform_ajax' value='form_id=3&amp;title=1&amp;description=&amp;tabindex=100&amp;theme=legacy&amp;styles=[]&amp;hash=a752efaa1a9a6554651b7b77a27a2e83' \/>\n            <input type='hidden' class='gform_hidden' name='gform_submission_method' data-js='gform_submission_method_3' value='iframe' \/>\n            <input type='hidden' class='gform_hidden' name='gform_theme' data-js='gform_theme_3' id='gform_theme_3' value='legacy' \/>\n            <input type='hidden' class='gform_hidden' name='gform_style_settings' data-js='gform_style_settings_3' id='gform_style_settings_3' value='[]' \/>\n            <input type='hidden' class='gform_hidden' name='is_submit_3' value='1' \/>\n            <input type='hidden' class='gform_hidden' name='gform_submit' value='3' \/>\n            \n            <input type='hidden' class='gform_hidden' name='gform_currency' data-currency='EUR' value='3Lp6KgBC7pL1UvaSZuRyXL\/tTU506YKaLx4dR+tU+AFXFs9ImwFfVW4FrnrCfwRkExnAjut5FYjyOPXMBYd9X7wFdz+cHMYRLcI7jhQhVqTETm0=' \/>\n            <input type='hidden' class='gform_hidden' name='gform_unique_id' value='' \/>\n            <input type='hidden' class='gform_hidden' name='state_3' value='WyJbXSIsImMxMWI0MTUzZDlhNTJiNjIyNjMzNjgwNzQ4M2RkZDVlIl0=' \/>\n            <input type='hidden' autocomplete='off' class='gform_hidden' name='gform_target_page_number_3' id='gform_target_page_number_3' value='0' \/>\n            <input type='hidden' autocomplete='off' class='gform_hidden' name='gform_source_page_number_3' id='gform_source_page_number_3' value='1' \/>\n            <input type='hidden' name='gform_field_values' value='' \/>\n            <input type='hidden' name='gform_uploaded_files' id='gform_uploaded_files_3' value='' \/>\n        <\/div>\n                        <\/form>\n                        <\/div>\n\t\t                <iframe style='display:none;width:0px;height:0px;' src='about:blank' name='gform_ajax_frame_3' id='gform_ajax_frame_3' title='Dieser iframe enth\u00e4lt die erforderliche Logik um Gravity Forms Formulare mit AJAX zu handhaben.'><\/iframe>\n\t\t                <script>\ngform.initializeOnLoaded( function() {gformInitSpinner( 3, 'https:\/\/adequat.eu\/de\/wp-content\/plugins\/gravityforms\/images\/spinner.svg', true );jQuery('#gform_ajax_frame_3').on('load',function(){var contents = jQuery(this).contents().find('*').html();var is_postback = contents.indexOf('GF_AJAX_POSTBACK') >= 0;if(!is_postback){return;}var form_content = jQuery(this).contents().find('#gform_wrapper_3');var is_confirmation = jQuery(this).contents().find('#gform_confirmation_wrapper_3').length > 0;var is_redirect = contents.indexOf('gformRedirect(){') >= 0;var is_form = form_content.length > 0 && ! is_redirect && ! is_confirmation;var mt = parseInt(jQuery('html').css('margin-top'), 10) + parseInt(jQuery('body').css('margin-top'), 10) + 100;if(is_form){jQuery('#gform_wrapper_3').html(form_content.html());if(form_content.hasClass('gform_validation_error')){jQuery('#gform_wrapper_3').addClass('gform_validation_error');} else {jQuery('#gform_wrapper_3').removeClass('gform_validation_error');}setTimeout( function() { \/* delay the scroll by 50 milliseconds to fix a bug in chrome *\/  }, 50 );if(window['gformInitDatepicker']) {gformInitDatepicker();}if(window['gformInitPriceFields']) {gformInitPriceFields();}var current_page = jQuery('#gform_source_page_number_3').val();gformInitSpinner( 3, 'https:\/\/adequat.eu\/de\/wp-content\/plugins\/gravityforms\/images\/spinner.svg', true );jQuery(document).trigger('gform_page_loaded', [3, current_page]);window['gf_submitting_3'] = false;}else if(!is_redirect){var confirmation_content = jQuery(this).contents().find('.GF_AJAX_POSTBACK').html();if(!confirmation_content){confirmation_content = contents;}jQuery('#gform_wrapper_3').replaceWith(confirmation_content);jQuery(document).trigger('gform_confirmation_loaded', [3]);window['gf_submitting_3'] = false;wp.a11y.speak(jQuery('#gform_confirmation_message_3').text());}else{jQuery('#gform_3').append(contents);if(window['gformRedirect']) {gformRedirect();}}jQuery(document).trigger(\"gform_pre_post_render\", [{ formId: \"3\", currentPage: \"current_page\", abort: function() { this.preventDefault(); } }]);        if (event && event.defaultPrevented) {                return;        }        const gformWrapperDiv = document.getElementById( \"gform_wrapper_3\" );        if ( gformWrapperDiv ) {            const visibilitySpan = document.createElement( \"span\" );            visibilitySpan.id = \"gform_visibility_test_3\";            gformWrapperDiv.insertAdjacentElement( \"afterend\", visibilitySpan );        }        const visibilityTestDiv = document.getElementById( \"gform_visibility_test_3\" );        let postRenderFired = false;        function triggerPostRender() {            if ( postRenderFired ) {                return;            }            postRenderFired = true;            gform.core.triggerPostRenderEvents( 3, current_page );            if ( visibilityTestDiv ) {                visibilityTestDiv.parentNode.removeChild( visibilityTestDiv );            }        }        function debounce( func, wait, immediate ) {            var timeout;            return function() {                var context = this, args = arguments;                var later = function() {                    timeout = null;                    if ( !immediate ) func.apply( context, args );                };                var callNow = immediate && !timeout;                clearTimeout( timeout );                timeout = setTimeout( later, wait );                if ( callNow ) func.apply( context, args );            };        }        const debouncedTriggerPostRender = debounce( function() {            triggerPostRender();        }, 200 );        if ( visibilityTestDiv && visibilityTestDiv.offsetParent === null ) {            const observer = new MutationObserver( ( mutations ) => {                mutations.forEach( ( mutation ) => {                    if ( mutation.type === 'attributes' && visibilityTestDiv.offsetParent !== null ) {                        debouncedTriggerPostRender();                        observer.disconnect();                    }                });            });            observer.observe( document.body, {                attributes: true,                childList: false,                subtree: true,                attributeFilter: [ 'style', 'class' ],            });        } else {            triggerPostRender();        }    } );} );\n<\/script>\n\n","protected":false},"excerpt":{"rendered":"<p>Fotowettbewerb Was ist der Ad\u00e9quat Fotowettbewerb? Jeden Monat verlosen wir 100 \u20ac unter allen Kunden, die hier ein Foto Ihres Ad\u00e9quat-Produkts hochladen. Wir freuen uns&#8230;<\/p>\n","protected":false},"author":4,"featured_media":0,"parent":0,"menu_order":0,"comment_status":"closed","ping_status":"closed","template":"","meta":{"_acf_changed":false,"inline_featured_image":false,"_trash_the_other_posts":false,"ep_exclude_from_search":false,"iawp_total_views":459,"editor_notices":[],"footnotes":""},"class_list":["post-10282","page","type-page","status-publish","hentry"],"acf":[],"_links":{"self":[{"href":"https:\/\/adequat.eu\/de\/wp-json\/wp\/v2\/pages\/10282","targetHints":{"allow":["GET"]}}],"collection":[{"href":"https:\/\/adequat.eu\/de\/wp-json\/wp\/v2\/pages"}],"about":[{"href":"https:\/\/adequat.eu\/de\/wp-json\/wp\/v2\/types\/page"}],"author":[{"embeddable":true,"href":"https:\/\/adequat.eu\/de\/wp-json\/wp\/v2\/users\/4"}],"replies":[{"embeddable":true,"href":"https:\/\/adequat.eu\/de\/wp-json\/wp\/v2\/comments?post=10282"}],"version-history":[{"count":5,"href":"https:\/\/adequat.eu\/de\/wp-json\/wp\/v2\/pages\/10282\/revisions"}],"predecessor-version":[{"id":41467,"href":"https:\/\/adequat.eu\/de\/wp-json\/wp\/v2\/pages\/10282\/revisions\/41467"}],"wp:attachment":[{"href":"https:\/\/adequat.eu\/de\/wp-json\/wp\/v2\/media?parent=10282"}],"curies":[{"name":"wp","href":"https:\/\/api.w.org\/{rel}","templated":true}]}}