{"id":14377,"date":"2021-10-21T15:16:29","date_gmt":"2021-10-21T13:16:29","guid":{"rendered":"https:\/\/adequat.eu\/de\/?page_id=14377"},"modified":"2026-04-03T16:35:53","modified_gmt":"2026-04-03T14:35:53","slug":"sitemap","status":"publish","type":"page","link":"https:\/\/adequat.eu\/de\/sitemap\/","title":{"rendered":"Sitemap"},"content":{"rendered":"<h1>Sitemap<\/h1>\n<h3>Kastanienzaun<\/h3>\n<p><a href=\"https:\/\/adequat.eu\/de\/produkte\/kastanienzaun-naturzaun\/\">Kastanienzaun<\/a><br \/>\n<a href=\"https:\/\/adequat.eu\/de\/produkte\/kastanienzaun-naturzaun\/staketenzaun\/\">Staketenzaun<\/a><br \/>\n<a href=\"https:\/\/adequat.eu\/de\/produkte\/kastanienzaun-naturzaun\/staketenzaun-aus-robinie\/\">Staketenzaun Robinie<\/a><br \/>\n<a href=\"https:\/\/adequat.eu\/de\/produkte\/kastanienzaun-naturzaun\/post-and-rail-fencing-fence-weidezaun-holz\/\">Post en Rail zaun<\/a><br \/>\n<a href=\"https:\/\/adequat.eu\/de\/naturzaun\/\">Naturzaun<\/a><br \/>\n<a href=\"https:\/\/adequat.eu\/de\/produkte\/kastanienzaun-naturzaun\/bauernzaun\/\">Bauernzaun<\/a><br \/>\n<a href=\"https:\/\/adequat.eu\/de\/produkte\/kastanienzaun-naturzaun\/holzzaun\/\">Holzzaun<\/a><br \/>\n<a href=\"https:\/\/adequat.eu\/de\/produkte\/kastanienzaun-naturzaun\/holzlattenzaun\/\">Holzlattenzaun<\/a><br \/>\n<a href=\"https:\/\/adequat.eu\/de\/aktuell\/anwendungen\/steckzaun-holz\/\">Steckzaun<\/a><\/p>\n<h3>Pf\u00e4hle<\/h3>\n<p><a href=\"https:\/\/adequat.eu\/de\/produkte\/holzpfaehle-holzpfosten\/\">Holzpf\u00e4hle\u00a0<\/a><br \/>\n<a href=\"https:\/\/adequat.eu\/de\/produkte\/holzpfaehle-holzpfosten\/zaunpfaele\/\">Zaunpf\u00e4hle<\/a><br \/>\n<a href=\"https:\/\/adequat.eu\/de\/produkte\/holzpfaehle-holzpfosten\/zaunpfosten-holz\/\">Zaunpfosten Holz<\/a><br \/>\n<a href=\"https:\/\/adequat.eu\/de\/produkte\/holzpfaehle-holzpfosten\/kastanienpfaehle-kastanienpfosten\/\">Kastanienpf\u00e4hle<\/a><br \/>\n<a href=\"https:\/\/adequat.eu\/de\/produkte\/holzpfaehle-holzpfosten\/robinienpfaehle-robinienpfosten\/\">Robinienpf\u00e4hle<\/a><br \/>\n<a href=\"https:\/\/adequat.eu\/de\/produkte\/holzpfaehle-holzpfosten\/weidezaunpfahle-holz\/\">Weidezaunpf\u00e4hle<\/a><br \/>\n<a href=\"https:\/\/adequat.eu\/de\/aktuell\/anwendungen\/akazienpfaehle\/\">Akazienpf\u00e4hle<\/a><br \/>\n<a href=\"https:\/\/adequat.eu\/de\/produkte\/holzpfaehle-holzpfosten\/holzpfaehle-200-cm\/\">Holzpf\u00e4hle 200 cm<\/a><br \/>\n<a href=\"https:\/\/adequat.eu\/de\/produkte\/holzpfaehle-holzpfosten\/holzpfaehle-300-cm\/\">Holzpf\u00e4hle 300 cm<\/a><br \/>\n<a href=\"https:\/\/adequat.eu\/de\/produkte\/holzpfaehle-holzpfosten\/holzpfaehle-400-cm\/\">Holzpf\u00e4hle 400 cm<\/a><br \/>\n<a href=\"https:\/\/adequat.eu\/de\/produkte\/holzpfaehle-holzpfosten\/holzpfaehle-500-cm\/\">Holzpf\u00e4hle 500 cm<\/a><br \/>\n<a href=\"https:\/\/adequat.eu\/de\/produkte\/holzpfaehle-holzpfosten\/holzpfaehle-600-cm\/\">Holzpf\u00e4hle 600 cm<\/a><\/p>\n<h3>Holztore<\/h3>\n<p><a href=\"https:\/\/adequat.eu\/de\/produkte\/holztore\/staketenzauntore\/\">Staketenzaun tor<\/a><br \/>\n<a href=\"https:\/\/adequat.eu\/de\/produkte\/holztore\/staketenzauntore\/\">Staketentor Rahmen<\/a><br \/>\n<a href=\"https:\/\/adequat.eu\/de\/produkte\/holztore\/gartentore\/\">Gartentor Holz<\/a><br \/>\n<a href=\"https:\/\/adequat.eu\/de\/produkte\/holztore\/englisch\/\">Englisches Weidetor<\/a><br \/>\n<a href=\"https:\/\/adequat.eu\/de\/produkte\/holztore\/einfahrtstore\/\">Hoftor holz<\/a><br \/>\n<a href=\"https:\/\/adequat.eu\/de\/produkte\/holztore\/einfahrtstore\/\">Einfahrtstor holz<\/a><br \/>\n<a href=\"https:\/\/adequat.eu\/de\/produkte\/holztore\/kastanie\/\">Weidetor Holz<\/a><br \/>\n<a href=\"https:\/\/adequat.eu\/de\/produkte\/holztore\/post-rail\/\">Post und Rail Tore<\/a><\/p>\n<h2>Sichtschutz<\/h2>\n<p><a href=\"https:\/\/adequat.eu\/de\/aktuell\/anwendungen\/sonnensegel-pfosten-aus-holz\/\">Sichtschutz<\/a><br \/>\n<a href=\"https:\/\/adequat.eu\/de\/produkte\/sichtschutz-holz\/sichtschutz-haselnuss-haselnusszaun\/\">Haselnusszaun<\/a><br \/>\n<a href=\"https:\/\/adequat.eu\/de\/produkte\/sichtschutz-holz\/sichtschutzzaun-holz-sichtschutz-kastanie\/\">Sichtschutzzaun aus Holz<\/a><br \/>\n<a href=\"https:\/\/adequat.eu\/de\/produkte\/kastanienzaun-naturzaun\/staketenzaun\/\">Staketenzaun Sichtschutz<\/a><\/p>\n<h2>Anwendungen<\/h2>\n<p><a href=\"https:\/\/adequat.eu\/de\/aktuell\/anwendungen\/schaukel-aus-rundholz-selber-bauen\/\">Schaukel selber bauen<\/a><br \/>\n<a href=\"https:\/\/adequat.eu\/de\/aktuell\/anwendungen\/sonnensegel-pfosten-aus-holz\/\">Sonnensegel pfosten<\/a><br \/>\n<a href=\"https:\/\/adequat.eu\/de\/aktuell\/tips-tricks-deutsch\/staketenzaun-befestigen\/\">Staketenzaun befestigen<\/a><br \/>\n<a href=\"https:\/\/adequat.eu\/de\/projekte\/staketenzaun-projekte\/staketenzaun-aufbauen-aufbauanleitung\/\">Staketenzaun aufbauen<\/a><br \/>\n<a href=\"https:\/\/adequat.eu\/de\/aktuell\/tips-tricks-deutsch\/staketenzaun-tor-selber-bauen\/\">Staketenzauntor selber bauen<\/a><br \/>\n<a href=\"https:\/\/adequat.eu\/de\/aktuell\/staketenzaun-sichtschutz\/\">Staketenzaun Sichtschutz<\/a><br \/>\n<a href=\"https:\/\/adequat.eu\/de\/aktuell\/anwendungen\/sonnensegel-pfosten-aus-holz\/\">Sonnensegel pfosten Holz<\/a><br \/>\n<a href=\"https:\/\/adequat.eu\/de\/aktuell\/anwendungen\/poolzaun\/\">Poolzaun<\/a><br \/>\n<a href=\"https:\/\/adequat.eu\/de\/aktuell\/anwendungen\/teichzaun\/\">Teichzaun<\/a><br \/>\n<a href=\"https:\/\/adequat.eu\/de\/aktuell\/anwendungen\/pfosten-fur-haengematte-befestigung\/\">Pfosten f\u00fcr H\u00e4ngematte-befestigung<\/a><\/p>\n<h2>Information<\/h2>\n<p><a title=\"Staketenzaun Haselnuss\" href=\"https:\/\/adequat.eu\/de\/aktuell\/tips-tricks-deutsch\/staketenzaun-haselnuss\/\">Staketenzaun Haselnuss<\/a><br \/>\n<a title=\"Unterschiede Staketenzaun Kastanienholz und Haselnussholz\" href=\"https:\/\/adequat.eu\/de\/aktuell\/unterschiede-staketenzaun-aus-kastanienholz-und-haselnussholz\/\">Unterschiede Staketenzaun aus Kastanienholz und Haselnussholz<\/a><br \/>\n<a href=\"https:\/\/adequat.eu\/de\/aktuell\/anwendungen\/was-sind-pfloecke\/\">Was sind Pfl\u00f6cke?<\/a><\/p>\n","protected":false},"excerpt":{"rendered":"<p>Sitemap Kastanienzaun Kastanienzaun Staketenzaun Staketenzaun Robinie Post en Rail zaun Naturzaun Bauernzaun Holzzaun Holzlattenzaun Steckzaun Pf\u00e4hle Holzpf\u00e4hle\u00a0 Zaunpf\u00e4hle Zaunpfosten Holz Kastanienpf\u00e4hle Robinienpf\u00e4hle Weidezaunpf\u00e4hle Akazienpf\u00e4hle Holzpf\u00e4hle&#8230;<\/p>\n","protected":false},"author":7352,"featured_media":0,"parent":0,"menu_order":0,"comment_status":"closed","ping_status":"closed","template":"","meta":{"_acf_changed":false,"inline_featured_image":false,"_trash_the_other_posts":false,"ep_exclude_from_search":false,"iawp_total_views":41,"editor_notices":[],"footnotes":""},"class_list":["post-14377","page","type-page","status-publish","hentry"],"acf":[],"_links":{"self":[{"href":"https:\/\/adequat.eu\/de\/wp-json\/wp\/v2\/pages\/14377","targetHints":{"allow":["GET"]}}],"collection":[{"href":"https:\/\/adequat.eu\/de\/wp-json\/wp\/v2\/pages"}],"about":[{"href":"https:\/\/adequat.eu\/de\/wp-json\/wp\/v2\/types\/page"}],"author":[{"embeddable":true,"href":"https:\/\/adequat.eu\/de\/wp-json\/wp\/v2\/users\/7352"}],"replies":[{"embeddable":true,"href":"https:\/\/adequat.eu\/de\/wp-json\/wp\/v2\/comments?post=14377"}],"version-history":[{"count":10,"href":"https:\/\/adequat.eu\/de\/wp-json\/wp\/v2\/pages\/14377\/revisions"}],"predecessor-version":[{"id":43430,"href":"https:\/\/adequat.eu\/de\/wp-json\/wp\/v2\/pages\/14377\/revisions\/43430"}],"wp:attachment":[{"href":"https:\/\/adequat.eu\/de\/wp-json\/wp\/v2\/media?parent=14377"}],"curies":[{"name":"wp","href":"https:\/\/api.w.org\/{rel}","templated":true}]}}