{"id":25677,"date":"2023-11-13T14:42:05","date_gmt":"2023-11-13T13:42:05","guid":{"rendered":"https:\/\/adequat.eu\/de\/?page_id=25677"},"modified":"2024-06-06T15:48:55","modified_gmt":"2024-06-06T13:48:55","slug":"zaunaufbau-vom-profi","status":"publish","type":"page","link":"https:\/\/adequat.eu\/de\/zaunaufbau-vom-profi\/","title":{"rendered":"Zaunaufbau vom Profi"},"content":{"rendered":"<p>Viele Garten- und Landschaftsbaubetriebe bestellen Staketenz\u00e4une und andere Holzz\u00e4une bei Ad\u00e9quat. Wenn Sie Ihren Zaun nicht selbst aufbauen m\u00f6chten, k\u00f6nnen Sie die Dienstleistung eines G\u00e4rtners bzw. einer GaLa-Bau Firma in Anspruch nehmen.<\/p>\n<p>Sie k\u00f6nnen den Zaun selbst bei uns bestellen und in Ihren Garten liefern lassen und danach den Landschaftsg\u00e4rtner mit dem Aufbau beauftragen. Alternativ k\u00f6nnen Sie den GaLa-Bau beauftragen, den Zaun bei uns zu bestellen und Ihre Adresse als Lieferadresse angeben.<\/p>\n<p><!--more--><\/p>\n<p>&nbsp;<\/p>\n","protected":false},"excerpt":{"rendered":"<p>Viele Garten- und Landschaftsbaubetriebe bestellen Staketenz\u00e4une und andere Holzz\u00e4une bei Ad\u00e9quat. Wenn Sie Ihren Zaun nicht selbst aufbauen m\u00f6chten, k\u00f6nnen Sie die Dienstleistung eines G\u00e4rtners&#8230;<\/p>\n","protected":false},"author":4,"featured_media":25891,"parent":0,"menu_order":0,"comment_status":"closed","ping_status":"closed","template":"templates\/template-locations.php","meta":{"_acf_changed":false,"inline_featured_image":false,"_trash_the_other_posts":false,"ep_exclude_from_search":false,"iawp_total_views":288,"editor_notices":[],"footnotes":""},"class_list":["post-25677","page","type-page","status-publish","has-post-thumbnail","hentry"],"acf":[],"_links":{"self":[{"href":"https:\/\/adequat.eu\/de\/wp-json\/wp\/v2\/pages\/25677","targetHints":{"allow":["GET"]}}],"collection":[{"href":"https:\/\/adequat.eu\/de\/wp-json\/wp\/v2\/pages"}],"about":[{"href":"https:\/\/adequat.eu\/de\/wp-json\/wp\/v2\/types\/page"}],"author":[{"embeddable":true,"href":"https:\/\/adequat.eu\/de\/wp-json\/wp\/v2\/users\/4"}],"replies":[{"embeddable":true,"href":"https:\/\/adequat.eu\/de\/wp-json\/wp\/v2\/comments?post=25677"}],"version-history":[{"count":19,"href":"https:\/\/adequat.eu\/de\/wp-json\/wp\/v2\/pages\/25677\/revisions"}],"predecessor-version":[{"id":29182,"href":"https:\/\/adequat.eu\/de\/wp-json\/wp\/v2\/pages\/25677\/revisions\/29182"}],"wp:featuredmedia":[{"embeddable":true,"href":"https:\/\/adequat.eu\/de\/wp-json\/wp\/v2\/media\/25891"}],"wp:attachment":[{"href":"https:\/\/adequat.eu\/de\/wp-json\/wp\/v2\/media?parent=25677"}],"curies":[{"name":"wp","href":"https:\/\/api.w.org\/{rel}","templated":true}]}}