{"id":3,"date":"2020-02-28T16:47:14","date_gmt":"2020-02-28T21:47:14","guid":{"rendered":"https:\/\/adequat.eu\/?page_id=3"},"modified":"2024-02-01T11:20:34","modified_gmt":"2024-02-01T10:20:34","slug":"datenschutz","status":"publish","type":"page","link":"https:\/\/adequat.eu\/de\/datenschutz\/","title":{"rendered":"Datenschutz"},"content":{"rendered":"\r\n<p>Ad\u00e9quat B.V., mit Firmensitz in der Stra\u00df Goedentijd 66B in der Stadt 5131 NS Alphen, Niederlande, ist verantwortlich f\u00fcr die Verarbeitung von personenbezogenen Daten wie hier in dieser Datenschutzerkl\u00e4rung beschrieben.<\/p>\r\n<p><strong>Personenbezogene Daten, wie wir verarbeiten<\/strong><\/p>\r\n<p>Ad\u00e9quat B.V. verarbeitet Ihre personenbezogenen Daten, wenn Sie unsere Dienste verwenden und\/oder weil Sie diese Daten selbst an uns gegeben haben.<\/p>\r\n<p>Auf dieser Seite finden Sie eine \u00dcbersicht der personenbezogen Daten, die wir verarbeiten:<\/p>\r\n<p>Vor- und Nachnahme<\/p>\r\n<p>Adressdaten<\/p>\r\n<p>Telefonnummer<\/p>\r\n<p>Email-Adresse<\/p>\r\n<p>IP-Adresse<\/p>\r\n<p>Standortbezogene Daten<\/p>\r\n<p>Daten \u00fcber Ihre Aktivit\u00e4ten auf unserer Website<\/p>\r\n<p>Daten \u00fcber Ihr Surfverhalten auf verschiedene Websites hinweg (z.B. weil diese Firma Teil eines Werbenetzwerks ist)<\/p>\r\n<p>Internetbrowser und Ger\u00e4tetyp<\/p>\r\n<p><strong>Besondere und \/ oder sensible personenbezogene Daten, wie wir verarbeiten <\/strong><\/p>\r\n<p>Unsere Website und\/oder unser Dienst hat nicht die Intention, Daten von Website-Besuchern zu sammeln, die j\u00fcnger als 16 Jahre sind. Ausgenommen hiervon sind unter 16-J\u00e4hrige, die eine Zustimmung von den Eltern oder dem Vormund haben. In der Realit\u00e4t k\u00f6nnen wir allerdings nicht kontrollieren, ob ein Besucher \u00e4lter als 16 Jahre ist. Wir raten Eltern daher, genau auf di Online-Aktivit\u00e4ten Ihrer Kinder zu schauen, um zu verhindern, dass Daten \u00fcber Kinder gesammelt werden, ohne dass eine elterliche Erlaubnis hierf\u00fcr besteht. Sollten Sie zu der \u00dcberzeugung gelangen, dass wir ohne Zustimmung personenbezogene Daten \u00fcber Minderj\u00e4hrige gesammelt haben, kontaktieren Sie uns bitte per E-Mail an info@adequat.eu, sodass wir diese Informationen l\u00f6schen k\u00f6nnen.<\/p>\r\n<p><strong>Mit welchem Ziel und basierend auf welche Grunds\u00e4tzen wir personenbezogene Daten verarbeiten<\/strong><\/p>\r\n<p>Ad\u00e9quat B.V. verarbeitet Ihre personenbezogenen Daten f\u00fcr folgende Zwecke:<\/p>\r\n<p>&#8211; Die Abwicklung Ihrer Zahlung<\/p>\r\n<p>&#8211; Versand unseres Newsletters und \/ oder unserer Werbebrosch\u00fcre<\/p>\r\n<p>&#8211; Um Sie kontaktieren zu k\u00f6nnen (per E-Mail oder telefonisch), falls dies notwendig ist um unsere Dienstleistung erbringen zu k\u00f6nnen<\/p>\r\n<p>&#8211; Um Ihnen die M\u00f6glichkeit zu bieten, ein Benutzerkonto bei uns zu erstellen<\/p>\r\n<p>&#8211; Um Ihnen Produkte und Dienstleistungen zu liefern<\/p>\r\n<p>&#8211; Ad\u00e9quat B.V. verarbeitet auch personenbezogene Daten, wenn wir gesetzlich hierzu verpflichtet sind, beispielsweise bei Angaben, die wir f\u00fcr unsere Steuererkl\u00e4rung machen m\u00fcssen.<\/p>\r\n<p><strong>Automatisierte Entscheidungsprozesse<\/strong><\/p>\r\n<p>Ad\u00e9quat B.V. trifft basierend auf automatisieren Verarbeitungsprozessen keine Entscheidungen \u00fcber Dinge, die (bedeutende) Folgen f\u00fcr einzelne Personen haben k\u00f6nnen. Es geht hier um Entscheidungen, die von Computerprogrammen oder -systemen getroffen werden, ohne dass ein Mensch (z.B. ein Mitarbeiter von Ad\u00e9quat B.V.) hierbei mitwirkt.<\/p>\r\n<p><strong>Wie lange wir personenbezogene Daten speichern<\/strong><\/p>\r\n<p>Ad\u00e9quat B.V. speichert Ihre personenbezogenen Daten nicht l\u00e4nger als unbedingt f\u00fcr den Zweck der Datensammlung notwendig ist. Wenn Sie nach der gesetzlichen Aufbewahrungszeit von 7 Jahren aus unserem Bestand gel\u00f6scht werden m\u00f6chten, kontaktieren Sie uns bitte per E-Mail an nfo@adequat.eu, sodass wir diese Informationen l\u00f6schen k\u00f6nnen.<\/p>\r\n<p><strong>Teilen von personenbezogen Daten mit Dritten\u00a0 <\/strong><\/p>\r\n<p>Ad\u00e9quat B.V. verkauft Ihre Daten nicht an Dritte. Ihre Daten werden ausschlie\u00dflich an Dritte weitergegeben, wenn dies f\u00fcr die Durchf\u00fchrung unseres Vertrags mit Ihnen notwendig ist oder um gesetzliche Pflichten zu erf\u00fcllen. Mit allen Firmen, die Ihre Daten in unserem Auftrag verarbeiten, schlie\u00dfen wir einen Vertrag zur Datenbearbeitung ab. Somit stellen wir sicher, dass das gleiche Level bez\u00fcglich Sicherheit und Vertraulichkeit Ihrer Daten besteht. Ad\u00e9quat B.V. bleibt f\u00fcr diese Datenverarbeitung verantwortlich.<\/p>\r\n<p><strong>Cookies und vergleichbare Technologien, die wir verwenden<\/strong><\/p>\r\n<p>Ad\u00e9quat B.V. verwendet funktionale, analytische und Tracking Cookies. Ein Cookie ist eine kleine Textdatei, die bei Ihrem ersten Besuch unserer Website im Browser Ihres Ger\u00e4tes (Computer, Tablet, Smartphone) gespeichert wird. Ad\u00e9quat B.V. verwendet Cookies mit einer rein technischen Funktionalit\u00e4t. Diese Cookies sorgen daf\u00fcr, dass die Website ordnungsgem\u00e4\u00df funktioniert und dass beispielsweise Ihre bevorzugten Einstellungen gespeichert werden. Diese Cookies werden auch verwendet, damit die Website gut funktioniert und um sie verbessern zu k\u00f6nnen. Zudem verwenden wir Cookies, die Ihr Surfverhalten festh\u00e4lt, sodass wir Ihnen ma\u00dfgeschneiderte Inhalte und Werbung anzeigen k\u00f6nnen. Bei Ihrem ersten Website-Besuch haben wir Sie bereits um Zustimmung f\u00fcr die Verwendung von Cookies gebeten. Sie k\u00f6nnen Cookies verbieten, indem Sie Ihren Internetbrowser so einstellen, dass keine Cookies mehr gespeichert werden. Auch alle Informationen, die vorher bereits gespeichert worden, k\u00f6nnen Sie in den Einstellungen Ihres Browsers l\u00f6schen.<\/p>\r\n<p>Auf dieser Website werden auch Cookies von Dritten platziert. Dabei handelt es sich beispielsweise um Werbeagenturen und\/oder Social Media Firmen. Weiter unten auf dieser Seite finden Sie eine \u00dcbersicht \u00fcber verwendete Cookies.<\/p>\r\n<p><strong>Daten einsehen, \u00e4nder oder l\u00f6schen<\/strong><\/p>\r\n<p>Sie haben das Recht, Ihre personenbezogenen Daten einzusehen, zu korrigieren oder zu l\u00f6schen. Au\u00dferdem haben Sie das Recht, Ihre eventuell schon erteile Zustimmung zur Datenverarbeitung zur\u00fcck zu ziehen bzw. eine Beschwerde gegen die Verarbeitung von Ad\u00e9quat B.V. einzureichen. Zudem haben Sie ein Recht auf Daten\u00fcbertragbarkeit.<br \/>Dies bedeutet, dass Sie bei uns einen Antrag einreichen k\u00f6nnen, Ihre uns vorliegenden personenbezogenen Daten in einer Computerdatei zu Ihnen oder zu einer anderen von Ihnen benannten Organisation zu senden.<\/p>\r\n<p>Sie k\u00f6nnen ein Anfrage zur Einsicht, Korrektur, L\u00f6schung, Daten\u00fcbertragung Ihrer personenbezogenen Daten sowie eine Anfrage zur R\u00fccknahme Ihrer Zustimmung bzw. eine Beschwerde zur Verarbeitung Ihrer personenbezogenen Daten senden an: info@adequat.eu.<br \/>Um sicherzugehen, dass Ihre Anfrage zur Einsicht tats\u00e4chlich von Ihnen stammt, bitten wir Sie, Ihrer Anfrage eine Kopie Ihres Personalausweises beizulegen. Schw\u00e4rzen Sie in dieser Kopie bitte Ihr Foto, die maschinenlesbare Zone und die Seriennummer Ihres Personalausweises. Wenn Sie eine anderen Nachweis Ihrer Identit\u00e4t (z.B. Reisepass) an uns senden, schw\u00e4rzen Sie bitte dementsprechende Felder. Das Schw\u00e4rzen dient dem Schutz Ihrer Privatsph\u00e4re. Wir reagieren so schnell wie m\u00f6glich auf Ihre Anfrage, sp\u00e4testens aber innerhalb von vier Wochen. Ad\u00e9quat B.V. m\u00f6chte Sie zudem darauf hinweisen, dass Sie die M\u00f6glichkeit haben, eine Beschwerde bei der Aufsichtsbeh\u00f6rde f\u00fcr Datenschutz einzureichen. Wenden Sie sich an die zust\u00e4ndige Datenschutzbeh\u00f6rde Ihres Bundeslandes. \u00dcber den folgenden Link k\u00f6nnen Sie sich auch an die niederl\u00e4ndische Beh\u00f6rde wenden (da sich der Firmensitz von Ad\u00e9quat B.V. sich in den Niederlanden befindet): <a href=\"https:\/\/autoriteitpersoonsgegevens.nl\/een-tip-of-klacht-indienen-bij-de-ap\" target=\"_blank\" rel=\"noopener\">https:\/\/autoriteitpersoonsgegevens.nl\/een-tip-of-klacht-indienen-bij-de-ap<\/a><\/p>\r\n<p><strong>Wie wir personenbezogene Daten sch\u00fctzen<\/strong><\/p>\r\n<p>Ad\u00e9quat B.V. nimmt den Schutz Ihrer Daten ernst und ergreift entsprechende Ma\u00dfnahmen gegen den Missbrauch, Verlust, unbefugten Zugang, unerw\u00fcnschte Offenlegung und unerlaubte \u00c4nderungen von Daten. Sollten Sie den Eindruck gewinnen, dass Ihre Daten nicht gut gesch\u00fctzt sind oder Hinweise auf einen Missbrauch bestehen, kontaktieren Sie bitte unseren Kundenservice oder schreiben Sie uns eine E-Mail an: info@adequat.eu<\/p>\r\n<h3 class=\"wp-block-heading\"><em>Cookies<\/em><\/h3>\r\n<p>Hier sehen Sie eine \u00dcbersicht der verwendeten Cookies:<\/p>\r\n<p><strong>Unverzichtbar (11)<br \/><\/strong><strong>Unverzichtbare Cookies dienen dazu, eine Website \u00fcberhaupt erst brauchbar zu machen. Diese Cookies erm\u00f6glichen Grundfunktionen wie die Seitennavigation und den Zugang zu gesch\u00fctzten Bereichen der Website. Ohne diese Cookies kann die Website nicht ordnungsgem\u00e4\u00df funktionieren.<\/strong><\/p>\r\n<table>\r\n<thead>\r\n<tr>\r\n<td width=\"197\">Name<\/td>\r\n<td width=\"78\">Anbieter<\/td>\r\n<td width=\"270\">Zweck \/ Ziel<\/td>\r\n<td width=\"97\">Verfallsdatum<\/td>\r\n<td width=\"65\">Typ<\/td>\r\n<\/tr>\r\n<\/thead>\r\n<tbody>\r\n<tr>\r\n<td width=\"197\">__cfduid<\/td>\r\n<td width=\"78\">tawk.to<\/td>\r\n<td width=\"270\">Verwendet das Inhaltsnetzwerk Cloudfare, um bekannten Webverkehr zu identifizieren.<\/td>\r\n<td width=\"97\">1 Jahr<\/td>\r\n<td width=\"65\">HTTP Cookie<\/td>\r\n<\/tr>\r\n<tr>\r\n<td width=\"197\">_wpss_h_<\/td>\r\n<td width=\"78\">adequat.eu<\/td>\r\n<td width=\"270\">Wird verwendet um Spam in Formularen zu verhindern und verbessert die Sicherheit unsrer Website. Diese Cookies sind nicht personenbezogen \u2013 d.h. sie speichern keine Informationen, die einen Besucher pers\u00f6nlich identifizieren k\u00f6nnen und werden nicht f\u00fcr Werbung, Marketing oder \u00e4hnliches verwendet.<\/td>\r\n<td width=\"97\">Session<\/td>\r\n<td width=\"65\">HTTP Cookie<\/td>\r\n<\/tr>\r\n<tr>\r\n<td width=\"197\">_wpss_p_<\/td>\r\n<td width=\"78\">adequat.eu<\/td>\r\n<td width=\"270\">Wird verwendet um Spam in Formularen zu verhindern und verbessert die Sicherheit unserer Websites. Diese Cookies sind nicht personenbezogen \u2013 d.h. sie speichern keine Informationen, die einen Besucher pers\u00f6nlich identifizieren k\u00f6nnen und werden nicht f\u00fcr Werbung, Marketing oder \u00e4hnliches verwendet.<\/td>\r\n<td width=\"97\">Session<\/td>\r\n<td width=\"65\">HTTP Cookie<\/td>\r\n<\/tr>\r\n<tr>\r\n<td width=\"197\">CookieConsent<\/td>\r\n<td width=\"78\">adequat.eu<\/td>\r\n<td width=\"270\">Speichert den Cookie-Status des Users f\u00fcr die heutige Domain<\/td>\r\n<td width=\"97\">1 Jahr<\/td>\r\n<td width=\"65\">HTTP Cookie<\/td>\r\n<\/tr>\r\n<tr>\r\n<td width=\"197\">gravityview_back_link_16199<\/td>\r\n<td width=\"78\">adequat.eu<\/td>\r\n<td width=\"270\">Nicht klassifiziert<\/td>\r\n<td width=\"97\">Session<\/td>\r\n<td width=\"65\">HTTP Cookie<\/td>\r\n<\/tr>\r\n<tr>\r\n<td width=\"197\">JCS_INENREF<\/td>\r\n<td width=\"78\">adequat.eu<\/td>\r\n<td width=\"270\">Wird f\u00fcr Anti-Spam Zwecke verwendet.<\/td>\r\n<td width=\"97\">Session<\/td>\r\n<td width=\"65\">HTTP Cookie<\/td>\r\n<\/tr>\r\n<tr>\r\n<td width=\"197\">JCS_INENTIM<\/td>\r\n<td width=\"78\">adequat.eu<\/td>\r\n<td width=\"270\">Wird f\u00fcr Anti-Spam Zwecke verwendet.<\/td>\r\n<td width=\"97\">Session<\/td>\r\n<td width=\"65\">HTTP Cookie<\/td>\r\n<\/tr>\r\n<tr>\r\n<td width=\"197\">PHPSESSID<\/td>\r\n<td width=\"78\">adequat.eu<\/td>\r\n<td width=\"270\">H\u00e4lt den Sitzungsstatus des Users f\u00fcr alle Seitenanfragen fest.<\/td>\r\n<td width=\"97\">Session<\/td>\r\n<td width=\"65\">HTTP Cookie<\/td>\r\n<\/tr>\r\n<tr>\r\n<td width=\"197\">wc_cart_hash_#<\/td>\r\n<td width=\"78\">adequat.eu<\/td>\r\n<td width=\"270\">Nicht klassifiziert<\/td>\r\n<td width=\"97\">Session<\/td>\r\n<td width=\"65\">HTML Local Storage<\/td>\r\n<\/tr>\r\n<tr>\r\n<td width=\"197\">wc_fragments_#<\/td>\r\n<td width=\"78\">adequat.eu<\/td>\r\n<td width=\"270\">Nicht klassifiziert<\/td>\r\n<td width=\"97\">Session<\/td>\r\n<td width=\"65\">HTML Local Storage<\/td>\r\n<\/tr>\r\n<tr>\r\n<td width=\"197\">wpml_referer_url<\/td>\r\n<td width=\"78\">adequat.eu<\/td>\r\n<td width=\"270\">Nicht klassifiziert<\/td>\r\n<td width=\"97\">Session<\/td>\r\n<td width=\"65\">HTTP Cookie<\/td>\r\n<\/tr>\r\n<\/tbody>\r\n<\/table>\r\n<p>&nbsp;<\/p>\r\n<p><strong>Pr\u00e4ferenzen (3)<br \/><\/strong><strong>Pr\u00e4ferenz<\/strong>cookies sorgen daf\u00fcr, dass eine Website Informationen speichern kann, die Einfluss darauf haben, wie sich eine Website verh\u00e4lt bzw. aussieht. Beispiele hierf\u00fcr sind die bevorzugte Sprache oder die Region des Besuchers.<\/p>\r\n<table>\r\n<thead>\r\n<tr>\r\n<td width=\"183\">Name<\/td>\r\n<td width=\"78\">Anbieter<\/td>\r\n<td width=\"252\">Zweck \/ Ziel<\/td>\r\n<td width=\"97\">Verfallsdatum<\/td>\r\n<td width=\"80\">Typ<\/td>\r\n<\/tr>\r\n<\/thead>\r\n<tbody>\r\n<tr>\r\n<td width=\"183\">_icl_current_language<\/td>\r\n<td width=\"78\">adequat.eu<\/td>\r\n<td width=\"252\">Speichert die bevorzugte Sprache des Users auf der Website.<\/td>\r\n<td width=\"97\">Session<\/td>\r\n<td width=\"80\">HTTP Cookie<\/td>\r\n<\/tr>\r\n<tr>\r\n<td width=\"183\">_icl_visitor_lang_js<\/td>\r\n<td width=\"78\">adequat.eu<\/td>\r\n<td width=\"252\">Speichert die bevorzugte Sprache des Users auf der Website.<\/td>\r\n<td width=\"97\">1 Tag<\/td>\r\n<td width=\"80\">HTTP Cookie<\/td>\r\n<\/tr>\r\n<tr>\r\n<td width=\"183\">wpml_browser_redirect_test<\/td>\r\n<td width=\"78\">adequat.eu<\/td>\r\n<td width=\"252\">Speichert die bevorzugte Sprache des Users auf der Website.<\/td>\r\n<td width=\"97\">Session<\/td>\r\n<td width=\"80\">HTTP Cookie<\/td>\r\n<\/tr>\r\n<\/tbody>\r\n<\/table>\r\n<p>&nbsp;<\/p>\r\n<p><strong>Statistiken (7)<br \/><\/strong>Cookies f\u00fcr statische Zwecke helfen den Eigent\u00fcmern von Websites dabei, zu verstehen, wie Besucher ihre Website verwenden. Diese Cookies sammeln und \u00fcbertragen anonyme Daten.<\/p>\r\n<table>\r\n<thead>\r\n<tr>\r\n<td width=\"147\">Name<\/td>\r\n<td width=\"143\">Anbieter<\/td>\r\n<td width=\"192\">Zweck \/ Ziel<\/td>\r\n<td width=\"97\">Verfallsdatum<\/td>\r\n<td width=\"64\">Typ<\/td>\r\n<\/tr>\r\n<\/thead>\r\n<tbody>\r\n<tr>\r\n<td width=\"147\">_dc_gtm_UA-#<\/td>\r\n<td width=\"143\">adequat.eu<\/td>\r\n<td width=\"192\">Wird vom Google Tag Manager verwendet um das Laden eines Google Analytics Scripttags zu regulieren.<\/td>\r\n<td width=\"97\">Session<\/td>\r\n<td width=\"64\">HTTP Cookie<\/td>\r\n<\/tr>\r\n<tr>\r\n<td width=\"147\">_ga<\/td>\r\n<td width=\"143\">adequat.eu<\/td>\r\n<td width=\"192\">Registriert eine einzigartige ID, die verwendet wird, um statistische Daten dar\u00fcber zu generieren, wie der Besucher die Website verwendet.<\/td>\r\n<td width=\"97\">2 Jahre<\/td>\r\n<td width=\"64\">HTTP Cookie<\/td>\r\n<\/tr>\r\n<tr>\r\n<td width=\"147\">_gid<\/td>\r\n<td width=\"143\">adequat.eu<\/td>\r\n<td width=\"192\">Registriert eine einzigartige ID, die verwendet wird, um statistische Daten dar\u00fcber zu generieren, wie der Besucher die Website verwendet.<\/td>\r\n<td width=\"97\">Session<\/td>\r\n<td width=\"64\">HTTP Cookie<\/td>\r\n<\/tr>\r\n<tr>\r\n<td width=\"147\">_hjIncludedInSample<\/td>\r\n<td width=\"143\">adequat.eu<\/td>\r\n<td width=\"192\">Stellt fest, ob die Navigation des Users in einer bestimmten zeitlichen statistischen Kennzeichnung registriert werden muss.<\/td>\r\n<td width=\"97\">Session<\/td>\r\n<td width=\"64\">HTTP Cookie<\/td>\r\n<\/tr>\r\n<tr>\r\n<td width=\"147\">_hjRecordingEnabled<\/td>\r\n<td width=\"143\">adequat.eu<\/td>\r\n<td width=\"192\">Nicht klassifiziert<\/td>\r\n<td width=\"97\">Session<\/td>\r\n<td width=\"64\">HTML Local Storage<\/td>\r\n<\/tr>\r\n<tr>\r\n<td width=\"147\">ads\/ga-audiences<\/td>\r\n<td width=\"143\">google.com<\/td>\r\n<td width=\"192\">Wird von Google AdWords verwendet, um Besucher wieder zu erreichen, die wahrscheinlich zu Kunden werden, basierend auf dem Onlineverhalten des Besuchers auf verschiedenen Websites.<\/td>\r\n<td width=\"97\">Session<\/td>\r\n<td width=\"64\">Pixel Tracker<\/td>\r\n<\/tr>\r\n<tr>\r\n<td width=\"147\">collect<\/td>\r\n<td width=\"143\">google-analytics.com<\/td>\r\n<td width=\"192\">Wird verwendet, um Daten betreffend des vom Besuchers verwendeten Ger\u00e4ts und Verhalten des Besuchers an Google Analytics zu senden. Trackt den Besucher auf verschiedenen Ger\u00e4ten und Marketingkan\u00e4len.<\/td>\r\n<td width=\"97\">Session<\/td>\r\n<td width=\"64\">Pixel Tracker<\/td>\r\n<\/tr>\r\n<\/tbody>\r\n<\/table>\r\n<p>&nbsp;<\/p>\r\n<p>&nbsp;<\/p>\r\n<p><strong>Sonstige (10)<br \/><\/strong>Sonstige Cookies werden verwendet, um Besuchern zu folgen, wenn sie verschiedene Websites besuchen.<\/p>\r\n<table>\r\n<thead>\r\n<tr>\r\n<td width=\"236\">Name<\/td>\r\n<td width=\"90\">Anbieter<\/td>\r\n<td width=\"193\">Zweck \/ Ziel<\/td>\r\n<td width=\"97\">Verfallsdatum<\/td>\r\n<td width=\"64\">Typ<\/td>\r\n<\/tr>\r\n<\/thead>\r\n<tbody>\r\n<tr>\r\n<td width=\"236\">__tawkuuid<\/td>\r\n<td width=\"90\">adequat.eu<\/td>\r\n<td width=\"193\">Nicht klassifiziert<\/td>\r\n<td width=\"97\">179 Tage<\/td>\r\n<td width=\"64\">HTTP Cookie<\/td>\r\n<\/tr>\r\n<tr>\r\n<td width=\"236\">GPS<\/td>\r\n<td width=\"90\">youtube.com<\/td>\r\n<td width=\"193\">Registriert eine einzigartige ID auf Mobiltelefonen um Tracking zu erm\u00f6glich, basierend auf dem geografischen GPS-Standort.<\/td>\r\n<td width=\"97\">Session<\/td>\r\n<td width=\"64\">HTTP Cookie<\/td>\r\n<\/tr>\r\n<tr>\r\n<td width=\"236\">PREF<\/td>\r\n<td width=\"90\">youtube.com<\/td>\r\n<td width=\"193\">Registriert eine einzigartige ID, die von Google verwendet wird, um Statistiken dar\u00fcber zu f\u00fchren, wie der Besucher YouTube-Videos auf verschiedenen Websites verwendet.<\/td>\r\n<td width=\"97\">8 Monate<\/td>\r\n<td width=\"64\">HTTP Cookie<\/td>\r\n<\/tr>\r\n<tr>\r\n<td width=\"236\">ss<\/td>\r\n<td width=\"90\">va.tawk.to<\/td>\r\n<td width=\"193\">Nicht klassifiziert<\/td>\r\n<td width=\"97\">Session<\/td>\r\n<td width=\"64\">HTTP Cookie<\/td>\r\n<\/tr>\r\n<tr>\r\n<td width=\"236\">Tawk_56deb37689de54b41e953c38<\/td>\r\n<td width=\"90\">adequat.eu<\/td>\r\n<td width=\"193\">Nicht klassifiziert<\/td>\r\n<td width=\"97\">179 Tage<\/td>\r\n<td width=\"64\">HTTP Cookie<\/td>\r\n<\/tr>\r\n<tr>\r\n<td width=\"236\">TawkConnectionTime<\/td>\r\n<td width=\"90\">adequat.eu<\/td>\r\n<td width=\"193\">Nicht klassifiziert<\/td>\r\n<td width=\"97\">Session<\/td>\r\n<td width=\"64\">HTTP Cookie<\/td>\r\n<\/tr>\r\n<tr>\r\n<td width=\"236\">tawkUUID<\/td>\r\n<td width=\"90\">va.tawk.to<\/td>\r\n<td width=\"193\">Nicht klassifiziert<\/td>\r\n<td width=\"97\">179 Tage<\/td>\r\n<td width=\"64\">HTTP Cookie<\/td>\r\n<\/tr>\r\n<tr>\r\n<td width=\"236\">TawkWindowName<\/td>\r\n<td width=\"90\">adequat.eu<\/td>\r\n<td width=\"193\">Nicht klassifiziert<\/td>\r\n<td width=\"97\">Session<\/td>\r\n<td width=\"64\">HTML Local Storage<\/td>\r\n<\/tr>\r\n<tr>\r\n<td width=\"236\">VISITOR_INFO1_LIVE<\/td>\r\n<td width=\"90\">youtube.com<\/td>\r\n<td width=\"193\">Versucht, die Bandbreite des Users auf Seiten mit integrierten YouTube Videos einzusch\u00e4tzen.<\/td>\r\n<td width=\"97\">179 Tage<\/td>\r\n<td width=\"64\">HTTP Cookie<\/td>\r\n<\/tr>\r\n<tr>\r\n<td width=\"236\">YSC<\/td>\r\n<td width=\"90\">youtube.com<\/td>\r\n<td width=\"193\">Registriert eine einzigartige ID um Statistiken dar\u00fcber zu f\u00fchren, welche YouTube Videos der User gesehen hat.<\/td>\r\n<td width=\"97\">Session<\/td>\r\n<td width=\"64\">HTTP Cookie<\/td>\r\n<\/tr>\r\n<\/tbody>\r\n<\/table>\r\n<p>&nbsp;<\/p>\r\n","protected":false},"excerpt":{"rendered":"<p>Ad\u00e9quat B.V., mit Firmensitz in der Stra\u00df Goedentijd 66B in der Stadt 5131 NS Alphen, Niederlande, ist verantwortlich f\u00fcr die Verarbeitung von personenbezogenen Daten wie&#8230;<\/p>\n","protected":false},"author":4,"featured_media":0,"parent":0,"menu_order":99,"comment_status":"closed","ping_status":"closed","template":"","meta":{"_acf_changed":false,"inline_featured_image":false,"_trash_the_other_posts":false,"ep_exclude_from_search":false,"iawp_total_views":17,"editor_notices":[],"footnotes":""},"class_list":["post-3","page","type-page","status-publish","hentry"],"acf":[],"_links":{"self":[{"href":"https:\/\/adequat.eu\/de\/wp-json\/wp\/v2\/pages\/3","targetHints":{"allow":["GET"]}}],"collection":[{"href":"https:\/\/adequat.eu\/de\/wp-json\/wp\/v2\/pages"}],"about":[{"href":"https:\/\/adequat.eu\/de\/wp-json\/wp\/v2\/types\/page"}],"author":[{"embeddable":true,"href":"https:\/\/adequat.eu\/de\/wp-json\/wp\/v2\/users\/4"}],"replies":[{"embeddable":true,"href":"https:\/\/adequat.eu\/de\/wp-json\/wp\/v2\/comments?post=3"}],"version-history":[{"count":3,"href":"https:\/\/adequat.eu\/de\/wp-json\/wp\/v2\/pages\/3\/revisions"}],"predecessor-version":[{"id":26584,"href":"https:\/\/adequat.eu\/de\/wp-json\/wp\/v2\/pages\/3\/revisions\/26584"}],"wp:attachment":[{"href":"https:\/\/adequat.eu\/de\/wp-json\/wp\/v2\/media?parent=3"}],"curies":[{"name":"wp","href":"https:\/\/api.w.org\/{rel}","templated":true}]}}