{"id":9797,"date":"2020-12-14T11:10:28","date_gmt":"2020-12-14T10:10:28","guid":{"rendered":"https:\/\/adequat.eu\/de\/?page_id=9797"},"modified":"2024-11-23T11:28:40","modified_gmt":"2024-11-23T10:28:40","slug":"allgemeine-geschaeftsbedingungen","status":"publish","type":"page","link":"https:\/\/adequat.eu\/de\/allgemeine-geschaeftsbedingungen\/","title":{"rendered":"Allgemeine Gesch\u00e4ftsbedingungen"},"content":{"rendered":"<p><em>Sehen Sie sich auch unsere <a href=\"https:\/\/adequat.eu\/de\/datenschutz\/\">Datenschutzerkl\u00e4rung<\/a> an.<\/em><\/p>\n<h6>Geistige Eigentumsrechte<\/h6>\n<p>Kein Teil der Website von Ad\u00e9quat (einschlie\u00dflich der auf der Website gezeigten Bilder, Texte, grafischen Materialien und Logos) darf ohne vorherige schriftliche Genehmigung von Ad\u00e9quat vervielf\u00e4ltigt (auch nicht heruntergeladen) oder ver\u00f6ffentlicht werden.<\/p>\n<h2><strong>AGB<\/strong><\/h2>\n<h3><strong>ALLGEMEINE GESCH\u00c4FTSBEDINGUNGEN VON AD\u00c9QUAT B.V.<\/strong><\/h3>\n<p>&nbsp;<\/p>\n<h4>Artikel 1 \u2013 Begriffsbestimmungen<\/h4>\n<p>In diesen Allgemeinen Gesch\u00e4ftsbedingungen haben die folgenden Begriffe die im Folgenden definierte Bedeutung:<\/p>\n<ol>\n<li>Verk\u00e4ufer: die niederl\u00e4ndische Gesellschaft mit beschr\u00e4nkter Haftung Ad\u00e9quat B.V.<\/li>\n<li>K\u00e4ufer: Die nat\u00fcrliche oder juristische Person, die bei Ad\u00e9quat B.V. eine Bestellung f\u00fcr die Lieferung von Waren oder Dienstleistungen aufgibt. Hiermit sind sowohl private Konsumenten als auch gewerblichen K\u00e4ufer gemeint.<\/li>\n<li>Konsument: Die nat\u00fcrliche Person, die nicht f\u00fcr Zwecke handelt, welche ihrer gewerblichen, gesch\u00e4ftlichen, handwerklichen oder beruflichen T\u00e4tigkeit zugerechnet werden k\u00f6nnen.<\/li>\n<li>Gewerblicher Kunde\/K\u00e4ufer: Die nat\u00fcrliche oder juristische Person, die im Rahmen ihrer gewerblichen, handwerklichen oder beruflichen T\u00e4tigkeit handelt oder im Namen einer juristischen Person einen Vertrag \u2013 auch auf Distanz \u2013 mit Ad\u00e9quat B.V. abschlie\u00dft.<\/li>\n<li>Vertrag: Die Vereinbarung zwischen K\u00e4ufer und Verk\u00e4ufer.<\/li>\n<li>Widerrufsfrist: Die Frist, innerhalb derer der Konsument sein Widerrufsrecht aus\u00fcben kann.<\/li>\n<li>Tag: Kalendertag.<\/li>\n<li>Digitale Inhalte: Daten, die in digitaler Form erstellt und bereitgestellt werden.<\/li>\n<li>Dauerhafte Daten\u00fcbertragungsmittel: Jedes Medium\/Hilfsmittel (einschlie\u00dflich E-Mail), welches es dem Konsumenten oder Ad\u00e9quat B.V. erm\u00f6glicht, Informationen, die an ihn pers\u00f6nlich gerichtet sind, so zu speichern, dass eine zuk\u00fcnftige Einsichtnahme oder Nutzung \u00fcber einen Zeitraum hinweg m\u00f6glich ist, der dem Zweck der Informationen entspricht, und das die unver\u00e4nderte Wiedergabe der gespeicherten Informationen erlaubt.<\/li>\n<li>Widerrufsrecht: Die M\u00f6glichkeit des Konsumenten, innerhalb der Widerrufsfrist vom Fernabsatzvertrag zur\u00fcckzutreten.<\/li>\n<li>Kauf auf Distanz: Ein Fernabsatzvertrag, bei dem es sich um einen Verbrauchsg\u00fcterkauf handelt.<\/li>\n<li>Fernabsatzvertrag: Ein Vertrag, bei dem im Rahmen eines von dem Verk\u00e4ufer oder Dienstleister organisierten Systems f\u00fcr Fernverk\u00e4ufe oder Dienstleistungen bis einschlie\u00dflich zum Vertragsschluss ausschlie\u00dflich ein oder mehrere Mittel der Fernkommunikation verwendet werden.<\/li>\n<li>Widerrufsformular: Das in Anhang I dieser Bedingungen enthaltene Musterformular f\u00fcr den Widerruf.<\/li>\n<li>Mittel zur Fernkommunikation: Mittel, die f\u00fcr den Abschluss eines Vertrags verwendet werden k\u00f6nnen, ohne dass sich der Konsument und Ad\u00e9quat B.V. gleichzeitig im selben Raum befinden.<\/li>\n<li>Parteien: K\u00e4ufer und Verk\u00e4ufer gemeinsam.<\/li>\n<li>Ma\u00dfgefertigt: Auf Bestellung des K\u00e4ufers mit spezifischen Merkmalen hergestellt, die von den Standardprodukten abweichen, z. B. hinsichtlich der Ma\u00dfe.<\/li>\n<li>Personalisiertes Produkt: Speziell f\u00fcr den K\u00e4ufer hergestelltes Produkt mit pers\u00f6nlichen Merkmalen.<\/li>\n<li>Produkt: Ein materielles Gut oder eine Dienstleistung.<\/li>\n<\/ol>\n<p>&nbsp;<\/p>\n<h4>Artikel 2 \u2013 Anwendbarkeit<\/h4>\n<ul>\n<li>Diese Allgemeinen Gesch\u00e4ftsbedingungen gelten f\u00fcr alle Angebote, Offerten, Auftr\u00e4ge und Vertr\u00e4ge von Ad\u00e9quat B.V. Abweichungen von diesen Gesch\u00e4ftsbedingungen k\u00f6nnen nur schriftlich zwischen den Parteien vereinbart werden.<\/li>\n<li>Ad\u00e9qat B.V. lehnt die Anwendbarkeit etwaiger allgemeiner Gesch\u00e4ftsbedingungen des K\u00e4ufers ausdr\u00fccklich ab, es sei denn, die Parteien haben schriftlich etwas anderes vereinbart.<\/li>\n<li>Der K\u00e4ufer, mit dem einmal ein Vertrag auf der Grundlage dieser Gesch\u00e4ftsbedingungen abgeschlossen wurde, gilt als stillschweigend einverstanden mit der Anwendbarkeit dieser Bedingungen auf sp\u00e4ter zwischen den Parteien geschlossene Vertr\u00e4ge, sofern nichts anderes vereinbart wurde.<\/li>\n<\/ul>\n<p>&nbsp;<\/p>\n<h4>Artikel 3 \u2013 Zustandekommen des Vertrags<\/h4>\n<p>3.1 Angebote verlieren ihre G\u00fcltigkeit, wenn mehr als 30 Tage vergangen sind, ohne dass eine Annahme oder Best\u00e4tigung des Auftrags erfolgt ist.<\/p>\n<p>3.2 Der Vertrag kommt zustande, sobald das Angebot von Ad\u00e9quat B.V. vom K\u00e4ufer angenommen wurde oder Ad\u00e9quat B.V. den Auftrag oder die Bestellung akzeptiert. Ein Vertrag kommt in jedem Fall \u2013 jedoch nicht ausschlie\u00dflich \u2013 zustande,\u00a0 wenn der K\u00e4ufer ein Angeboten von Ad\u00e9quat B.V.\u00a0 unterzeichnet und wenn Ad\u00e9quat B.V. eine schriftlichen Best\u00e4tigung der Bestellung oder des Auftrags an den K\u00e4ufer sendet.<\/p>\n<ul>\n<li>Ein Vertrag wird auch als zustande gekommen betrachtet, sobald Ad\u00e9quat B.V. mit der Ausf\u00fchrung beginnt.<\/li>\n<li>Hat der K\u00e4ufer das Angebot auf elektronischem Weg angenommen, best\u00e4tigt Ad\u00e9quat B.V. den Eingang der Annahme ebenfalls auf elektronischem Weg. Kommt der Vertrag elektronisch zustande, trifft Ad\u00e9quat B.V. angemessene technische und organisatorische Ma\u00dfnahmen, um die elektronische \u00dcbertragung von Daten zu sichern, und sorgt f\u00fcr eine sichere Online-Umgebung. Wenn der K\u00e4ufer elektronisch bezahlen kann, stellt Ad\u00e9quat B.V. ebenfalls angemessene Sicherheitsma\u00dfnahmen sicher.<\/li>\n<li>Ad\u00e9quat B.V. ist berechtigt, innerhalb der gesetzlichen Rahmenbedingungen zu pr\u00fcfen, ob der K\u00e4ufer seinen Zahlungsverpflichtungen nachkommen kann, sowie weitere relevante Faktoren zu bewerten, die f\u00fcr den verantwortungsvollen Abschluss des Vertrags (egal, ob dieser auf Distanz abgeschlossen wurde oder nicht) von Bedeutung sind.<\/li>\n<\/ul>\n<p>Wenn Ad\u00e9quat B.V. aufgrund dieser Pr\u00fcfung berechtigte Gr\u00fcnde hat, den Vertrag nicht abzuschlie\u00dfen, ist sie berechtigt, eine Bestellung oder Anfrage abzulehnen oder die Durchf\u00fchrung an besondere Bedingungen zu kn\u00fcpfen.<\/p>\n<p>&nbsp;<\/p>\n<h4>Artikel 4 \u2013 Widerrufsrecht des Konsumenten beim Fernabsatzkauf eines Produkts \/ Bedenkzeit<\/h4>\n<p>Der Konsument kann einen Fernabsatzvertrag \u00fcber den Kauf eines Produkts innerhalb einer Bedenkzeit von 14 Tagen ohne Angabe von Gr\u00fcnden widerrufen.<\/p>\n<ol>\n<li>Die Bedenkzeit beginnt an dem Tag, der auf den Tag folgt, an dem der Konsument oder ein vom Konsumenten im Voraus benannter Dritter, der nicht der Bef\u00f6rderer ist, das Produkt erhalten hat, oder:<\/li>\n<li>Wenn der Konsument in einer einzigen Bestellung mehrere Produkte bestellt hat: an dem Tag, an dem der Konsument oder ein von ihm benannter Dritter das letzte Produkt erhalten hat. Ad\u00e9quat B.V. darf, sofern sie den Konsumenten vor dem Bestellvorgang deutlich dar\u00fcber informiert hat, eine Bestellung mehrerer Produkte mit unterschiedlichen Lieferzeiten ablehnen.<\/li>\n<li>Bei Vertr\u00e4gen \u00fcber die regelm\u00e4\u00dfige Lieferung von Produkten \u00fcber einen bestimmten Zeitraum: an dem Tag, an dem der Konsument oder ein von ihm benannter Dritter das erste Produkt erhalten hat.<\/li>\n<li>Das Widerrufsrecht gilt nicht f\u00fcr Produkte, die nach Ma\u00df f\u00fcr den K\u00e4ufer angefertigt, personalisiert oder von den angebotenen Standardprodukten abweichend sind.<\/li>\n<li>Ad\u00e9quat B.V. kann den Konsument nach den Gr\u00fcnden f\u00fcr den Widerruf fragen, ihn jedoch nicht dazu verpflichten, diese anzugeben.<\/li>\n<\/ol>\n<p>&nbsp;<\/p>\n<h4>Artikel 5 \u2013 Ausschluss des Widerrufsrechts<\/h4>\n<p>Die folgenden Produkte und Dienstleistungen sind vom Widerrufsrecht ausgeschlossen:<\/p>\n<ol>\n<li>Produkte oder Dienstleistungen, deren Preis Schwankungen auf dem Finanzmarkt unterliegt, auf die Ad\u00e9quat B.V. keinen Einfluss hat und die w\u00e4hrend der Widerrufsfrist auftreten k\u00f6nnen.<\/li>\n<li>Dienstleistungsvertr\u00e4ge nach vollst\u00e4ndiger Erbringung der Dienstleistung, jedoch nur, wenn:<\/li>\n<li>die Ausf\u00fchrung mit ausdr\u00fccklicher vorheriger Zustimmung des Konsumenten begonnen wurde; und<\/li>\n<li>der Konsument erkl\u00e4rt hat, dass er sein Widerrufsrecht verliert, sobald Ad\u00e9quat B.V. den Vertrag vollst\u00e4ndig ausgef\u00fchrt hat.<\/li>\n<li>Nach den Vorgaben des Konsumenten gefertigte Produkte, die nicht vorgefertigt sind und die auf Grundlage einer individuellen Wahl oder Entscheidung des Konsumenten hergestellt wurden oder die eindeutig f\u00fcr eine bestimmte Person bestimmt sind.<\/li>\n<li>Das Widerrufsrecht gilt nicht beim Kauf eines Produkts in der Ausstellung (Showroom in den Niederlanden).<\/li>\n<li>Das Widerrufsrecht gilt nicht f\u00fcr Gesch\u00e4ftskunden.<\/li>\n<\/ol>\n<p>&nbsp;<\/p>\n<h4>Artikel 6 \u2013 Pflichten des Konsumenten w\u00e4hrend der Widerrufsfrist<\/h4>\n<ol>\n<li>W\u00e4hrend der Widerrufsfrist ist der Konsument verpflichtet, sorgf\u00e4ltig mit dem Produkt und der Verpackung umzugehen. Der Konsument darf das Produkt nur in dem Umfang auspacken oder verwenden, der erforderlich ist, um die Beschaffenheit, die Eigenschaften und die Funktionsweise des Produkts festzustellen. Dabei gilt als Grundsatz, dass der Konsument das Produkt nur so handhaben und pr\u00fcfen darf, wie es ihm in einem Ladengesch\u00e4ft gestattet w\u00e4re.<\/li>\n<li>Der Konsument haftet f\u00fcr eine Wertminderung des Produkts, die durch eine \u00fcber die in Absatz 1 hinausgehende Nutzung des Produkts verursacht wird.<\/li>\n<\/ol>\n<p>&nbsp;<\/p>\n<h4>Artikel 7 \u2013 Aus\u00fcbung des Widerrufsrechts durch den Konsumenten<\/h4>\n<ol>\n<li>Wenn der Konsument von seinem Widerrufsrecht Gebrauch macht, teilt er dies innerhalb der Widerrufsfrist mittels des in diesen Allgemeinen Gesch\u00e4ftsbedingungen enthaltenen Muster-Widerrufsformulars oder auf andere eindeutige Weise Ad\u00e9quat B.V. mit.<\/li>\n<li>Der Konsument sendet das Produkt so schnell wie m\u00f6glich, jedoch sp\u00e4testens innerhalb von 14 Tagen nach dem Tag, an dem er die Mitteilung \u00fcber die Aus\u00fcbung seines Widerrufsrechts gemacht hat, zur\u00fcck oder \u00fcbergibt es an (einen Bevollm\u00e4chtigten von) Ad\u00e9quat B.V.<\/li>\n<li>Wenn zwischen den Parteien vereinbart wurde, dass Ad\u00e9quat B.V. das Produkt beim Konsumenten abholt, gilt daf\u00fcr keine Frist.<\/li>\n<li>Die R\u00fccksendefrist gilt als eingehalten, wenn der Konsument das Produkt vor Ablauf der Widerrufsfrist zur\u00fccksendet.<\/li>\n<li>Falls Ad\u00e9quat B.V. das Produkt nicht sp\u00e4testens 14 Tage nach der Mitteilung des Konsumenten \u00fcber die Aus\u00fcbung des Widerrufsrechts in einwandfreiem Zustand zur\u00fcckerh\u00e4lt, kann Ad\u00e9quat B.V. die R\u00fccksendung danach ablehnen. In diesem Fall hat der Konsument die Bedingungen zur Aus\u00fcbung des Widerrufsrechts nicht rechtzeitig erf\u00fcllt, und das Widerrufsrecht erlischt.<\/li>\n<li>Der Konsument sendet das Produkt mit allen gelieferten Zubeh\u00f6rteilen, soweit vern\u00fcnftigerweise m\u00f6glich, in seinem Originalzustand und in der Originalverpackung zur\u00fcck.<\/li>\n<li>Das Risiko und die Beweislast f\u00fcr die ordnungsgem\u00e4\u00dfe, sorgf\u00e4ltige und fristgerechte Aus\u00fcbung des Widerrufsrechts liegen beim Konsumenten.<\/li>\n<\/ol>\n<p>&nbsp;<\/p>\n<h4>Artikel 8 \u2013 Kosten der R\u00fccksendung<\/h4>\n<div>Der Konsument tr\u00e4gt die Kosten der R\u00fccksendung des Produkts, es sei denn, das Produkt wird unmittelbar nach der Lieferung vom Fahrer von Ad\u00e9quat B.V. zur\u00fcckgenommen.<\/div>\n<ol>\n<li>Wenn der Konsument sein Widerrufsrecht sp\u00e4ter als zu dem in Absatz 1 genannten Zeitpunkt aus\u00fcbt, tr\u00e4gt der Konsument die Kosten der R\u00fccksendung.<\/li>\n<li>Der Konsument sorgt f\u00fcr eine sorgf\u00e4ltige R\u00fccksendung.<\/li>\n<\/ol>\n<p>&nbsp;<\/p>\n<h4>Artikel 9 &#8211; Pflichten von Ad\u00e9quat B.V. im Falle eines Widerrufs<\/h4>\n<ol>\n<li>Wenn Ad\u00e9quat B.V. dem Konsumenten die M\u00f6glichkeit gibt, den Widerruf auf elektronischem Wege mitzuteilen, sendet sie unverz\u00fcglich eine Empfangsbest\u00e4tigung f\u00fcr diese Mitteilung.<\/li>\n<li>Nach Eingang des zur\u00fcckgesandten Produkts an die Adresse von Ad\u00e9quat B.V. in Alphen und nachdem festgestellt wurde, dass sich das Produkt in seinem urspr\u00fcnglichen oder unbesch\u00e4digten Zustand befindet, erstattet die Ad\u00e9quat B.V. sp\u00e4testens innerhalb von 14 Tagen den Kaufpreis des Produkts abz\u00fcglich der R\u00fccksendekosten.<\/li>\n<li>Wenn Ad\u00e9quat B.V. anbietet, das Produkt selbst abzuholen, kann Ad\u00e9quat B.V. mit der R\u00fcckerstattung des Kaufpreises bis zu 14 Tage warten, nachdem sie das Produkt in gutem Zustand abgeholt hat.<\/li>\n<li>Ad\u00e9quat B.V. verwendet f\u00fcr die R\u00fcckerstattung dasselbe Zahlungsmittel, das der Konsument verwendet hat, es sei denn, der Konsument stimmt einer anderen Methode zu. Die Erstattung ist f\u00fcr den Konsumenten kostenlos.<\/li>\n<li>Wenn der Konsument eine teurere Versandart als die g\u00fcnstigste Standardlieferung gew\u00e4hlt hat, muss Ad\u00e9quat B.V. die zus\u00e4tzlichen Kosten f\u00fcr die teurere Versandart nicht erstatten.<\/li>\n<\/ol>\n<p>&nbsp;<\/p>\n<h4>Artikel 10 &#8211; Widerrufsrecht des Konsumenten bei Dienstleistungen:<\/h4>\n<ol>\n<li>Der Konsument kann einen Dienstleistungsvertrag innerhalb von 14 Tagen ohne Angabe von Gr\u00fcnden widerrufen, es sei denn, die Dienstleistung ist innerhalb dieser Frist bereits vollst\u00e4ndig erbracht worden. Ad\u00e9quat B.V. kann den Konsumenten nach dem Grund f\u00fcr den Widerruf fragen, darf ihn aber nicht dazu verpflichten, seine Gr\u00fcnde anzugeben.<\/li>\n<li>Die in Absatz 3 genannte Widerrufsfrist beginnt am Tag nach dem Abschluss des Vertrags.<\/li>\n<li>Falls Ad\u00e9quat Kosten entstanden sind, nachdem der Konsument ausdr\u00fccklich darum gebeten hat, bereits mit der Ausf\u00fchrung eines Dienstleistungsvertrags zu beginnen, bevor die Widerrufsfrist abgelaufen ist, schuldet der Konsument Ad\u00e9quat B.V. einen Betrag, der dem Anteil der von Ad\u00e9quat B.V. bis zum Zeitpunkt des Widerrufs erbrachten Leistung im Verh\u00e4ltnis zur vollst\u00e4ndigen Erf\u00fcllung der Verpflichtung entspricht.<\/li>\n<\/ol>\n<p>&nbsp;<\/p>\n<h4>Artikel 11 \u2013 Der Preis<\/h4>\n<ol>\n<li>Der zwischen den Parteien vereinbarte Preis wird von Ad\u00e9quat B.V. nicht erh\u00f6ht, es sei denn, die Preis\u00e4nderungen ergeben sich aus \u00c4nderungen der Mehrwertsteuers\u00e4tze.<\/li>\n<li>Preiserh\u00f6hungen innerhalb von drei Monaten nach Zustandekommen des Vertrags sind nur zul\u00e4ssig, wenn sie auf gesetzlichen Regelungen oder Bestimmungen beruhen und\/oder wenn Ad\u00e9quat B.V. dies ausdr\u00fccklich mit dem K\u00e4ufer vereinbart hat.<\/li>\n<li>Im Falle einer solchen Preiserh\u00f6hung nach Beginn des Kaufvertrags hat der Konsument das Recht, den Vertrag ab dem Tag der Inkraftsetzung der Preiserh\u00f6hung zu k\u00fcndigen.<\/li>\n<li>Die in den Angeboten f\u00fcr Produkte oder Dienstleistungen genannten Preise verstehen sich einschlie\u00dflich Mehrwertsteuer, es sei denn, es wird ausdr\u00fccklich angegeben, dass das Produkt ohne Mehrwertsteuer angeboten wird.<\/li>\n<\/ol>\n<p>&nbsp;<\/p>\n<h4>Artikel 12 \u2013 Lieferung und Ausf\u00fchrung<\/h4>\n<ol>\n<li>Ad\u00e9quat B.V. erstellt auf Grundlage der vom K\u00e4ufer bereitgestellten Informationen eine Einsch\u00e4tzung des Ortes, an dem die Lieferung erfolgen kann.<\/li>\n<li>Mit dem K\u00e4ufer wird im Voraus abgestimmt, auf welche Weise die Lieferung erfolgen soll und an welchem Standort. Der K\u00e4ufer ist verpflichtet, korrekte und genaue Informationen \u00fcber die Umgebung bereitzustellen, in der die Lieferung erfolgen kann. Der Standort muss f\u00fcr den LKW, mit dem das Produkt transportiert wird, gut zug\u00e4nglich sein.<\/li>\n<li>Sollte sich herausstellen, dass der vom K\u00e4ufer angegebene Standort mit dem LKW von Ad\u00e9quat B.V. nicht erreichbar ist und dies auf falsche oder ungenaue Angaben des K\u00e4ufers zur\u00fcckzuf\u00fchren ist, beh\u00e4lt sich Ad\u00e9quat B.V. das Recht vor, entweder von der Lieferung abzusehen oder zus\u00e4tzliche Lieferkosten in Rechnung zu stellen.<\/li>\n<li>Der K\u00e4ufer ist selbst daf\u00fcr verantwortlich, das Produkt an den endg\u00fcltigen Bestimmungsort zu transportieren.<\/li>\n<li>Die Kosten f\u00fcr den Transport des Produkts zum Lieferort gehen zu Lasten des K\u00e4ufers, sofern nicht anders vereinbart.<\/li>\n<li>Der K\u00e4ufer muss damit rechnen, dass er beim Entladen des LKWs selbst mithelfen muss.<\/li>\n<li>Das Risiko f\u00fcr Besch\u00e4digung und\/oder Verlust von Produkten liegt bei Ad\u00e9quat B.V. bis zum Zeitpunkt der \u00dcbergabe an den Konsumenten oder einen zuvor benannten und Ad\u00e9quat B.V. bekannten Vertreter, es sei denn, es wurde ausdr\u00fccklich etwas anderes vereinbart.<\/li>\n<\/ol>\n<p>&nbsp;<\/p>\n<h4>Artikel 13 \u2013 Zahlung<\/h4>\n<ol>\n<li>Die Zahlung erfolgt im Voraus nach Erhalt der Rechnung unter Angabe der Bestellnummer oder bei Lieferung des Produkts an den Fahrer, sofern die Parteien keine andere Vereinbarung \u00fcber die Zahlung und deren Modalit\u00e4ten treffen.<\/li>\n<li>Wenn Vorauszahlung vereinbart wurde, kann der K\u00e4ufer keine Rechte hinsichtlich der Ausf\u00fchrung der betreffenden Bestellung oder Dienstleistung(en) geltend machen, bevor die vereinbarte Vorauszahlung geleistet wurde.<\/li>\n<li>Der K\u00e4ufer ist verpflichtet, Unrichtigkeiten in den angegebenen oder aufgef\u00fchrten Zahlungsdaten unverz\u00fcglich an Ad\u00e9quat B.V. zu melden.<\/li>\n<li>Falls der K\u00e4ufer seinen Zahlungsverpflichtungen nicht rechtzeitig nachkommt, wird Ad\u00e9quat B.V. den K\u00e4ufer darauf hinweisen und ihm eine Frist von 14 Tagen einr\u00e4umen, um die Zahlung dennoch vorzunehmen. Sollte die Zahlung erneut ausbleiben, schuldet der K\u00e4ufer auf den ausstehenden Betrag die gesetzliche Verzugszinsen, und Ad\u00e9quat B.V. ist berechtigt, au\u00dfergerichtliche Inkassokosten in Rechnung zu stellen. Diese Inkassokosten betragen maximal: 15 % auf offene Betr\u00e4ge bis\u00a0 2.500 \u20ac; 10 % auf die folgenden\u00a0 2.500,\u20ac und 5 % auf die n\u00e4chsten 5.000 \u20ac, mit einem Mindestbetrag von 40 \u20ac.<\/li>\n<\/ol>\n<p>&nbsp;<\/p>\n<h4>Artikel 14 \u2013 Eigentumsvorbehalt<\/h4>\n<ol>\n<li>Das Eigentum an dem gelieferten Produkt verbleibt bei Ad\u00e9quat B.V., bis die vollst\u00e4ndige Zahlung des Produkts sowie gegebenenfalls der Lieferkosten, einschlie\u00dflich Zinsen und Kosten, erfolgt ist. Das Eigentum geht somit nicht durch die blo\u00dfe \u00dcbergabe des Produkts an den K\u00e4ufer \u00fcber.<\/li>\n<li>Es ist dem K\u00e4ufer nicht gestattet, das gelieferte, aber noch nicht vollst\u00e4ndig bezahlte Produkt zu nutzen oder zu verpf\u00e4nden. Im Falle von Insolvenz, Zahlungsaufschub des K\u00e4ufers oder einer Pf\u00e4ndung des Produkts ist der K\u00e4ufer verpflichtet, dies so schnell wie m\u00f6glich, sp\u00e4testens jedoch innerhalb von 5 Tagen, schriftlich an Ad\u00e9quat B.V. zu melden. Bei Versto\u00df gegen diesen Artikel verwirkt der K\u00e4ufer eine nicht reduzierbare Vertragsstrafe in H\u00f6he von mindestens dem Dreifachen des nicht bezahlten Kaufpreises.<\/li>\n<\/ol>\n<p>&nbsp;<\/p>\n<h4>Artikel 15 \u2013 Reklamationen und Beschwerden<\/h4>\n<ol>\n<li>Sollte das Produkt nicht den berechtigten Erwartungen des K\u00e4ufers entsprechen, muss der K\u00e4ufer dies so bald wie m\u00f6glich melden, sp\u00e4testens jedoch innerhalb von 48 Stunden nach Feststellung des Mangels oder \u2013 im Falle nicht sichtbarer M\u00e4ngel \u2013 innerhalb von 48 Stunden, nachdem die M\u00e4ngel vern\u00fcnftigerweise h\u00e4tten festgestellt werden k\u00f6nnen. Die Beschwerde ist an Ad\u00e9quat B.V. zu richten.<\/li>\n<li>Reklamationen und Beschwerden sind schriftlich einzureichen, wobei die Beschwerde klar und detailliert beschrieben werden muss.<\/li>\n<li>Bei Ad\u00e9quat B.V. eingegangene Beschwerden werden innerhalb von 14 Tagen nach Empfang beantwortet. Sollte eine Beschwerde eine voraussichtlich l\u00e4ngere Bearbeitungszeit erfordern, erh\u00e4lt der K\u00e4ufer innerhalb der Frist von 14 Tagen eine Empfangsbest\u00e4tigung und eine Angabe dar\u00fcber, wann mit einer ausf\u00fchrlicheren Antwort zu rechnen ist.<\/li>\n<\/ol>\n<p>&nbsp;<\/p>\n<h4>Artikel 16 \u2013 Haftung<\/h4>\n<p>16.1 Ad\u00e9quat B.V. schlie\u00dft jegliche Haftung im Zusammenhang mit von Ad\u00e9quat B.V. begangenen Vertragsverletzungen oder unerlaubten Handlungen aus, es sei denn, es liegt Vorsatz oder grobe Fahrl\u00e4ssigkeit seitens Ad\u00e9quat B.V. vor.<\/p>\n<p>16.2 Ad\u00e9quat B.V. haftet nicht f\u00fcr und schlie\u00dft jegliche Haftung aus in Bezug auf:<\/p>\n<ol>\n<li>Fehler in vom K\u00e4ufer bereitgestelltem Material.<\/li>\n<li>Missverst\u00e4ndnisse oder Fehler bei der Ausf\u00fchrung des Vertrags, wenn diese durch Handlungen des K\u00e4ufers verursacht wurden, wie z. B. das nicht rechtzeitige oder unvollst\u00e4ndige Bereitstellen von zuverl\u00e4ssigen, vollst\u00e4ndigen und klaren Daten oder Materialien.<\/li>\n<li>Fehler von Dritten, die vom K\u00e4ufer oder in dessen Auftrag beauftragt wurden.<\/li>\n<li>M\u00e4ngel in Angeboten von Zulieferern oder \u00dcberschreitungen der Preisangaben von Zulieferern.<\/li>\n<li>Fehler im Design, in Texten oder in Daten, wenn der K\u00e4ufer seine Zustimmung erteilt hat oder die M\u00f6glichkeit hatte, eine Pr\u00fcfung durchzuf\u00fchren, aber erkl\u00e4rt hat, auf eine solche Pr\u00fcfung zu verzichten.<\/li>\n<li>Sch\u00e4den, die durch Vorsatz oder grobe Fahrl\u00e4ssigkeit Dritter verursacht wurden.<\/li>\n<li>Andere Fehler, die vern\u00fcnftigerweise nicht Ad\u00e9quat B.V. zugerechnet werden k\u00f6nnen.<\/li>\n<\/ol>\n<p>16.3 Ad\u00e9quat B.V. schlie\u00dft jegliche Haftung f\u00fcr Sch\u00e4den aus, die nicht direkte und unmittelbare Folge der Vertragserf\u00fcllung sind. Ad\u00e9quat B.V. \u00fcbernimmt keine Haftung f\u00fcr Betriebssch\u00e4den des Auftraggebers und\/oder entgangene Einnahmen des Auftraggebers, unabh\u00e4ngig von deren Ursache.<\/p>\n<p>16.4 Jegliche Haftung erlischt nach Ablauf eines Jahres ab dem Zeitpunkt, an dem der Auftrag abgeschlossen wurde.<\/p>\n<p>&nbsp;<\/p>\n<h4>Artikel 17 \u2013 Anwendbares Recht und Gerichtsstand<\/h4>\n<p>Auf den Vertrag zwischen Ad\u00e9quat B.V. und dem K\u00e4ufer findet niederl\u00e4ndisches Recht Anwendung. F\u00fcr Streitigkeiten zwischen Ad\u00e9quat B.V. und dem K\u00e4ufer ist das zust\u00e4ndige Gericht im Gerichtsbezirk, in dem Ad\u00e9quat B.V. seinen Sitz hat, zust\u00e4ndig.<\/p>\n<p>&nbsp;<\/p>\n<h4>Artikel 18 \u2013 Schlussbestimmung<\/h4>\n<p>Sollte eine oder mehrere Bestimmungen dieser Allgemeinen Gesch\u00e4ftsbedingungen unwirksam oder nichtig sein, bleiben die \u00fcbrigen Bestimmungen weiterhin in Kraft. Ad\u00e9quat B.V. und der K\u00e4ufer werden in einem solchen Fall in Verhandlungen treten, um neue Bestimmungen zu vereinbaren, die die unwirksamen bzw. nichtigen Bestimmungen ersetzen und dabei soweit wie m\u00f6glich den Zweck und die Intention der urspr\u00fcnglichen Bestimmungen ber\u00fccksichtigen.<\/p>\n<p>Ad\u00e9quat B.V. beh\u00e4lt sich das Recht vor, diese Allgemeinen Gesch\u00e4ftsbedingungen einseitig zu \u00e4ndern. Eine \u00c4nderung gilt auch f\u00fcr Vertr\u00e4ge, die vor der \u00c4nderung abgeschlossen wurden. Eine \u00c4nderung tritt nicht fr\u00fcher als vierzehn Tage nach Mitteilung der \u00c4nderung an den K\u00e4ufer in Kraft.<\/p>\n<p>&#8212;&#8212;&#8212;&#8212;&#8212;&#8212;&#8212;&#8212;&#8212;&#8212;&#8212;&#8212;&#8212;&#8212;&#8212;&#8212;&#8212;<\/p>\n<h3><strong>Anhang I: Musterformular f\u00fcr den Widerruf<\/strong><\/h3>\n<p><em>(Widerrufsformular ausschlie\u00dflich f\u00fcr Konsumenten)<\/em><\/p>\n<p>*Dieses Formular bitte nur ausf\u00fcllen und zur\u00fccksenden, wenn Sie den Vertrag widerrufen m\u00f6chten.<\/p>\n<p>Per Post an:<br \/>\nAd\u00e9quat B.V.<br \/>\nGoedentijd 66B<br \/>\n5131 NS Alphen (NB)<br \/>\nNiederlande<\/p>\n<p><strong>Oder per E-Mail an:<\/strong><br \/>\n<strong>info@adequat.eu<\/strong><\/p>\n<p><em>Hiermit teile(n) ich\/wir Ihnen mit, dass ich\/wir unseren Vertrag mit Ad\u00e9quat B.V. widerrufe(n)*. Es handelt sich um den Verkauf der folgenden Produkte:**<\/em><\/p>\n<p><em>[Bitte geben Sie hier an, um welches Produkt es sich handelt]<\/em><\/p>\n<p><em>Ich habe das Produkt\/die Dienstleistung bestellt am\/erhalten am**<\/em><br \/>\n<em>[Datum der Bestellung bei Dienstleistungen oder Empfang bei Produkten]<\/em><\/p>\n<p><em>[Name des\/der Konsumenten]<\/em><br \/>\n<em>[Adresse des\/der Konsumenten]<\/em><\/p>\n<p><em>Unterschrift des\/der Konsumenten<\/em><br \/>\n<em>(nur erforderlich, wenn dieses Formular in Papierform eingereicht wird)<\/em><\/p>\n<h6>Ad\u00e9quat B.V.<\/h6>\n<p>Telefonnummer: +31135082536 (erreichbar von Montag bis Freitag von 9:00 \u2013 17:00 Uhr und samstags von 9:00 \u2013 17:00 Uhr)<br \/>\nNummer bei der niederl\u00e4ndischen Handelskammer:\u00a0 84 655 763<br \/>\nUSt-ID: NL826557946B01<\/p>\n<p>**Unzutreffendes bitte streichen oder entsprechend ausf\u00fcllen.<\/p>\n","protected":false},"excerpt":{"rendered":"<p>Sehen Sie sich auch unsere Datenschutzerkl\u00e4rung an. Geistige Eigentumsrechte Kein Teil der Website von Ad\u00e9quat (einschlie\u00dflich der auf der Website gezeigten Bilder, Texte, grafischen Materialien&#8230;<\/p>\n","protected":false},"author":3,"featured_media":0,"parent":0,"menu_order":0,"comment_status":"closed","ping_status":"closed","template":"","meta":{"_acf_changed":false,"inline_featured_image":false,"_trash_the_other_posts":false,"ep_exclude_from_search":false,"iawp_total_views":79,"editor_notices":[],"footnotes":""},"class_list":["post-9797","page","type-page","status-publish","hentry"],"acf":[],"_links":{"self":[{"href":"https:\/\/adequat.eu\/de\/wp-json\/wp\/v2\/pages\/9797","targetHints":{"allow":["GET"]}}],"collection":[{"href":"https:\/\/adequat.eu\/de\/wp-json\/wp\/v2\/pages"}],"about":[{"href":"https:\/\/adequat.eu\/de\/wp-json\/wp\/v2\/types\/page"}],"author":[{"embeddable":true,"href":"https:\/\/adequat.eu\/de\/wp-json\/wp\/v2\/users\/3"}],"replies":[{"embeddable":true,"href":"https:\/\/adequat.eu\/de\/wp-json\/wp\/v2\/comments?post=9797"}],"version-history":[{"count":16,"href":"https:\/\/adequat.eu\/de\/wp-json\/wp\/v2\/pages\/9797\/revisions"}],"predecessor-version":[{"id":33109,"href":"https:\/\/adequat.eu\/de\/wp-json\/wp\/v2\/pages\/9797\/revisions\/33109"}],"wp:attachment":[{"href":"https:\/\/adequat.eu\/de\/wp-json\/wp\/v2\/media?parent=9797"}],"curies":[{"name":"wp","href":"https:\/\/api.w.org\/{rel}","templated":true}]}}