{"id":9985,"date":"2020-12-23T16:52:30","date_gmt":"2020-12-23T15:52:30","guid":{"rendered":"https:\/\/adequat.eu\/de\/zahlung\/"},"modified":"2021-12-02T11:24:55","modified_gmt":"2021-12-02T10:24:55","slug":"zahlung","status":"publish","type":"page","link":"https:\/\/adequat.eu\/de\/zahlung\/","title":{"rendered":"Zahlung"},"content":{"rendered":"<h1>Zahlung<\/h1>\n<p><strong>Alle Preise auf unserer Website beinhalten die\u00a0Mehrwertsteuer.<\/strong><\/p>\n<p>Bei Ad\u00e9quat brauchen Sie nicht im Voraus zu zahlen. Bei der Lieferung schauen Sie sich die Ware zusammen mit unserem Fahrer an. Wenn Sie die Ware f\u00fcr gut befunden haben, k\u00f6nnen Sie Ihre Rechnung direkt bei unserem Fahrer begleichen. Sie k\u00f6nnen in bar oder per Karte zahlen. Unsere Fahrer haben immer ein Kartenleseger\u00e4t dabei.<\/p>\n<p>Wenn Sie Ihre Rechnung lieber im Voraus begleichen m\u00f6chten (z.B., weil Sie zum Lieferzeitpunkt nicht zuhause sein werden), k\u00f6nnen Sie den Betrag unter Angabe der Bestellnummer auf unser Bankkonto \u00fcberweisen. Alternativ k\u00f6nnen Sie auch per SOFORT-\u00dcberweisung zahlen.<\/p>\n<p>Bankverbindung:<br \/>\nBeg\u00fcnstigter: Ad\u00e9quat<br \/>\nIBAN: NL 74 ABNA 0970 187 505<br \/>\nBIC: ABNANL2A<\/p>\n<p>&nbsp;<\/p>\n","protected":false},"excerpt":{"rendered":"<p>Zahlung Alle Preise auf unserer Website beinhalten die\u00a0Mehrwertsteuer. Bei Ad\u00e9quat brauchen Sie nicht im Voraus zu zahlen. Bei der Lieferung schauen Sie sich die Ware&#8230;<\/p>\n","protected":false},"author":4,"featured_media":0,"parent":0,"menu_order":0,"comment_status":"closed","ping_status":"closed","template":"","meta":{"_acf_changed":false,"inline_featured_image":false,"_trash_the_other_posts":false,"ep_exclude_from_search":false,"iawp_total_views":149,"editor_notices":[],"footnotes":""},"class_list":["post-9985","page","type-page","status-publish","hentry"],"acf":[],"_links":{"self":[{"href":"https:\/\/adequat.eu\/de\/wp-json\/wp\/v2\/pages\/9985","targetHints":{"allow":["GET"]}}],"collection":[{"href":"https:\/\/adequat.eu\/de\/wp-json\/wp\/v2\/pages"}],"about":[{"href":"https:\/\/adequat.eu\/de\/wp-json\/wp\/v2\/types\/page"}],"author":[{"embeddable":true,"href":"https:\/\/adequat.eu\/de\/wp-json\/wp\/v2\/users\/4"}],"replies":[{"embeddable":true,"href":"https:\/\/adequat.eu\/de\/wp-json\/wp\/v2\/comments?post=9985"}],"version-history":[{"count":1,"href":"https:\/\/adequat.eu\/de\/wp-json\/wp\/v2\/pages\/9985\/revisions"}],"predecessor-version":[{"id":23908,"href":"https:\/\/adequat.eu\/de\/wp-json\/wp\/v2\/pages\/9985\/revisions\/23908"}],"wp:attachment":[{"href":"https:\/\/adequat.eu\/de\/wp-json\/wp\/v2\/media?parent=9985"}],"curies":[{"name":"wp","href":"https:\/\/api.w.org\/{rel}","templated":true}]}}