{"id":10337,"date":"2021-01-12T11:23:12","date_gmt":"2021-01-12T10:23:12","guid":{"rendered":"https:\/\/adequat.eu\/de\/?post_type=product&#038;p=10337"},"modified":"2026-01-09T17:07:43","modified_gmt":"2026-01-09T16:07:43","slug":"weidetor-holz-doppeltor","status":"publish","type":"product","link":"https:\/\/adequat.eu\/de\/produkt\/holztore\/hoftor-rustikal-kastanie-doppelt\/","title":{"rendered":"Hoftor Rustikal Kastanie doppelt"},"content":{"rendered":"<p><strong>Hoftor aus Kastanienholz<\/strong> in <strong>traditionell-rustikalem Stil.<\/strong><\/p>\n<p>Wir haben dieses Holztor speziell f\u00fcr alle entwickelt, die unsere niederl\u00e4ndischen und englischen Hoftore zu &#8218;traditionell-elegant&#8216; finden und unsere Staketenzauntore zu &#8218;verspielt-rustikal&#8216;. Dieses Tor ist ein gelungene Ausf\u00fchrung f\u00fcr alle, die den rustikal-nat\u00fcrlichen Look von Kastanienholz m\u00f6gen und gleichzeitig ein traditionelles Hoftor m\u00f6chten.<\/p>\n<p>Wir stellen dieses Tor in traditioneller Handwerksarbeit in unserem Familienunternehmen in den Niederlanden her. Wunschma\u00dfe m\u00f6glich.<\/p>\n<h3>Spezifikationen<\/h3>\n<p dir=\"auto\">Wir fertigen dieses Tor ist aus Brettern aus langlebigem Kastanienholz (<strong>Edelkastanie<\/strong>). Diese Holzart geh\u00f6rt zur <a href=\"https:\/\/adequat.eu\/de\/aktuell\/dauerhaftigkeitsklasse-holzarten\/\"><strong>Dauerhaftigkeitsklasse 2<\/strong><\/a>. Die Bretter sind gehobelt, geschliffen und abgeschr\u00e4gt (d.h. an den scharfen Kanten gefr\u00e4st und leicht abgerundet). Abgeschr\u00e4gte Kanten sind weniger scharf und daher sicherer; zudem ist es ist ein sch\u00f6nes Detail. Auf der R\u00fcckseite des Tors wurden die Bretter verleimt und mit Edelstahlschrauben befestigt. Dadurch erh\u00e4lt das Tor zus\u00e4tzliche Stabilit\u00e4t und ein harmonisches Gesamtbild, ohne dass an der Vorderseite unsch\u00f6ne Schraubenl\u00f6cher sichtbar sind. Ein stilvolles Tor!<\/p>\n<h3>H\u00f6he und Breite<\/h3>\n<p>Das Hoftor aus Kastanie im rustikalen Stil hat eine Standardh\u00f6he von 120 cm. Dieses Tor ist in folgenden Breiten erh\u00e4ltlich: 90 cm, 120 cm, 150 cm, 180 cm, 210 cm und 240 cm. Bitte achten Sie darauf, dass Sie bei Ihrer Berechnung Platz f\u00fcr die Pf\u00e4hle (2 x 15 cm oder mehr, wenn Sie dickere Pfosten w\u00e4hlen) und die Scharniere (2 x 12 cm) mit einberechnen.<\/p>\n<h3>Einzel- oder Doppeltor<\/h3>\n<p>Dieses Tor ist als Einzeltor und als Doppeltor erh\u00e4ltlich. Sie k\u00f6nnen selbst bestimmen, wie breit Ihr Tor sein soll. Pro Torfl\u00fcgel ist die maximal m\u00f6gliche Breite bei diesem Tor 300 cm.<\/p>\n<h3>Gleiche oder ungleiche Fl\u00fcgel<\/h3>\n<p>Sie k\u00f6nnen ein Tor bestellen, das aus zwei gleich gro\u00dfen Torfl\u00fcgeln besteht, oder ein Tor mit zwei ungleich gro\u00dfen Fl\u00fcgeln w\u00e4hlen. Eine beliebte Kombination ist ein schmalerer Torfl\u00fcgel f\u00fcr Fu\u00dfg\u00e4nger (f\u00fcr den t\u00e4glichen Gebrauch) und ein breiterer Torfl\u00fcgel, durch den auch motorisierte Fahrzeuge hindurch passen.<\/p>\n<h3>Beschl\u00e4ge: Scharniere &amp; Torverschluss<\/h3>\n<p>Sie k\u00f6nnen dieses Tor einzeln kaufen, das hei\u00dft nur das Holztor, ohne Metallteile.<\/p>\n<p>Die <strong>Metallteile, d.h. Torbeschl\u00e4ge<\/strong> k\u00f6nnen Sie<strong> optional dazu bestellen<\/strong>. Wenn Sie diese Option w\u00e4hlen, liefern wir die passenden <strong>Scharniere + Torverschluss<\/strong> gleich mit.<\/p>\n<h4>Scharniere<\/h4>\n<div>\n<div>\n<p dir=\"auto\">Wenn Sie sich daf\u00fcr entscheiden, die passenden Beschl\u00e4ge mit zu bestellen, erhalten Sie ein hochwertiges, <strong><a href=\"https:\/\/adequat.eu\/de\/produkt\/holzprodukte-2\/scharniere-und-schliesswerk\/scharnier-set-holztore\/\">komplettes Scharnier-Set<\/a><\/strong>\u00a0(verstellbar und verzinkt). Ein hochwertiges Holztor verdient gute Beschl\u00e4ge. Wir haben Scharnier-Sets in verschiedenen Gr\u00f6\u00dfen im Sortiment. Wenn Sie die Beschl\u00e4ge zum Tor mit bestellen, liefern wir automatisch die richtige Gr\u00f6\u00dfe f\u00fcr Ihr Tor. Wenn Sie Doppeltor inklusive Beschl\u00e4ge w\u00e4hlen, werden automatisch zwei Scharniersets zu Ihrem Warenkorb hinzugef\u00fcgt.<\/p>\n<\/div>\n<section><\/section>\n<section><\/section>\n<\/div>\n<h4>Torverschluss<\/h4>\n<p dir=\"auto\">Wie oben beschrieben, k\u00f6nnen Sie das Tor wahlweise mit allen Metall-Beschl\u00e4gen bestellen. Wenn Sie sich daf\u00fcr entscheiden, die Metall-Beschl\u00e4ge mit zu bestellen, liefern wir \u2013 neben den Scharnieren \u2013 nat\u00fcrlich auch den Torverschluss mit. Bei einem Einzeltor liefern wir einen <strong><a href=\"https:\/\/adequat.eu\/de\/produkt\/holzprodukte-2\/scharniere-und-schliesswerk\/englischer-torverschluss-fuer-holztore-im-engl-u-niederl-stil-adequat\/\">englischen Torverschluss<\/a><\/strong> mit. Bei einem Doppeltor liefern wir ein <strong><a href=\"https:\/\/adequat.eu\/de\/produkt\/holzprodukte-2\/scharniere-und-schliesswerk\/doppeltor-set-zubehoer\/\">Verschluss-Set f\u00fcr Doppeltore<\/a><\/strong> (inkl. \u00dcberwurf-Verschluss und Bodenschieber) mit.<\/p>\n<h3>Torautomatisierung<\/h3>\n<p>M\u00f6chten Sie das Tor mit einem Torantrieb versehen? W\u00e4hlen Sie in diesem Fall die Option \u201everst\u00e4rkender Unterbalken\u201c. Der Unterbalken wird dann mit einem zus\u00e4tzlichen Balken versehen, damit der Antrieb gut befestigt werden kann. Bitte achten Sie unbedingt darauf, f\u00fcr den Torantrieb unsere eckigen Pfosten mit Diamantkopf (20 x 20 cm) zu w\u00e4hlen, da der Drehtorantrieb nur an diesen dickeren Pfosten befestigt werden kann.<\/p>\n<h3>Torpfosten<\/h3>\n<p>Torpfosten werden nicht standardm\u00e4\u00dfig mitgeliefert, k\u00f6nnen aber optional bestellt werden. Sie k\u00f6nnen folgende Pfosten w\u00e4hlen:<\/p>\n<ul>\n<li>A) 15 x 15 cm dicke Pfosten in 210 cm oder 280 cm L\u00e4nge<\/li>\n<li>B) 20 x 20 cm dicke Pfosten in 210 cm oder 280 cm L\u00e4nge<\/li>\n<\/ul>\n<p>Wenn Sie nicht sicher sind, welche Pfosten sich am besten f\u00fcr Ihren Anwendungszweck eignen, kontaktieren Sie uns. Unsere Experten helfen Ihnen gerne weiter. Wenn Sie ein hochwertiges Tor mit mehreren Optionen zusammenstellen, empfehlen wir die breiteren Pfosten (20 x 20 cm). Dadurch verbessert Sie nicht nur die Stabilit\u00e4t, sondern auch die Langlebigkeit Ihres Holztores. Die Erfahrung zeigt: Je robuster der Torpfosten, desto l\u00e4nger die Haltbarkeit.<\/p>\n<h3>Tor nach Mass<\/h3>\n<p>Auf Wunsch passen wir dieses Tor auch an Ihre individuellen W\u00fcnsche an. Wir k\u00f6nnen dieses Tor beispielsweise in einer anderen H\u00f6he fertigen oder mit mehr Latten versehen. Vielleicht bevorzugen Sie auch eine andere Holzart? Gern senden wir Ihnen ein Angebot f\u00fcr ein Holztor in Ihren Wunschma\u00dfen.<\/p>\n","protected":false},"excerpt":{"rendered":"<p>Hoftor aus Kastanienholz in traditionell-rustikalem Stil. Wir haben dieses Holztor speziell f\u00fcr alle entwickelt, die unsere niederl\u00e4ndischen und englischen Hoftore zu &#8218;traditionell-elegant&#8216; finden und unsere&#8230;<\/p>\n","protected":false},"featured_media":10340,"comment_status":"closed","ping_status":"closed","template":"","meta":{"_acf_changed":false,"inline_featured_image":false,"_trash_the_other_posts":false,"ep_exclude_from_search":false,"iawp_total_views":377,"editor_notices":[]},"product_brand":[],"product_cat":[522,500,254,261,631,523,640,643,645,647,648,624,653,636,627],"product_tag":[],"class_list":{"0":"post-10337","1":"product","2":"type-product","3":"status-publish","4":"has-post-thumbnail","6":"product_cat-alpakazaun","7":"product_cat-doppelfluegeltor","8":"product_cat-einfahrtstore","9":"product_cat-holztore","10":"product_cat-laendlich","11":"product_cat-pferdezaun","12":"product_cat-120-cm","13":"product_cat-150-cm","14":"product_cat-180-cm","15":"product_cat-210-cm","16":"product_cat-240-cm","17":"product_cat-kastanie","18":"product_cat-antrieb","19":"product_cat-nach-mass","20":"product_cat-weidetore","22":"first","23":"instock","24":"shipping-taxable","25":"purchasable","26":"product-type-composite"},"composite_virtual":false,"composite_layout":"single","composite_add_to_cart_form_location":"default","composite_editable_in_cart":false,"composite_sold_individually_context":"product","composite_shop_price_calc":"defaults","composite_components":[{"id":"1610450593","title":"Linker Torfl\u00fcgel","description":"","query_type":"product_ids","query_ids":[32773],"default_option_id":32773,"thumbnail_id":"","thumbnail_src":"","quantity_min":1,"quantity_max":1,"priced_individually":true,"shipped_individually":false,"optional":false,"discount":"","options_style":"dropdowns","pagination_style":"classic","display_prices":"absolute","show_sorting_options":false,"show_filtering_options":false,"attribute_filter_ids":[],"select_action":"view","product_title_visible":false,"product_descr_visible":false,"product_price_visible":true,"product_thumb_visible":false,"subtotal_visible_product":false,"subtotal_visible_cart":false,"subtotal_visible_orders":false},{"id":"1610451138","title":"Rechter Torfl\u00fcgel","description":"","query_type":"product_ids","query_ids":[32773],"default_option_id":32773,"thumbnail_id":"","thumbnail_src":"","quantity_min":1,"quantity_max":1,"priced_individually":true,"shipped_individually":false,"optional":false,"discount":"","options_style":"dropdowns","pagination_style":"classic","display_prices":"absolute","show_sorting_options":false,"show_filtering_options":false,"attribute_filter_ids":[],"select_action":"view","product_title_visible":false,"product_descr_visible":false,"product_price_visible":true,"product_thumb_visible":false,"subtotal_visible_product":false,"subtotal_visible_cart":false,"subtotal_visible_orders":false},{"id":"1730384929","title":"Torbeschl\u00e4ge","description":"","query_type":"product_ids","query_ids":[31070],"default_option_id":"","thumbnail_id":"","thumbnail_src":"","quantity_min":1,"quantity_max":1,"priced_individually":true,"shipped_individually":false,"optional":true,"discount":"","options_style":"radios","pagination_style":"classic","display_prices":"absolute","show_sorting_options":false,"show_filtering_options":false,"attribute_filter_ids":[],"select_action":"view","product_title_visible":false,"product_descr_visible":false,"product_price_visible":true,"product_thumb_visible":false,"subtotal_visible_product":false,"subtotal_visible_cart":false,"subtotal_visible_orders":false},{"id":"1730384930","title":"Verst\u00e4rkter Unterbalken","description":"","query_type":"product_ids","query_ids":[30254],"default_option_id":"","thumbnail_id":"","thumbnail_src":"","quantity_min":2,"quantity_max":2,"priced_individually":true,"shipped_individually":false,"optional":true,"discount":"","options_style":"radios","pagination_style":"classic","display_prices":"absolute","show_sorting_options":false,"show_filtering_options":false,"attribute_filter_ids":[],"select_action":"view","product_title_visible":false,"product_descr_visible":false,"product_price_visible":true,"product_thumb_visible":false,"subtotal_visible_product":false,"subtotal_visible_cart":false,"subtotal_visible_orders":false},{"id":"1730384931","title":"Torpfosten","description":"","query_type":"product_ids","query_ids":[9360],"default_option_id":"","thumbnail_id":"","thumbnail_src":"","quantity_min":2,"quantity_max":2,"priced_individually":true,"shipped_individually":false,"optional":true,"discount":"","options_style":"radios","pagination_style":"classic","display_prices":"absolute","show_sorting_options":false,"show_filtering_options":false,"attribute_filter_ids":[],"select_action":"view","product_title_visible":false,"product_descr_visible":false,"product_price_visible":true,"product_thumb_visible":false,"subtotal_visible_product":false,"subtotal_visible_cart":false,"subtotal_visible_orders":false},{"id":"1730384932","title":"Bodenblock","description":"","query_type":"product_ids","query_ids":[9371,9372],"default_option_id":"","thumbnail_id":"","thumbnail_src":"","quantity_min":1,"quantity_max":1,"priced_individually":true,"shipped_individually":false,"optional":true,"discount":"","options_style":"radios","pagination_style":"classic","display_prices":"absolute","show_sorting_options":false,"show_filtering_options":false,"attribute_filter_ids":[],"select_action":"view","product_title_visible":false,"product_descr_visible":false,"product_price_visible":true,"product_thumb_visible":false,"subtotal_visible_product":false,"subtotal_visible_cart":false,"subtotal_visible_orders":false}],"composite_scenarios":[],"acf":[],"_links":{"self":[{"href":"https:\/\/adequat.eu\/de\/wp-json\/wp\/v2\/product\/10337","targetHints":{"allow":["GET"]}}],"collection":[{"href":"https:\/\/adequat.eu\/de\/wp-json\/wp\/v2\/product"}],"about":[{"href":"https:\/\/adequat.eu\/de\/wp-json\/wp\/v2\/types\/product"}],"replies":[{"embeddable":true,"href":"https:\/\/adequat.eu\/de\/wp-json\/wp\/v2\/comments?post=10337"}],"wp:featuredmedia":[{"embeddable":true,"href":"https:\/\/adequat.eu\/de\/wp-json\/wp\/v2\/media\/10340"}],"wp:attachment":[{"href":"https:\/\/adequat.eu\/de\/wp-json\/wp\/v2\/media?parent=10337"}],"wp:term":[{"taxonomy":"product_brand","embeddable":true,"href":"https:\/\/adequat.eu\/de\/wp-json\/wp\/v2\/product_brand?post=10337"},{"taxonomy":"product_cat","embeddable":true,"href":"https:\/\/adequat.eu\/de\/wp-json\/wp\/v2\/product_cat?post=10337"},{"taxonomy":"product_tag","embeddable":true,"href":"https:\/\/adequat.eu\/de\/wp-json\/wp\/v2\/product_tag?post=10337"}],"curies":[{"name":"wp","href":"https:\/\/api.w.org\/{rel}","templated":true}]}}