{"id":10845,"date":"2021-03-04T16:03:20","date_gmt":"2021-03-04T15:03:20","guid":{"rendered":"https:\/\/adequat.eu\/de\/product\/uncategorized\/robinie-stolpe-o-13-15-cm-geschalt-und-geschliffen\/"},"modified":"2025-11-28T14:54:10","modified_gmt":"2025-11-28T13:54:10","slug":"robinienholz-pfahl-o-13-15-cm-geschaelt-und-geschliffen","status":"publish","type":"product","link":"https:\/\/adequat.eu\/de\/produkt\/holzpfaehle-holzpfosten\/pfaehle-geschaelt-geschliffen\/robinienholz-pfahl-o-13-15-cm-geschaelt-und-geschliffen\/","title":{"rendered":"Robinienpfahl \u00d8 13\/15 cm gesch\u00e4lt und geschliffen"},"content":{"rendered":"<ul>\n<li>Perfekt f\u00fcr gro\u00dfe Sonnensegel<\/li>\n<li>Beliebt f\u00fcr den Bau von Pergolas<\/li>\n<li>Wird h\u00e4ufig f\u00fcr Schaukeln verwendet<\/li>\n<li>Nat\u00fcrlich sch\u00f6n<\/li>\n<li>Extrem lange Haltbarkeit<\/li>\n<\/ul>\n<p>&nbsp;<\/p>\n<h2>Robinienpfosten \u00d8 13\/15 cm gesch\u00e4lt &amp; geschliffen f\u00fcr Holzschaukeln<\/h2>\n<p>Sch\u00f6ne Schaukeln aus Holz k\u00f6nnen Sie auch ganz einfach selbst bauen! Die Ad\u00e9quat Robinienpfosten mit einem Durchmesser von 13 bis 15 cm sind perfekt daf\u00fcr geeignet. Sie haben genug Gewicht und bieten ausreichend Stabilit\u00e4t, damit kleine und gro\u00dfe Kinder sicher schaukeln k\u00f6nnen. Da diese Robinienpfosten gesch\u00e4lt und glatt geschliffen sind, sind sie nicht nur sicher, sondern auch sehr sch\u00f6n anzusehen.<\/p>\n<p>Mehr Inspirationen und Tipps &amp; Tricks zum Bauen von Schaukeln finden Sie in <a href=\"https:\/\/adequat.eu\/de\/aktuell\/anwendungen\/sonnensegel-pfosten-aus-holz\/\">diesem Blog-Artikel<\/a>.<\/p>\n<p>&nbsp;<\/p>\n<h3>Robinienholz: Dauerhaftigkeitsklasse 1<\/h3>\n<p>Gesch\u00e4lte Robinienpf\u00e4hle fallen in die <a href=\"https:\/\/adequat.eu\/de\/aktuell\/tips-tricks-deutsch\/haltbarkeit-von-kastanienholz\/\">Dauerhaftigkeitsklasse 1;<\/a> damit ist es die dauerhafteste Holzart, die es in europ\u00e4ischen W\u00e4lder gibt.<\/p>\n<p>Nun fragen Sie sich vielleicht: Warum sollte ich so langlebige Pf\u00e4hle verwenden? Schlie\u00dflich werden die Kinder die Schaukel nicht viel l\u00e4nger als zehn Jahre benutzen. Eine gute Frage, auf die wir eine Antwort geben m\u00f6chten. Nach der Schaukel kommen die Kinder in eine Phase, in der sie vielleicht in einer H\u00e4ngematten chillen m\u00f6chten. Oder vielleicht m\u00f6chten Sie die Pf\u00e4hle danach f\u00fcr ein Sonnensegel verwenden. Wir haben das schon oft erlebt. Ist es dann nicht praktisch, wenn Sie den Robinienpfahl einfach f\u00fcr einen anderen Zweck wieder verwenden k\u00f6nnen? Stichwort: Nachhaltigkeit<\/p>\n<p>&nbsp;<\/p>\n<h2>Robinienpfahl \u00d8 13\/15 cm gesch\u00e4lt &amp; geschliffen f\u00fcr Sonnensegel<\/h2>\n<p>Je gr\u00f6\u00dfer die Fl\u00e4che, desto schwerer ist ein Sonnensegel. Wenn der Stoff dann auch noch wasserdicht oder wasserabweisend ist, sollten Sie bedenken, dass die Pf\u00e4hle so einiges an Gewicht tragen m\u00fcssen. In diesem Fall empfehlen wir gesch\u00e4lte und geschliffene Robinienpf\u00e4hle mit einem Durchmesser von mindestens \u00d8 13\/15 cm. Damit haben Sie einen robuster Pfosten, der aber immer noch praktisch in der Handhabung ist.<\/p>\n<p>Da die nat\u00fcrliche Form des Baumes so weit wie m\u00f6glich erhalten wurde, verleiht ein gesch\u00e4lter Robinienpfahl der Konstruktion ein nat\u00fcrliches, hochwertiges Aussehen.. Das macht den Robinienpfahl zu einer wahren Augenweide. Mit seiner nat\u00fcrlichen Farbe und verspielten Form macht der Pfahl in jedem Garten eine gute Figur!<\/p>\n<p>Die gesch\u00e4lten und geschliffenen Robinienpf\u00e4hle sind standardm\u00e4\u00dfig ungespitzt. Wenn Sie lieber gespitzte Pf\u00e4hle h\u00e4tten, geben Sie uns gern Bescheid.<\/p>\n<p>Mehr Tipps und Inspiration f\u00fcr die Befestigung von Sonnensegeln finden Sie in <a href=\"https:\/\/adequat.eu\/de\/aktuell\/anwendungen\/sonnensegel-pfosten-aus-holz\/\">diesem Blog-Artikel<\/a>.<\/p>\n<p><img decoding=\"async\" class=\"size-medium wp-image-39931\" src=\"https:\/\/adequat.eu\/de\/wp-content\/uploads\/sites\/3\/2025\/09\/Robinienpfaehle-rundholz-robinienstamm-992x569.jpg\" alt=\"Robinienpf\u00e4hle Rundholz Robinienstamm\" width=\"992\" height=\"569\" srcset=\"https:\/\/adequat.eu\/de\/wp-content\/uploads\/sites\/3\/2025\/09\/Robinienpfaehle-rundholz-robinienstamm-992x569.jpg 992w, https:\/\/adequat.eu\/de\/wp-content\/uploads\/sites\/3\/2025\/09\/Robinienpfaehle-rundholz-robinienstamm-1200x689.jpg 1200w, https:\/\/adequat.eu\/de\/wp-content\/uploads\/sites\/3\/2025\/09\/Robinienpfaehle-rundholz-robinienstamm-384x220.jpg 384w, https:\/\/adequat.eu\/de\/wp-content\/uploads\/sites\/3\/2025\/09\/Robinienpfaehle-rundholz-robinienstamm-576x331.jpg 576w, https:\/\/adequat.eu\/de\/wp-content\/uploads\/sites\/3\/2025\/09\/Robinienpfaehle-rundholz-robinienstamm-768x441.jpg 768w, https:\/\/adequat.eu\/de\/wp-content\/uploads\/sites\/3\/2025\/09\/Robinienpfaehle-rundholz-robinienstamm-800x459.jpg 800w, https:\/\/adequat.eu\/de\/wp-content\/uploads\/sites\/3\/2025\/09\/Robinienpfaehle-rundholz-robinienstamm.jpg 1904w\" sizes=\"(max-width: 992px) 100vw, 992px\" \/><\/p>\n","protected":false},"excerpt":{"rendered":"<p>Perfekt f\u00fcr gro\u00dfe Sonnensegel Beliebt f\u00fcr den Bau von Pergolas Wird h\u00e4ufig f\u00fcr Schaukeln verwendet Nat\u00fcrlich sch\u00f6n Extrem lange Haltbarkeit &nbsp; Robinienpfosten \u00d8 13\/15 cm&#8230;<\/p>\n","protected":false},"featured_media":6764,"comment_status":"closed","ping_status":"closed","template":"","meta":{"_acf_changed":false,"inline_featured_image":false,"_trash_the_other_posts":false,"ep_exclude_from_search":false,"iawp_total_views":6357,"editor_notices":[]},"product_brand":[],"product_cat":[415,263,252],"product_tag":[],"class_list":{"0":"post-10845","1":"product","2":"type-product","3":"status-publish","4":"has-post-thumbnail","6":"product_cat-pfaehle-geschaelt-geschliffen","7":"product_cat-holzpfaehle-holzpfosten","8":"product_cat-robinienpfaehle-robinienpfosten","10":"first","11":"instock","12":"shipping-taxable","13":"purchasable","14":"product-type-variable","15":"has-default-attributes"},"composite_virtual":false,"composite_layout":"","composite_add_to_cart_form_location":"","composite_editable_in_cart":false,"composite_sold_individually_context":"","composite_shop_price_calc":"","composite_components":[],"composite_scenarios":[],"acf":[],"_links":{"self":[{"href":"https:\/\/adequat.eu\/de\/wp-json\/wp\/v2\/product\/10845","targetHints":{"allow":["GET"]}}],"collection":[{"href":"https:\/\/adequat.eu\/de\/wp-json\/wp\/v2\/product"}],"about":[{"href":"https:\/\/adequat.eu\/de\/wp-json\/wp\/v2\/types\/product"}],"replies":[{"embeddable":true,"href":"https:\/\/adequat.eu\/de\/wp-json\/wp\/v2\/comments?post=10845"}],"wp:featuredmedia":[{"embeddable":true,"href":"https:\/\/adequat.eu\/de\/wp-json\/wp\/v2\/media\/6764"}],"wp:attachment":[{"href":"https:\/\/adequat.eu\/de\/wp-json\/wp\/v2\/media?parent=10845"}],"wp:term":[{"taxonomy":"product_brand","embeddable":true,"href":"https:\/\/adequat.eu\/de\/wp-json\/wp\/v2\/product_brand?post=10845"},{"taxonomy":"product_cat","embeddable":true,"href":"https:\/\/adequat.eu\/de\/wp-json\/wp\/v2\/product_cat?post=10845"},{"taxonomy":"product_tag","embeddable":true,"href":"https:\/\/adequat.eu\/de\/wp-json\/wp\/v2\/product_tag?post=10845"}],"curies":[{"name":"wp","href":"https:\/\/api.w.org\/{rel}","templated":true}]}}