{"id":10851,"date":"2023-06-01T12:30:22","date_gmt":"2023-06-01T10:30:22","guid":{"rendered":"https:\/\/adequat.eu\/de\/?post_type=product&#038;p=10851"},"modified":"2026-01-09T13:02:47","modified_gmt":"2026-01-09T12:02:47","slug":"robinienholz-pfahl-o-16-18-cm-geschalt-und-geschliffen","status":"publish","type":"product","link":"https:\/\/adequat.eu\/de\/produkt\/holzpfaehle-holzpfosten\/pfaehle-geschaelt-geschliffen\/robinienholz-pfahl-o-16-18-cm-geschalt-und-geschliffen\/","title":{"rendered":"Robinienpfahl \u00d8 16\/18 cm gesch\u00e4lt und geschliffen"},"content":{"rendered":"<ul>\n<li>Am h\u00e4ufigsten f\u00fcr Pergolas gew\u00e4hlt<\/li>\n<li>Beliebt f\u00fcr H\u00e4ngemattenkonstruktionen<\/li>\n<li>Geeignet f\u00fcr stabile Konstruktionen<\/li>\n<li>Als Sockel f\u00fcr Kunstwerke<\/li>\n<li>Nat\u00fcrlich und robust<\/li>\n<li>Extrem langlebig<\/li>\n<\/ul>\n<p>&nbsp;<\/p>\n<h2>Robinienpfahl \u00d8 16\/18 cm gesch\u00e4lt &amp; geschliffen f\u00fcr Pergolas<\/h2>\n<p>Unsere Robinienpfosten mit dem Durchmesser 16\/18 cm \u00d8 \u00a0sind extrem robust und widerstandsf\u00e4hig. Sie k\u00f6nnen als Konstruktionsbalken dienen und sind \u00e4u\u00dferst langlebig. Gesch\u00e4lte Robinienpfosten fallen in die Dauerhaftigkeitsklasse 1 und ist damit die dauerhafteste Holzart, die es in europ\u00e4ischen W\u00e4lder gibt.<\/p>\n<p>Neben der Langlebigkeit wird vor allem auch die Sch\u00f6nheit der geschliffenen Robinienpf\u00e4hle gesch\u00e4tzt.<\/p>\n<p>Gern werden Sie unsere Robinienpfosten in dieser Gr\u00f6\u00dfe auch f\u00fcr Spielpl\u00e4tze verwendet. Weil das geschliffene Robinienholz fast splitterfrei ist, k\u00f6nnen Kinder sicher auf dem Holz sitzen und klettern.<\/p>\n<p>&nbsp;<\/p>\n<h2>Robinienpfosten \u00d8 16\/18 cm gesch\u00e4lt &amp; geschliffen f\u00fcr stabile Konstruktionen<\/h2>\n<p>Mit einem Robinienpfosten \u00a0\u00d8 16\/18 cm gesch\u00e4lt und geschliffen k\u00f6nnen Sie stabile Konstruktion bauen, die einiges aushalten m\u00fcssen. Diese Pfostengr\u00f6\u00dfe kann sogar f\u00fcr die Instandhaltung eines Dammes oder zur Uferabsicherung verwendet werden. Gern werden Robinienpfosten mit diesem Durchmesser wird auch als Sockel f\u00fcr Kunstwerke verwendet.<\/p>\n<p>Gesch\u00e4lte und geschliffene Robinienpf\u00e4hle sind standardm\u00e4\u00dfig ungespitzt. Wenn Sie lieber gespitzte Pf\u00e4hle h\u00e4tten, kontaktieren Sie uns. Wir helfen Ihnen gern.<\/p>\n<p><img decoding=\"async\" class=\"alignnone wp-image-39931 size-medium\" src=\"https:\/\/adequat.eu\/de\/wp-content\/uploads\/sites\/3\/2025\/09\/Robinienpfaehle-rundholz-robinienstamm-992x569.jpg\" alt=\"Robinienpf\u00e4hle Rundholz Robinienstamm\" width=\"992\" height=\"569\" srcset=\"https:\/\/adequat.eu\/de\/wp-content\/uploads\/sites\/3\/2025\/09\/Robinienpfaehle-rundholz-robinienstamm-992x569.jpg 992w, https:\/\/adequat.eu\/de\/wp-content\/uploads\/sites\/3\/2025\/09\/Robinienpfaehle-rundholz-robinienstamm-1200x689.jpg 1200w, https:\/\/adequat.eu\/de\/wp-content\/uploads\/sites\/3\/2025\/09\/Robinienpfaehle-rundholz-robinienstamm-384x220.jpg 384w, https:\/\/adequat.eu\/de\/wp-content\/uploads\/sites\/3\/2025\/09\/Robinienpfaehle-rundholz-robinienstamm-576x331.jpg 576w, https:\/\/adequat.eu\/de\/wp-content\/uploads\/sites\/3\/2025\/09\/Robinienpfaehle-rundholz-robinienstamm-768x441.jpg 768w, https:\/\/adequat.eu\/de\/wp-content\/uploads\/sites\/3\/2025\/09\/Robinienpfaehle-rundholz-robinienstamm-800x459.jpg 800w, https:\/\/adequat.eu\/de\/wp-content\/uploads\/sites\/3\/2025\/09\/Robinienpfaehle-rundholz-robinienstamm.jpg 1904w\" sizes=\"(max-width: 992px) 100vw, 992px\" \/><\/p>\n","protected":false},"excerpt":{"rendered":"<p>Am h\u00e4ufigsten f\u00fcr Pergolas gew\u00e4hlt Beliebt f\u00fcr H\u00e4ngemattenkonstruktionen Geeignet f\u00fcr stabile Konstruktionen Als Sockel f\u00fcr Kunstwerke Nat\u00fcrlich und robust Extrem langlebig &nbsp; Robinienpfahl \u00d8 16\/18&#8230;<\/p>\n","protected":false},"featured_media":6764,"comment_status":"closed","ping_status":"closed","template":"","meta":{"_acf_changed":false,"inline_featured_image":false,"_trash_the_other_posts":false,"ep_exclude_from_search":false,"iawp_total_views":5999,"editor_notices":[]},"product_brand":[],"product_cat":[415,263,252],"product_tag":[],"class_list":{"0":"post-10851","1":"product","2":"type-product","3":"status-publish","4":"has-post-thumbnail","6":"product_cat-pfaehle-geschaelt-geschliffen","7":"product_cat-holzpfaehle-holzpfosten","8":"product_cat-robinienpfaehle-robinienpfosten","10":"first","11":"instock","12":"shipping-taxable","13":"purchasable","14":"product-type-variable","15":"has-default-attributes"},"composite_virtual":false,"composite_layout":"","composite_add_to_cart_form_location":"","composite_editable_in_cart":false,"composite_sold_individually_context":"","composite_shop_price_calc":"","composite_components":[],"composite_scenarios":[],"acf":[],"_links":{"self":[{"href":"https:\/\/adequat.eu\/de\/wp-json\/wp\/v2\/product\/10851","targetHints":{"allow":["GET"]}}],"collection":[{"href":"https:\/\/adequat.eu\/de\/wp-json\/wp\/v2\/product"}],"about":[{"href":"https:\/\/adequat.eu\/de\/wp-json\/wp\/v2\/types\/product"}],"replies":[{"embeddable":true,"href":"https:\/\/adequat.eu\/de\/wp-json\/wp\/v2\/comments?post=10851"}],"wp:featuredmedia":[{"embeddable":true,"href":"https:\/\/adequat.eu\/de\/wp-json\/wp\/v2\/media\/6764"}],"wp:attachment":[{"href":"https:\/\/adequat.eu\/de\/wp-json\/wp\/v2\/media?parent=10851"}],"wp:term":[{"taxonomy":"product_brand","embeddable":true,"href":"https:\/\/adequat.eu\/de\/wp-json\/wp\/v2\/product_brand?post=10851"},{"taxonomy":"product_cat","embeddable":true,"href":"https:\/\/adequat.eu\/de\/wp-json\/wp\/v2\/product_cat?post=10851"},{"taxonomy":"product_tag","embeddable":true,"href":"https:\/\/adequat.eu\/de\/wp-json\/wp\/v2\/product_tag?post=10851"}],"curies":[{"name":"wp","href":"https:\/\/api.w.org\/{rel}","templated":true}]}}