{"id":10856,"date":"2023-06-01T11:34:37","date_gmt":"2023-06-01T09:34:37","guid":{"rendered":"https:\/\/adequat.eu\/de\/?post_type=product&#038;p=10856"},"modified":"2025-11-28T14:54:00","modified_gmt":"2025-11-28T13:54:00","slug":"robinienholz-pfahl-o-19-21-cm-geschalt-und-geschliffen","status":"publish","type":"product","link":"https:\/\/adequat.eu\/de\/produkt\/holzpfaehle-holzpfosten\/pfaehle-geschaelt-geschliffen\/robinienholz-pfahl-o-19-21-cm-geschalt-und-geschliffen\/","title":{"rendered":"Robinienpfosten \u00d8 19\/21 cm gesch\u00e4lt und geschliffen"},"content":{"rendered":"<ul>\n<li>Geeignet f\u00fcr belastbare Konstruktionen<\/li>\n<li>Nat\u00fcrlich sch\u00f6n<\/li>\n<li>Sehr robust, tragf\u00e4hig und stabil<\/li>\n<li>Extrem langlebig<\/li>\n<\/ul>\n<h2>Robinienpfosten \u00d8 19-21 cm gesch\u00e4lt &amp; geschliffen<\/h2>\n<p>Robinienpf\u00e4hle mid dem Durchmesser \u00d8 19-21 cm sind sehr robust, stabil, tragf\u00e4hig und widerstandsf\u00e4hig. Robinienpfosten mit diesem Durchmesser dienen sogar als Konstruktionsbalken und sind extrem langlebig.<\/p>\n<p>Gesch\u00e4lte Robinienpfosten fallen in die <a href=\"https:\/\/adequat.eu\/de\/aktuell\/tips-tricks-deutsch\/haltbarkeit-von-kastanienholz\/\">Dauerhaftigkeitsklasse 1<\/a>. Damit ist es ist die widerstandsf\u00e4higste (in der Fachsprache &#8222;dauerhafteste&#8220;) Holzart, die es in europ\u00e4ischen W\u00e4lder gibt.<\/p>\n<p>Gesch\u00e4lte und geschliffene Robinienpf\u00e4hle werden aber nicht nur aufgrund ihrer Langlebigkeit eingesetzt; auch die Sch\u00f6nheit dieses Holzes ist ein Grund f\u00fcr den weitl\u00e4ufigen Einsatz.<br \/>\nRobinienpfosten werden gern und h\u00e4ufig auf Spielpl\u00e4tzen eingesetzt: Kinder k\u00f6nnen sicher auf dem Holz ihnen sitzen und daran klettern.<\/p>\n<h3>Robinienholz Pfosten \u00d8 19-21 cm f\u00fcr Holzkonstruktionen<\/h3>\n<p>Mit einem gesch\u00e4lten und geschliffenen Robinienpfosten \u00d8 19-21 cm k\u00f6nnen Sie eine belastbare Holzkonstruktion bauen.<\/p>\n<p>Diese Pfostengr\u00f6\u00dfe kann zudem als Unterbau zum Erhalt einer B\u00f6schung oder als Pfosten im Sand eingesetzt werden. Ein Pfosten mit diesem Durchmesser wird auch gern als Sockel f\u00fcr Kunstwerke, aber auch als Informationspfosten verwendet.<\/p>\n<p>Diese Robinienpf\u00e4hle sind standardm\u00e4\u00dfig gesch\u00e4lt und geschliffen und nicht angespitzt.<\/p>\n<p>Wenn Sie gespitzte Robinienpf\u00e4hle in dieser Gr\u00f6\u00dfe w\u00fcnschen, kontaktieren Sie uns bitte.<\/p>\n<p><img decoding=\"async\" class=\"size-medium wp-image-39931\" src=\"https:\/\/adequat.eu\/de\/wp-content\/uploads\/sites\/3\/2025\/09\/Robinienpfaehle-rundholz-robinienstamm-992x569.jpg\" alt=\"Robinienpf\u00e4hle Rundholz Robinienstamm\" width=\"992\" height=\"569\" srcset=\"https:\/\/adequat.eu\/de\/wp-content\/uploads\/sites\/3\/2025\/09\/Robinienpfaehle-rundholz-robinienstamm-992x569.jpg 992w, https:\/\/adequat.eu\/de\/wp-content\/uploads\/sites\/3\/2025\/09\/Robinienpfaehle-rundholz-robinienstamm-1200x689.jpg 1200w, https:\/\/adequat.eu\/de\/wp-content\/uploads\/sites\/3\/2025\/09\/Robinienpfaehle-rundholz-robinienstamm-384x220.jpg 384w, https:\/\/adequat.eu\/de\/wp-content\/uploads\/sites\/3\/2025\/09\/Robinienpfaehle-rundholz-robinienstamm-576x331.jpg 576w, https:\/\/adequat.eu\/de\/wp-content\/uploads\/sites\/3\/2025\/09\/Robinienpfaehle-rundholz-robinienstamm-768x441.jpg 768w, https:\/\/adequat.eu\/de\/wp-content\/uploads\/sites\/3\/2025\/09\/Robinienpfaehle-rundholz-robinienstamm-800x459.jpg 800w, https:\/\/adequat.eu\/de\/wp-content\/uploads\/sites\/3\/2025\/09\/Robinienpfaehle-rundholz-robinienstamm.jpg 1904w\" sizes=\"(max-width: 992px) 100vw, 992px\" \/><\/p>\n","protected":false},"excerpt":{"rendered":"<p>Geeignet f\u00fcr belastbare Konstruktionen Nat\u00fcrlich sch\u00f6n Sehr robust, tragf\u00e4hig und stabil Extrem langlebig Robinienpfosten \u00d8 19-21 cm gesch\u00e4lt &amp; geschliffen Robinienpf\u00e4hle mid dem Durchmesser \u00d8&#8230;<\/p>\n","protected":false},"featured_media":6764,"comment_status":"closed","ping_status":"closed","template":"","meta":{"_acf_changed":false,"inline_featured_image":false,"_trash_the_other_posts":false,"ep_exclude_from_search":false,"iawp_total_views":2908,"editor_notices":[]},"product_brand":[],"product_cat":[415,263,478,479,480,481,252],"product_tag":[],"class_list":{"0":"post-10856","1":"product","2":"type-product","3":"status-publish","4":"has-post-thumbnail","6":"product_cat-pfaehle-geschaelt-geschliffen","7":"product_cat-holzpfaehle-holzpfosten","8":"product_cat-holzpfaehle-300-cm","9":"product_cat-holzpfaehle-400-cm","10":"product_cat-holzpfaehle-500-cm","11":"product_cat-holzpfaehle-600-cm","12":"product_cat-robinienpfaehle-robinienpfosten","14":"first","15":"instock","16":"shipping-taxable","17":"purchasable","18":"product-type-variable","19":"has-default-attributes"},"composite_virtual":false,"composite_layout":"","composite_add_to_cart_form_location":"","composite_editable_in_cart":false,"composite_sold_individually_context":"","composite_shop_price_calc":"","composite_components":[],"composite_scenarios":[],"acf":[],"_links":{"self":[{"href":"https:\/\/adequat.eu\/de\/wp-json\/wp\/v2\/product\/10856","targetHints":{"allow":["GET"]}}],"collection":[{"href":"https:\/\/adequat.eu\/de\/wp-json\/wp\/v2\/product"}],"about":[{"href":"https:\/\/adequat.eu\/de\/wp-json\/wp\/v2\/types\/product"}],"replies":[{"embeddable":true,"href":"https:\/\/adequat.eu\/de\/wp-json\/wp\/v2\/comments?post=10856"}],"wp:featuredmedia":[{"embeddable":true,"href":"https:\/\/adequat.eu\/de\/wp-json\/wp\/v2\/media\/6764"}],"wp:attachment":[{"href":"https:\/\/adequat.eu\/de\/wp-json\/wp\/v2\/media?parent=10856"}],"wp:term":[{"taxonomy":"product_brand","embeddable":true,"href":"https:\/\/adequat.eu\/de\/wp-json\/wp\/v2\/product_brand?post=10856"},{"taxonomy":"product_cat","embeddable":true,"href":"https:\/\/adequat.eu\/de\/wp-json\/wp\/v2\/product_cat?post=10856"},{"taxonomy":"product_tag","embeddable":true,"href":"https:\/\/adequat.eu\/de\/wp-json\/wp\/v2\/product_tag?post=10856"}],"curies":[{"name":"wp","href":"https:\/\/api.w.org\/{rel}","templated":true}]}}