{"id":10861,"date":"2021-09-28T16:22:22","date_gmt":"2021-09-28T14:22:22","guid":{"rendered":"https:\/\/adequat.eu\/de\/?post_type=product&#038;p=10861"},"modified":"2025-11-28T14:53:46","modified_gmt":"2025-11-28T13:53:46","slug":"robinienholz-pfosten-o-22-24-cm-geschalt-und-geschliffen","status":"publish","type":"product","link":"https:\/\/adequat.eu\/de\/produkt\/holzpfaehle-holzpfosten\/robinienpfaehle-robinienpfosten\/robinienholz-pfosten-o-22-24-cm-geschalt-und-geschliffen\/","title":{"rendered":"Robinienpfosten \u00d8 22\/24 cm gesch\u00e4lt und geschliffen"},"content":{"rendered":"<ul>\n<li>Perfekt geeignet f\u00fcr stabile Konstruktionen<\/li>\n<li>Nat\u00fcrlich sch\u00f6n: gesch\u00e4lt und geschliffen<\/li>\n<li>Sehr robust<\/li>\n<li>Extrem langlebig<\/li>\n<li>Standardm\u00e4\u00dfig ungespitzt<\/li>\n<\/ul>\n<h2>Robinienpfosten \u00d8 22\/24 cm gesch\u00e4lt &amp; geschliffen<\/h2>\n<p>Diese Robinienpfosten mit einem Durchmesser von 22 &#8211; 24 cm sind sehr robust und widerstandsf\u00e4hig. Es handelt sich hierbei um die dicksten Pfosten aus Robinienholz, die wir in gesch\u00e4lter und geschliffener Ausf\u00fchrung anbieten.<\/p>\n<p>Gesch\u00e4lte Robinienpfosten geh\u00f6ren zur <a href=\"https:\/\/adequat.eu\/de\/aktuell\/tips-tricks-deutsch\/haltbarkeit-von-kastanienholz\/\">Dauerhaftigkeitsklasse 1<\/a>; es ist die h\u00e4rteste Holzart, die in europ\u00e4ischen W\u00e4ldern vorkommt. Neben der extrem langen Haltbarkeit und der Nachhaltigkeit sind unsere geschliffenen Robinienpfosten auch aufgrund ihrer glatten Oberfl\u00e4che und ihrer nat\u00fcrlichen Sch\u00f6nheit sehr beliebt.<\/p>\n<p>Unsere gesch\u00e4lten und geschliffenen Robinienpfosten sind standardm\u00e4\u00dfig ungespitzt. Wenn Sie gespitzte Pfosten bevorzugen, kontaktieren Sie uns bitte.<\/p>\n<p><img decoding=\"async\" class=\"size-medium wp-image-39931\" src=\"https:\/\/adequat.eu\/de\/wp-content\/uploads\/sites\/3\/2025\/09\/Robinienpfaehle-rundholz-robinienstamm-992x569.jpg\" alt=\"Robinienpf\u00e4hle Rundholz Robinienstamm\" width=\"992\" height=\"569\" srcset=\"https:\/\/adequat.eu\/de\/wp-content\/uploads\/sites\/3\/2025\/09\/Robinienpfaehle-rundholz-robinienstamm-992x569.jpg 992w, https:\/\/adequat.eu\/de\/wp-content\/uploads\/sites\/3\/2025\/09\/Robinienpfaehle-rundholz-robinienstamm-1200x689.jpg 1200w, https:\/\/adequat.eu\/de\/wp-content\/uploads\/sites\/3\/2025\/09\/Robinienpfaehle-rundholz-robinienstamm-384x220.jpg 384w, https:\/\/adequat.eu\/de\/wp-content\/uploads\/sites\/3\/2025\/09\/Robinienpfaehle-rundholz-robinienstamm-576x331.jpg 576w, https:\/\/adequat.eu\/de\/wp-content\/uploads\/sites\/3\/2025\/09\/Robinienpfaehle-rundholz-robinienstamm-768x441.jpg 768w, https:\/\/adequat.eu\/de\/wp-content\/uploads\/sites\/3\/2025\/09\/Robinienpfaehle-rundholz-robinienstamm-800x459.jpg 800w, https:\/\/adequat.eu\/de\/wp-content\/uploads\/sites\/3\/2025\/09\/Robinienpfaehle-rundholz-robinienstamm.jpg 1904w\" sizes=\"(max-width: 992px) 100vw, 992px\" \/><\/p>\n","protected":false},"excerpt":{"rendered":"<p>Perfekt geeignet f\u00fcr stabile Konstruktionen Nat\u00fcrlich sch\u00f6n: gesch\u00e4lt und geschliffen Sehr robust Extrem langlebig Standardm\u00e4\u00dfig ungespitzt Robinienpfosten \u00d8 22\/24 cm gesch\u00e4lt &amp; geschliffen Diese Robinienpfosten&#8230;<\/p>\n","protected":false},"featured_media":6764,"comment_status":"closed","ping_status":"closed","template":"","meta":{"_acf_changed":false,"inline_featured_image":false,"_trash_the_other_posts":false,"ep_exclude_from_search":false,"iawp_total_views":3933,"editor_notices":[]},"product_brand":[],"product_cat":[480,478,479,481,252,415],"product_tag":[],"class_list":{"0":"post-10861","1":"product","2":"type-product","3":"status-publish","4":"has-post-thumbnail","6":"product_cat-holzpfaehle-500-cm","7":"product_cat-holzpfaehle-300-cm","8":"product_cat-holzpfaehle-400-cm","9":"product_cat-holzpfaehle-600-cm","10":"product_cat-robinienpfaehle-robinienpfosten","11":"product_cat-pfaehle-geschaelt-geschliffen","13":"first","14":"instock","15":"shipping-taxable","16":"purchasable","17":"product-type-variable","18":"has-default-attributes"},"composite_virtual":false,"composite_layout":"","composite_add_to_cart_form_location":"","composite_editable_in_cart":false,"composite_sold_individually_context":"","composite_shop_price_calc":"","composite_components":[],"composite_scenarios":[],"acf":[],"_links":{"self":[{"href":"https:\/\/adequat.eu\/de\/wp-json\/wp\/v2\/product\/10861","targetHints":{"allow":["GET"]}}],"collection":[{"href":"https:\/\/adequat.eu\/de\/wp-json\/wp\/v2\/product"}],"about":[{"href":"https:\/\/adequat.eu\/de\/wp-json\/wp\/v2\/types\/product"}],"replies":[{"embeddable":true,"href":"https:\/\/adequat.eu\/de\/wp-json\/wp\/v2\/comments?post=10861"}],"wp:featuredmedia":[{"embeddable":true,"href":"https:\/\/adequat.eu\/de\/wp-json\/wp\/v2\/media\/6764"}],"wp:attachment":[{"href":"https:\/\/adequat.eu\/de\/wp-json\/wp\/v2\/media?parent=10861"}],"wp:term":[{"taxonomy":"product_brand","embeddable":true,"href":"https:\/\/adequat.eu\/de\/wp-json\/wp\/v2\/product_brand?post=10861"},{"taxonomy":"product_cat","embeddable":true,"href":"https:\/\/adequat.eu\/de\/wp-json\/wp\/v2\/product_cat?post=10861"},{"taxonomy":"product_tag","embeddable":true,"href":"https:\/\/adequat.eu\/de\/wp-json\/wp\/v2\/product_tag?post=10861"}],"curies":[{"name":"wp","href":"https:\/\/api.w.org\/{rel}","templated":true}]}}