{"id":10866,"date":"2022-09-08T15:35:00","date_gmt":"2022-09-08T13:35:00","guid":{"rendered":"https:\/\/adequat.eu\/de\/?post_type=product&#038;p=10866"},"modified":"2026-02-05T12:46:06","modified_gmt":"2026-02-05T11:46:06","slug":"robinienholz-pfahl-o-10-12-cm-geschalt-und-geschliffen","status":"publish","type":"product","link":"https:\/\/adequat.eu\/de\/produkt\/holzpfaehle-holzpfosten\/pfaehle-geschaelt-geschliffen\/robinienholz-pfahl-o-10-12-cm-geschalt-und-geschliffen\/","title":{"rendered":"Robinienpfahl \u00d8 10\/12 cm gesch\u00e4lt und geschliffen"},"content":{"rendered":"<ul>\n<li>Beliebt f\u00fcr Sonnensegel<\/li>\n<li>Wird h\u00e4ufig als Pfahl f\u00fcr H\u00e4ngematten gew\u00e4hlt<\/li>\n<li>Beliebt f\u00fcr den Bau von Spielger\u00e4ten<\/li>\n<li>Sieht gut aus und h\u00e4lt extrem viel aus<\/li>\n<li>Punktet in Sachen Sicherheit &amp; Stabilit\u00e4t<\/li>\n<li>Extrem langlebige Holzpf\u00e4hle<\/li>\n<\/ul>\n<h2>Robinienpfahl \u00d8 10-12 cm gesch\u00e4lt &amp; geschliffen f\u00fcr Sonnensegel<\/h2>\n<h4>Der perfekte Masten f\u00fcr das Sonnensegel!<\/h4>\n<p>Sonnensegel liegen voll im Trend und werden zunehmend als fester Bestandteil des Gartens angesehen. Es gibt sie in allen Formen, Gr\u00f6\u00dfen, Farben und Ausf\u00fchrungen. Um das Sonnensegel aufh\u00e4ngen zu k\u00f6nnen, wird ein stabiler Masten ben\u00f6tigt, damit das Sonnensegel auch bei Regen und Wind standh\u00e4lt.<\/p>\n<p>So ein Masten bzw. Pfahl oder Pfosten sollte nicht nur stabil, sondern auch sch\u00f6n sein, denn im Garten m\u00f6chten wir uns wohlf\u00fchlen und den Ausblick genie\u00dfen. Dieser geschliffene Robinienpfahl erf\u00fcllt alle Anforderungen: Er ist robust, langlebig, praktisch und sieht gut aus!<\/p>\n<p>Da die nat\u00fcrliche Form des Baumes so weit wie m\u00f6glich erhalten wurde, sieht ein gesch\u00e4lter Robinienpfahl sehr nat\u00fcrlich aus. Auch wenn Sie das Sonnensegel im Winter entfernen, sieht der Robinienpfahl gut aus.<\/p>\n<p>Mehr Tipps und Inspiration gibt&#8217;s in <a href=\"https:\/\/adequat.eu\/de\/aktuell\/anwendungen\/sonnensegel-pfosten-aus-holz\/\">diesem Blog-Artikel<\/a>.<\/p>\n<p>&nbsp;<\/p>\n<h2>Robinienpfosten \u00d8 10\/12 cm gesch\u00e4lt &amp; geschliffen f\u00fcr Spielplatzger\u00e4te<\/h2>\n<p>Gute, stabile und sichere Spielplatzger\u00e4te k\u00f6nnen Sie ganz einfach selbst bauen. Ob Kletterger\u00fcst oder Balancierbalken, Schaukel oder Turnstange: Unsere gesch\u00e4lten und geschliffenen Robinienpfosten sind sehr beliebt f\u00fcr diese Zwecke. Zum einen aufgrund ihrer Wetterfestigkeit und Langlebigkeit, zum anderen aufgrund der fein geschliffenen Oberfl\u00e4che (nahezu splitterfrei).<\/p>\n<p>Die Robinienpfosten sind nicht nur praktische, sondern aufgrund der naturbelassenen Form auch sch\u00f6n anzusehen. Dadurch entsteht ein hochwertiger Eindruck und ein besonders nat\u00fcrlicher Look.<\/p>\n<p>Gesch\u00e4lte Robinienpfosten fallen in die <a href=\"https:\/\/adequat.eu\/de\/aktuell\/tips-tricks-deutsch\/haltbarkeit-von-kastanienholz\/\">Dauerhaftigkeitsklasse 1<\/a>. Damit ist die Robinie die dauerhafteste (robusteste, widerstandsf\u00e4higste, wetterfesteste) Holzart, die in europ\u00e4ischen W\u00e4ldern w\u00e4chst.<\/p>\n<p>Unsere gesch\u00e4lte und geschliffene Robinienpf\u00e4hle sind standardm\u00e4\u00dfig ungespitzt.<\/p>\n<p>Wenn Sie lieber gespitzte Pf\u00e4hle h\u00e4tten, geben Sie uns bitte Bescheid.<\/p>\n<p><img decoding=\"async\" class=\"alignnone wp-image-39931 size-medium\" src=\"https:\/\/adequat.eu\/de\/wp-content\/uploads\/sites\/3\/2025\/09\/Robinienpfaehle-rundholz-robinienstamm-992x569.jpg\" alt=\"Robinienpf\u00e4hle Rundholz Robinienstamm\" width=\"992\" height=\"569\" srcset=\"https:\/\/adequat.eu\/de\/wp-content\/uploads\/sites\/3\/2025\/09\/Robinienpfaehle-rundholz-robinienstamm-992x569.jpg 992w, https:\/\/adequat.eu\/de\/wp-content\/uploads\/sites\/3\/2025\/09\/Robinienpfaehle-rundholz-robinienstamm-1200x689.jpg 1200w, https:\/\/adequat.eu\/de\/wp-content\/uploads\/sites\/3\/2025\/09\/Robinienpfaehle-rundholz-robinienstamm-384x220.jpg 384w, https:\/\/adequat.eu\/de\/wp-content\/uploads\/sites\/3\/2025\/09\/Robinienpfaehle-rundholz-robinienstamm-576x331.jpg 576w, https:\/\/adequat.eu\/de\/wp-content\/uploads\/sites\/3\/2025\/09\/Robinienpfaehle-rundholz-robinienstamm-768x441.jpg 768w, https:\/\/adequat.eu\/de\/wp-content\/uploads\/sites\/3\/2025\/09\/Robinienpfaehle-rundholz-robinienstamm-800x459.jpg 800w, https:\/\/adequat.eu\/de\/wp-content\/uploads\/sites\/3\/2025\/09\/Robinienpfaehle-rundholz-robinienstamm.jpg 1904w\" sizes=\"(max-width: 992px) 100vw, 992px\" \/><\/p>\n","protected":false},"excerpt":{"rendered":"<p>Beliebt f\u00fcr Sonnensegel Wird h\u00e4ufig als Pfahl f\u00fcr H\u00e4ngematten gew\u00e4hlt Beliebt f\u00fcr den Bau von Spielger\u00e4ten Sieht gut aus und h\u00e4lt extrem viel aus Punktet&#8230;<\/p>\n","protected":false},"featured_media":6764,"comment_status":"closed","ping_status":"closed","template":"","meta":{"_acf_changed":false,"inline_featured_image":false,"_trash_the_other_posts":false,"ep_exclude_from_search":false,"iawp_total_views":7405,"editor_notices":[]},"product_brand":[],"product_cat":[415,520,519,263,478,479,480,481,517,518,252,521],"product_tag":[],"class_list":{"0":"post-10866","1":"product","2":"type-product","3":"status-publish","4":"has-post-thumbnail","6":"product_cat-pfaehle-geschaelt-geschliffen","7":"product_cat-gefluegelzaun","8":"product_cat-hasenzaun","9":"product_cat-holzpfaehle-holzpfosten","10":"product_cat-holzpfaehle-300-cm","11":"product_cat-holzpfaehle-400-cm","12":"product_cat-holzpfaehle-500-cm","13":"product_cat-holzpfaehle-600-cm","14":"product_cat-huenerzaun","15":"product_cat-hundezaun","16":"product_cat-robinienpfaehle-robinienpfosten","17":"product_cat-wildzaun","19":"first","20":"instock","21":"shipping-taxable","22":"purchasable","23":"product-type-variable","24":"has-default-attributes"},"composite_virtual":false,"composite_layout":"","composite_add_to_cart_form_location":"","composite_editable_in_cart":false,"composite_sold_individually_context":"","composite_shop_price_calc":"","composite_components":[],"composite_scenarios":[],"acf":[],"_links":{"self":[{"href":"https:\/\/adequat.eu\/de\/wp-json\/wp\/v2\/product\/10866","targetHints":{"allow":["GET"]}}],"collection":[{"href":"https:\/\/adequat.eu\/de\/wp-json\/wp\/v2\/product"}],"about":[{"href":"https:\/\/adequat.eu\/de\/wp-json\/wp\/v2\/types\/product"}],"replies":[{"embeddable":true,"href":"https:\/\/adequat.eu\/de\/wp-json\/wp\/v2\/comments?post=10866"}],"wp:featuredmedia":[{"embeddable":true,"href":"https:\/\/adequat.eu\/de\/wp-json\/wp\/v2\/media\/6764"}],"wp:attachment":[{"href":"https:\/\/adequat.eu\/de\/wp-json\/wp\/v2\/media?parent=10866"}],"wp:term":[{"taxonomy":"product_brand","embeddable":true,"href":"https:\/\/adequat.eu\/de\/wp-json\/wp\/v2\/product_brand?post=10866"},{"taxonomy":"product_cat","embeddable":true,"href":"https:\/\/adequat.eu\/de\/wp-json\/wp\/v2\/product_cat?post=10866"},{"taxonomy":"product_tag","embeddable":true,"href":"https:\/\/adequat.eu\/de\/wp-json\/wp\/v2\/product_tag?post=10866"}],"curies":[{"name":"wp","href":"https:\/\/api.w.org\/{rel}","templated":true}]}}