{"id":11793,"date":"2021-05-18T11:36:25","date_gmt":"2021-05-18T09:36:25","guid":{"rendered":"https:\/\/adequat.eu\/de\/?post_type=product&#038;p=11793"},"modified":"2026-02-20T16:51:48","modified_gmt":"2026-02-20T15:51:48","slug":"staketenzaun-robinie-120-cm-hoch","status":"publish","type":"product","link":"https:\/\/adequat.eu\/de\/produkt\/kastanienzaun-naturzaun\/staketenzaun-aus-robinie\/staketenzaun-robinie-120-cm-hoch\/","title":{"rendered":"Staketenzaun Robinie 120 cm hoch"},"content":{"rendered":"<ul>\n<li><span style=\"color: #8c281e\">Wundersch\u00f6ner Eyecatcher!<\/span><\/li>\n<li><span style=\"color: #8c281e\">Hochwertig Verarbeitung ohne Splitter<\/span><\/li>\n<li><span style=\"color: #8c281e\">Widerstandsf\u00e4hig &amp; elegant zugleich<\/span><\/li>\n<\/ul>\n<p>Der Staketenzaun \u2013 Robinie 120 cm hoch ist mit Lattenabst\u00e4nden von 4 cm und 8 cm erh\u00e4ltlich. Der Zaun wird auf Rollen von 5 Meter oder 10 Meter geliefert (jeweils abh\u00e4ngig von Faktoren wie Gewicht usw.)<\/p>\n<p>F\u00fcr den Staketenzaun \u2013 Robinie mit der H\u00f6he 120 cm empfehlen wir <a href=\"https:\/\/adequat.eu\/de\/produkt\/holzpfaehle-holzpfosten\/kastanienpfaehle-kastanienpfosten\/zaunpfahl-kastanie\/\">Kastanienpf\u00e4hle<\/a> mit dem Durchmesser \u00f8 7\/9 cm und einer L\u00e4nge von 175 cm. Alternativ k\u00f6nnen Sie <a href=\"https:\/\/adequat.eu\/de\/produkt\/holzpfaehle-holzpfosten\/robinienpfaehle-robinienpfosten\/robinienpfahl\/\">Robinienpf\u00e4hle<\/a> mit dem Durchmesser \u00f8 8\/10 cm und einer L\u00e4nge von 180 cm verwenden.<br \/>\nWir empfehlen alle 166 cm einen Pfahl aufzustellen. F\u00fcr den Beginn- und Endpunkt sowie f\u00fcr die Ecken k\u00f6nnen Sie Pf\u00e4hle mit dem Durchmesser \u00f8 10\/12 cm und einer H\u00f6he von 200 cm verwenden.<\/p>\n<p>Wenn Sie den Zaun in sehr lockerem Boden aufstellen m\u00f6chten, k\u00f6nnen Sie f\u00fcr mehr Stabilit\u00e4t die Beginn- und Endpunkte sowie die Pf\u00e4hle in den Ecken mit st\u00fctzenden Streben zu versehen.<\/p>\n<h2>Praktische Tipps: Staketenzaun Robinie 120 cm<\/h2>\n<p>Der Crapal-Eisendraht (verzinkt) ist ein besonders hochwertige Spezialdraht mit einer Dicke von 1,8 mm. Dieser Draht rostet nicht! Man kann die einzelnen Staketenzaunrollen ganz einfach miteinander verbinden. Bei Minute 1,20 im\u00a0<a href=\"https:\/\/adequat.eu\/de\/installation-videos\/staketenzaun\/staketenzaun-aufbauen-holzzaun\/\">Video<\/a> zeigen wir Ihnen, wie es genau geht. Falls man eine Latte kaputt gehen sollte, k\u00f6nnen Sie die Stakete ganz\u00a0<a href=\"https:\/\/adequat.eu\/de\/installation-videos\/staketenzaun\/kann-ich-beim-staketenzaun-eine-latte-stakete-austauschen\/\">einfach auswechseln<\/a>. Der Staketenzaun (Robinie) ist flexibel und folgt einfach den Konturen Ihres Grundst\u00fccks.<\/p>\n<p>Wir empfehlen, den Staketenzaun (Robinie) mit\u00a0<a href=\"https:\/\/adequat.eu\/de\/produkt\/holzprodukte-2\/befestigungsmaterialien\/schrauben-edelstahl-holz\/\">Edelstahlschrauben<\/a>\u00a0in der Gr\u00f6\u00dfe 4,5 x 60 mm am Pfahl zu befestigen. So fixieren Sie den Zaun fest am Pfahl und riskieren nicht, dass der Zaun \u2018durchh\u00e4ngt\u2018. Robinie ist ein sehr hartes und widerstandsf\u00e4higes Holz. Daher m\u00fcssen Sie die L\u00f6cher vorbohren, um einer versehentlichen Spaltung der Zaunlatten vorzubeugen.<\/p>\n<h2>Zaun Robinie \u2013 Aufgebaut<\/h2>\n<p>Wenn Sie Ihren Zaun direkt bei uns vor Ort (Niederlande) abholen m\u00f6chten, erhalten Sie 7% Rabatt auf Ihre Bestellung.<\/p>\n<p>M\u00f6chten Sie berechnen, wie viel Staketenzaun (Robinie) Sie ben\u00f6tigen? Verwenden Sie gern unseren praktischen\u00a0<a href=\"https:\/\/adequat.eu\/de\/zaunkonfigurator-zaun-berechnen\/\">Zaun-Konfigurator<\/a>.<\/p>\n","protected":false},"excerpt":{"rendered":"<p>Wundersch\u00f6ner Eyecatcher! Hochwertig Verarbeitung ohne Splitter Widerstandsf\u00e4hig &amp; elegant zugleich Der Staketenzaun \u2013 Robinie 120 cm hoch ist mit Lattenabst\u00e4nden von 4 cm und 8&#8230;<\/p>\n","protected":false},"featured_media":11769,"comment_status":"closed","ping_status":"closed","template":"","meta":{"_acf_changed":false,"inline_featured_image":false,"_trash_the_other_posts":false,"ep_exclude_from_search":false,"iawp_total_views":4720,"editor_notices":[]},"product_brand":[],"product_cat":[417,520,519,246,734,517,518,516,521],"product_tag":[],"class_list":{"0":"post-11793","1":"product","2":"type-product","3":"status-publish","4":"has-post-thumbnail","6":"product_cat-staketenzaun-aus-robinie","7":"product_cat-gefluegelzaun","8":"product_cat-hasenzaun","9":"product_cat-kastanienzaun-naturzaun","10":"product_cat-120-cm-holzzaun","11":"product_cat-huenerzaun","12":"product_cat-hundezaun","13":"product_cat-schafzaun","14":"product_cat-wildzaun","16":"first","17":"instock","18":"shipping-taxable","19":"purchasable","20":"product-type-variable","21":"has-default-attributes"},"composite_virtual":false,"composite_layout":"","composite_add_to_cart_form_location":"","composite_editable_in_cart":false,"composite_sold_individually_context":"","composite_shop_price_calc":"","composite_components":[],"composite_scenarios":[],"acf":[],"_links":{"self":[{"href":"https:\/\/adequat.eu\/de\/wp-json\/wp\/v2\/product\/11793","targetHints":{"allow":["GET"]}}],"collection":[{"href":"https:\/\/adequat.eu\/de\/wp-json\/wp\/v2\/product"}],"about":[{"href":"https:\/\/adequat.eu\/de\/wp-json\/wp\/v2\/types\/product"}],"replies":[{"embeddable":true,"href":"https:\/\/adequat.eu\/de\/wp-json\/wp\/v2\/comments?post=11793"}],"wp:featuredmedia":[{"embeddable":true,"href":"https:\/\/adequat.eu\/de\/wp-json\/wp\/v2\/media\/11769"}],"wp:attachment":[{"href":"https:\/\/adequat.eu\/de\/wp-json\/wp\/v2\/media?parent=11793"}],"wp:term":[{"taxonomy":"product_brand","embeddable":true,"href":"https:\/\/adequat.eu\/de\/wp-json\/wp\/v2\/product_brand?post=11793"},{"taxonomy":"product_cat","embeddable":true,"href":"https:\/\/adequat.eu\/de\/wp-json\/wp\/v2\/product_cat?post=11793"},{"taxonomy":"product_tag","embeddable":true,"href":"https:\/\/adequat.eu\/de\/wp-json\/wp\/v2\/product_tag?post=11793"}],"curies":[{"name":"wp","href":"https:\/\/api.w.org\/{rel}","templated":true}]}}