{"id":15884,"date":"2022-03-10T17:54:37","date_gmt":"2022-03-10T16:54:37","guid":{"rendered":"https:\/\/adequat.eu\/de\/?post_type=product&#038;p=15884"},"modified":"2025-11-20T12:00:25","modified_gmt":"2025-11-20T11:00:25","slug":"gartentor-einfahrtstor-eiche","status":"publish","type":"product","link":"https:\/\/adequat.eu\/de\/produkt\/holztore\/tor-eiche-einzeln\/","title":{"rendered":"Tor Eiche einzeln (optional mit Schloss)"},"content":{"rendered":"<ul>\n<li><strong>Ein elegantes, solides und langlebiges Holztor aus <a href=\"https:\/\/adequat.eu\/de\/produkte\/holztore\/eiche\/\">Eiche<\/a>. <\/strong><\/li>\n<li><strong>Beliebt als Gartentor und Hoftor. <\/strong><\/li>\n<li><strong>Auch als <a href=\"https:\/\/adequat.eu\/de\/produkt\/holztore\/tor-eiche-doppelt\/\">Doppeltor<\/a> erh\u00e4ltlich.<\/strong><\/li>\n<\/ul>\n<p>Mit diesem Holztor aus Eiche sch\u00fctzen Sie Ihr Grundst\u00fcck stilvoll, sicher, langfristig und nachhaltig. Das Tor ist aus massivem Eichenholz aus europ\u00e4ischen W\u00e4ldern gefertigt und hat eine <strong>Standardh\u00f6he von 120 cm.<\/strong><\/p>\n<p>Die angegebenen Breitenma\u00dfe beziehen sich auf das Tor selbst (ohne Torpfosten). Bitte achten Sie darauf, bei der Gesamtbreite auch die Torpfosten (2 x 15 cm) und den Platz zwischen dem Tor und den beiden Pfosten (insg. 2 x 2 cm) mit einzuberechnen. <strong>Die Gesamtbreite ist also: Torfl\u00fcgel + 34 cm.<\/strong><\/p>\n<h2>Edelstahl-Schloss und T\u00fcrgriff<\/h2>\n<p>Dieses Tor wird ohne Edelstahl-Schloss und ohne Edelstahl-T\u00fcrgriff geliefert. Wenn Sie sich f\u00fcr das\u00a0<strong>optionale Edelstahl-Set<\/strong>\u00a0entscheiden, wird dieses in unserer Werkstatt f\u00fcr Sie vormontiert. Bitte beachten Sie, dass das Schloss ohne Zylinder geliefert wird.<\/p>\n<h2>Ein- oder zweifl\u00fcgeliges Tor<\/h2>\n<p>Dieses Tor ist in verschiedenen Breitenma\u00dfen erh\u00e4ltlich und neben der Ausf\u00fchrung als <a href=\"https:\/\/adequat.eu\/de\/produkt\/holztore\/tor-eiche-doppelt\/\"><strong>Doppeltor<\/strong><\/a> auch als\u00a0einfl\u00fcgeliges Tor\u00a0lieferbar. Sie k\u00f6nnen selbst entscheiden, wie breit Ihr Tor sein soll. Breiter als 240 cm pro Torfl\u00fcgel fertigen wir dieses Tor jedoch nicht, da die Spannweite dann zu gro\u00df wird. Bei einer gro\u00dfen Spannweite besteht die Gefahr, dass das Tor durchh\u00e4ngen kann.<\/p>\n<h2>Gleiche oder ungleiche Torfl\u00fcgel<\/h2>\n<p>Sie k\u00f6nnen ein Tor mit zwei gleich gro\u00dfen Fl\u00fcgeln oder mit zwei ungleich gro\u00dfen Fl\u00fcgeln w\u00e4hlen. Zum Beispiel k\u00f6nnte ein schmalerer Fl\u00fcgel als Fu\u00dfg\u00e4ngerdurchgang f\u00fcr den t\u00e4glichen Gebrauch dienen und ein breiterer Fl\u00fcgel f\u00fcr die Zufahrt mit gr\u00f6\u00dferen Fahrzeugen.<\/p>\n<h2>Beschl\u00e4ge und Scharniere<\/h2>\n<p>Dieses Tor wird<strong>\u00a0inklusive stabiler, verzinkter Beschl\u00e4ge und Scharniere<\/strong>\u00a0geliefert. Die Beschl\u00e4ge dienen als wesentlicher Bestandteil f\u00fcr die Stabilit\u00e4t des Tors und k\u00f6nnen (anders als bei anderen Toren) nicht weggelassen werden. Sie brauchen sich also keine Gedanken mehr um das passende Zubeh\u00f6r zu machen.<\/p>\n<h2>Torautomatisierung<\/h2>\n<p>M\u00f6chten Sie ein Tor, das sich auf Knopfdruck automatisch \u00f6ffnen und schlie\u00dfen l\u00e4sst?<\/p>\n<p>Dieses Tor <strong>eignet sich standardm\u00e4\u00dfig<\/strong> f\u00fcr eine Tor-Automatisierung. Wenn Sie das Tor automatisieren m\u00f6chten, w\u00e4hlen Sie bitte die Option &#8222;<strong>Ohne Edelstahl-Schloss und T\u00fcrgriff<\/strong>&#8220; oben aus.<\/p>\n<p>Wenn Sie eine Torautoatisierung anbringen m\u00f6chten, w\u00e4hlen Sie unbedingt die quadratischen Pfosten mit Diamantkopf in der Gr\u00f6\u00dfe 20 x 20 cm aus. Nur bei dieser Breite kann ein Drehtorantrieb angebracht werden!<\/p>\n<h2>Torpfosten<\/h2>\n<p>Torpfosten sind\u00a0<strong>nicht standardm\u00e4\u00dfig enthalten<\/strong>, k\u00f6nnen jedoch optional dazu bestellt werden. Sie haben die Wahl zwischen Pfosten in den Gr\u00f6\u00dfen 15 x 15 cm oder 20 x 20 cm, jeweils in einer L\u00e4nge von 210 cm oder 280 cm. Sind Sie sich unsicher, welche Pfosten Sie w\u00e4hlen sollen? Kontaktieren Sie uns! Wir helfen Ihnen gern weiter.<\/p>\n<p>Wenn Sie ein hochwertiges Tor mit mehreren Optionen zusammenstellen, empfehlen wir, die gr\u00f6\u00dferen Pfosten von 20 x 20 cm zu w\u00e4hlen. Diese verbessern nicht nur die Stabilit\u00e4t, sondern auch die Langlebigkeit. Aus Erfahrung wissen wir: Je robuster die Torpfosten, desto l\u00e4nger haben Sie Freude an Ihrem Tor und Zaun.<\/p>\n<h2>Ma\u00dfanfertigung<\/h2>\n<p>Gern passen wir dieses Tor nach Ihren W\u00fcnschen an. Wir k\u00f6nnen ein h\u00f6heres Tor anfertigen oder es mit zus\u00e4tzlichen Querlatten versehen. Vielleicht bevorzugen Sie auch eine andere Holzart als Eiche? Beispielsweise Douglasie? Wir erstellen Ihnen gerne ein\u00a0<strong><a href=\"https:\/\/adequat.eu\/de\/angebot\/formular\/\">Angebot<\/a><\/strong>\u00a0f\u00fcr ein Holztor ganz nach Ihren W\u00fcnschen.<\/p>\n<h2>Bodenblock<\/h2>\n<p>Speziell f\u00fcr dieses doppelf\u00fcgige Tor bieten wir einen passenden Bodenblock an, durch den Sie das Tor mit einer Bodenverriegelung zus\u00e4tzlich sichern k\u00f6nnen. Der Bodenblock sorgt f\u00fcr ideale Unterst\u00fctzung und verhindert ein Durchh\u00e4ngen des Tors.<\/p>\n<h2>Anleitung: Holztor aufbauen<\/h2>\n<p>In folgendem Video zeigen wir Ihnen, wie Sie eines unserer englischen Holztore montieren. Folgen Sie den Schritten im Video, um die Torpfosten zu setzen und mit Beton auszurichten. (Der Aufbau unserer Doppelfl\u00fcgeltore aus Eiche ist noch einfacher, weil wir die Beschl\u00e4ge bereits vormontieren.) Wenn die Pfosten stehen, befestigen Sie die Tore einfach an den Pfosten.<\/p>\n<p><div class=\"embed-responsive embed-responsive-16by9\"><iframe loading=\"lazy\" title=\"Holztor aufbauen &amp; aufstellen\" width=\"500\" height=\"281\" src=\"https:\/\/www.youtube.com\/embed\/op89skYoQds?feature=oembed&#038;enablejsapi=1&#038;origin=https:\/\/adequat.eu\" frameborder=\"0\" allow=\"accelerometer; autoplay; clipboard-write; encrypted-media; gyroscope; picture-in-picture; web-share\" referrerpolicy=\"strict-origin-when-cross-origin\" allowfullscreen><\/iframe><\/div><\/p>\n<p>&nbsp;<\/p>\n<h2>Fragen &amp; Beratung<\/h2>\n<p>Wenn Sie Fragen haben oder Hilfe ben\u00f6tigen, kontaktieren Sie uns gern.<\/p>\n<p><strong><em>Ihr Ad\u00e9quat Team\u00a0<\/em><\/strong><\/p>\n<p><strong><a href=\"https:\/\/adequat.eu\/de\/produkt\/holztore\/tor-eiche-einzeln\/\">\u2192 Mehr Eichentore entdecken<\/a><\/strong><\/p>\n<p><strong><a href=\"https:\/\/adequat.eu\/de\/produkte\/holztore\/\">\u2192 Alle Holztore\u00a0<\/a><\/strong><\/p>\n","protected":false},"excerpt":{"rendered":"<p>Ein elegantes, solides und langlebiges Holztor aus Eiche. Beliebt als Gartentor und Hoftor. Auch als Doppeltor erh\u00e4ltlich. Mit diesem Holztor aus Eiche sch\u00fctzen Sie Ihr&#8230;<\/p>\n","protected":false},"featured_media":30887,"comment_status":"closed","ping_status":"closed","template":"","meta":{"_acf_changed":false,"inline_featured_image":false,"_trash_the_other_posts":false,"ep_exclude_from_search":false,"iawp_total_views":669,"editor_notices":[]},"product_brand":[],"product_cat":[429,254,630,626,261,632,640,643,645,647,648,653,654,636],"product_tag":[],"class_list":{"0":"post-15884","1":"product","2":"type-product","3":"status-publish","4":"has-post-thumbnail","6":"product_cat-eiche","7":"product_cat-einfahrtstore","8":"product_cat-einzeltor","9":"product_cat-gartentore","10":"product_cat-holztore","11":"product_cat-modern","12":"product_cat-120-cm","13":"product_cat-150-cm","14":"product_cat-180-cm","15":"product_cat-210-cm","16":"product_cat-240-cm","17":"product_cat-antrieb","18":"product_cat-schloss","19":"product_cat-nach-mass","21":"first","22":"instock","23":"shipping-taxable","24":"purchasable","25":"product-type-composite"},"composite_virtual":false,"composite_layout":"single","composite_add_to_cart_form_location":"default","composite_editable_in_cart":false,"composite_sold_individually_context":"product","composite_shop_price_calc":"defaults","composite_components":[{"id":"1731595109","title":"Torfl\u00fcgel","description":"","query_type":"product_ids","query_ids":[33004],"default_option_id":33004,"thumbnail_id":"","thumbnail_src":"","quantity_min":1,"quantity_max":1,"priced_individually":true,"shipped_individually":false,"optional":false,"discount":"","options_style":"dropdowns","pagination_style":"classic","display_prices":"absolute","show_sorting_options":false,"show_filtering_options":false,"attribute_filter_ids":[],"select_action":"view","product_title_visible":false,"product_descr_visible":false,"product_price_visible":true,"product_thumb_visible":false,"subtotal_visible_product":false,"subtotal_visible_cart":false,"subtotal_visible_orders":false},{"id":"1731595110","title":"Edelstahl-Schloss und T\u00fcrgriff","description":"","query_type":"product_ids","query_ids":[33001],"default_option_id":33001,"thumbnail_id":"","thumbnail_src":"","quantity_min":1,"quantity_max":1,"priced_individually":true,"shipped_individually":false,"optional":true,"discount":"","options_style":"radios","pagination_style":"classic","display_prices":"absolute","show_sorting_options":false,"show_filtering_options":false,"attribute_filter_ids":[],"select_action":"view","product_title_visible":false,"product_descr_visible":false,"product_price_visible":true,"product_thumb_visible":false,"subtotal_visible_product":false,"subtotal_visible_cart":false,"subtotal_visible_orders":false},{"id":"1731595111","title":"Torpfosten","description":"","query_type":"product_ids","query_ids":[9360],"default_option_id":9360,"thumbnail_id":"","thumbnail_src":"","quantity_min":2,"quantity_max":2,"priced_individually":true,"shipped_individually":false,"optional":true,"discount":"","options_style":"radios","pagination_style":"classic","display_prices":"absolute","show_sorting_options":false,"show_filtering_options":false,"attribute_filter_ids":[],"select_action":"view","product_title_visible":false,"product_descr_visible":false,"product_price_visible":true,"product_thumb_visible":false,"subtotal_visible_product":false,"subtotal_visible_cart":false,"subtotal_visible_orders":false}],"composite_scenarios":[],"acf":[],"_links":{"self":[{"href":"https:\/\/adequat.eu\/de\/wp-json\/wp\/v2\/product\/15884","targetHints":{"allow":["GET"]}}],"collection":[{"href":"https:\/\/adequat.eu\/de\/wp-json\/wp\/v2\/product"}],"about":[{"href":"https:\/\/adequat.eu\/de\/wp-json\/wp\/v2\/types\/product"}],"replies":[{"embeddable":true,"href":"https:\/\/adequat.eu\/de\/wp-json\/wp\/v2\/comments?post=15884"}],"wp:featuredmedia":[{"embeddable":true,"href":"https:\/\/adequat.eu\/de\/wp-json\/wp\/v2\/media\/30887"}],"wp:attachment":[{"href":"https:\/\/adequat.eu\/de\/wp-json\/wp\/v2\/media?parent=15884"}],"wp:term":[{"taxonomy":"product_brand","embeddable":true,"href":"https:\/\/adequat.eu\/de\/wp-json\/wp\/v2\/product_brand?post=15884"},{"taxonomy":"product_cat","embeddable":true,"href":"https:\/\/adequat.eu\/de\/wp-json\/wp\/v2\/product_cat?post=15884"},{"taxonomy":"product_tag","embeddable":true,"href":"https:\/\/adequat.eu\/de\/wp-json\/wp\/v2\/product_tag?post=15884"}],"curies":[{"name":"wp","href":"https:\/\/api.w.org\/{rel}","templated":true}]}}