{"id":19247,"date":"2022-12-16T13:21:15","date_gmt":"2022-12-16T12:21:15","guid":{"rendered":"https:\/\/adequat.eu\/de\/?post_type=product&#038;p=19247"},"modified":"2026-04-10T15:54:17","modified_gmt":"2026-04-10T13:54:17","slug":"wegeleuchte-holz-billy","status":"publish","type":"product","link":"https:\/\/adequat.eu\/de\/produkt\/aussenleuchte-holz\/wegeleuchte-holz-billy-kastanie-rund\/","title":{"rendered":"Wegeleuchte Holz Billy Kastanie rund"},"content":{"rendered":"<h2><span style=\"font-weight: 400\">Wegeleuchte Holz aus Edelkastanie<\/span><\/h2>\n<p><span style=\"font-weight: 400\">Die Wegeleuchte \u2018Billy\u2019 bringt eine stilvolle, romantische Atmosph\u00e4re in Ihren Garten. Auf ganz nat\u00fcrliche Weise beleuchtet die Gartenleuchte Teile Ihres Gartens, die es verdient werden, gesehen zu werden.\u00a0<\/span><\/p>\n<p><span style=\"font-weight: 400\">Wir haben \u2018Billy\u2019 als Wegeleuchte entworfen, d.h. eine Lampe aus Holz, die entlang eines Weges aufgestellt wird, um den Weg zu beleuchten. Das kann ein Weg im Garten sein, aber auch der Weg zur Haust\u00fcr. Auch an anderen Stellen im Garten kann die Gartenleuchte \u2018Billy\u2019 eingesetzt werden, um abends eine gem\u00fctliche Atmosph\u00e4re zu schaffen: Beispielsweise entlang von Blumenbeeten, an der Terrasse, entlang der Hecke usw.\u00a0<\/span><\/p>\n<p>Diese Gartenleuchte Billy wird aus Edelkastanie gefertigt. Die gleiche Leuchte ist auch aus Robinie erh\u00e4ltlich, siehe hier: <strong><a href=\"https:\/\/adequat.eu\/de\/produkt\/aussenleuchte-holz\/wegeleuchte-holz-billy-robinie-rund\/\">Wegeleuchte Billy aus Robinie<\/a><\/strong>.<\/p>\n<p>Neben dieser Ausf\u00fchrung bieten wir die Wegeleuchte aus Holz in zwei weiteren Stilrichtungen an:<\/p>\n<ul>\n<li><strong><a href=\"https:\/\/adequat.eu\/de\/produkt\/aussenleuchte-holz\/wegeleuchte-holz-bella-kastanie-abgerundet\/\">Bella<\/a><\/strong>\u00a0in traditioneller Balkenform: rustikal, urspr\u00fcnglich<\/li>\n<li><a href=\"https:\/\/adequat.eu\/de\/produkt\/aussenleuchte-holz\/wegeleuchte-holz-bobby-kastanie-kantig\/\"><strong>Bobby<\/strong><\/a>\u00a0in kantiger Form: geradlinig, kubistisch<\/li>\n<\/ul>\n<p>Wir bieten diese Garten leuchten auch als smarte Leuchten mit Steuerung per App an (mit in-lite Leuchte FLUX).<\/p>\n<h3>Nachhaltige Wegeleuchte aus Holz:<\/h3>\n<p><span style=\"font-weight: 400\">Diese Wegeleuchte ist in einen Holzpfosten aus Edelkastanie integriert. Dabei handelt es sich um eine sehr nachhaltige, schnell nachwachsende und langlebige Holzart, die aus nachhaltiger Forstwirtschaft in Westeuropa gewonnen wird.\u00a0<\/span><\/p>\n<p><span style=\"font-weight: 400\">Neben der Holzart weist die Wegeleuchte viele weitere nachhaltige Aspekte auf. Wir haben viel Liebe, Zeit und M\u00fche in die Entwicklung dieser Wegeleuchte gesteckt, um alle Bereiche abzudecken.\u00a0<\/span><\/p>\n<h5><strong>Spezifikationen:<\/strong><\/h5>\n<ul>\n<li style=\"font-weight: 400\"><span style=\"font-weight: 400\">Der Pfosten f\u00fcr diese Wegeleuchte hat einen Durchmesser von 16-22 cm und eine L\u00e4nge von 150 cm. Ungef\u00e4hr 60-70 cm des Pfahls befindet sich unter\u00a0 der Erdoberfl\u00e4che verschwinden, die tats\u00e4chliche H\u00f6he ist daher 80-90 cm.\u00a0<\/span><\/li>\n<li>Erh\u00e4ltlich als 12 Volt oder 230 Volt Ausf\u00fchrung.<\/li>\n<li style=\"font-weight: 400\"><span style=\"font-weight: 400\">Die Wegeleuchte gibt ein warmes, wei\u00dfes Licht (3000 K).<\/span><\/li>\n<li style=\"font-weight: 400\"><span style=\"font-weight: 400\">Verbrauch: 2 Watt\u00a0\u00a0<\/span><\/li>\n<li style=\"font-weight: 400\"><span style=\"font-weight: 400\">Hinten am Pfahl befindet sich ein Anschluss, der unauff\u00e4llig hinter einer Klappe verschwindet. Der Deckel ist mit 4 Edelstahlschrauben fixiert.\u00a0<\/span><\/li>\n<li style=\"font-weight: 400\"><span style=\"font-weight: 400\">Die Verbindungen innerhalb des Pfahls zum Treiber sind mit wasserdichten Steckern versehen.\u00a0<\/span><\/li>\n<li style=\"font-weight: 400\"><span style=\"font-weight: 400\">Die LED-Leuchte ist mit 2 Edelstahlschrauben befestigt.\u00a0<\/span><\/li>\n<li style=\"font-weight: 400\"><span style=\"font-weight: 400\">Das LED-Leuchtmittel hat eine IP67 Kodierung und ist sehr gut gegen Feuchtigkeit gesch\u00fctzt.\u00a0\u00a0<\/span><\/li>\n<li style=\"font-weight: 400\"><span style=\"font-weight: 400\">Der Treiber hat eine IP54 Kodierung und ist gut gegen Feuchtigkeit gesch\u00fctzt.\u00a0<\/span><\/li>\n<li style=\"font-weight: 400\"><span style=\"font-weight: 400\">Der Pfahl wird mit einer Gel-Verbindung f\u00fcr den Treiber geliefert.<\/span><\/li>\n<li style=\"font-weight: 400\"><span style=\"font-weight: 400\">Der Durchmesser der Pfahl-Durchbohrung betr\u00e4gt 42 mm.\u00a0<\/span><\/li>\n<\/ul>\n<h5><strong>12 Volt oder 230 Volt?<\/strong><\/h5>\n<p>Volt ist eine Einheit der elektrischen Spannung. Diese Gartenleuchte ist in 12 Volt und in 230 Volt erh\u00e4ltlich. Sie k\u00f6nnen selbst entscheiden, welches Option Sie f\u00fcr Ihre Gartenbeleuchtung w\u00e4hlen m\u00f6chten.<\/p>\n<ul>\n<li><strong>12 V Niedervolt Gartenbeleuchtung: <\/strong>12 Volt ist eine relativ niedrige Spannung, die sehr sicher ist und zudem einfach als DIY zu installieren ist. Um in Ihrem Zuhause eine 12-Volt-Beleuchtung anschlie\u00dfen, ben\u00f6tigen Sie einen Transformator (Trafo), der die Spannung von 230V auf 12V umwandelt. In den meisten privaten G\u00e4rten ist 12V Niedervolt heute Standard.<\/li>\n<li><strong>230 V Hochvolt Gartenbeleuchtung:<\/strong> 230 Volt ist eine leistungsstarke, hohe Spannung. Wenn Sie sehr gro\u00dfe Fl\u00e4chen mit viel Licht versorgen m\u00f6chten, lohnt sich die 230 V Gartenbeleuchtung, da auch lange Kabelwege problemlos m\u00f6glich sind. Die Kabel m\u00fcssen fest verlegt und gesch\u00fctzt sein und mind. 60 cm tief im Boden eingegraben werden. Die Installation muss von einem <strong>Elektriker<\/strong> durchgef\u00fchrt werden. Die 230-Volt-Beleuchtung kann direkt (ohne Transformator) an Ihr Stromnetz zuhause angeschlossen werden.<\/li>\n<\/ul>\n<h5><strong>Noch Fragen?<\/strong><\/h5>\n<p>Kontaktieren Sie uns, wir helfen Ihnen gern!<\/p>\n<p>Finden Sie das Konzept unserer Wegeleuchte gut, aber w\u00fcnschen sich eine etwas andere Ausf\u00fchrung? Oder haben Sie ein komplett anderes Design f\u00fcr eine Holzleuchte im Kopf und w\u00fcnschen sich Unterst\u00fctzung bei der Umsetzung? Unser Team von Produktspezialisten mit dem Werkstoff Holz hilft Ihnen gern. Kontaktieren Sie uns einfach und unverbindlich, telefonisch oder per E-Mail.<\/p>\n","protected":false},"excerpt":{"rendered":"<p>Wegeleuchte Holz aus Edelkastanie Die Wegeleuchte \u2018Billy\u2019 bringt eine stilvolle, romantische Atmosph\u00e4re in Ihren Garten. Auf ganz nat\u00fcrliche Weise beleuchtet die Gartenleuchte Teile Ihres Gartens,&#8230;<\/p>\n","protected":false},"featured_media":20922,"comment_status":"closed","ping_status":"closed","template":"","meta":{"_acf_changed":false,"inline_featured_image":false,"_trash_the_other_posts":false,"ep_exclude_from_search":false,"iawp_total_views":1184,"editor_notices":[]},"product_brand":[],"product_cat":[452,676],"product_tag":[],"class_list":{"0":"post-19247","1":"product","2":"type-product","3":"status-publish","4":"has-post-thumbnail","6":"product_cat-aussenleuchte-holz","7":"product_cat-wegeleuchten","9":"first","10":"instock","11":"shipping-taxable","12":"purchasable","13":"product-type-variable","14":"has-default-attributes"},"composite_virtual":false,"composite_layout":"","composite_add_to_cart_form_location":"","composite_editable_in_cart":false,"composite_sold_individually_context":"","composite_shop_price_calc":"","composite_components":[],"composite_scenarios":[],"acf":[],"_links":{"self":[{"href":"https:\/\/adequat.eu\/de\/wp-json\/wp\/v2\/product\/19247","targetHints":{"allow":["GET"]}}],"collection":[{"href":"https:\/\/adequat.eu\/de\/wp-json\/wp\/v2\/product"}],"about":[{"href":"https:\/\/adequat.eu\/de\/wp-json\/wp\/v2\/types\/product"}],"replies":[{"embeddable":true,"href":"https:\/\/adequat.eu\/de\/wp-json\/wp\/v2\/comments?post=19247"}],"wp:featuredmedia":[{"embeddable":true,"href":"https:\/\/adequat.eu\/de\/wp-json\/wp\/v2\/media\/20922"}],"wp:attachment":[{"href":"https:\/\/adequat.eu\/de\/wp-json\/wp\/v2\/media?parent=19247"}],"wp:term":[{"taxonomy":"product_brand","embeddable":true,"href":"https:\/\/adequat.eu\/de\/wp-json\/wp\/v2\/product_brand?post=19247"},{"taxonomy":"product_cat","embeddable":true,"href":"https:\/\/adequat.eu\/de\/wp-json\/wp\/v2\/product_cat?post=19247"},{"taxonomy":"product_tag","embeddable":true,"href":"https:\/\/adequat.eu\/de\/wp-json\/wp\/v2\/product_tag?post=19247"}],"curies":[{"name":"wp","href":"https:\/\/api.w.org\/{rel}","templated":true}]}}