{"id":20302,"date":"2022-11-22T16:58:55","date_gmt":"2022-11-22T15:58:55","guid":{"rendered":"https:\/\/adequat.eu\/de\/?post_type=product&#038;p=20302"},"modified":"2026-04-02T09:52:11","modified_gmt":"2026-04-02T07:52:11","slug":"eckpfosten-kastanie-system-1-rund","status":"publish","type":"product","link":"https:\/\/adequat.eu\/de\/produkt\/kastanienzaun-naturzaun\/post-and-rail-fencing-fence-weidezaun-holz\/eckpfosten-kastanie-system-1-rund\/","title":{"rendered":"Eckpfosten Kastanie System 1 \u2013 Rund"},"content":{"rendered":"<h2>Eckpfosten f\u00fcr Post &amp; Rail Zaun<\/h2>\n<h5>Runder Pfosten f\u00fcr die Ecken des Zauns, Edelkastanie<br \/>\nSystem 1 (eine Querlatte)<\/h5>\n<p>Dieser Endpfosten in <strong>runder Form<\/strong> besteht aus <strong>Kastanienholz (Edelkastanie)<\/strong> und ist ca. 120\u202fcm lang. Beim Einsetzen des Pfostens werden etwa 40-50\u202fcm im Boden versenkt, sodass eine effektive <strong>Zaunh\u00f6he von 70-80 cm<\/strong> bleibt.<\/p>\n<p>Der Kastanienpfosten ist Teil unseres Post-&amp;-Rail-Zaunsystems.<\/p>\n<p>Dieser runde Eckpfosten ist f\u00fcr das <strong>System 1<\/strong> ausgelegt, also mit L\u00f6chern f\u00fcr eine Querlatte versehen. Diese H\u00f6he mit einer Querlatte wird h\u00e4ufig zur Einfassung von Beeten, zur Abgrenzung autofreier Bereiche oder als Fahrradabstellplatz verwendet wird.<\/p>\n<p>Holzart: Kastanienholz (Edelkastanie) ist eine <strong>robuste, witterungsfeste Holzart<\/strong> und erfordert keinerlei Pflege. Diese Holzart geh\u00f6rt zur <a href=\"https:\/\/adequat.eu\/de\/aktuell\/dauerhaftigkeitsklasse-holzarten\/\"><strong>Dauerhaftigkeitsklasse 2<\/strong><\/a>. Durch die im Holz vorhandene Gerbs\u00e4ure ist das Holz vor Witterungseinfl\u00fcssen und Sch\u00e4dlingsbefall gesch\u00fctzt.<\/p>\n<p>Auf Wunsch sind diese Pfosten auch aus Robinienholz erh\u00e4ltlich.<\/p>\n<h3>Wie viele Eckpfosten ben\u00f6tige ich?<\/h3>\n<p>Wenn Sie wissen m\u00f6chten, wie viele Pfosten und Latten Sie f\u00fcr Ihren Zaun ben\u00f6tigen, nutzen Sie unseren praktischen <a href=\"https:\/\/adequat.eu\/de\/zaunkonfigurator-zaun-berechnen\/post-rail-zaun\/\"><strong>Post &amp; Rail Zaun-Konfigurator.<\/strong><\/a> Dieser berechnet schnell f\u00fcr Sie, welche Materialien Sie f\u00fcr Ihren Zaun ben\u00f6tigen.<\/p>\n<p>Selbstverst\u00e4ndlich k\u00f6nnen Sie auch ein individuelles <strong><a href=\"https:\/\/adequat.eu\/de\/angebot\/formular\/\">Angebot<\/a><\/strong> bei uns anfordern. Wir beraten Sie gern.<\/p>\n","protected":false},"excerpt":{"rendered":"<p>Eckpfosten f\u00fcr Post &amp; Rail Zaun Runder Pfosten f\u00fcr die Ecken des Zauns, Edelkastanie System 1 (eine Querlatte) Dieser Endpfosten in runder Form besteht aus&#8230;<\/p>\n","protected":false},"featured_media":20516,"comment_status":"closed","ping_status":"closed","template":"","meta":{"_acf_changed":false,"inline_featured_image":false,"_trash_the_other_posts":false,"ep_exclude_from_search":false,"iawp_total_views":18,"editor_notices":[]},"product_brand":[],"product_cat":[247,522,523,730],"product_tag":[],"class_list":{"0":"post-20302","1":"product","2":"type-product","3":"status-publish","4":"has-post-thumbnail","6":"product_cat-post-and-rail-fencing-fence-weidezaun-holz","7":"product_cat-alpakazaun","8":"product_cat-pferdezaun","9":"product_cat-kastanie-post-rail","11":"first","12":"instock","13":"shipping-taxable","14":"purchasable","15":"product-type-simple"},"composite_virtual":false,"composite_layout":"","composite_add_to_cart_form_location":"","composite_editable_in_cart":false,"composite_sold_individually_context":"","composite_shop_price_calc":"","composite_components":[],"composite_scenarios":[],"acf":[],"_links":{"self":[{"href":"https:\/\/adequat.eu\/de\/wp-json\/wp\/v2\/product\/20302","targetHints":{"allow":["GET"]}}],"collection":[{"href":"https:\/\/adequat.eu\/de\/wp-json\/wp\/v2\/product"}],"about":[{"href":"https:\/\/adequat.eu\/de\/wp-json\/wp\/v2\/types\/product"}],"replies":[{"embeddable":true,"href":"https:\/\/adequat.eu\/de\/wp-json\/wp\/v2\/comments?post=20302"}],"wp:featuredmedia":[{"embeddable":true,"href":"https:\/\/adequat.eu\/de\/wp-json\/wp\/v2\/media\/20516"}],"wp:attachment":[{"href":"https:\/\/adequat.eu\/de\/wp-json\/wp\/v2\/media?parent=20302"}],"wp:term":[{"taxonomy":"product_brand","embeddable":true,"href":"https:\/\/adequat.eu\/de\/wp-json\/wp\/v2\/product_brand?post=20302"},{"taxonomy":"product_cat","embeddable":true,"href":"https:\/\/adequat.eu\/de\/wp-json\/wp\/v2\/product_cat?post=20302"},{"taxonomy":"product_tag","embeddable":true,"href":"https:\/\/adequat.eu\/de\/wp-json\/wp\/v2\/product_tag?post=20302"}],"curies":[{"name":"wp","href":"https:\/\/api.w.org\/{rel}","templated":true}]}}