{"id":20303,"date":"2022-11-22T17:32:37","date_gmt":"2022-11-22T16:32:37","guid":{"rendered":"https:\/\/adequat.eu\/de\/?post_type=product&#038;p=20303"},"modified":"2026-03-05T14:29:10","modified_gmt":"2026-03-05T13:29:10","slug":"doppeltorueberwurf-ueberwurf-doppeltor","status":"publish","type":"product","link":"https:\/\/adequat.eu\/de\/produkt\/holzprodukte-2\/scharniere-und-schliesswerk\/doppeltorueberwurf-ueberwurf-doppeltor\/","title":{"rendered":"Doppeltor\u00fcberwurf &#8211; \u00dcberwurfriegel f. Doppeltore (optional abschlie\u00dfbar)"},"content":{"rendered":"<p><strong>\u00dcberwurfriegel f\u00fcr Doppeltore.<\/strong><\/p>\n<p>Mit diesem Torverschluss verriegeln Sie ein Doppeltor an der Innenseite.<\/p>\n<p><strong>Optional abschlie\u00dfbar:<\/strong> Sie k\u00f6nnen diesen Doppeltor\u00fcberwurf zus\u00e4tzlich mit einem <strong>Vorh\u00e4ngeschloss<\/strong> versehen (nicht im Lieferumfang inbegriffen).<\/p>\n<p>Dieser hochwertige Doppeltor\u00fcberwurf ist feuerverzinkt und sehr langlebig.<\/p>\n","protected":false},"excerpt":{"rendered":"<p>\u00dcberwurfriegel f\u00fcr Doppeltore. Mit diesem Torverschluss verriegeln Sie ein Doppeltor an der Innenseite. Optional abschlie\u00dfbar: Sie k\u00f6nnen diesen Doppeltor\u00fcberwurf zus\u00e4tzlich mit einem Vorh\u00e4ngeschloss versehen (nicht&#8230;<\/p>\n","protected":false},"featured_media":20523,"comment_status":"closed","ping_status":"closed","template":"","meta":{"_acf_changed":false,"inline_featured_image":false,"_trash_the_other_posts":false,"ep_exclude_from_search":false,"iawp_total_views":74,"editor_notices":[]},"product_brand":[],"product_cat":[264],"product_tag":[],"class_list":{"0":"post-20303","1":"product","2":"type-product","3":"status-publish","4":"has-post-thumbnail","6":"product_cat-scharniere-und-schliesswerk","8":"first","9":"instock","10":"shipping-taxable","11":"purchasable","12":"product-type-simple"},"composite_virtual":false,"composite_layout":"","composite_add_to_cart_form_location":"","composite_editable_in_cart":false,"composite_sold_individually_context":"","composite_shop_price_calc":"","composite_components":[],"composite_scenarios":[],"acf":[],"_links":{"self":[{"href":"https:\/\/adequat.eu\/de\/wp-json\/wp\/v2\/product\/20303","targetHints":{"allow":["GET"]}}],"collection":[{"href":"https:\/\/adequat.eu\/de\/wp-json\/wp\/v2\/product"}],"about":[{"href":"https:\/\/adequat.eu\/de\/wp-json\/wp\/v2\/types\/product"}],"replies":[{"embeddable":true,"href":"https:\/\/adequat.eu\/de\/wp-json\/wp\/v2\/comments?post=20303"}],"wp:featuredmedia":[{"embeddable":true,"href":"https:\/\/adequat.eu\/de\/wp-json\/wp\/v2\/media\/20523"}],"wp:attachment":[{"href":"https:\/\/adequat.eu\/de\/wp-json\/wp\/v2\/media?parent=20303"}],"wp:term":[{"taxonomy":"product_brand","embeddable":true,"href":"https:\/\/adequat.eu\/de\/wp-json\/wp\/v2\/product_brand?post=20303"},{"taxonomy":"product_cat","embeddable":true,"href":"https:\/\/adequat.eu\/de\/wp-json\/wp\/v2\/product_cat?post=20303"},{"taxonomy":"product_tag","embeddable":true,"href":"https:\/\/adequat.eu\/de\/wp-json\/wp\/v2\/product_tag?post=20303"}],"curies":[{"name":"wp","href":"https:\/\/api.w.org\/{rel}","templated":true}]}}