{"id":20359,"date":"2022-11-22T15:54:28","date_gmt":"2022-11-22T14:54:28","guid":{"rendered":"https:\/\/adequat.eu\/de\/?post_type=product&#038;p=20359"},"modified":"2025-11-28T14:53:28","modified_gmt":"2025-11-28T13:53:28","slug":"gespaltene-pfaehle","status":"publish","type":"product","link":"https:\/\/adequat.eu\/de\/produkt\/holzpfaehle-holzpfosten\/kastanienpfaehle-kastanienpfosten\/gespaltene-pfaehle\/","title":{"rendered":"Gespaltene Pf\u00e4hle (Kastanie)"},"content":{"rendered":"<h2>Gespaltene Kastanienpf\u00e4hle<\/h2>\n<p>Diese gespaltenen (halbierten) Pf\u00e4hle sind vom Umfang her mit unseren <a href=\"https:\/\/adequat.eu\/de\/produkt\/holzpfaehle-holzpfosten\/kastanienpfaehle-kastanienpfosten\/zaunpfahl-kastanie\/\">Kastanienpf\u00e4hlen 7-9 cm Durchmesser<\/a> vergleichbar.<\/p>\n<p>Wir halbieren einen Kastanienpfahl mit 11-14 cm Durchmesser, indem wir ihn in der Mitte spalten. Daraus entstehen diese gespaltenen Kastanienpf\u00e4hle.<\/p>\n<p>Das Kernholz eines Pfahls mit 11-14 cm \u00d8 ist h\u00e4rter als das Kernholz eines Pfahls mit 7-9 cm \u00d8. Daher ist dieser gespaltene Pfahl langlebiger als ein d\u00fcnnerer Pfahl mit 7-9 cm \u00d8.<\/p>\n<p>Diese gespaltenen Holzpf\u00e4hle sind an einer Seite gespitzt.<\/p>\n<h2>Warum gespaltene Pf\u00e4hle?<\/h2>\n<p>Das Spalten von Pf\u00e4hlen sorgt daf\u00fcr, dass die Gerbs\u00e4ure (Tannin) besser im Holz enthalten bleibt als bei ges\u00e4gten Pf\u00e4hlen.<\/p>\n<p>Beim S\u00e4gen eines Kastanienpfahls riskiert man n\u00e4mlich, dass der Gerbs\u00e4ure-Speicher angegriffen wird und die Gerbs\u00e4ure aus dem Holz l\u00e4uft.<\/p>\n<h2>Form gespaltener Pf\u00e4hle<\/h2>\n<p>Wenn ein Holzpfahl gespalten wird, ist seine Form nicht immer gleich. Manchmal ist ein gespaltener Pfahl fast halbrund, manchmal eher dreieckig, und meistens ist es eine Form dazwischen. Das ist typisch f\u00fcr gespaltene Pf\u00e4hle und ist auch so gewollt. Wenn Sie lieber eine einheitliche und gleichm\u00e4\u00dfigere Form w\u00fcnschen, dann empfehlen wir Ihnen\u00a0<strong><a href=\"https:\/\/adequat.eu\/de\/produkt\/holzpfaehle-holzpfosten\/kastanienpfaehle-kastanienpfosten\/zaunlatten-halbrund-zaunriegel-halbrundholz\/\">halbrunde Pf\u00e4hle<\/a><\/strong>.<\/p>\n<h2>Weidepf\u00e4hle f\u00fcr Maschendraht<\/h2>\n<p>M\u00f6chten Sie einen Maschendrahtzaun in Ihrer Weide verwenden? Diese gespaltenen Kastanienpf\u00e4hle eignen sich sehr gut daf\u00fcr. An der gespaltenen Seite k\u00f6nnen Sie den Maschendrahtzaun einfach befestigen. Eine g\u00fcnstige, langlebige und nachhaltige Wahl!<\/p>\n<p><strong>Halbe Kastanienpf\u00e4hle zum kleinen Preis!\u00a0<\/strong><\/p>\n","protected":false},"excerpt":{"rendered":"<p>Gespaltene Kastanienpf\u00e4hle Diese gespaltenen (halbierten) Pf\u00e4hle sind vom Umfang her mit unseren Kastanienpf\u00e4hlen 7-9 cm Durchmesser vergleichbar. Wir halbieren einen Kastanienpfahl mit 11-14 cm Durchmesser,&#8230;<\/p>\n","protected":false},"featured_media":23728,"comment_status":"closed","ping_status":"closed","template":"","meta":{"_acf_changed":false,"inline_featured_image":false,"_trash_the_other_posts":false,"ep_exclude_from_search":false,"iawp_total_views":1044,"editor_notices":[]},"product_brand":[],"product_cat":[255,263,492],"product_tag":[],"class_list":{"0":"post-20359","1":"product","2":"type-product","3":"status-publish","4":"has-post-thumbnail","6":"product_cat-kastanienpfaehle-kastanienpfosten","7":"product_cat-holzpfaehle-holzpfosten","8":"product_cat-holzpfaehle-200-cm","10":"first","11":"instock","12":"shipping-taxable","13":"purchasable","14":"product-type-variable","15":"has-default-attributes"},"composite_virtual":false,"composite_layout":"","composite_add_to_cart_form_location":"","composite_editable_in_cart":false,"composite_sold_individually_context":"","composite_shop_price_calc":"","composite_components":[],"composite_scenarios":[],"acf":[],"_links":{"self":[{"href":"https:\/\/adequat.eu\/de\/wp-json\/wp\/v2\/product\/20359","targetHints":{"allow":["GET"]}}],"collection":[{"href":"https:\/\/adequat.eu\/de\/wp-json\/wp\/v2\/product"}],"about":[{"href":"https:\/\/adequat.eu\/de\/wp-json\/wp\/v2\/types\/product"}],"replies":[{"embeddable":true,"href":"https:\/\/adequat.eu\/de\/wp-json\/wp\/v2\/comments?post=20359"}],"wp:featuredmedia":[{"embeddable":true,"href":"https:\/\/adequat.eu\/de\/wp-json\/wp\/v2\/media\/23728"}],"wp:attachment":[{"href":"https:\/\/adequat.eu\/de\/wp-json\/wp\/v2\/media?parent=20359"}],"wp:term":[{"taxonomy":"product_brand","embeddable":true,"href":"https:\/\/adequat.eu\/de\/wp-json\/wp\/v2\/product_brand?post=20359"},{"taxonomy":"product_cat","embeddable":true,"href":"https:\/\/adequat.eu\/de\/wp-json\/wp\/v2\/product_cat?post=20359"},{"taxonomy":"product_tag","embeddable":true,"href":"https:\/\/adequat.eu\/de\/wp-json\/wp\/v2\/product_tag?post=20359"}],"curies":[{"name":"wp","href":"https:\/\/api.w.org\/{rel}","templated":true}]}}