{"id":20632,"date":"2022-12-08T15:01:36","date_gmt":"2022-12-08T14:01:36","guid":{"rendered":"https:\/\/adequat.eu\/de\/?post_type=product&#038;p=20632"},"modified":"2026-01-23T15:27:29","modified_gmt":"2026-01-23T14:27:29","slug":"vierkantpfosten-kastanie-abgerundet","status":"publish","type":"product","link":"https:\/\/adequat.eu\/de\/produkt\/holzpfaehle-holzpfosten\/kastanienpfaehle-kastanienpfosten\/vierkantpfosten-kastanie-abgerundet\/","title":{"rendered":"Vierkantpfosten Kastanie mit abgerundeten Kanten \u00f8 10 cm"},"content":{"rendered":"<h2>Vierkantpfosten aus Edelkastanie \u00f8 10 cm<\/h2>\n<ul>\n<li>Durchmesser 10 cm in 180, 220 und 270 cm L\u00e4nge<\/li>\n<li>an einer Seite <strong>gespitzt\u00a0<\/strong><\/li>\n<\/ul>\n<p dir=\"auto\">Diese angespitzten, Vierkantpfosten aus Kastanienholz haben abgerundete Kanten und einen Durchmesser von 10 cm (diagonal gemessen).<\/p>\n<p dir=\"auto\">Die tats\u00e4chliche Breite, die Sie f\u00fcr die Pfosten beim Aufbau eines Zauns einplanen sollten, betr\u00e4gt jedoch 9 cm. Das ist also der Platz, den der Pfahl einnimmt, wenn Sie ihn zwischen die Zaunelemente setzen.<\/p>\n<p dir=\"auto\">Die Vierkantpfosten eignen sich sehr gut f\u00fcr den Aufbau von \u00a0<a href=\"https:\/\/adequat.eu\/de\/produkte\/sichtschutz-holz\/sichtschutz-haselnuss-haselnusszaun\/\">Sichtschutzelementen aus Haselnuss<\/a>. Durch die flachen Seiten k\u00f6nnen die Zaunelemente leicht angeschraubt werden.<\/p>\n<p dir=\"auto\">Die Vierkantpfosten mit 10 m Durchmesser sind standardm\u00e4\u00dfig angespitzt und k\u00f6nnen mit einer L\u00e4nge von bis 270 cm sehr gut f\u00fcr h\u00f6here Sichtschutzelemente verwendet werden. Die gerade Seite bietet einem Sichtschutz-Paneel etwas mehr Halt als ein runder Pfahl.<\/p>\n<p dir=\"auto\">M\u00f6chten Sie lieber einen <a href=\"https:\/\/adequat.eu\/de\/produkte\/holzpfaehle-holzpfosten\/kastanienpfaehle-kastanienpfosten\/\">runden Kastanienpfahl<\/a>? Die haben wir nat\u00fcrlich auch!<\/p>\n<h2 dir=\"auto\">Vierkantpf\u00e4hle Kastanie angespitzt<\/h2>\n<p dir=\"auto\">Mit vierkantigen Kastanienpf\u00e4hlen mit abgerundeten Ecken bringen Sie ein besonderes Naturelement in Ihren Garten. Die Pfosten sind hochwertig verarbeitet und verleihen Ihrem Zaun einen eleganten Look.<\/p>\n<p>Wenn Sie Fragen zu diesen Vierkantpfosten aus Kastanie haben, kontaktieren Sie uns. Wir helfen Ihnen gern.<\/p>\n<p>&nbsp;<\/p>\n","protected":false},"excerpt":{"rendered":"<p>Vierkantpfosten aus Edelkastanie \u00f8 10 cm Durchmesser 10 cm in 180, 220 und 270 cm L\u00e4nge an einer Seite gespitzt\u00a0 Diese angespitzten, Vierkantpfosten aus Kastanienholz&#8230;<\/p>\n","protected":false},"featured_media":20639,"comment_status":"closed","ping_status":"closed","template":"","meta":{"_acf_changed":false,"inline_featured_image":false,"_trash_the_other_posts":false,"ep_exclude_from_search":false,"iawp_total_views":1179,"editor_notices":[]},"product_brand":[],"product_cat":[263,450,421,419,255],"product_tag":[],"class_list":{"0":"post-20632","1":"product","2":"type-product","3":"status-publish","4":"has-post-thumbnail","6":"product_cat-holzpfaehle-holzpfosten","7":"product_cat-weidezaunpfahle-holz","8":"product_cat-zaunpfaele","9":"product_cat-zaunpfosten-holz","10":"product_cat-kastanienpfaehle-kastanienpfosten","12":"first","13":"instock","14":"shipping-taxable","15":"purchasable","16":"product-type-variable","17":"has-default-attributes"},"composite_virtual":false,"composite_layout":"","composite_add_to_cart_form_location":"","composite_editable_in_cart":false,"composite_sold_individually_context":"","composite_shop_price_calc":"","composite_components":[],"composite_scenarios":[],"acf":[],"_links":{"self":[{"href":"https:\/\/adequat.eu\/de\/wp-json\/wp\/v2\/product\/20632","targetHints":{"allow":["GET"]}}],"collection":[{"href":"https:\/\/adequat.eu\/de\/wp-json\/wp\/v2\/product"}],"about":[{"href":"https:\/\/adequat.eu\/de\/wp-json\/wp\/v2\/types\/product"}],"replies":[{"embeddable":true,"href":"https:\/\/adequat.eu\/de\/wp-json\/wp\/v2\/comments?post=20632"}],"wp:featuredmedia":[{"embeddable":true,"href":"https:\/\/adequat.eu\/de\/wp-json\/wp\/v2\/media\/20639"}],"wp:attachment":[{"href":"https:\/\/adequat.eu\/de\/wp-json\/wp\/v2\/media?parent=20632"}],"wp:term":[{"taxonomy":"product_brand","embeddable":true,"href":"https:\/\/adequat.eu\/de\/wp-json\/wp\/v2\/product_brand?post=20632"},{"taxonomy":"product_cat","embeddable":true,"href":"https:\/\/adequat.eu\/de\/wp-json\/wp\/v2\/product_cat?post=20632"},{"taxonomy":"product_tag","embeddable":true,"href":"https:\/\/adequat.eu\/de\/wp-json\/wp\/v2\/product_tag?post=20632"}],"curies":[{"name":"wp","href":"https:\/\/api.w.org\/{rel}","templated":true}]}}