{"id":20660,"date":"2023-01-19T13:42:38","date_gmt":"2023-01-19T12:42:38","guid":{"rendered":"https:\/\/adequat.eu\/de\/?post_type=product&#038;p=20660"},"modified":"2026-04-16T13:14:01","modified_gmt":"2026-04-16T11:14:01","slug":"zaunpfahl-aufschraubhuelse-pfostentraeger","status":"publish","type":"product","link":"https:\/\/adequat.eu\/de\/produkt\/holzpfaehle-holzpfosten\/zaunpfahl-aufschraubhuelse\/","title":{"rendered":"Zaunpfahl mit Aufschraubh\u00fclse \u00d8 7\/9 cm"},"content":{"rendered":"<h2>Zaunpfahl mit Aufschraubh\u00fclse (Pfostentr\u00e4ger)<\/h2>\n<p><strong>Die L\u00f6sung, um Pf\u00e4hle auf flachem, festem Untergrund zu befestigen!<\/strong><\/p>\n<p>Wir liefern diese Zaunpf\u00e4hle mit <strong>Aufschraubh\u00fclsen, <\/strong>auch <strong>Pfostentr\u00e4ger<\/strong> oder <strong>Pfostenschuh<\/strong> genannt.<\/p>\n<p>Lieferumfang pro Produkt: Vorbereiteter (gefr\u00e4ster) Zaunpfahl 7-9 cm \u00d8 + passende Aufschraubh\u00fclse + Befestigungsmaterial<\/p>\n<p>Die\u00a0<strong>Holzpf\u00e4hle aus Kastanie<\/strong> (Edelkastanie) sind f\u00fcr die Pfostenschuhe vorbereitet, d.h. an einer Seite bereits passend gefr\u00e4st. Die Pf\u00e4hle sind <strong>7-9 cm dick<\/strong> und in verschiedenen L\u00e4ngen erh\u00e4ltlich. Die Pf\u00e4hle lassen sich einfach in die Aufschraubh\u00fclsen stecken.<\/p>\n<p>Diese Pf\u00e4hle sind auch in einer dickeren Ausf\u00fchrung erh\u00e4ltlich. Diese finden Sie hier: <a href=\"https:\/\/adequat.eu\/de\/produkt\/holzpfaehle-holzpfosten\/zaunpfahl-mit-aufschraubhuelse-o-10-12-cm\/\"><strong>\u2794 Pf\u00e4hle 10-12 cm \u00d8 mit Aufschraubh\u00fclse<\/strong><\/a><\/p>\n<p>Der <strong>feuerverzinkte Pfostentr\u00e4ger (Aufschraubh\u00fclse)\u00a0<\/strong>aus Stahl hat einen Durchmesser von 80 mm, das Material ist 2,5 mm dick. Die L\u00e4nge des Zapfens betr\u00e4gt 45 cm und die Gesamtl\u00e4nge einschlie\u00dflich Fu\u00df 60 cm. Die Einschlagh\u00fclse wird inkl. Befestigungsmaterial geliefert. Das Loch f\u00fcr die Schrauben ist noch nicht vorgebohrt. Das machen wir bewusst, damit Sie den Pfosten nach Wunsch drehen und anpassen k\u00f6nnen.<\/p>\n<h3><strong>Pfahl mit Pfostentr\u00e4ger \/ Aufschraubh\u00fclse<\/strong><\/h3>\n<p>Pro St\u00fcck ist enthalten:<\/p>\n<ul>\n<li>1 Zaunpfahl aus Edelkastanie mit 7-9 cm Durchmesser (unten passend f\u00fcr H\u00fclse gefr\u00e4st)<\/li>\n<li>1 Aufschraubh\u00fclse (Pfostentr\u00e4ger \/ Pfostenschuh) aus verzinktem Stahl (15&#215;15 cm)<\/li>\n<li>Befestigungsmaterial: 2 x Schrauben und Muttern<\/li>\n<\/ul>\n<h2>Warum Pf\u00e4hle mit Aufschraubh\u00fclsen?<\/h2>\n<p>Mit Aufschraubh\u00fclsen k\u00f6nnen Sie Pf\u00e4hle fest auf <strong>flachem, gepflastertem oder betoniertem<\/strong> Boden verankern, ohne dass der Pfahl selbst im Boden versenkt werden muss.<\/p>\n<p>Damit ein Zaunpfahl stabil im Boden steht, sollte man normalerweise ein Drittel des Pfahls im Boden versenken. Manchmal ist das nicht m\u00f6glich, beispielsweise wenn Sie einen Zaun <strong>entlang der gefliesten Terrasse<\/strong>, auf der <strong>Stra\u00dfe<\/strong> oder auf <strong>betoniertem<\/strong> oder <strong>gepflastertem Untergrund<\/strong> platzieren m\u00f6chten. F\u00fcr diese Zwecke ist eine Aufschraubh\u00fclse bzw. ein Pfostentr\u00e4ger die perfekte L\u00f6sung!<\/p>\n<p>Wenn Sie keinen flachen Untergrund haben, sondern einfach nur sehr steinigen oder sehr harten Boden, empfehlen wir Ihnen <a href=\"https:\/\/adequat.eu\/de\/produkt\/holzpfaehle-holzpfosten\/zaunpfahl-mit-einschlaghuelse-o-10-12-cm\/\">Holzpf\u00e4hle mit Einschlagh\u00fclsen<\/a>.<\/p>\n<h2>Montage Pfostenschuh + Pfahl<\/h2>\n<h5>Warum steckt der Pfahl bei der Lieferung nicht im Pfostenschuh?<\/h5>\n<p>Wir liefern den Holzpfahl und die Bodenh\u00fclse absichtlich nicht vormontiert, damit Sie den Holzpfahl noch ausrichten k\u00f6nnen. Das hei\u00dft, dass Sie den Pfahl selbst in die die Aufschraubh\u00fclse stecken.<\/p>\n<p>So einfach geht\u2019s:<\/p>\n<ol>\n<li>Setzen Sie zuerst den Pfostenschuh in den Boden.<\/li>\n<li>Setzen Sie danach den Pfahl in die Bodenh\u00fclse. Jetzt k\u00f6nnen Sie den Pfahl noch gut drehen und korrigieren, sodass der Zaun eine gerade Linie bildet.<\/li>\n<li>Bohren Sie jetzt das Loch durch eine Seite bis in die Pfahlmitte und bohren Sie danach ein Loch von der anderen Seite so weit durch, bis Sie das vorhandene Loch in der Pfahlmitte treffen. Selbst wenn Sie ein bisschen schief gebohrt haben, korrigiert sich der Fehler vom selbst im Holz.<\/li>\n<li>Stecken Sie anschlie\u00dfend die Schrauben durch die Aufschraubh\u00fclse in den Pfahl.<\/li>\n<li>Jetzt steht der Pfahl mit Pfostenschuh sicher und stabil.<\/li>\n<\/ol>\n<h2>Woraus besteht der Pfostenschuh?<\/h2>\n<p>Der Pfostenschuh besteht aus verzinktem Stahl. Wie der Name schon sagt, stellt das Metallgestell im wahrsten Sinne des Wortes einen Schuh f\u00fcr den Pfosten dar. Das hochwertige und stabile Material sorgt daf\u00fcr, dass der Pfahl stabil und zuverl\u00e4ssig steht.\u00a0Der Pfosten wird ganz einfach mit 2 Schrauben und Muttern im Pfostenschuh befestigt.<\/p>\n<h3>L\u00e4nge: Kastanienpfahl mit Pfostentr\u00e4ger f\u00fcr Staketenzaun<\/h3>\n<p>Sie k\u00f6nnen den Kastanienpfahl mit Pfostentr\u00e4ger (Aufschraubh\u00fclse) zur Befestigung unserer <a href=\"https:\/\/adequat.eu\/de\/produkte\/kastanienzaun-naturzaun\/staketenzaun\/\">Staketenz\u00e4une aus Kastanie<\/a> oder <a href=\"https:\/\/adequat.eu\/de\/produkte\/kastanienzaun-naturzaun\/staketenzaun-aus-robinie\/\">Robinie<\/a> verwenden. Wenn Sie Pfostentr\u00e4ger verwenden, ben\u00f6tigen Sie keine l\u00e4ngeren Pf\u00e4hle.<\/p>\n<p>Dann gilt: Zaunh\u00f6he = Pfahll\u00e4nge.\u00a0Beispiel: F\u00fcr einen 100 cm hohen Staketenzaun ben\u00f6tigen Sie einen 100 cm langen Pfahl mit Pfostentr\u00e4ger.<\/p>\n<p>&nbsp;<\/p>\n","protected":false},"excerpt":{"rendered":"<p>Zaunpfahl mit Aufschraubh\u00fclse (Pfostentr\u00e4ger) Die L\u00f6sung, um Pf\u00e4hle auf flachem, festem Untergrund zu befestigen! Wir liefern diese Zaunpf\u00e4hle mit Aufschraubh\u00fclsen, auch Pfostentr\u00e4ger oder Pfostenschuh genannt&#8230;.<\/p>\n","protected":false},"featured_media":20841,"comment_status":"closed","ping_status":"closed","template":"","meta":{"_acf_changed":false,"inline_featured_image":false,"_trash_the_other_posts":false,"ep_exclude_from_search":false,"iawp_total_views":3434,"editor_notices":[]},"product_brand":[],"product_cat":[263,255,450,421,419],"product_tag":[],"class_list":{"0":"post-20660","1":"product","2":"type-product","3":"status-publish","4":"has-post-thumbnail","6":"product_cat-holzpfaehle-holzpfosten","7":"product_cat-kastanienpfaehle-kastanienpfosten","8":"product_cat-weidezaunpfahle-holz","9":"product_cat-zaunpfaele","10":"product_cat-zaunpfosten-holz","12":"first","13":"instock","14":"shipping-taxable","15":"purchasable","16":"product-type-composite"},"composite_virtual":false,"composite_layout":"single","composite_add_to_cart_form_location":"default","composite_editable_in_cart":false,"composite_sold_individually_context":"product","composite_shop_price_calc":"defaults","composite_components":[{"id":"1734115744","title":"Kastanienpfahl","description":"","query_type":"product_ids","query_ids":[33372],"default_option_id":33372,"thumbnail_id":"","thumbnail_src":"","quantity_min":1,"quantity_max":1,"priced_individually":true,"shipped_individually":false,"optional":false,"discount":"","options_style":"dropdowns","pagination_style":"classic","display_prices":"absolute","show_sorting_options":false,"show_filtering_options":false,"attribute_filter_ids":[],"select_action":"view","product_title_visible":false,"product_descr_visible":false,"product_price_visible":true,"product_thumb_visible":false,"subtotal_visible_product":true,"subtotal_visible_cart":true,"subtotal_visible_orders":true},{"id":"1734115745","title":"Bodenh\u00fclse","description":"","query_type":"product_ids","query_ids":[33298],"default_option_id":33298,"thumbnail_id":"","thumbnail_src":"","quantity_min":1,"quantity_max":1,"priced_individually":true,"shipped_individually":false,"optional":false,"discount":"","options_style":"dropdowns","pagination_style":"classic","display_prices":"absolute","show_sorting_options":false,"show_filtering_options":false,"attribute_filter_ids":[],"select_action":"view","product_title_visible":false,"product_descr_visible":false,"product_price_visible":true,"product_thumb_visible":false,"subtotal_visible_product":true,"subtotal_visible_cart":true,"subtotal_visible_orders":true}],"composite_scenarios":[],"acf":[],"_links":{"self":[{"href":"https:\/\/adequat.eu\/de\/wp-json\/wp\/v2\/product\/20660","targetHints":{"allow":["GET"]}}],"collection":[{"href":"https:\/\/adequat.eu\/de\/wp-json\/wp\/v2\/product"}],"about":[{"href":"https:\/\/adequat.eu\/de\/wp-json\/wp\/v2\/types\/product"}],"replies":[{"embeddable":true,"href":"https:\/\/adequat.eu\/de\/wp-json\/wp\/v2\/comments?post=20660"}],"wp:featuredmedia":[{"embeddable":true,"href":"https:\/\/adequat.eu\/de\/wp-json\/wp\/v2\/media\/20841"}],"wp:attachment":[{"href":"https:\/\/adequat.eu\/de\/wp-json\/wp\/v2\/media?parent=20660"}],"wp:term":[{"taxonomy":"product_brand","embeddable":true,"href":"https:\/\/adequat.eu\/de\/wp-json\/wp\/v2\/product_brand?post=20660"},{"taxonomy":"product_cat","embeddable":true,"href":"https:\/\/adequat.eu\/de\/wp-json\/wp\/v2\/product_cat?post=20660"},{"taxonomy":"product_tag","embeddable":true,"href":"https:\/\/adequat.eu\/de\/wp-json\/wp\/v2\/product_tag?post=20660"}],"curies":[{"name":"wp","href":"https:\/\/api.w.org\/{rel}","templated":true}]}}