{"id":21833,"date":"2023-04-13T18:56:12","date_gmt":"2023-04-13T16:56:12","guid":{"rendered":"https:\/\/adequat.eu\/de\/?post_type=product&#038;p=21833"},"modified":"2026-03-19T14:03:57","modified_gmt":"2026-03-19T13:03:57","slug":"pfahlramme-pfostenramme-handramme","status":"publish","type":"product","link":"https:\/\/adequat.eu\/de\/produkt\/holzprodukte-2\/werkzeug\/pfahlramme-pfostenramme-handramme\/","title":{"rendered":"Pfahlramme &#8211; Handramme"},"content":{"rendered":"<ul>\n<li>\n<h6>Empfehlung: Bei Pf\u00e4hlen mit 7-9 cm und 8-10 cm Durchmesser, bitte die Pfahlramme mit 12,6 cm Durchmesser w\u00e4hlen.<\/h6>\n<\/li>\n<\/ul>\n<p>Mit dieser Pfahlramme (Pfostenramme) gelingt es ganz einfach, Pf\u00e4hle und Pfosten in den Boden zu rammen. Damit ihre Zaunpf\u00e4hle sicher und stabil im Boden verankert sind!<\/p>\n<p>Die Handramme dient als <strong>Einschlaghilfe<\/strong> und ist ein stabiles Werkzeug, das aus Stahl gefertigt ist und ein (an einer Seite geschlossenes) Hohlrohr bildet. Die passt genau \u00fcber unsere Zaunpf\u00e4hle. Die beiden Griffe gew\u00e4hrleisten einen guten Halt.<\/p>\n<h2>Wie funktioniert die Handramme?<\/h2>\n<p>Die Pfostenramme wird vom Pfahl geleitet. Damit &#8222;ziehen&#8220; Sie den Pfahl in den Boden hinein. Wenn Sie die Pfahlramme \u00fcber den Pfahl st\u00fclpen und nach oben bewegen, erledigt das Gewicht der Pfahlramme die Arbeit. Das Gewicht sorgt daf\u00fcr, dass der Pfahl sich tiefer in den Boden bohrt.<\/p>\n<h2>Wie gross sollte eine Pfostenramme sein?<\/h2>\n<p>Die Pfahlramme funktioniert am besten, wenn Sie eine Gr\u00f6\u00dfe w\u00e4hlen, die deutlich gr\u00f6\u00dfer als der Durchmesser des Pfahls ist, den Sie einschlagen m\u00f6chten. Nat\u00fcrlich n\u00fctzt Ihnen ein Pfahlrammer nichts, wenn die Pf\u00e4hle zu dick ist und die Pfahlramme nicht gut \u00fcber den Pfahl passt.<\/p>\n<p>Bitte beachten Sie, dass <strong>Kastanienholz- und Robinienpf\u00e4hle <\/strong>von Natur aus <strong>nicht immer ganz gerade<\/strong> sind. Daher kann es sein, dass Sie eine Pfahlramme mit einem <strong>gr\u00f6\u00dferen Durchmesser<\/strong> ben\u00f6tigen, als Sie anhand der Ma\u00dfangaben zun\u00e4chst vermuten w\u00fcrden.<\/p>\n<h6><strong>Gr\u00f6\u00dfenempfehlung<\/strong>:<\/h6>\n<p>W\u00e4hlen Sie bei Pf\u00e4hlen mit 7-9 cm und 8-10 cm Durchmesser die gr\u00f6\u00dfere Pfahlramme (12,6 cm). Damit stellen Sie sicher, dass Sie alle Pf\u00e4hle kinderleicht in den Boden bekommen.<\/p>\n<p>Die L\u00e4nge der Pfostenramme betr\u00e4gt 72 cm.<\/p>\n<p>Durchmesser: 10,5 cm oder 12,6 cm<\/p>\n<p>Das Stahl ist schwarz pulverbeschichtet.<\/p>\n<h2>Handramme oder Holzhammer?<\/h2>\n<p>Wenn Sie nur wenige Pf\u00e4hle aufstellen m\u00f6chten und Sie ein wenig handwerklich begabt sind, dann reicht ein Holzhammer f\u00fcr Ihre Zwecke wahrscheinlich aus. Wenn Sie aber viele Pf\u00e4hle aufstellen m\u00f6chten oder auch \u00f6fter einen Verwendungszweck f\u00fcr eine Pfahlramme haben, dann macht die Anschaffung einer guten, stabilen Handramme wirklich Sinn. Viele f\u00fchlen sich zudem sicherer mit einer Pfahlramme, weil sie einfacher und kontrollierbarer Zaunpf\u00e4hle in den Boden rammt.<\/p>\n<p><em>Tipp: Diese Pfahlramme ist ein sehr hochwertiges und langlebiges Produkt. Wenn Sie f\u00fcr den Aufbau Ihres Zauns eine Pfahlramme mit bestellen und diese nachher nicht mehr ben\u00f6tigen, k\u00f6nnen Sie diese nachher einfach \u00fcber eine Kleinanzeige weiterverkaufen.<\/em><\/p>\n<h3>Vorteile einer Handpfahlramme:<\/h3>\n<ul>\n<li>Sie ist zielf\u00fchrender: Mit einem Holzhammer m\u00fcssen Sie den Pfahl nicht nur gut treffen, sondern auch ordentlich Kraft einsetzen. Mit einer Pfahlramme brauchen Sie die Ramme nur mit beiden H\u00e4nden nach oben zu ziehen und die Schwerkraft sorgt daf\u00fcr, dass der Pfahl in den Boden gerammt wird.<\/li>\n<li>Sie ist sicherer und kann bequem aus dem Stand bedient werden. Mit einem Holzhammer m\u00fcssen Sie oft von oben auf en Pfahl einschlagen.<\/li>\n<li>Die Handpfahlramme verringert das Risiko, dass der Pfahl von oben besch\u00e4digt wird.<\/li>\n<\/ul>\n","protected":false},"excerpt":{"rendered":"<p>Empfehlung: Bei Pf\u00e4hlen mit 7-9 cm und 8-10 cm Durchmesser, bitte die Pfahlramme mit 12,6 cm Durchmesser w\u00e4hlen. Mit dieser Pfahlramme (Pfostenramme) gelingt es ganz&#8230;<\/p>\n","protected":false},"featured_media":21834,"comment_status":"closed","ping_status":"closed","template":"","meta":{"_acf_changed":false,"inline_featured_image":false,"_trash_the_other_posts":false,"ep_exclude_from_search":false,"iawp_total_views":411,"editor_notices":[]},"product_brand":[],"product_cat":[273,272],"product_tag":[468,467,465,466],"class_list":{"0":"post-21833","1":"product","2":"type-product","3":"status-publish","4":"has-post-thumbnail","6":"product_cat-werkzeug","7":"product_cat-holzprodukte-2","8":"product_tag-einschlaghilfe","9":"product_tag-handramme","10":"product_tag-pfahlramme","11":"product_tag-pfostenramme","13":"first","14":"instock","15":"shipping-taxable","16":"purchasable","17":"product-type-variable","18":"has-default-attributes"},"composite_virtual":false,"composite_layout":"","composite_add_to_cart_form_location":"","composite_editable_in_cart":false,"composite_sold_individually_context":"","composite_shop_price_calc":"","composite_components":[],"composite_scenarios":[],"acf":[],"_links":{"self":[{"href":"https:\/\/adequat.eu\/de\/wp-json\/wp\/v2\/product\/21833","targetHints":{"allow":["GET"]}}],"collection":[{"href":"https:\/\/adequat.eu\/de\/wp-json\/wp\/v2\/product"}],"about":[{"href":"https:\/\/adequat.eu\/de\/wp-json\/wp\/v2\/types\/product"}],"replies":[{"embeddable":true,"href":"https:\/\/adequat.eu\/de\/wp-json\/wp\/v2\/comments?post=21833"}],"wp:featuredmedia":[{"embeddable":true,"href":"https:\/\/adequat.eu\/de\/wp-json\/wp\/v2\/media\/21834"}],"wp:attachment":[{"href":"https:\/\/adequat.eu\/de\/wp-json\/wp\/v2\/media?parent=21833"}],"wp:term":[{"taxonomy":"product_brand","embeddable":true,"href":"https:\/\/adequat.eu\/de\/wp-json\/wp\/v2\/product_brand?post=21833"},{"taxonomy":"product_cat","embeddable":true,"href":"https:\/\/adequat.eu\/de\/wp-json\/wp\/v2\/product_cat?post=21833"},{"taxonomy":"product_tag","embeddable":true,"href":"https:\/\/adequat.eu\/de\/wp-json\/wp\/v2\/product_tag?post=21833"}],"curies":[{"name":"wp","href":"https:\/\/api.w.org\/{rel}","templated":true}]}}