{"id":22285,"date":"2023-05-26T12:06:33","date_gmt":"2023-05-26T10:06:33","guid":{"rendered":"https:\/\/adequat.eu\/de\/?post_type=product&#038;p=22285"},"modified":"2025-05-22T15:50:08","modified_gmt":"2025-05-22T13:50:08","slug":"zubehoer-schranke-holz-schlagbaum","status":"publish","type":"product","link":"https:\/\/adequat.eu\/de\/produkt\/holzprodukte-2\/zubehoer-schranke-holz-schlagbaum\/","title":{"rendered":"Zubeh\u00f6r f\u00fcr Schranke aus Holz &#8211; Schrankenschloss"},"content":{"rendered":"<h2>Zubeh\u00f6r f\u00fcr Schranke \/ Schlagbaum (Holz)<\/h2>\n<p>Aus unseren Rundholzpf\u00e4hlen aus Kastanie und Robinie k\u00f6nnen Sie ganz einfach selber eine Schranke aus Holz bauen. Damit aus den Holzpf\u00e4hlen eine funktionierende Schranke wird, ben\u00f6tigen Sie dieses Zubeh\u00f6r.<\/p>\n<h2>Schrankenschloss<\/h2>\n<p>Hochwertige Qualit\u00e4t, feuerverzinkt. Komplettes Set mit Kette, Fangstange, Befestigungsbolzen.<\/p>\n<p>Den dazugeh\u00f6rigen <a href=\"https:\/\/adequat.eu\/de\/produkt\/holzprodukte-2\/scharniere-und-schliesswerk\/dreikantschluessel-schranke-schlagbaum\/\">Dreikantschl\u00fcssel k\u00f6nnen Sie hier<\/a> bestellen.<\/p>\n<h2>Schlagbaum \/ Wegeschranke | Holz<\/h2>\n<p>Mit diesem Zubeh\u00f6r k\u00f6nnen Sie ganz einfach eine Schranke aus Holz bauen. Alles, was Sie daf\u00fcr ben\u00f6tigen, sind zwei aufrechte Pf\u00e4hle und einen langen Pfahl, der als querliegende Schranke dient.<\/p>\n<h2>Schloss Forstschranke<\/h2>\n<p>Die querliegende Schranke befestigen Sie mit diesem Zubeh\u00f6r an den senkrecht aufgestellten Pf\u00e4hlen.<\/p>\n<p>Mit dem Dreikantschl\u00fcssel k\u00f6nnen Sie die Wegeschranke aus Holz jederzeit \u00f6ffnen.<\/p>\n<h2>Warum eine Wegeschranke aus Holz?<\/h2>\n<p>Mit einer Schranke \/ Wegeschranke aus Holz k\u00f6nnen Sie Ihre Zufahrt, einen Weg oder einen anderen Zugang zu Ihrem Grundst\u00fcck absperren. Oft werden Wegeschranken aus Holz auch vor Waldst\u00fccken eingesetzt, damit nicht jeder mit dem Auto in den Wald f\u00e4hrt.<\/p>\n<p>Wenn Sie Fragen dazu haben, welche Pf\u00e4hle und Pfosten sich am besten f\u00fcr die Wegeschranke aus Holz eignen, kontaktieren Sie uns. Wir helfen Ihnen gern weiter.<\/p>\n","protected":false},"excerpt":{"rendered":"<p>Zubeh\u00f6r f\u00fcr Schranke \/ Schlagbaum (Holz) Aus unseren Rundholzpf\u00e4hlen aus Kastanie und Robinie k\u00f6nnen Sie ganz einfach selber eine Schranke aus Holz bauen. Damit aus&#8230;<\/p>\n","protected":false},"featured_media":22288,"comment_status":"closed","ping_status":"closed","template":"","meta":{"_acf_changed":false,"inline_featured_image":false,"_trash_the_other_posts":false,"ep_exclude_from_search":false,"iawp_total_views":117,"editor_notices":[]},"product_brand":[],"product_cat":[272,264],"product_tag":[],"class_list":{"0":"post-22285","1":"product","2":"type-product","3":"status-publish","4":"has-post-thumbnail","6":"product_cat-holzprodukte-2","7":"product_cat-scharniere-und-schliesswerk","9":"first","10":"instock","11":"shipping-taxable","12":"purchasable","13":"product-type-simple"},"composite_virtual":false,"composite_layout":"","composite_add_to_cart_form_location":"","composite_editable_in_cart":false,"composite_sold_individually_context":"","composite_shop_price_calc":"","composite_components":[],"composite_scenarios":[],"acf":[],"_links":{"self":[{"href":"https:\/\/adequat.eu\/de\/wp-json\/wp\/v2\/product\/22285","targetHints":{"allow":["GET"]}}],"collection":[{"href":"https:\/\/adequat.eu\/de\/wp-json\/wp\/v2\/product"}],"about":[{"href":"https:\/\/adequat.eu\/de\/wp-json\/wp\/v2\/types\/product"}],"replies":[{"embeddable":true,"href":"https:\/\/adequat.eu\/de\/wp-json\/wp\/v2\/comments?post=22285"}],"wp:featuredmedia":[{"embeddable":true,"href":"https:\/\/adequat.eu\/de\/wp-json\/wp\/v2\/media\/22288"}],"wp:attachment":[{"href":"https:\/\/adequat.eu\/de\/wp-json\/wp\/v2\/media?parent=22285"}],"wp:term":[{"taxonomy":"product_brand","embeddable":true,"href":"https:\/\/adequat.eu\/de\/wp-json\/wp\/v2\/product_brand?post=22285"},{"taxonomy":"product_cat","embeddable":true,"href":"https:\/\/adequat.eu\/de\/wp-json\/wp\/v2\/product_cat?post=22285"},{"taxonomy":"product_tag","embeddable":true,"href":"https:\/\/adequat.eu\/de\/wp-json\/wp\/v2\/product_tag?post=22285"}],"curies":[{"name":"wp","href":"https:\/\/api.w.org\/{rel}","templated":true}]}}