{"id":22351,"date":"2023-05-25T17:58:22","date_gmt":"2023-05-25T15:58:22","guid":{"rendered":"https:\/\/adequat.eu\/de\/?post_type=product&#038;p=22351"},"modified":"2026-02-10T10:44:35","modified_gmt":"2026-02-10T09:44:35","slug":"kastanienbretter-mit-nut-und-federverbindung","status":"publish","type":"product","link":"https:\/\/adequat.eu\/de\/produkt\/holzprodukte\/gesaegtes-holz\/schnittholz-kastanienholz\/kastanienbretter-mit-nut-und-federverbindung\/","title":{"rendered":"Kastanienbretter mit Nut- und Federverbindung"},"content":{"rendered":"<h2>Bretter aus Kastanie mit Nut- und Feder-Verbindung<\/h2>\n<p>Diese Kastanienbretter mit Nut- und Federverbindung k\u00f6nnen ganz einfach ineinander gesteckt werden, um fest verbunden zu werden. Es handelt sich um Holz der europ\u00e4ischen Edelkastanie (auch als Esskastanie bekannt).<\/p>\n<p>Die spezielle Verbindung wird als Nut- und Federverbindung (\u00e4hnlich der Zapfenverbindung) bezeichnet. Der Vorteil dieser Verbindung ist, dass die Bretter fest verbunden sind, da die Dicke und Tiefe der Feder perfekt in die Nut passt. \u00a0Dadurch wird eine gute und starke Verbindung gew\u00e4hrleistet.<\/p>\n<p>Die Kastanienbretter mit Nut und Federverbindung eignen sich ideal f\u00fcr den Bau von T\u00fcren, W\u00e4nden, B\u00f6den und Decken aus Holz.<\/p>\n<p>Diese hochwertigen Kastanienbretter sind nicht nur sch\u00f6n, sondern auch nachhaltig und extrem langlebig. Das Holz stammt aus nachhaltiger Forstwirtschaft in Frankreich, wo die Edelkastanie zuhause ist.<\/p>\n<p><strong>Ma\u00dfe dieser Kastanienbretter mit Nut und Feder: 2,5 cm dick x 12 cm breit x 250 cm lang. Die effektive Breite betr\u00e4gt 11 cm.<\/strong><\/p>\n<h2>Kastanienbretter nach Mass<\/h2>\n<p>Wenn Sie Fragen oder besondere W\u00fcnsche haben, k\u00f6nnen Sie sich jederzeit an uns wenden. Wir denken gerne mit Ihnen mit und beraten Sie ausf\u00fchrlich, welche Produkte sich am besten f\u00fcr Ihr Vorhaben eignen. In unserer hauseignen Werkstatt fertigen wir gern Kastanienbretter und andere Produkte aus Holz in ihren Wunschma\u00dfen an.<\/p>\n","protected":false},"excerpt":{"rendered":"<p>Bretter aus Kastanie mit Nut- und Feder-Verbindung Diese Kastanienbretter mit Nut- und Federverbindung k\u00f6nnen ganz einfach ineinander gesteckt werden, um fest verbunden zu werden. Es&#8230;<\/p>\n","protected":false},"featured_media":22469,"comment_status":"closed","ping_status":"closed","template":"","meta":{"_acf_changed":false,"inline_featured_image":false,"_trash_the_other_posts":false,"ep_exclude_from_search":false,"iawp_total_views":1387,"editor_notices":[]},"product_brand":[],"product_cat":[245,242],"product_tag":[],"class_list":{"0":"post-22351","1":"product","2":"type-product","3":"status-publish","4":"has-post-thumbnail","6":"product_cat-schnittholz-kastanienholz","7":"product_cat-gesaegtes-holz","9":"first","10":"instock","11":"shipping-taxable","12":"purchasable","13":"product-type-simple"},"composite_virtual":false,"composite_layout":"","composite_add_to_cart_form_location":"","composite_editable_in_cart":false,"composite_sold_individually_context":"","composite_shop_price_calc":"","composite_components":[],"composite_scenarios":[],"acf":[],"_links":{"self":[{"href":"https:\/\/adequat.eu\/de\/wp-json\/wp\/v2\/product\/22351","targetHints":{"allow":["GET"]}}],"collection":[{"href":"https:\/\/adequat.eu\/de\/wp-json\/wp\/v2\/product"}],"about":[{"href":"https:\/\/adequat.eu\/de\/wp-json\/wp\/v2\/types\/product"}],"replies":[{"embeddable":true,"href":"https:\/\/adequat.eu\/de\/wp-json\/wp\/v2\/comments?post=22351"}],"wp:featuredmedia":[{"embeddable":true,"href":"https:\/\/adequat.eu\/de\/wp-json\/wp\/v2\/media\/22469"}],"wp:attachment":[{"href":"https:\/\/adequat.eu\/de\/wp-json\/wp\/v2\/media?parent=22351"}],"wp:term":[{"taxonomy":"product_brand","embeddable":true,"href":"https:\/\/adequat.eu\/de\/wp-json\/wp\/v2\/product_brand?post=22351"},{"taxonomy":"product_cat","embeddable":true,"href":"https:\/\/adequat.eu\/de\/wp-json\/wp\/v2\/product_cat?post=22351"},{"taxonomy":"product_tag","embeddable":true,"href":"https:\/\/adequat.eu\/de\/wp-json\/wp\/v2\/product_tag?post=22351"}],"curies":[{"name":"wp","href":"https:\/\/api.w.org\/{rel}","templated":true}]}}