{"id":22357,"date":"2023-05-25T17:36:20","date_gmt":"2023-05-25T15:36:20","guid":{"rendered":"https:\/\/adequat.eu\/de\/?post_type=product&#038;p=22357"},"modified":"2026-03-12T14:26:15","modified_gmt":"2026-03-12T13:26:15","slug":"holzbalken-edelkastanie","status":"publish","type":"product","link":"https:\/\/adequat.eu\/de\/produkt\/holzprodukte\/gesaegtes-holz\/holzbalken-edelkastanie\/","title":{"rendered":"Holzbalken Edelkastanie rustikal ges\u00e4gt"},"content":{"rendered":"<h2>Holzbalken Edelkastanie<\/h2>\n<p>Diese Holzbalken aus Kastanie (Edelkastanie) sind rustikal und naturbelassen.<br \/>\nBeim S\u00e4gen der Balken wurde die Form des Baumes ber\u00fccksichtigt, weshalb die Ecken nicht immer ganz genau 90\u00b0 Grad gro\u00df sind.<\/p>\n<p>Die rustikalen Holzbalken (Edelkastanie) eignen sich ideal f\u00fcr Holzkonstruktionen wie Dachst\u00fchle, Vord\u00e4cher und Pergolas, bei denen ein nat\u00fcrlicher Look gewollt ist.<\/p>\n<h2>Holzbalken Kastanie Gr\u00f6ssen<\/h2>\n<p>Die Balken sind in verschiedenen Gr\u00f6\u00dfen und L\u00e4ngen erh\u00e4ltlich. Holzbalken aus Edelkastanie sind von Natur aus extrem langlebig. Aufgrund des Gerbs\u00e4uregehalts des Holzes m\u00fcssen die Balken nicht mit Holzschutzmitteln behandelt werden und ben\u00f6tigen keine Pflege. Sie sind von Natur aus gegen Feuchtigkeit gesch\u00fctzt. Die Verwendung von Kastanienholzbalken ist sehr umweltfreundlich. Diese Holzbalken stammen aus nachhaltiger Forstwirtschaft us Frankreich, wo die Edelkastanie zuhause ist und aufgrund der Langlebigkeit (in der Fachsprache &#8222;Dauerhaftigkeit&#8220;) seit jeher f\u00fcr als Balken- und Konstruktionsholz eingesetzt wird.<\/p>\n<p>Suchen Sie einen Holzbalken aus Kantine mit rechtwinkligen Ecken (statt abgerundeten Kanten)? Dann werfen Sie einen Blick auf diese <strong><a href=\"https:\/\/adequat.eu\/de\/produkt\/holzprodukte\/gesaegtes-holz\/schnittholz-kastanienholz\/kastanienholz-kantholz-balken\/\">Kastanienbalken<\/a><\/strong>.<\/p>\n<h2>Fragen zu Holzbalken aus Edelkastanie?<\/h2>\n<p>Sie wissen nicht, welcher Balken f\u00fcr Ihr Projekt geeignet ist? Fragen Sie unsere <a href=\"https:\/\/adequat.eu\/de\/team\/\">Experten<\/a>! Wir beraten Sie gern, selbstverst\u00e4ndlich kostenlos und unverbindlich.<\/p>\n","protected":false},"excerpt":{"rendered":"<p>Holzbalken Edelkastanie Diese Holzbalken aus Kastanie (Edelkastanie) sind rustikal und naturbelassen. Beim S\u00e4gen der Balken wurde die Form des Baumes ber\u00fccksichtigt, weshalb die Ecken nicht&#8230;<\/p>\n","protected":false},"featured_media":22446,"comment_status":"closed","ping_status":"closed","template":"","meta":{"_acf_changed":false,"inline_featured_image":false,"_trash_the_other_posts":false,"ep_exclude_from_search":false,"iawp_total_views":13831,"editor_notices":[]},"product_brand":[],"product_cat":[242,245],"product_tag":[],"class_list":{"0":"post-22357","1":"product","2":"type-product","3":"status-publish","4":"has-post-thumbnail","6":"product_cat-gesaegtes-holz","7":"product_cat-schnittholz-kastanienholz","9":"first","10":"instock","11":"shipping-taxable","12":"purchasable","13":"product-type-variable","14":"has-default-attributes"},"composite_virtual":false,"composite_layout":"","composite_add_to_cart_form_location":"","composite_editable_in_cart":false,"composite_sold_individually_context":"","composite_shop_price_calc":"","composite_components":[],"composite_scenarios":[],"acf":[],"_links":{"self":[{"href":"https:\/\/adequat.eu\/de\/wp-json\/wp\/v2\/product\/22357","targetHints":{"allow":["GET"]}}],"collection":[{"href":"https:\/\/adequat.eu\/de\/wp-json\/wp\/v2\/product"}],"about":[{"href":"https:\/\/adequat.eu\/de\/wp-json\/wp\/v2\/types\/product"}],"replies":[{"embeddable":true,"href":"https:\/\/adequat.eu\/de\/wp-json\/wp\/v2\/comments?post=22357"}],"wp:featuredmedia":[{"embeddable":true,"href":"https:\/\/adequat.eu\/de\/wp-json\/wp\/v2\/media\/22446"}],"wp:attachment":[{"href":"https:\/\/adequat.eu\/de\/wp-json\/wp\/v2\/media?parent=22357"}],"wp:term":[{"taxonomy":"product_brand","embeddable":true,"href":"https:\/\/adequat.eu\/de\/wp-json\/wp\/v2\/product_brand?post=22357"},{"taxonomy":"product_cat","embeddable":true,"href":"https:\/\/adequat.eu\/de\/wp-json\/wp\/v2\/product_cat?post=22357"},{"taxonomy":"product_tag","embeddable":true,"href":"https:\/\/adequat.eu\/de\/wp-json\/wp\/v2\/product_tag?post=22357"}],"curies":[{"name":"wp","href":"https:\/\/api.w.org\/{rel}","templated":true}]}}