{"id":22364,"date":"2023-05-25T09:12:47","date_gmt":"2023-05-25T07:12:47","guid":{"rendered":"https:\/\/adequat.eu\/de\/?post_type=product&#038;p=22364"},"modified":"2026-02-06T14:21:23","modified_gmt":"2026-02-06T13:21:23","slug":"doppeltes-eichenholztor","status":"publish","type":"product","link":"https:\/\/adequat.eu\/de\/produkt\/holztore\/gartentor-eiche-doppelt\/","title":{"rendered":"Gartent\u00fcr Eiche doppelt mit Schloss"},"content":{"rendered":"<h2>Gartent\u00fcr Eiche 2-fl\u00fcgelig<\/h2>\n<p>Mit diesem doppeltem Eichenholztor schlie\u00dfen Sie Ihr Grundst\u00fcck effektiv und gleichzeitig sehr stilvoll ab. Diese robusten Eichent\u00fcren sind blickdicht und mit einem Schloss versehen. Sie werden aus nachhaltigem, europ\u00e4ischen Eichenholz hergestellt. Die Tore brauchen nicht mit Holzschutzmitteln behandelt zu werden und altern auf eine sch\u00f6ne nat\u00fcrliche Weise.<\/p>\n<p>Die Standardh\u00f6he dieses Doppeltores betr\u00e4gt 180 cm.<\/p>\n<h2>Abschliessbare Eichenholzt\u00fcr<\/h2>\n<p>Die Eichenholzt\u00fcren sind mit einem Edelstahlschloss und mit einem T\u00fcrgriff ausgestattet. Das massive Eichenholz ist mit Edelstahln\u00e4geln befestigt.<\/p>\n<h2>Gesamtbreite Eichenholzt\u00fcr<\/h2>\n<p>Die Breitenma\u00dfe in der Preisliste beziehen sich auf das Tor allein; bitte beachten Sie, dass die Gesamtbreite auch die Torpfosten (2 x 15 cm) und die Zwischenr\u00e4ume zwischen den Pfosten, den Scharnieren und Torfl\u00fcgeln (insgesamt 3 x 2 cm) umfasst.<\/p>\n<p>Das 2-fl\u00fcgelige Eichenholztor ist in verschiedenen Breitenma\u00dfen und auch als <strong><a href=\"https:\/\/adequat.eu\/de\/produkt\/holztore\/gartentor-eiche-einzeln\/\">Einzeltor<\/a><\/strong> erh\u00e4ltlich. Der Preis f\u00fcr das Doppeltor entspricht dem Preis f\u00fcr zwei Einzeltore, abz\u00fcglich 65 \u20ac.<\/p>\n<h2>Gartent\u00fcr nach Ma\u00df<\/h2>\n<p>Wir stellen diese Tore in unserer eigenen hauseigenen Werkstatt her und k\u00f6nnen sie daher komplett nach Ihren Ma\u00dfen individualisieren. Haben Sie besondere W\u00fcnsche? Lassen Sie es uns wissen, wir denken gerne mit Ihnen mit und machen Ihnen ein Angebot f\u00fcr ein Eichenholztor nach Ma\u00df.<\/p>\n","protected":false},"excerpt":{"rendered":"<p>Gartent\u00fcr Eiche 2-fl\u00fcgelig Mit diesem doppeltem Eichenholztor schlie\u00dfen Sie Ihr Grundst\u00fcck effektiv und gleichzeitig sehr stilvoll ab. Diese robusten Eichent\u00fcren sind blickdicht und mit einem&#8230;<\/p>\n","protected":false},"featured_media":22428,"comment_status":"closed","ping_status":"closed","template":"","meta":{"_acf_changed":false,"inline_featured_image":false,"_trash_the_other_posts":false,"ep_exclude_from_search":false,"iawp_total_views":3322,"editor_notices":[]},"product_brand":[],"product_cat":[429,654,636],"product_tag":[],"class_list":{"0":"post-22364","1":"product","2":"type-product","3":"status-publish","4":"has-post-thumbnail","6":"product_cat-eiche","7":"product_cat-schloss","8":"product_cat-nach-mass","10":"first","11":"instock","12":"shipping-taxable","13":"purchasable","14":"product-type-composite"},"composite_virtual":false,"composite_layout":"single","composite_add_to_cart_form_location":"default","composite_editable_in_cart":false,"composite_sold_individually_context":"product","composite_shop_price_calc":"min_max","composite_components":[{"id":"1685017102","title":"Linker Torfl\u00fcgel","description":"","query_type":"product_ids","query_ids":[32990],"default_option_id":32990,"thumbnail_id":"","thumbnail_src":"","quantity_min":1,"quantity_max":1,"priced_individually":true,"shipped_individually":false,"optional":false,"discount":"","options_style":"dropdowns","pagination_style":"classic","display_prices":"absolute","show_sorting_options":false,"show_filtering_options":false,"attribute_filter_ids":[],"select_action":"view","product_title_visible":false,"product_descr_visible":false,"product_price_visible":true,"product_thumb_visible":false,"subtotal_visible_product":false,"subtotal_visible_cart":false,"subtotal_visible_orders":false},{"id":"1685017103","title":"Rechter Torfl\u00fcgel","description":"","query_type":"product_ids","query_ids":[32990],"default_option_id":32990,"thumbnail_id":"","thumbnail_src":"","quantity_min":1,"quantity_max":1,"priced_individually":true,"shipped_individually":false,"optional":false,"discount":"","options_style":"dropdowns","pagination_style":"classic","display_prices":"absolute","show_sorting_options":false,"show_filtering_options":false,"attribute_filter_ids":[],"select_action":"view","product_title_visible":false,"product_descr_visible":false,"product_price_visible":true,"product_thumb_visible":false,"subtotal_visible_product":false,"subtotal_visible_cart":false,"subtotal_visible_orders":false},{"id":"1731592775","title":"Torbeschl\u00e4ge im Lieferumfang enthalten","description":"","query_type":"product_ids","query_ids":[32999],"default_option_id":32999,"thumbnail_id":"","thumbnail_src":"","quantity_min":1,"quantity_max":1,"priced_individually":true,"shipped_individually":false,"optional":false,"discount":"","options_style":"dropdowns","pagination_style":"classic","display_prices":"absolute","show_sorting_options":false,"show_filtering_options":false,"attribute_filter_ids":[],"select_action":"view","product_title_visible":false,"product_descr_visible":false,"product_price_visible":true,"product_thumb_visible":false,"subtotal_visible_product":false,"subtotal_visible_cart":false,"subtotal_visible_orders":false},{"id":"1731592776","title":"Torpfosten","description":"","query_type":"product_ids","query_ids":[9360],"default_option_id":"","thumbnail_id":"","thumbnail_src":"","quantity_min":2,"quantity_max":2,"priced_individually":true,"shipped_individually":false,"optional":true,"discount":"","options_style":"radios","pagination_style":"classic","display_prices":"absolute","show_sorting_options":false,"show_filtering_options":false,"attribute_filter_ids":[],"select_action":"view","product_title_visible":false,"product_descr_visible":false,"product_price_visible":true,"product_thumb_visible":false,"subtotal_visible_product":false,"subtotal_visible_cart":false,"subtotal_visible_orders":false},{"id":"1731592777","title":"Bodenblock","description":"","query_type":"product_ids","query_ids":[9372],"default_option_id":"","thumbnail_id":"","thumbnail_src":"","quantity_min":1,"quantity_max":1,"priced_individually":true,"shipped_individually":false,"optional":true,"discount":"","options_style":"radios","pagination_style":"classic","display_prices":"absolute","show_sorting_options":false,"show_filtering_options":false,"attribute_filter_ids":[],"select_action":"view","product_title_visible":false,"product_descr_visible":false,"product_price_visible":true,"product_thumb_visible":false,"subtotal_visible_product":false,"subtotal_visible_cart":false,"subtotal_visible_orders":false}],"composite_scenarios":[],"acf":[],"_links":{"self":[{"href":"https:\/\/adequat.eu\/de\/wp-json\/wp\/v2\/product\/22364","targetHints":{"allow":["GET"]}}],"collection":[{"href":"https:\/\/adequat.eu\/de\/wp-json\/wp\/v2\/product"}],"about":[{"href":"https:\/\/adequat.eu\/de\/wp-json\/wp\/v2\/types\/product"}],"replies":[{"embeddable":true,"href":"https:\/\/adequat.eu\/de\/wp-json\/wp\/v2\/comments?post=22364"}],"wp:featuredmedia":[{"embeddable":true,"href":"https:\/\/adequat.eu\/de\/wp-json\/wp\/v2\/media\/22428"}],"wp:attachment":[{"href":"https:\/\/adequat.eu\/de\/wp-json\/wp\/v2\/media?parent=22364"}],"wp:term":[{"taxonomy":"product_brand","embeddable":true,"href":"https:\/\/adequat.eu\/de\/wp-json\/wp\/v2\/product_brand?post=22364"},{"taxonomy":"product_cat","embeddable":true,"href":"https:\/\/adequat.eu\/de\/wp-json\/wp\/v2\/product_cat?post=22364"},{"taxonomy":"product_tag","embeddable":true,"href":"https:\/\/adequat.eu\/de\/wp-json\/wp\/v2\/product_tag?post=22364"}],"curies":[{"name":"wp","href":"https:\/\/api.w.org\/{rel}","templated":true}]}}