{"id":22365,"date":"2023-05-25T08:26:16","date_gmt":"2023-05-25T06:26:16","guid":{"rendered":"https:\/\/adequat.eu\/de\/?post_type=product&#038;p=22365"},"modified":"2026-02-06T14:24:40","modified_gmt":"2026-02-06T13:24:40","slug":"eichentuer-zugangstor-eiche","status":"publish","type":"product","link":"https:\/\/adequat.eu\/de\/produkt\/holztore\/gartentor-eiche-einzeln\/","title":{"rendered":"Gartent\u00fcr Eiche einzeln mit Schloss"},"content":{"rendered":"<h2>Zugangst\u00fcr Eiche<\/h2>\n<p>Mit diesem Zugangstor (Eiche) schlie\u00dfen Sie Ihr Grundst\u00fcck effektiv und gleichzeitig sehr stilvoll ab. Die robusten Eichentore sind blickdicht und mit einem Schloss versehen. Sie werden aus nachhaltigem, europ\u00e4ischen Eichenholz hergestellt. Die Tore brauchen nicht mit Holzschutzmitteln behandelt zu werden und altern auf eine sch\u00f6ne nat\u00fcrliche Weise.<\/p>\n<p>Die Standardh\u00f6he betr\u00e4gt 180 cm. Das Eichentor\u00a0wird inklusive hochwertiger <a href=\"https:\/\/adequat.eu\/de\/produkt\/holzprodukte-2\/scharniere-und-schliesswerk\/eichenpfosten-mit-diamantkopf-in-verschiedenen-groessen\/\">Torpfosten mit Diamantkopf<\/a> in der Gr\u00f6\u00dfe 15\u00d715 cm und 280 cm L\u00e4nge geliefert.<\/p>\n<h2>Abschliessbares Zugangstor<\/h2>\n<p>Das Zugangstor ist mit einem Edelstahlschloss und mit einem T\u00fcrgriff ausgestattet. Das massive Eichenholz ist mit hochwertigen Edelstahln\u00e4geln befestigt.<\/p>\n<h2>Gesamtbreite Zugangstor Eiche<\/h2>\n<p>Die Breitenma\u00dfe in der Preisliste beziehen sich auf das Tor allein; bitte beachten Sie, dass die Gesamtbreite auch die Torpfosten (2 x 15 cm) und die Zwischenr\u00e4ume zwischen den Pfosten und den Scharnieren (insgesamt 2 x 2 cm) umfasst.<\/p>\n<p>Das Zugangstor (Eiche) ist in verschiedenen Breitenma\u00dfen und auch als <strong><a href=\"https:\/\/adequat.eu\/de\/produkt\/holztore\/gartentor-eiche-doppelt\/\">Doppeltor<\/a><\/strong> erh\u00e4ltlich. Der Preis f\u00fcr das Doppeltor entspricht dem Preis f\u00fcr zwei Einzeltore, abz\u00fcglich einem Rabatt von 65 \u20ac.<\/p>\n<h2>Zugangstor nach Mass<\/h2>\n<p>Wir stellen diese Zugangstore aus Eiche in unserer eigenen hauseigenen Werkstatt her und k\u00f6nnen sie daher komplett nach Ihren Ma\u00dfen individualisieren. Haben Sie besondere W\u00fcnsche? Lassen Sie es uns wissen, wir denken gerne mit Ihnen mit und machen Ihnen ein Angebot f\u00fcr ein Zugangstor nach Ma\u00df.<\/p>\n","protected":false},"excerpt":{"rendered":"<p>Zugangst\u00fcr Eiche Mit diesem Zugangstor (Eiche) schlie\u00dfen Sie Ihr Grundst\u00fcck effektiv und gleichzeitig sehr stilvoll ab. Die robusten Eichentore sind blickdicht und mit einem Schloss&#8230;<\/p>\n","protected":false},"featured_media":22429,"comment_status":"closed","ping_status":"closed","template":"","meta":{"_acf_changed":false,"inline_featured_image":false,"_trash_the_other_posts":false,"ep_exclude_from_search":false,"iawp_total_views":1369,"editor_notices":[]},"product_brand":[],"product_cat":[633,630,626,632,640,643,645,646,429,654],"product_tag":[],"class_list":{"0":"post-22365","1":"product","2":"type-product","3":"status-publish","4":"has-post-thumbnail","6":"product_cat-blickdicht","7":"product_cat-einzeltor","8":"product_cat-gartentore","9":"product_cat-modern","10":"product_cat-120-cm","11":"product_cat-150-cm","12":"product_cat-180-cm","13":"product_cat-200-cm","14":"product_cat-eiche","15":"product_cat-schloss","17":"first","18":"instock","19":"shipping-taxable","20":"purchasable","21":"product-type-composite"},"composite_virtual":false,"composite_layout":"single","composite_add_to_cart_form_location":"default","composite_editable_in_cart":false,"composite_sold_individually_context":"product","composite_shop_price_calc":"defaults","composite_components":[{"id":"1731591892","title":"Torfl\u00fcgel","description":"","query_type":"product_ids","query_ids":[32990],"default_option_id":32990,"thumbnail_id":"","thumbnail_src":"","quantity_min":1,"quantity_max":1,"priced_individually":true,"shipped_individually":false,"optional":false,"discount":"","options_style":"dropdowns","pagination_style":"classic","display_prices":"absolute","show_sorting_options":false,"show_filtering_options":false,"attribute_filter_ids":[],"select_action":"view","product_title_visible":false,"product_descr_visible":false,"product_price_visible":true,"product_thumb_visible":false,"subtotal_visible_product":false,"subtotal_visible_cart":false,"subtotal_visible_orders":false},{"id":"1731591893","title":"Torbeschl\u00e4ge im Lieferumfang enthalten","description":"","query_type":"product_ids","query_ids":[32998],"default_option_id":32998,"thumbnail_id":"","thumbnail_src":"","quantity_min":1,"quantity_max":1,"priced_individually":true,"shipped_individually":false,"optional":false,"discount":"","options_style":"dropdowns","pagination_style":"classic","display_prices":"absolute","show_sorting_options":false,"show_filtering_options":false,"attribute_filter_ids":[],"select_action":"view","product_title_visible":false,"product_descr_visible":false,"product_price_visible":true,"product_thumb_visible":false,"subtotal_visible_product":false,"subtotal_visible_cart":false,"subtotal_visible_orders":false},{"id":"1731591894","title":"Torpfosten","description":"","query_type":"product_ids","query_ids":[9360],"default_option_id":9360,"thumbnail_id":"","thumbnail_src":"","quantity_min":2,"quantity_max":2,"priced_individually":true,"shipped_individually":false,"optional":true,"discount":"","options_style":"radios","pagination_style":"classic","display_prices":"absolute","show_sorting_options":false,"show_filtering_options":false,"attribute_filter_ids":[],"select_action":"view","product_title_visible":false,"product_descr_visible":false,"product_price_visible":true,"product_thumb_visible":false,"subtotal_visible_product":false,"subtotal_visible_cart":false,"subtotal_visible_orders":false}],"composite_scenarios":[],"acf":[],"_links":{"self":[{"href":"https:\/\/adequat.eu\/de\/wp-json\/wp\/v2\/product\/22365","targetHints":{"allow":["GET"]}}],"collection":[{"href":"https:\/\/adequat.eu\/de\/wp-json\/wp\/v2\/product"}],"about":[{"href":"https:\/\/adequat.eu\/de\/wp-json\/wp\/v2\/types\/product"}],"replies":[{"embeddable":true,"href":"https:\/\/adequat.eu\/de\/wp-json\/wp\/v2\/comments?post=22365"}],"wp:featuredmedia":[{"embeddable":true,"href":"https:\/\/adequat.eu\/de\/wp-json\/wp\/v2\/media\/22429"}],"wp:attachment":[{"href":"https:\/\/adequat.eu\/de\/wp-json\/wp\/v2\/media?parent=22365"}],"wp:term":[{"taxonomy":"product_brand","embeddable":true,"href":"https:\/\/adequat.eu\/de\/wp-json\/wp\/v2\/product_brand?post=22365"},{"taxonomy":"product_cat","embeddable":true,"href":"https:\/\/adequat.eu\/de\/wp-json\/wp\/v2\/product_cat?post=22365"},{"taxonomy":"product_tag","embeddable":true,"href":"https:\/\/adequat.eu\/de\/wp-json\/wp\/v2\/product_tag?post=22365"}],"curies":[{"name":"wp","href":"https:\/\/api.w.org\/{rel}","templated":true}]}}