{"id":22904,"date":"2023-06-22T17:20:47","date_gmt":"2023-06-22T15:20:47","guid":{"rendered":"https:\/\/adequat.eu\/de\/?post_type=product&#038;p=22904"},"modified":"2025-06-06T15:27:25","modified_gmt":"2025-06-06T13:27:25","slug":"sichtschutz-haselnuss-150-x-150-cm","status":"publish","type":"product","link":"https:\/\/adequat.eu\/de\/produkt\/sichtschutz-holz\/flechtzaun\/sichtschutz-haselnuss-150-x-150-cm\/","title":{"rendered":"Sichtschutz Flechtzaun &#8211; Lamellenzaun Haselnuss 150 x 150 cm"},"content":{"rendered":"<h2>Sichtschutz aus Haselnuss 150 x 150 cm<\/h2>\n<p>Ein sch\u00f6ner Sichtschutz aus Haselnuss, bei dem halbrunde Holzlatten f\u00fcr einen besonders nat\u00fcrlichen, rustikalen Look verwendet wurden. Es entsteht der Eindruck, als ob das Holz &#8222;geflochten&#8220; sei.<\/p>\n<p>Die \u00e4u\u00dferen (senkrechten) Holzlatten bilden den Rahmen f\u00fcr die quer liegenden \u00a0Holzlatten und sind ebenfalls aus hochwertigem Haselnussholz gefertigt. Dieser sch\u00f6ne, robuste Sichtschutz misst 150 cm x 150 cm und ist montagefertig<\/p>\n<p>Diese Sichtschutz-Elemente aus Haselnuss eignen sich sehr gut, um einen 1,5 Meter hohen Zaun zu errichten. Oft werden diese Holzelemente auch verwendet, um einen bestimmten Bereich abzuschirmen, z.B. um dahinter M\u00fclltonnen, Gartenger\u00e4te oder Fahrr\u00e4der unterzubringen. So sind die Dinge, die man nicht den ganzen Tag sehen m\u00f6chte, im Handumdrehen au\u00dfer Sichtweite, ohne dass man sich eingesperrt f\u00fchlt. Diese verspielten Haselnussgeflecht-Elemente bringen Sichtschutz in den Garten, ohne dass der Eindruck einer &#8222;Mauer&#8220; entsteht. Denn es schein noch ein bisschen Licht durch die Holzstreben. So wirkt der Garten locker, leicht und frisch, vor allem aber sehr nat\u00fcrlich.<\/p>\n<h2>Sichtschutzelemente an Pf\u00e4hlen befestigen<\/h2>\n<p>Nat\u00fcrlich k\u00f6nnen Sie prinzipiell alle Arten von Holzpf\u00e4hlen f\u00fcr die Befestigung der Sichtschutzelemente verwenden. Damit ein \u00e4sthetisch sch\u00f6ner Gesamteindruck entsteht, empfehlen wir unsere <a href=\"https:\/\/adequat.eu\/de\/produkt\/holzpfaehle-holzpfosten\/kastanienpfaehle-kastanienpfosten\/vierkantpfosten-kastanie-abgerundet\/\">quadratischen Pf\u00e4hle aus Kastanie mit abgerundeten Kanten (10 cm Durchmesser, 270 cm L\u00e4nge)<\/a>. Die abgerundete Oberfl\u00e4che der Pf\u00e4hle eignet sich sehr gut, um die Rahmenlatte daran zu befestigen und es sieht ohne viel Aufwand einfach sehr sch\u00f6n aus.<\/p>\n<h2>Sichtschutz Haselnuss &#8211; Varianten<\/h2>\n<p>M\u00f6chten Sie einen h\u00f6heren Zaun (zum Beispiel zum Nachbargrundst\u00fcck), um einen besseren Sichtschutz zu gew\u00e4hrleisten? \u00a0Dann empfehlen wir den h\u00f6heren\u00a0<a href=\"https:\/\/adequat.eu\/de\/produkt\/sichtschutz-holz\/flechtzaun\/sichtschutz-haselnuss-180-x-150-cm\/\">Sichtschutz aus Haselnuss (180 cm H\u00f6he und 150 cm Breite<\/a>). \u00a0Damit schaffen Sie mehr Privatsph\u00e4re und haben gleichzeitig einen sehr nat\u00fcrlich wirkenden Gartenzaun.<\/p>\n","protected":false},"excerpt":{"rendered":"<p>Sichtschutz aus Haselnuss 150 x 150 cm Ein sch\u00f6ner Sichtschutz aus Haselnuss, bei dem halbrunde Holzlatten f\u00fcr einen besonders nat\u00fcrlichen, rustikalen Look verwendet wurden. Es&#8230;<\/p>\n","protected":false},"featured_media":22901,"comment_status":"closed","ping_status":"closed","template":"","meta":{"_acf_changed":false,"inline_featured_image":false,"_trash_the_other_posts":false,"ep_exclude_from_search":false,"iawp_total_views":954,"editor_notices":[]},"product_brand":[],"product_cat":[473,256,608,514],"product_tag":[],"class_list":{"0":"post-22904","1":"product","2":"type-product","3":"status-publish","4":"has-post-thumbnail","6":"product_cat-flechtzaun","7":"product_cat-sichtschutz-haselnuss-haselnusszaun","8":"product_cat-lamellenzaun","9":"product_cat-garten","11":"first","12":"instock","13":"shipping-taxable","14":"purchasable","15":"product-type-simple"},"composite_virtual":false,"composite_layout":"","composite_add_to_cart_form_location":"","composite_editable_in_cart":false,"composite_sold_individually_context":"","composite_shop_price_calc":"","composite_components":[],"composite_scenarios":[],"acf":[],"_links":{"self":[{"href":"https:\/\/adequat.eu\/de\/wp-json\/wp\/v2\/product\/22904","targetHints":{"allow":["GET"]}}],"collection":[{"href":"https:\/\/adequat.eu\/de\/wp-json\/wp\/v2\/product"}],"about":[{"href":"https:\/\/adequat.eu\/de\/wp-json\/wp\/v2\/types\/product"}],"replies":[{"embeddable":true,"href":"https:\/\/adequat.eu\/de\/wp-json\/wp\/v2\/comments?post=22904"}],"wp:featuredmedia":[{"embeddable":true,"href":"https:\/\/adequat.eu\/de\/wp-json\/wp\/v2\/media\/22901"}],"wp:attachment":[{"href":"https:\/\/adequat.eu\/de\/wp-json\/wp\/v2\/media?parent=22904"}],"wp:term":[{"taxonomy":"product_brand","embeddable":true,"href":"https:\/\/adequat.eu\/de\/wp-json\/wp\/v2\/product_brand?post=22904"},{"taxonomy":"product_cat","embeddable":true,"href":"https:\/\/adequat.eu\/de\/wp-json\/wp\/v2\/product_cat?post=22904"},{"taxonomy":"product_tag","embeddable":true,"href":"https:\/\/adequat.eu\/de\/wp-json\/wp\/v2\/product_tag?post=22904"}],"curies":[{"name":"wp","href":"https:\/\/api.w.org\/{rel}","templated":true}]}}