{"id":22905,"date":"2023-06-22T17:31:29","date_gmt":"2023-06-22T15:31:29","guid":{"rendered":"https:\/\/adequat.eu\/de\/?post_type=product&#038;p=22905"},"modified":"2025-06-06T15:28:02","modified_gmt":"2025-06-06T13:28:02","slug":"sichtschutz-haselnuss-180-x-150-cm","status":"publish","type":"product","link":"https:\/\/adequat.eu\/de\/produkt\/sichtschutz-holz\/flechtzaun\/sichtschutz-haselnuss-180-x-150-cm\/","title":{"rendered":"Sichtschutz Flechtzaun &#8211; Lamellenzaun Haselnuss 180 x 150 cm"},"content":{"rendered":"<h2>Sichtschutz aus Haselnuss 180 cm hoch<\/h2>\n<p>Ein sch\u00f6ner Sichtschutz aus Haselnuss, bei dem halbrunde Holzlatten f\u00fcr einen besonders nat\u00fcrlichen, rustikalen Look verwendet wurden. Es entsteht der Eindruck, als ob das Holz &#8222;geflochten&#8220; sei. Diese Art von Sichtschutzelement wird daher manchmal auch als &#8222;Flechtzaun&#8220; bezeichnet.<\/p>\n<p>Die \u00e4u\u00dferen (senkrechten) Holzlatten bilden den Rahmen f\u00fcr die quer liegenden \u00a0Holzlatten und sind ebenfalls aus hochwertigem Haselnussholz gefertigt. Dieser sch\u00f6ne, robuste Sichtschutz misst 180 cm x 150 cm und ist bereits fertig montiert. Sie brauchen die fertigen Holzpaneele nur noch an <a href=\"https:\/\/adequat.eu\/de\/produkte\/holzpfaehle-holzpfosten\/\">Pf\u00e4hlen<\/a> anzuschrauben. So ist Ihr Sichtschutzzaun im Handumdrehen aufgebaut!<\/p>\n<p>Diese Sichtschutz-Elemente aus Haselnuss eignen sich sehr gut, um einen 1,80 Meter hohen Zaun zu errichten. Mit dieser H\u00f6he erreicht man einen sehr guten Sichtschutz-Effekt, ohne dass der Eindruck einer &#8222;Mauer&#8220; entsteht. Denn es schein noch ein bisschen Licht durch die Holzstreben. So wirkt der Garten locker, leicht und frisch, vor allem aber sehr nat\u00fcrlich. Manchmal werden diese Holzpaneele aus Haselnuss auch verwendet, um eine unsch\u00f6ne Mauer effektiv mit abzudecken.<\/p>\n<h2>Sichtschutzelemente 180 x 150 cm an Pf\u00e4hlen befestigen<\/h2>\n<p>Nat\u00fcrlich k\u00f6nnen Sie prinzipiell alle Arten von Holzpf\u00e4hlen f\u00fcr die Befestigung der Sichtschutzelemente verwenden. Damit ein \u00e4sthetisch sch\u00f6ner Gesamteindruck entsteht, empfehlen wir unsere <a href=\"https:\/\/adequat.eu\/de\/produkt\/holzpfaehle-holzpfosten\/kastanienpfaehle-kastanienpfosten\/vierkantpfosten-kastanie-abgerundet\/\">quadratischen Pf\u00e4hle aus Kastanie mit abgerundeten Kanten (10 cm Durchmesser, 270 cm L\u00e4nge)<\/a>. Die abgerundete Oberfl\u00e4che der Pf\u00e4hle eignet sich sehr gut, um die Rahmenlatte daran zu befestigen und es sieht ohne viel Aufwand einfach sehr sch\u00f6n aus.<\/p>\n<h2>Sichtschutz Haselnuss &#8211; Varianten<\/h2>\n<p>Wir haben diesen <a href=\"https:\/\/adequat.eu\/de\/produkt\/sichtschutz-holz\/flechtzaun\/sichtschutz-haselnuss-150-x-150-cm\/\">Sichtschutz aus Haselnuss auch in einer H\u00f6he von 150 cm<\/a>. Diese H\u00f6he wird oft und gern verwendet, um einen Gartenbereich optisch leicht abzugrenzen, beispielsweise um dahinter Fahrr\u00e4der, M\u00fclltonnen, Gartenger\u00e4te oder \u00c4hnliches zu &#8222;verstecken&#8220;.<\/p>\n","protected":false},"excerpt":{"rendered":"<p>Sichtschutz aus Haselnuss 180 cm hoch Ein sch\u00f6ner Sichtschutz aus Haselnuss, bei dem halbrunde Holzlatten f\u00fcr einen besonders nat\u00fcrlichen, rustikalen Look verwendet wurden. Es entsteht&#8230;<\/p>\n","protected":false},"featured_media":22900,"comment_status":"closed","ping_status":"closed","template":"","meta":{"_acf_changed":false,"inline_featured_image":false,"_trash_the_other_posts":false,"ep_exclude_from_search":false,"iawp_total_views":1680,"editor_notices":[]},"product_brand":[],"product_cat":[473,256,608,514],"product_tag":[],"class_list":{"0":"post-22905","1":"product","2":"type-product","3":"status-publish","4":"has-post-thumbnail","6":"product_cat-flechtzaun","7":"product_cat-sichtschutz-haselnuss-haselnusszaun","8":"product_cat-lamellenzaun","9":"product_cat-garten","11":"first","12":"instock","13":"shipping-taxable","14":"purchasable","15":"product-type-simple"},"composite_virtual":false,"composite_layout":"","composite_add_to_cart_form_location":"","composite_editable_in_cart":false,"composite_sold_individually_context":"","composite_shop_price_calc":"","composite_components":[],"composite_scenarios":[],"acf":[],"_links":{"self":[{"href":"https:\/\/adequat.eu\/de\/wp-json\/wp\/v2\/product\/22905","targetHints":{"allow":["GET"]}}],"collection":[{"href":"https:\/\/adequat.eu\/de\/wp-json\/wp\/v2\/product"}],"about":[{"href":"https:\/\/adequat.eu\/de\/wp-json\/wp\/v2\/types\/product"}],"replies":[{"embeddable":true,"href":"https:\/\/adequat.eu\/de\/wp-json\/wp\/v2\/comments?post=22905"}],"wp:featuredmedia":[{"embeddable":true,"href":"https:\/\/adequat.eu\/de\/wp-json\/wp\/v2\/media\/22900"}],"wp:attachment":[{"href":"https:\/\/adequat.eu\/de\/wp-json\/wp\/v2\/media?parent=22905"}],"wp:term":[{"taxonomy":"product_brand","embeddable":true,"href":"https:\/\/adequat.eu\/de\/wp-json\/wp\/v2\/product_brand?post=22905"},{"taxonomy":"product_cat","embeddable":true,"href":"https:\/\/adequat.eu\/de\/wp-json\/wp\/v2\/product_cat?post=22905"},{"taxonomy":"product_tag","embeddable":true,"href":"https:\/\/adequat.eu\/de\/wp-json\/wp\/v2\/product_tag?post=22905"}],"curies":[{"name":"wp","href":"https:\/\/api.w.org\/{rel}","templated":true}]}}