{"id":23233,"date":"2023-07-13T16:11:42","date_gmt":"2023-07-13T14:11:42","guid":{"rendered":"https:\/\/adequat.eu\/de\/?post_type=product&#038;p=23233"},"modified":"2026-02-20T16:08:59","modified_gmt":"2026-02-20T15:08:59","slug":"knotengeflecht-zaun-weidezaun-80-cm","status":"publish","type":"product","link":"https:\/\/adequat.eu\/de\/produkt\/holzprodukte\/drahtgitter-maschendraht\/weidezaun-knotengeflecht\/knotengeflecht-zaun-weidezaun-80-cm\/","title":{"rendered":"Knotengeflecht Zaun &#8211; Weidezaun 80 cm hoch"},"content":{"rendered":"<h2>Knotengeflecht: Weidezaun \/ Drahtzaun 80 cm hoch<\/h2>\n<p>Bei diesem 80 cm hohen Knotengeflecht handelt es sich um einen Drahtzaun, der oft als Zaun f\u00fcr Schafe oder Ziegen eingesetzt wird. Eine H\u00f6he von 80\u2013100 cm ist die ideale H\u00f6he f\u00fcr einen Schafzaun.<\/p>\n<p>Der Weidezaun wird als 50-Meter-Rolle geliefert. Sie k\u00f6nnen mehrere Rollen Draht miteinander verbinden und den Draht an jeder Stelle k\u00fcrzen.<\/p>\n<p>Das Knotengeflecht besteht aus robustem, verzinktem Metalldraht. Die oberen und unteren Dr\u00e4hte sind dicker als die Zwischendr\u00e4hte. Dadurch wird die Festigkeit erh\u00f6ht. Bei diesem Knotengeflecht sind die oberen und unteren Dr\u00e4hte 3,7 mm und die Zwischendr\u00e4hte 3,0 mm stark. Diese schwerere Variante h\u00e4lt doppelt so lange wie die leichtere Variante.<\/p>\n<p>Die Maschenweite (der Abstand zwischen zwei Dr\u00e4hten) betr\u00e4gt 15 cm.<br \/>\nDas Geflecht wird durch 8 horizontale Dr\u00e4hte stabilisiert.<\/p>\n<h2>Knotengeflecht 80 cm H\u00f6he<\/h2>\n<p>Um das Knotengeflecht miteinander zu verbinden, verwendet man <strong><a href=\"https:\/\/adequat.eu\/de\/produkt\/holzprodukte\/drahtgitter-maschendraht\/zubehoer-drahtgitterzaun\/gripple-drahtverbinder-drahtspanner\/\">Drahtverbinder<\/a><\/strong> (auch Drahtspanner genannt).<\/p>\n<p>Sie ben\u00f6tigen folgende Drahtverbinder:<\/p>\n<ul>\n<li>Oberster Draht: 1 x Drahtverbinder Gr\u00f6\u00dfe L<\/li>\n<li>Mittlere Dr\u00e4hte: 6 x Drahtverbinder Gr\u00f6\u00dfe M<\/li>\n<li>Unterster Draht: 1 x Drahtverbinder Gr\u00f6\u00dfe L<\/li>\n<\/ul>\n<p>Mit der <strong><a href=\"https:\/\/adequat.eu\/de\/produkt\/holzprodukte\/drahtgitter-maschendraht\/zubehoer-drahtgitterzaun\/gripple-spannzange\/\">Gripple Spannzange<\/a><\/strong> k\u00f6nnen Sie die Dr\u00e4hte einfach miteinander verbinden.<\/p>\n<h2>Kontengeflecht befestigen<\/h2>\n<p>Das Knotengeflecht wird an <strong><a href=\"https:\/\/adequat.eu\/de\/produkte\/holzpfaehle-holzpfosten\/\">Holzpf\u00e4hlen<\/a><\/strong> befestigt. Stellen Sie die Pf\u00e4hle im Abstand von 2,5 bis 3 Meter auf. Damit die Pf\u00e4hle stabil stehen, sollten ein Drittel des Pfahls im Boden stehen. Wir empfehlen Pf\u00e4hle aus robusten, widerstandsf\u00e4higen Holzarten wie langlebigem Kastanien- und Robinienholz. W\u00e4hlen Sie Pf\u00e4hle mit 7-9 cm Durchmesser (Kastanie) oder Pf\u00e4hle mit 8-10 cm Durchmesser (Robinie). F\u00fcr die Eckpunkte empfehlen wir etwas dickere Pf\u00e4hle (10-12 cm) als stabile Eckpfosten.<\/p>\n<h3>Knotengeflecht mit Klammern an Pf\u00e4hlen befestigen<\/h3>\n<p>Sie k\u00f6nnen das Kontengeflecht ganz einfach mit <strong><a href=\"https:\/\/adequat.eu\/de\/produkt\/holzprodukte\/drahtgitter-maschendraht\/zubehoer-drahtgitterzaun\/krampen\/\">diesen Zaunklammern<\/a><\/strong> (auch Krampen genannt) an den Holzpf\u00e4hlen befestigen. An den Anfangs- und Endpfosten sowie an den Eckpfosten muss das Knotengeflecht stramm befestigt werden, indem Sie die Klammern fest einschlagen. An den \u00fcbrigen Pf\u00e4hlen sollten Sie die Klammern nicht fest einschlagen, damit sich der Draht noch etwas bewegen kann. Diese Klammern f\u00fchren das Knotengeflecht, damit der Draht. noch korrigiert und an den Ecken anschlie\u00dfend fest gespannt werden kann.<\/p>\n<h4>Dieser Drahtzaun ist auch in folgenden H\u00f6hen erh\u00e4ltlich:<\/h4>\n<ul>\n<li><strong><a href=\"https:\/\/adequat.eu\/de\/produkt\/holzprodukte\/drahtgitter-maschendraht\/weidezaun-knotengeflecht\/kontengeflecht-zaun-weidezaun-100-cm\/\">Knotengeflecht 100 cm<\/a><\/strong><\/li>\n<li><strong><a href=\"https:\/\/adequat.eu\/de\/produkt\/holzprodukte\/drahtgitter-maschendraht\/weidezaun-knotengeflecht\/knotengeflecht-zaun-weidezaun-120-cm\/\">Knotengeflecht 120 cm<\/a><\/strong><\/li>\n<li><strong><a href=\"https:\/\/adequat.eu\/de\/produkt\/holzprodukte\/drahtgitter-maschendraht\/weidezaun-knotengeflecht\/knotengeflecht-zaun-weidezaun-140-cm\/\">Knotengeflecht 140 cm<\/a><\/strong><\/li>\n<\/ul>\n","protected":false},"excerpt":{"rendered":"<p>Knotengeflecht: Weidezaun \/ Drahtzaun 80 cm hoch Bei diesem 80 cm hohen Knotengeflecht handelt es sich um einen Drahtzaun, der oft als Zaun f\u00fcr Schafe&#8230;<\/p>\n","protected":false},"featured_media":23232,"comment_status":"closed","ping_status":"closed","template":"","meta":{"_acf_changed":false,"inline_featured_image":false,"_trash_the_other_posts":false,"ep_exclude_from_search":false,"iawp_total_views":229,"editor_notices":[]},"product_brand":[],"product_cat":[476,518,516],"product_tag":[],"class_list":{"0":"post-23233","1":"product","2":"type-product","3":"status-publish","4":"has-post-thumbnail","6":"product_cat-weidezaun-knotengeflecht","7":"product_cat-hundezaun","8":"product_cat-schafzaun","10":"first","11":"instock","12":"shipping-taxable","13":"purchasable","14":"product-type-simple"},"composite_virtual":false,"composite_layout":"","composite_add_to_cart_form_location":"","composite_editable_in_cart":false,"composite_sold_individually_context":"","composite_shop_price_calc":"","composite_components":[],"composite_scenarios":[],"acf":[],"_links":{"self":[{"href":"https:\/\/adequat.eu\/de\/wp-json\/wp\/v2\/product\/23233","targetHints":{"allow":["GET"]}}],"collection":[{"href":"https:\/\/adequat.eu\/de\/wp-json\/wp\/v2\/product"}],"about":[{"href":"https:\/\/adequat.eu\/de\/wp-json\/wp\/v2\/types\/product"}],"replies":[{"embeddable":true,"href":"https:\/\/adequat.eu\/de\/wp-json\/wp\/v2\/comments?post=23233"}],"wp:featuredmedia":[{"embeddable":true,"href":"https:\/\/adequat.eu\/de\/wp-json\/wp\/v2\/media\/23232"}],"wp:attachment":[{"href":"https:\/\/adequat.eu\/de\/wp-json\/wp\/v2\/media?parent=23233"}],"wp:term":[{"taxonomy":"product_brand","embeddable":true,"href":"https:\/\/adequat.eu\/de\/wp-json\/wp\/v2\/product_brand?post=23233"},{"taxonomy":"product_cat","embeddable":true,"href":"https:\/\/adequat.eu\/de\/wp-json\/wp\/v2\/product_cat?post=23233"},{"taxonomy":"product_tag","embeddable":true,"href":"https:\/\/adequat.eu\/de\/wp-json\/wp\/v2\/product_tag?post=23233"}],"curies":[{"name":"wp","href":"https:\/\/api.w.org\/{rel}","templated":true}]}}