{"id":23235,"date":"2023-07-13T16:44:26","date_gmt":"2023-07-13T14:44:26","guid":{"rendered":"https:\/\/adequat.eu\/de\/?post_type=product&#038;p=23235"},"modified":"2026-01-23T14:15:43","modified_gmt":"2026-01-23T13:15:43","slug":"gripple-drahtverbinder-drahtspanner","status":"publish","type":"product","link":"https:\/\/adequat.eu\/de\/produkt\/holzprodukte\/drahtgitter-maschendraht\/zubehoer-drahtgitterzaun\/gripple-drahtverbinder-drahtspanner\/","title":{"rendered":"Gripple Drahtverbinder &#8211; Drahtspanner"},"content":{"rendered":"<p>Mit Gripple <strong>Drahtverbindern<\/strong>, auch <strong>Drahtspanner<\/strong> genannt, k\u00f6nnen Sie Drahtz\u00e4une einfach miteinander verbinden und fest spannen.<\/p>\n<p>Auf den Produktseiten der <strong><a href=\"https:\/\/adequat.eu\/de\/produkte\/holzprodukte\/drahtgitter-maschendraht\/weidezaun-knotengeflecht\/\">Drahtz\u00e4une (Knotengeflecht)<\/a><\/strong> finden Sie Angaben dazu, wie viele Drahtverbinder Sie f\u00fcr welchen Zaun in welcher Gr\u00f6\u00dfe ben\u00f6tigen.<\/p>\n<p>Als praktisches Werkzeug empfehlen wir die <strong><a href=\"https:\/\/adequat.eu\/de\/produkt\/holzprodukte\/drahtgitter-maschendraht\/zubehoer-drahtgitterzaun\/gripple-spannzange\/\">Gripple Spannzange<\/a><\/strong><a href=\"https:\/\/adequat.eu\/de\/produkt\/holzprodukte\/drahtgitter-maschendraht\/zubehoer-drahtgitterzaun\/gripple-spannzange\/\">.<\/a><\/p>\n<p>&nbsp;<\/p>\n","protected":false},"excerpt":{"rendered":"<p>Mit Gripple Drahtverbindern, auch Drahtspanner genannt, k\u00f6nnen Sie Drahtz\u00e4une einfach miteinander verbinden und fest spannen. Auf den Produktseiten der Drahtz\u00e4une (Knotengeflecht) finden Sie Angaben dazu,&#8230;<\/p>\n","protected":false},"featured_media":23230,"comment_status":"closed","ping_status":"closed","template":"","meta":{"_acf_changed":false,"inline_featured_image":false,"_trash_the_other_posts":false,"ep_exclude_from_search":false,"iawp_total_views":117,"editor_notices":[]},"product_brand":[],"product_cat":[477],"product_tag":[],"class_list":{"0":"post-23235","1":"product","2":"type-product","3":"status-publish","4":"has-post-thumbnail","6":"product_cat-zubehoer-drahtgitterzaun","8":"first","9":"instock","10":"shipping-taxable","11":"purchasable","12":"product-type-variable","13":"has-default-attributes"},"composite_virtual":false,"composite_layout":"","composite_add_to_cart_form_location":"","composite_editable_in_cart":false,"composite_sold_individually_context":"","composite_shop_price_calc":"","composite_components":[],"composite_scenarios":[],"acf":[],"_links":{"self":[{"href":"https:\/\/adequat.eu\/de\/wp-json\/wp\/v2\/product\/23235","targetHints":{"allow":["GET"]}}],"collection":[{"href":"https:\/\/adequat.eu\/de\/wp-json\/wp\/v2\/product"}],"about":[{"href":"https:\/\/adequat.eu\/de\/wp-json\/wp\/v2\/types\/product"}],"replies":[{"embeddable":true,"href":"https:\/\/adequat.eu\/de\/wp-json\/wp\/v2\/comments?post=23235"}],"wp:featuredmedia":[{"embeddable":true,"href":"https:\/\/adequat.eu\/de\/wp-json\/wp\/v2\/media\/23230"}],"wp:attachment":[{"href":"https:\/\/adequat.eu\/de\/wp-json\/wp\/v2\/media?parent=23235"}],"wp:term":[{"taxonomy":"product_brand","embeddable":true,"href":"https:\/\/adequat.eu\/de\/wp-json\/wp\/v2\/product_brand?post=23235"},{"taxonomy":"product_cat","embeddable":true,"href":"https:\/\/adequat.eu\/de\/wp-json\/wp\/v2\/product_cat?post=23235"},{"taxonomy":"product_tag","embeddable":true,"href":"https:\/\/adequat.eu\/de\/wp-json\/wp\/v2\/product_tag?post=23235"}],"curies":[{"name":"wp","href":"https:\/\/api.w.org\/{rel}","templated":true}]}}