{"id":23242,"date":"2023-07-13T17:44:51","date_gmt":"2023-07-13T15:44:51","guid":{"rendered":"https:\/\/adequat.eu\/de\/?post_type=product&#038;p=23242"},"modified":"2026-04-09T16:29:08","modified_gmt":"2026-04-09T14:29:08","slug":"krampen","status":"publish","type":"product","link":"https:\/\/adequat.eu\/de\/produkt\/holzprodukte\/drahtgitter-maschendraht\/zubehoer-drahtgitterzaun\/krampen\/","title":{"rendered":"Krampen &#8211; Zaunklammern &#8211; Drahtschlaufen"},"content":{"rendered":"<h2>Krampen f\u00fcr Drahtz\u00e4une<\/h2>\n<p>Mit diesen <strong>Krampen<\/strong> (auch <strong>Zaunklammern<\/strong> oder <strong>Drahtschlaufen<\/strong>) genannt k\u00f6nnen Sie Maschendrahtz\u00e4une jeglicher Art an Holzpf\u00e4hlen befestigen.<\/p>\n<p>Gr\u00f6\u00dfe der Krampen: 3,5 mm x 35 mm<\/p>\n<p>Die Zaunklammern eignen sich sowohl f\u00fcr das feinmaschige Sechseckgeflecht als auch f\u00fcr das grobmaschigere Knotengeflecht.<\/p>\n<h2>Verwendung der Zaunklammern<\/h2>\n<p>An den Anfangs- und Endpfosten sowie an den Eckpfosten werden die Krampen tief eingeschlagen, um den Drahtzaun stramm zu ziehen. An den Pfosten dazwischen werden die Krampen nicht so tief eingeschlagen, damit der Draht ein wenig Spielraum hat. Diese Die dazwischenliegenden Zaunklammern f\u00fchren den Draht, damit er an den Ende festgezurrt werden kann. So k\u00f6nnen Sie den Draht bei Bedarf besser spannen.<\/p>\n<p>Eine Packungen enth\u00e4lt 2,5 oder 5 Kilo Zaunklammern.<\/p>\n","protected":false},"excerpt":{"rendered":"<p>Krampen f\u00fcr Drahtz\u00e4une Mit diesen Krampen (auch Zaunklammern oder Drahtschlaufen) genannt k\u00f6nnen Sie Maschendrahtz\u00e4une jeglicher Art an Holzpf\u00e4hlen befestigen. Gr\u00f6\u00dfe der Krampen: 3,5 mm x&#8230;<\/p>\n","protected":false},"featured_media":23228,"comment_status":"closed","ping_status":"closed","template":"","meta":{"_acf_changed":false,"inline_featured_image":false,"_trash_the_other_posts":false,"ep_exclude_from_search":false,"iawp_total_views":180,"editor_notices":[]},"product_brand":[],"product_cat":[477,274],"product_tag":[],"class_list":{"0":"post-23242","1":"product","2":"type-product","3":"status-publish","4":"has-post-thumbnail","6":"product_cat-zubehoer-drahtgitterzaun","7":"product_cat-befestigungsmaterialien","9":"first","10":"instock","11":"shipping-taxable","12":"purchasable","13":"product-type-variable","14":"has-default-attributes"},"composite_virtual":false,"composite_layout":"","composite_add_to_cart_form_location":"","composite_editable_in_cart":false,"composite_sold_individually_context":"","composite_shop_price_calc":"","composite_components":[],"composite_scenarios":[],"acf":[],"_links":{"self":[{"href":"https:\/\/adequat.eu\/de\/wp-json\/wp\/v2\/product\/23242","targetHints":{"allow":["GET"]}}],"collection":[{"href":"https:\/\/adequat.eu\/de\/wp-json\/wp\/v2\/product"}],"about":[{"href":"https:\/\/adequat.eu\/de\/wp-json\/wp\/v2\/types\/product"}],"replies":[{"embeddable":true,"href":"https:\/\/adequat.eu\/de\/wp-json\/wp\/v2\/comments?post=23242"}],"wp:featuredmedia":[{"embeddable":true,"href":"https:\/\/adequat.eu\/de\/wp-json\/wp\/v2\/media\/23228"}],"wp:attachment":[{"href":"https:\/\/adequat.eu\/de\/wp-json\/wp\/v2\/media?parent=23242"}],"wp:term":[{"taxonomy":"product_brand","embeddable":true,"href":"https:\/\/adequat.eu\/de\/wp-json\/wp\/v2\/product_brand?post=23242"},{"taxonomy":"product_cat","embeddable":true,"href":"https:\/\/adequat.eu\/de\/wp-json\/wp\/v2\/product_cat?post=23242"},{"taxonomy":"product_tag","embeddable":true,"href":"https:\/\/adequat.eu\/de\/wp-json\/wp\/v2\/product_tag?post=23242"}],"curies":[{"name":"wp","href":"https:\/\/api.w.org\/{rel}","templated":true}]}}