{"id":23261,"date":"2023-07-16T19:36:36","date_gmt":"2023-07-16T17:36:36","guid":{"rendered":"https:\/\/adequat.eu\/de\/?post_type=product&#038;p=23261"},"modified":"2026-02-20T16:08:19","modified_gmt":"2026-02-20T15:08:19","slug":"huehnerdraht-kaninchendraht-rolle-50-meter","status":"publish","type":"product","link":"https:\/\/adequat.eu\/de\/produkt\/tierzaun\/huenerzaun\/huehnerdraht-rolle-50-meter\/","title":{"rendered":"H\u00fchnerdraht 50 Meter"},"content":{"rendered":"<h2>H\u00fchnerdraht: 50 Meter L\u00e4nge<\/h2>\n<p>Dieser H\u00fchnerdraht ist <strong>50 cm hoch<\/strong> und <strong>50 Meter lang<\/strong>. Der Draht wird aufgerollt geliefert.<\/p>\n<p>Bei diesem Spezialdraht handelt es sich um ein kleinmaschiges <b>Sechseckgeflecht f\u00fcr Kleintiere<\/b>. Daher ist das Sechseckgeflecht auch als <b>H\u00fchnerdraht <\/b>bekannt. Diese hochwertige Markendraht ist f\u00fcr seine Stabilit\u00e4t bekannt. Die Maschenweite betr\u00e4gt 25 mm und die Drahtst\u00e4rke 0,8 mm.<\/p>\n<p>Die kleinen Maschen begrenzen Ihr Tiergehege effektiv: Die Tiere k\u00f6nnen nicht nach au\u00dfen gelangen und anders herum k\u00f6nnen auch keine Raubtiere in das Gehege einbrechen. Zweiteres, also die Schutzfunktion ist meist noch wichtiger.<\/p>\n<p>Daher wird der H\u00fchnerdraht oft in Verbindung mit einem stabilen Holzzaun verwendet, z.B. mit unseren <a href=\"https:\/\/adequat.eu\/de\/produkte\/kastanienzaun-naturzaun\/staketenzaun\/\"><b>Staketenz\u00e4unen<\/b><\/a>. Diese Kombination sorgt daf\u00fcr, dass Ihre H\u00fchner oder auch Laufenten in ihrem Auslauf sicher sind und Raubtiere wie F\u00fcchse, Ratten und Marder keine Chance haben, in den Gehege zu gelangen. Da diese Raubtiere schlau und auch relativ stark sind, ist es wichtig einen stabilen H\u00fchnerdraht wie diesen zu verwenden. Die Drahtst\u00e4rke von 0,8 mm ist ideal f\u00fcr diesen Verwendungszweck.<\/p>\n<h2>H\u00fchnerdraht befestigen<\/h2>\n<p>Um den H\u00fchnerdraht zu befestigen, ben\u00f6tigen Sie <strong><a href=\"https:\/\/adequat.eu\/de\/produkte\/holzpfaehle-holzpfosten\/\">Holzpf\u00e4hle<\/a><\/strong>. Wir empfehlen Pf\u00e4hle aus Kastanie oder Robinie, da diese Holzarten besonders langlebig und widerstandsf\u00e4hig sind. Stellen Sie alle 2,5 bis 3 Meter einen Holzpfahl auf. Damit der Zaun stabil steht, sollte ein Drittel des Pfahls im Boden stehen, sodass zwei Drittel des Pfahls \u00fcber dem Boden stehen. F\u00fcr einen 50 cm hohen Zaun empfehlen wir 100 cm und 125 cm lange Holzpf\u00e4hle (je nach Durchmesser). Nachdem Sie die Pf\u00e4hle aufgestellt haben, k\u00f6nnen Sie das Maschendrahtgeflecht mit Klammern an den Pf\u00e4hlen befestigen.<\/p>\n<h2>Maschendraht am Staketenzaun<\/h2>\n<p>Unsere Staketenz\u00e4une werden h\u00e4ufig als H\u00fchnerz\u00e4une verwendet. Besonders bei einem gro\u00dfen Lattenabstand ist es sinnvoll, auf der Innenseite des Staketenzauns zus\u00e4tzlich H\u00fchnerdraht anzubringen. Sie k\u00f6nnen das Drahtgeflecht einfach mit den Klammern am Staketenzaun befestigen.<\/p>\n<p>Wenn Sie noch Fragen zu unserem H\u00fchnerdraht haben, kontaktieren Sie uns. Wir helfen Ihnen gern.<\/p>\n","protected":false},"excerpt":{"rendered":"<p>H\u00fchnerdraht: 50 Meter L\u00e4nge Dieser H\u00fchnerdraht ist 50 cm hoch und 50 Meter lang. Der Draht wird aufgerollt geliefert. Bei diesem Spezialdraht handelt es sich&#8230;<\/p>\n","protected":false},"featured_media":23231,"comment_status":"closed","ping_status":"closed","template":"","meta":{"_acf_changed":false,"inline_featured_image":false,"_trash_the_other_posts":false,"ep_exclude_from_search":false,"iawp_total_views":157,"editor_notices":[]},"product_brand":[],"product_cat":[520,517,475],"product_tag":[],"class_list":{"0":"post-23261","1":"product","2":"type-product","3":"status-publish","4":"has-post-thumbnail","6":"product_cat-gefluegelzaun","7":"product_cat-huenerzaun","8":"product_cat-sechseckgeflecht","10":"first","11":"instock","12":"shipping-taxable","13":"purchasable","14":"product-type-simple"},"composite_virtual":false,"composite_layout":"","composite_add_to_cart_form_location":"","composite_editable_in_cart":false,"composite_sold_individually_context":"","composite_shop_price_calc":"","composite_components":[],"composite_scenarios":[],"acf":[],"_links":{"self":[{"href":"https:\/\/adequat.eu\/de\/wp-json\/wp\/v2\/product\/23261","targetHints":{"allow":["GET"]}}],"collection":[{"href":"https:\/\/adequat.eu\/de\/wp-json\/wp\/v2\/product"}],"about":[{"href":"https:\/\/adequat.eu\/de\/wp-json\/wp\/v2\/types\/product"}],"replies":[{"embeddable":true,"href":"https:\/\/adequat.eu\/de\/wp-json\/wp\/v2\/comments?post=23261"}],"wp:featuredmedia":[{"embeddable":true,"href":"https:\/\/adequat.eu\/de\/wp-json\/wp\/v2\/media\/23231"}],"wp:attachment":[{"href":"https:\/\/adequat.eu\/de\/wp-json\/wp\/v2\/media?parent=23261"}],"wp:term":[{"taxonomy":"product_brand","embeddable":true,"href":"https:\/\/adequat.eu\/de\/wp-json\/wp\/v2\/product_brand?post=23261"},{"taxonomy":"product_cat","embeddable":true,"href":"https:\/\/adequat.eu\/de\/wp-json\/wp\/v2\/product_cat?post=23261"},{"taxonomy":"product_tag","embeddable":true,"href":"https:\/\/adequat.eu\/de\/wp-json\/wp\/v2\/product_tag?post=23261"}],"curies":[{"name":"wp","href":"https:\/\/api.w.org\/{rel}","templated":true}]}}