{"id":23799,"date":"2023-08-22T14:10:44","date_gmt":"2023-08-22T12:10:44","guid":{"rendered":"https:\/\/adequat.eu\/de\/?post_type=product&#038;p=23799"},"modified":"2026-02-26T15:05:42","modified_gmt":"2026-02-26T14:05:42","slug":"strassenlaterne-holz-victor","status":"publish","type":"product","link":"https:\/\/adequat.eu\/de\/produkt\/aussenleuchte-holz\/strassenlaterne-holz-victor\/","title":{"rendered":"Strassenlaterne Holz Victor"},"content":{"rendered":"<h3 class=\"tw-data-text tw-text-large tw-ta\" dir=\"ltr\" data-placeholder=\"Translation\"><span class=\"Y2IQFc\" lang=\"de\">NEU: Laternenpf\u00e4hle aus Holz <\/span><\/h3>\n<p class=\"tw-data-text tw-text-large tw-ta\" dir=\"ltr\" data-placeholder=\"Translation\"><span class=\"Y2IQFc\" lang=\"de\">Das Team von Ad\u00e9quat hat eine spezielle Stra\u00dfenlaterne aus Holz entwickelt, die eine ganz besondere und nat\u00fcrliche Atmosph\u00e4re im Au\u00dfenbereich schafft. Sowohl in privaten G\u00e4rten als auch in Parks und anderen \u00f6ffentlichen R\u00e4umen beleuchtet die Stra\u00dfenlaterne mit einem angenehmen, warmen Licht Wege und Stra\u00dfen.\u00a0<\/span><\/p>\n<p dir=\"ltr\" data-placeholder=\"Translation\">Diese besonderen Laternenpf\u00e4hle vereinen den nat\u00fcrlichen Charme von Holz mit einer praktischen Funktion. Das warme Licht der Laterne schafft eine nat\u00fcrliche Atmosph\u00e4re.<\/p>\n<p class=\"tw-data-text tw-text-large tw-ta\" dir=\"ltr\" data-placeholder=\"Translation\"><strong><span class=\"Y2IQFc\" lang=\"de\">Einsatzbereiche: <\/span><\/strong><\/p>\n<ul>\n<li dir=\"ltr\" data-placeholder=\"Translation\">G\u00e4rten &amp; Parks<\/li>\n<li class=\"tw-data-text tw-text-large tw-ta\" dir=\"ltr\" data-placeholder=\"Translation\"><span class=\"Y2IQFc\" lang=\"de\">Campingpl\u00e4tze &amp; Ferienparks<\/span><\/li>\n<li class=\"tw-data-text tw-text-large tw-ta\" dir=\"ltr\" data-placeholder=\"Translation\"><span class=\"Y2IQFc\" lang=\"de\">Einfahrten<\/span><\/li>\n<li class=\"tw-data-text tw-text-large tw-ta\" dir=\"ltr\" data-placeholder=\"Translation\"><span class=\"Y2IQFc\" lang=\"de\">Parkpl\u00e4tze <\/span><\/li>\n<li class=\"tw-data-text tw-text-large tw-ta\" dir=\"ltr\" data-placeholder=\"Translation\"><span class=\"Y2IQFc\" lang=\"de\">Rad- und Wanderwege<\/span><\/li>\n<\/ul>\n<p>Neben unseren hohen Laternenpf\u00e4hlen aus Holz finden Sie in unserem Sortiment auch halbhohe <a href=\"https:\/\/adequat.eu\/de\/produkte\/aussenleuchte-holz\/\">Wegeleuchten aus Holz<\/a>.<\/p>\n<h2 id=\"tw-target-text\" class=\"tw-data-text tw-text-large tw-ta\" dir=\"ltr\" data-placeholder=\"Translation\"><span class=\"Y2IQFc\" lang=\"de\">Merkmale Stra\u00dfenlaterne aus Holz:<\/span><\/h2>\n<ul>\n<li id=\"tw-target-text\" class=\"tw-data-text tw-text-large tw-ta\" dir=\"ltr\" data-placeholder=\"Translation\"><span class=\"Y2IQFc\" lang=\"de\"><strong>Nachhaltig und langlebig:<\/strong> Der Laternenpfahl besteht aus hochwertigem Edelkastanien-Holz, das extrem widerstandsf\u00e4hig ist. Dadurch weisen unsere Stra\u00dfenlaternen aus Holz eine besonders lange Lebensdauer auf. Durch die rustikal-nat\u00fcrlichen Holzoberfl\u00e4che der Laternenpf\u00e4hle entsteht ein besonderer Look.<\/span><\/li>\n<li class=\"tw-data-text tw-text-large tw-ta\" dir=\"ltr\" data-placeholder=\"Translation\"><span class=\"Y2IQFc\" lang=\"de\"><strong>L\u00e4nge:<\/strong> Die Laternenpf\u00e4hle aus Holz sind 300 cm lang. Andere Ma\u00dfe auf Anfrage m\u00f6glich.<\/span><\/li>\n<li class=\"tw-data-text tw-text-large tw-ta\" dir=\"ltr\" data-placeholder=\"Translation\"><span class=\"Y2IQFc\" lang=\"de\"><strong>Durchmesser:<\/strong> Die Laternenpf\u00e4hle haben einen Durchmesser von 16 bis 20 cm.<\/span><\/li>\n<li class=\"tw-data-text tw-text-large tw-ta\" dir=\"ltr\" data-placeholder=\"Translation\"><span class=\"Y2IQFc\" lang=\"de\"><strong>Warmes Stimmungslicht:<\/strong> Im Laternenpfahl wurde ein 60 cm langen LED-Streifen verbaut. Die Lichtfarbe ist wei\u00df.<\/span><\/li>\n<li class=\"tw-data-text tw-text-large tw-ta\" dir=\"ltr\" data-placeholder=\"Translation\"><span class=\"Y2IQFc\" lang=\"de\"><strong>Treiber:<\/strong> IP67-LED-Treiber, 230 VAC, 24 VDC Ausgang (nicht dimmbar) <\/span><\/li>\n<li class=\"tw-data-text tw-text-large tw-ta\" dir=\"ltr\" data-placeholder=\"Translation\"><span class=\"Y2IQFc\" lang=\"de\"><strong>Aufbau:<\/strong> Der Pfahl wird in einen verzinkten Erdanker gestellt. Dieser wird vorab in Beton gegossen. Dadurch kommt der Laternenpfahl nicht in direkten Kontakt mit dem Boden und die Stra\u00dfenlaterne h\u00e4lt deutlich l\u00e4nger.\u00a0<\/span><\/li>\n<li class=\"tw-data-text tw-text-large tw-ta\" dir=\"ltr\" data-placeholder=\"Translation\"><span class=\"Y2IQFc\" lang=\"de\"><strong>Witterungsbest\u00e4ndig:<\/strong> Unsere Stra\u00dfenlampe aus Holz ist speziell f\u00fcr den Au\u00dfenbereich konzipiert und besonders witterungsbest\u00e4ndig. Die Holzart (Edelkastanie) eignet sich perfekt f\u00fcr den Outdoor-Einsatz (<a href=\"https:\/\/adequat.eu\/de\/aktuell\/tips-tricks-deutsch\/haltbarkeit-von-kastanienholz\/\">Dauerhaftigkeitsklasse 2<\/a>). Auch unter widrigen Bedingungen bleibt das Holz intakt und sch\u00f6n. <\/span><\/li>\n<li class=\"tw-data-text tw-text-large tw-ta\" dir=\"ltr\" data-placeholder=\"Translation\"><span class=\"Y2IQFc\" lang=\"de\"><strong>Zeitloses Design:<\/strong> Die Stra\u00dfenlaterne aus Holz strahlt durch das geradlinige, nat\u00fcrliche Design eine zeitlose Sch\u00f6nheit aus. Die elegante und gleichzeitig robuste Form f\u00fcgt sich m\u00fchelos in jede Au\u00dfenumgebung ein und passt sowohl zu rustikalen, l\u00e4ndlichen Umgebungen als auch zu moderner Architektur.<\/span><\/li>\n<\/ul>\n","protected":false},"excerpt":{"rendered":"<p>NEU: Laternenpf\u00e4hle aus Holz Das Team von Ad\u00e9quat hat eine spezielle Stra\u00dfenlaterne aus Holz entwickelt, die eine ganz besondere und nat\u00fcrliche Atmosph\u00e4re im Au\u00dfenbereich schafft&#8230;.<\/p>\n","protected":false},"featured_media":23809,"comment_status":"closed","ping_status":"closed","template":"","meta":{"_acf_changed":false,"inline_featured_image":false,"_trash_the_other_posts":false,"ep_exclude_from_search":false,"iawp_total_views":442,"editor_notices":[]},"product_brand":[],"product_cat":[452,677],"product_tag":[],"class_list":{"0":"post-23799","1":"product","2":"type-product","3":"status-publish","4":"has-post-thumbnail","6":"product_cat-aussenleuchte-holz","7":"product_cat-strassenlaternen","9":"first","10":"instock","11":"shipping-taxable","12":"purchasable","13":"product-type-simple"},"composite_virtual":false,"composite_layout":"","composite_add_to_cart_form_location":"","composite_editable_in_cart":false,"composite_sold_individually_context":"","composite_shop_price_calc":"","composite_components":[],"composite_scenarios":[],"acf":[],"_links":{"self":[{"href":"https:\/\/adequat.eu\/de\/wp-json\/wp\/v2\/product\/23799","targetHints":{"allow":["GET"]}}],"collection":[{"href":"https:\/\/adequat.eu\/de\/wp-json\/wp\/v2\/product"}],"about":[{"href":"https:\/\/adequat.eu\/de\/wp-json\/wp\/v2\/types\/product"}],"replies":[{"embeddable":true,"href":"https:\/\/adequat.eu\/de\/wp-json\/wp\/v2\/comments?post=23799"}],"wp:featuredmedia":[{"embeddable":true,"href":"https:\/\/adequat.eu\/de\/wp-json\/wp\/v2\/media\/23809"}],"wp:attachment":[{"href":"https:\/\/adequat.eu\/de\/wp-json\/wp\/v2\/media?parent=23799"}],"wp:term":[{"taxonomy":"product_brand","embeddable":true,"href":"https:\/\/adequat.eu\/de\/wp-json\/wp\/v2\/product_brand?post=23799"},{"taxonomy":"product_cat","embeddable":true,"href":"https:\/\/adequat.eu\/de\/wp-json\/wp\/v2\/product_cat?post=23799"},{"taxonomy":"product_tag","embeddable":true,"href":"https:\/\/adequat.eu\/de\/wp-json\/wp\/v2\/product_tag?post=23799"}],"curies":[{"name":"wp","href":"https:\/\/api.w.org\/{rel}","templated":true}]}}