{"id":23926,"date":"2023-08-22T12:30:29","date_gmt":"2023-08-22T10:30:29","guid":{"rendered":"https:\/\/adequat.eu\/de\/?post_type=product&#038;p=23926"},"modified":"2026-01-09T12:17:51","modified_gmt":"2026-01-09T11:17:51","slug":"robinienbretter-mit-baumkante","status":"publish","type":"product","link":"https:\/\/adequat.eu\/de\/produkt\/holzprodukte\/gesaegtes-holz\/schnittholz-robinie\/robinienbretter-mit-baumkante\/","title":{"rendered":"Robinienbretter mit Baumkante"},"content":{"rendered":"<h2>Robinienbretter mit Baumkante<\/h2>\n<p>Robinienbretter mit Baumkante sind in folgenden Ma\u00dfen erh\u00e4ltlich:<\/p>\n<p>Dicke: 2,5 cm; Breite: 15 cm bis 22 cm; L\u00e4nge: 250 cm.<\/p>\n<p>Unter Baumkante versteht man die Rinde des Baums (auch als Borke bezeichnet). Die Bretter sind an den Au\u00dfenkanten also nicht ges\u00e4gt. Die nat\u00fcrliche Form des Baumstamms wird erhalten. Dies bedeutet, dass die Breite des Bretts von 15 bis 22 cm variieren kann.<\/p>\n<p>Holzbretter mit Baumkanten haben eine besondere Ausstrahlung, wodurch ein einzigartiger und verspielter Effekt entsteht.<\/p>\n<p>Robinienholz eignet sich perfekt f\u00fcr den Einsatz im Au\u00dfenbereich. Es ist extrem widerstandsf\u00e4hig und langlebig, was man alpin der Fachsprache als &#8222;dauerhaft&#8220; bezeichnet. Robinienholz geh\u00f6rt zur <a href=\"https:\/\/adequat.eu\/de\/service-contact\/\">Dauerhaftigkeitsklasse 1.<\/a><\/p>\n<p>Unsere Robinienbretter werden \u00fcbrigens nicht nur in der Gartengestaltung, sondern auch bei Bauprojekten, zum Beispiel zur Verkleidung von Fassaden und W\u00e4nden.<\/p>\n<p>In unserem Onlineshop finden Sie \u00fcbrigens auch <a href=\"https:\/\/adequat.eu\/de\/produkt\/holzprodukte\/gesaegtes-holz\/schnittholz-robinie\/robinie-bretter\/\">ges\u00e4gte Robinienbretter (<strong>ohne<\/strong> Baumkante)<\/a>.<\/p>\n<h2>Holzbretter nach Ma\u00df: Robinie mit Baumkante<\/h2>\n<p>In unserer Holzwerkstatt fertigen wir gern Robinienbretter nach Ma\u00df f\u00fcr Sie an. Kontaktieren Sie uns gern per E-Mail oder telefonisch und wir senden Ihnen ein Angebot f\u00fcr Ihre Wunschma\u00dfe.<\/p>\n","protected":false},"excerpt":{"rendered":"<p>Robinienbretter mit Baumkante Robinienbretter mit Baumkante sind in folgenden Ma\u00dfen erh\u00e4ltlich: Dicke: 2,5 cm; Breite: 15 cm bis 22 cm; L\u00e4nge: 250 cm. Unter Baumkante&#8230;<\/p>\n","protected":false},"featured_media":23931,"comment_status":"closed","ping_status":"closed","template":"","meta":{"_acf_changed":false,"inline_featured_image":false,"_trash_the_other_posts":false,"ep_exclude_from_search":false,"iawp_total_views":1302,"editor_notices":[]},"product_brand":[],"product_cat":[495],"product_tag":[],"class_list":{"0":"post-23926","1":"product","2":"type-product","3":"status-publish","4":"has-post-thumbnail","6":"product_cat-schnittholz-robinie","8":"first","9":"instock","10":"shipping-taxable","11":"purchasable","12":"product-type-simple"},"composite_virtual":false,"composite_layout":"","composite_add_to_cart_form_location":"","composite_editable_in_cart":false,"composite_sold_individually_context":"","composite_shop_price_calc":"","composite_components":[],"composite_scenarios":[],"acf":[],"_links":{"self":[{"href":"https:\/\/adequat.eu\/de\/wp-json\/wp\/v2\/product\/23926","targetHints":{"allow":["GET"]}}],"collection":[{"href":"https:\/\/adequat.eu\/de\/wp-json\/wp\/v2\/product"}],"about":[{"href":"https:\/\/adequat.eu\/de\/wp-json\/wp\/v2\/types\/product"}],"replies":[{"embeddable":true,"href":"https:\/\/adequat.eu\/de\/wp-json\/wp\/v2\/comments?post=23926"}],"wp:featuredmedia":[{"embeddable":true,"href":"https:\/\/adequat.eu\/de\/wp-json\/wp\/v2\/media\/23931"}],"wp:attachment":[{"href":"https:\/\/adequat.eu\/de\/wp-json\/wp\/v2\/media?parent=23926"}],"wp:term":[{"taxonomy":"product_brand","embeddable":true,"href":"https:\/\/adequat.eu\/de\/wp-json\/wp\/v2\/product_brand?post=23926"},{"taxonomy":"product_cat","embeddable":true,"href":"https:\/\/adequat.eu\/de\/wp-json\/wp\/v2\/product_cat?post=23926"},{"taxonomy":"product_tag","embeddable":true,"href":"https:\/\/adequat.eu\/de\/wp-json\/wp\/v2\/product_tag?post=23926"}],"curies":[{"name":"wp","href":"https:\/\/api.w.org\/{rel}","templated":true}]}}