{"id":23927,"date":"2023-08-22T12:30:54","date_gmt":"2023-08-22T10:30:54","guid":{"rendered":"https:\/\/adequat.eu\/de\/?post_type=product&#038;p=23927"},"modified":"2025-07-04T18:38:48","modified_gmt":"2025-07-04T16:38:48","slug":"robinie-bretter","status":"publish","type":"product","link":"https:\/\/adequat.eu\/de\/produkt\/holzprodukte\/gesaegtes-holz\/schnittholz-robinie\/robinie-bretter\/","title":{"rendered":"Robinienbretter"},"content":{"rendered":"<h2>Holzbretter aus Robinie<\/h2>\n<p><strong>Bretter aus Robinie f\u00fcr den Au\u00dfeneinsatz<\/strong><\/p>\n<p>Diese Robinienbretter sind auch an den Kanten ges\u00e4gt (keine Rinde\/Baumkante) und in unterschiedlichen Abmessungen erh\u00e4ltlich.<\/p>\n<p>Robinienholz ist das perfekte &#8222;Outdoor&#8220;-Holz, da es extrem widerstandsf\u00e4hig und langlebig ist. In der Fachsprache spricht man dann von einer &#8222;dauerhaften&#8220; Holzart. Robinienholz geh\u00f6rt zur <a href=\"https:\/\/adequat.eu\/de\/service-contact\/\">Dauerhaftigkeitsklasse 1<\/a>. Die Robinie z\u00e4hlt damit zu den widerstandsf\u00e4higsten und langlebigsten Holzarten Europas. \u00a0Durch seine speziellen Eigenschaften ist das Holz von Natur aus vor Feuchtigkeit und Witterungseinfl\u00fcssen gesch\u00fctzt.<\/p>\n<p>Diese Robinienbretter eignen sich hervorragend f\u00fcr die Herstellung von Gartenm\u00f6beln und sogar Baukonstruktionen. Das Holz h\u00e4lt im Au\u00dfenbereich mindestens 25 Jahre.<\/p>\n<h2>Massgefertigte Robinienbretter<\/h2>\n<p>Bei Ad\u00e9quat finden Sie Robinienbretter in unterschiedlichen Ma\u00dfen. Wir haben alle Bretter auf Lager und k\u00f6nnen direkt liefern.\u00a0In unserer hauseigenen Holzwerkstatt fertigen wir auch gern Produkte nach Ma\u00df f\u00fcr Sie an. Wenn Sie Fragen oder besondere W\u00fcnsche haben, z\u00f6gern Sie nicht, uns zu kontaktieren. Wir helfen Ihnen gern.<\/p>\n","protected":false},"excerpt":{"rendered":"<p>Holzbretter aus Robinie Bretter aus Robinie f\u00fcr den Au\u00dfeneinsatz Diese Robinienbretter sind auch an den Kanten ges\u00e4gt (keine Rinde\/Baumkante) und in unterschiedlichen Abmessungen erh\u00e4ltlich. Robinienholz&#8230;<\/p>\n","protected":false},"featured_media":23932,"comment_status":"closed","ping_status":"closed","template":"","meta":{"_acf_changed":false,"inline_featured_image":false,"_trash_the_other_posts":false,"ep_exclude_from_search":false,"iawp_total_views":3490,"editor_notices":[]},"product_brand":[],"product_cat":[495],"product_tag":[],"class_list":{"0":"post-23927","1":"product","2":"type-product","3":"status-publish","4":"has-post-thumbnail","6":"product_cat-schnittholz-robinie","8":"first","9":"instock","10":"shipping-taxable","11":"purchasable","12":"product-type-simple"},"composite_virtual":false,"composite_layout":"","composite_add_to_cart_form_location":"","composite_editable_in_cart":false,"composite_sold_individually_context":"","composite_shop_price_calc":"","composite_components":[],"composite_scenarios":[],"acf":[],"_links":{"self":[{"href":"https:\/\/adequat.eu\/de\/wp-json\/wp\/v2\/product\/23927","targetHints":{"allow":["GET"]}}],"collection":[{"href":"https:\/\/adequat.eu\/de\/wp-json\/wp\/v2\/product"}],"about":[{"href":"https:\/\/adequat.eu\/de\/wp-json\/wp\/v2\/types\/product"}],"replies":[{"embeddable":true,"href":"https:\/\/adequat.eu\/de\/wp-json\/wp\/v2\/comments?post=23927"}],"wp:featuredmedia":[{"embeddable":true,"href":"https:\/\/adequat.eu\/de\/wp-json\/wp\/v2\/media\/23932"}],"wp:attachment":[{"href":"https:\/\/adequat.eu\/de\/wp-json\/wp\/v2\/media?parent=23927"}],"wp:term":[{"taxonomy":"product_brand","embeddable":true,"href":"https:\/\/adequat.eu\/de\/wp-json\/wp\/v2\/product_brand?post=23927"},{"taxonomy":"product_cat","embeddable":true,"href":"https:\/\/adequat.eu\/de\/wp-json\/wp\/v2\/product_cat?post=23927"},{"taxonomy":"product_tag","embeddable":true,"href":"https:\/\/adequat.eu\/de\/wp-json\/wp\/v2\/product_tag?post=23927"}],"curies":[{"name":"wp","href":"https:\/\/api.w.org\/{rel}","templated":true}]}}