{"id":25285,"date":"2023-10-10T17:06:50","date_gmt":"2023-10-10T15:06:50","guid":{"rendered":"https:\/\/adequat.eu\/de\/?post_type=product&#038;p=25285"},"modified":"2026-02-20T16:12:38","modified_gmt":"2026-02-20T15:12:38","slug":"leichtes-knotengeflecht-zaun-150-cm-hoch","status":"publish","type":"product","link":"https:\/\/adequat.eu\/de\/produkt\/holzprodukte\/drahtgitter-maschendraht\/weidezaun-knotengeflecht\/leichtes-knotengeflecht-zaun-150-cm-hoch\/","title":{"rendered":"Leichtes Knotengeflecht Zaun 150 cm hoch"},"content":{"rendered":"<h2>Leichtes Knotengeflecht: Drahtzaun 150 cm hoch<\/h2>\n<p>Bei diesem 150 cm hohen <strong>leichten Knotengeflecht<\/strong> handelt es sich um einen preiswerten und hochwertigen\u00a0<strong>Crapal\u00ae2 Drahtzaun<\/strong>, der oft als Weidezaun und als Zaun f\u00fcr Schafe oder Ziegen eingesetzt wird.<\/p>\n<p>Diese leichte Variante verwendet <strong>d\u00fcnnere Dr\u00e4hte<\/strong> als unser <a href=\"https:\/\/adequat.eu\/de\/produkt\/holzprodukte\/drahtgitter-maschendraht\/weidezaun-knotengeflecht\/knotengeflecht-zaun-weidezaun-80-cm\/\"><strong>Standard-Knotengeflecht<\/strong><\/a>. Dadurch ist die leichte Variante deutlich <strong>g\u00fcnstiger<\/strong> und ausreichend f\u00fcr weniger extreme Anforderungen.<\/p>\n<p>Das leichte Knotengeflecht besteht aus robustem, verzinktem Metalldraht. Die oberen und unteren Dr\u00e4hte sind dicker als die Zwischendr\u00e4hte, um dem Drahtzaun mehr Festigkeit zu verleihen. Bei diesem leichten Knotengeflecht sind die oberen und unteren Dr\u00e4hte 2,4 mm und die Zwischendr\u00e4hte 1,9 mm stark.<\/p>\n<p>Die Maschenweite (der Abstand zwischen zwei vertikalen Dr\u00e4hten) betr\u00e4gt 15 cm.<br \/>\nDas 150 cm hohe Drahtgeflecht wird durch 19 horizontale Dr\u00e4hte stabilisiert.<\/p>\n<h2>Knotengeflecht verbinden<\/h2>\n<p>Dieser Drahtzaun wird als 50-Meter-Rolle geliefert. Wenn eine 50 Meter Rolle aufgebraucht ist, verbinden Sie den Drahtzaun einfach mit der n\u00e4chsten Rolle.<\/p>\n<p>Um zwei Drahtst\u00fccke miteinander zu verbinden, verwenden Sie f\u00fcr das leichte Knotengeflecht <strong><a href=\"https:\/\/adequat.eu\/de\/produkt\/holzprodukte\/drahtgitter-maschendraht\/zubehoer-drahtgitterzaun\/gripple-drahtverbinder-drahtspanner\/\">Drahtverbinder in der Gr\u00f6\u00dfe Medium<\/a><\/strong>. Pro horizontalem Draht ben\u00f6tigen Sie einen Drahtspanner (bei 19 horizontalen Dr\u00e4hten also insgesamt 19 St\u00fcck). Als hilfreiches Werkzeug empfehlen wir die <strong><a href=\"https:\/\/adequat.eu\/de\/produkt\/holzprodukte\/drahtgitter-maschendraht\/zubehoer-drahtgitterzaun\/gripple-spannzange\/\">Gripple Spannzange<\/a><\/strong>.<\/p>\n<p>Beispiel: F\u00fcr einen 200 Meter langen Zaun (Knotengeflecht leicht) in 150 cm H\u00f6he, bestellen Sie 4x 50 Meter Rollen und 4 x 19 Drahtverbinder Medium, eine Gripple Spannzange und Zaunklammern (siehe unten).<\/p>\n<p>Mit einer einfachen Kneifzange k\u00f6nnen Sie den Draht an jeder gew\u00fcnschten Stelle k\u00fcrzen.<\/p>\n<h2>Pf\u00e4hle f\u00fcr Drahtzaun<\/h2>\n<p>Das Knotengeflecht wird an <strong><a href=\"https:\/\/adequat.eu\/de\/produkte\/holzpfaehle-holzpfosten\/\">Holzpf\u00e4hlen<\/a><\/strong> befestigt. Stellen Sie die Pf\u00e4hle im Abstand von 2,5 bis 3 Meter auf. Damit die Pf\u00e4hle stabil stehen, sollten ein Drittel des Pfahls im Boden stehen. Wir empfehlen Pf\u00e4hle aus robusten, widerstandsf\u00e4higen Holzarten wie langlebigem <strong>Kastanien- und Robinienholz<\/strong>. W\u00e4hlen Sie Pf\u00e4hle mit 7-9 cm Durchmesser (Kastanie) oder Pf\u00e4hle mit 8-10 cm Durchmesser (Robinie). F\u00fcr die Eckpunkte empfehlen wir etwas dickere Pf\u00e4hle (10-12 cm) als stabile Eckpfosten.<\/p>\n<h3>Zaunklammern (Krampen)<\/h3>\n<p>Sie k\u00f6nnen das Knotengeflecht ganz einfach mit diesen <a href=\"https:\/\/adequat.eu\/de\/produkt\/holzprodukte\/drahtgitter-maschendraht\/zubehoer-drahtgitterzaun\/krampen\/\"><strong>Zaunklammern<\/strong><\/a> (auch Krampen genannt) an den Holzpf\u00e4hlen befestigen. An den Anfangs- und Endpfosten sowie an den Eckpfosten muss das Knotengeflecht stramm befestigt werden, indem Sie die Klammern fest einschlagen. An den \u00fcbrigen Pf\u00e4hlen sollten Sie die Klammern nicht fest einschlagen, damit sich der Draht noch etwas bewegen kann. Diese Klammern f\u00fchren das Knotengeflecht, sodass der Draht noch korrigiert und anschlie\u00dfend an den Ecken fest gespannt werden kann.<\/p>\n","protected":false},"excerpt":{"rendered":"<p>Leichtes Knotengeflecht: Drahtzaun 150 cm hoch Bei diesem 150 cm hohen leichten Knotengeflecht handelt es sich um einen preiswerten und hochwertigen\u00a0Crapal\u00ae2 Drahtzaun, der oft als&#8230;<\/p>\n","protected":false},"featured_media":23232,"comment_status":"closed","ping_status":"closed","template":"","meta":{"_acf_changed":false,"inline_featured_image":false,"_trash_the_other_posts":false,"ep_exclude_from_search":false,"iawp_total_views":153,"editor_notices":[]},"product_brand":[],"product_cat":[476,522,518,516,521],"product_tag":[],"class_list":{"0":"post-25285","1":"product","2":"type-product","3":"status-publish","4":"has-post-thumbnail","6":"product_cat-weidezaun-knotengeflecht","7":"product_cat-alpakazaun","8":"product_cat-hundezaun","9":"product_cat-schafzaun","10":"product_cat-wildzaun","12":"first","13":"instock","14":"shipping-taxable","15":"purchasable","16":"product-type-simple"},"composite_virtual":false,"composite_layout":"","composite_add_to_cart_form_location":"","composite_editable_in_cart":false,"composite_sold_individually_context":"","composite_shop_price_calc":"","composite_components":[],"composite_scenarios":[],"acf":[],"_links":{"self":[{"href":"https:\/\/adequat.eu\/de\/wp-json\/wp\/v2\/product\/25285","targetHints":{"allow":["GET"]}}],"collection":[{"href":"https:\/\/adequat.eu\/de\/wp-json\/wp\/v2\/product"}],"about":[{"href":"https:\/\/adequat.eu\/de\/wp-json\/wp\/v2\/types\/product"}],"replies":[{"embeddable":true,"href":"https:\/\/adequat.eu\/de\/wp-json\/wp\/v2\/comments?post=25285"}],"wp:featuredmedia":[{"embeddable":true,"href":"https:\/\/adequat.eu\/de\/wp-json\/wp\/v2\/media\/23232"}],"wp:attachment":[{"href":"https:\/\/adequat.eu\/de\/wp-json\/wp\/v2\/media?parent=25285"}],"wp:term":[{"taxonomy":"product_brand","embeddable":true,"href":"https:\/\/adequat.eu\/de\/wp-json\/wp\/v2\/product_brand?post=25285"},{"taxonomy":"product_cat","embeddable":true,"href":"https:\/\/adequat.eu\/de\/wp-json\/wp\/v2\/product_cat?post=25285"},{"taxonomy":"product_tag","embeddable":true,"href":"https:\/\/adequat.eu\/de\/wp-json\/wp\/v2\/product_tag?post=25285"}],"curies":[{"name":"wp","href":"https:\/\/api.w.org\/{rel}","templated":true}]}}