{"id":25320,"date":"2023-10-12T14:41:53","date_gmt":"2023-10-12T12:41:53","guid":{"rendered":"https:\/\/adequat.eu\/de\/?post_type=product&#038;p=25320"},"modified":"2026-03-31T23:43:19","modified_gmt":"2026-03-31T21:43:19","slug":"eckpfosten-kastanie-system-2-eckig","status":"publish","type":"product","link":"https:\/\/adequat.eu\/de\/produkt\/kastanienzaun-naturzaun\/post-and-rail-fencing-fence-weidezaun-holz\/eckpfosten-kastanie-system-2-eckig\/","title":{"rendered":"Eckpfosten Kastanie System 2 \u2013 Kantig"},"content":{"rendered":"<p>Eckiger Eckpfosten aus Kastanie f\u00fcr das 2-er System des Post and Rail Fencing. Die L\u00e4nge betr\u00e4gt ca. 200 cm. Davon befinden sich 80 cm bei der Platzierung im Boden. Daher betr\u00e4gt die effektive L\u00e4nge 120 cm.<\/p>\n<p>Kastanienholz ist langlebig und ben\u00f6tigt keine spezielle Behandlung oder Pflege.<\/p>\n<p>Der Eckpfosten f\u00fcr das System 2 ist Teil unserer Post &amp; Rail Fencing Z\u00e4une. Diese Z\u00e4une werden vor allem als Weidez\u00e4une und Koppelz\u00e4une verwendet.<\/p>\n<h2>Eckpfosten Kastanie Eckig \u2013 System 2 \u2013 in einem Post &amp; Rail Fence<\/h2>\n<p>Rechts oben auf dieser Seite finden Sie unseren praktischen <a href=\"https:\/\/adequat.eu\/de\/zaunkonfigurator-zaun-berechnen\/\">Zaun-Konfigurator<\/a>, mit dem Sie genau berechnen k\u00f6nnen, wieviel Riegel Sie f\u00fcr Ihren Post &amp; Rail Fence ben\u00f6tigen.<\/p>\n<p>Hier k\u00f6nnen Sie unverbindlich ein <a href=\"https:\/\/adequat.eu\/de\/angebot\/\">individuelles Angebot<\/a> anfordern.<\/p>\n","protected":false},"excerpt":{"rendered":"<p>Eckiger Eckpfosten aus Kastanie f\u00fcr das 2-er System des Post and Rail Fencing. Die L\u00e4nge betr\u00e4gt ca. 200 cm. Davon befinden sich 80 cm bei&#8230;<\/p>\n","protected":false},"featured_media":25860,"comment_status":"closed","ping_status":"closed","template":"","meta":{"_acf_changed":false,"inline_featured_image":false,"_trash_the_other_posts":false,"ep_exclude_from_search":false,"iawp_total_views":8,"editor_notices":[]},"product_brand":[],"product_cat":[247,522,246,523,730],"product_tag":[],"class_list":{"0":"post-25320","1":"product","2":"type-product","3":"status-publish","4":"has-post-thumbnail","6":"product_cat-post-and-rail-fencing-fence-weidezaun-holz","7":"product_cat-alpakazaun","8":"product_cat-kastanienzaun-naturzaun","9":"product_cat-pferdezaun","10":"product_cat-kastanie-post-rail","12":"first","13":"instock","14":"shipping-taxable","15":"purchasable","16":"product-type-simple"},"composite_virtual":false,"composite_layout":"","composite_add_to_cart_form_location":"","composite_editable_in_cart":false,"composite_sold_individually_context":"","composite_shop_price_calc":"","composite_components":[],"composite_scenarios":[],"acf":[],"_links":{"self":[{"href":"https:\/\/adequat.eu\/de\/wp-json\/wp\/v2\/product\/25320","targetHints":{"allow":["GET"]}}],"collection":[{"href":"https:\/\/adequat.eu\/de\/wp-json\/wp\/v2\/product"}],"about":[{"href":"https:\/\/adequat.eu\/de\/wp-json\/wp\/v2\/types\/product"}],"replies":[{"embeddable":true,"href":"https:\/\/adequat.eu\/de\/wp-json\/wp\/v2\/comments?post=25320"}],"wp:featuredmedia":[{"embeddable":true,"href":"https:\/\/adequat.eu\/de\/wp-json\/wp\/v2\/media\/25860"}],"wp:attachment":[{"href":"https:\/\/adequat.eu\/de\/wp-json\/wp\/v2\/media?parent=25320"}],"wp:term":[{"taxonomy":"product_brand","embeddable":true,"href":"https:\/\/adequat.eu\/de\/wp-json\/wp\/v2\/product_brand?post=25320"},{"taxonomy":"product_cat","embeddable":true,"href":"https:\/\/adequat.eu\/de\/wp-json\/wp\/v2\/product_cat?post=25320"},{"taxonomy":"product_tag","embeddable":true,"href":"https:\/\/adequat.eu\/de\/wp-json\/wp\/v2\/product_tag?post=25320"}],"curies":[{"name":"wp","href":"https:\/\/api.w.org\/{rel}","templated":true}]}}