{"id":25864,"date":"2023-11-09T16:06:28","date_gmt":"2023-11-09T15:06:28","guid":{"rendered":"https:\/\/adequat.eu\/de\/?post_type=product&#038;p=25864"},"modified":"2026-03-31T23:01:44","modified_gmt":"2026-03-31T21:01:44","slug":"pfosten-kastanie-eckig-system-3","status":"publish","type":"product","link":"https:\/\/adequat.eu\/de\/produkt\/kastanienzaun-naturzaun\/post-and-rail-fencing-fence-weidezaun-holz\/pfosten-kastanie-eckig-system-3\/","title":{"rendered":"Pfosten Kastanie System 3 &#8211; Kantig"},"content":{"rendered":"<p>Dieser Pfosten (engl: Post) aus Kastanienholz ist eckig und ungef\u00e4hr 200 cm lang. Von dieser L\u00e4nge werden beim Aufstellen 80 cm im Boden stehen. Die effektive H\u00f6he des Pfostens betr\u00e4gt also 120 cm.<\/p>\n<p>Kastanienholz ist eine sehr langlebige Holzart und ben\u00f6tigt keine Behandlung oder Pflege. Dieser Kastanienpfosten ist Teil unseres Post and Rail Zauns. Diese Z\u00e4une werden oft als Umz\u00e4unung von Weiden und als Koppelz\u00e4une verwendet.<\/p>\n<h2>Eckiger Pfosten aus Kastanie \u2013 3er System f\u00fcr Post &amp; Rail Fencing<\/h2>\n<p>Rechts oben auf dieser Seite finden Sie unseren praktischen <a href=\"https:\/\/adequat.eu\/de\/zaunkonfigurator-zaun-berechnen\/\">Zaun-Konfigurator<\/a>, mit dem Sie genau berechnen k\u00f6nnen, wieviel Pfosten Sie f\u00fcr Ihren Post &amp; Rail Fence ben\u00f6tigen. Alternativ k\u00f6nnen Sie hier unverbindlich ein auf Sie <a href=\"https:\/\/adequat.eu\/de\/angebot\/\">zugeschnittenes Angebot<\/a> anfordern.<\/p>\n","protected":false},"excerpt":{"rendered":"<p>Dieser Pfosten (engl: Post) aus Kastanienholz ist eckig und ungef\u00e4hr 200 cm lang. Von dieser L\u00e4nge werden beim Aufstellen 80 cm im Boden stehen. Die&#8230;<\/p>\n","protected":false},"featured_media":25857,"comment_status":"closed","ping_status":"closed","template":"","meta":{"_acf_changed":false,"inline_featured_image":false,"_trash_the_other_posts":false,"ep_exclude_from_search":false,"iawp_total_views":97,"editor_notices":[]},"product_brand":[],"product_cat":[247,522,246,523,730],"product_tag":[],"class_list":{"0":"post-25864","1":"product","2":"type-product","3":"status-publish","4":"has-post-thumbnail","6":"product_cat-post-and-rail-fencing-fence-weidezaun-holz","7":"product_cat-alpakazaun","8":"product_cat-kastanienzaun-naturzaun","9":"product_cat-pferdezaun","10":"product_cat-kastanie-post-rail","12":"first","13":"instock","14":"shipping-taxable","15":"purchasable","16":"product-type-simple"},"composite_virtual":false,"composite_layout":"","composite_add_to_cart_form_location":"","composite_editable_in_cart":false,"composite_sold_individually_context":"","composite_shop_price_calc":"","composite_components":[],"composite_scenarios":[],"acf":[],"_links":{"self":[{"href":"https:\/\/adequat.eu\/de\/wp-json\/wp\/v2\/product\/25864","targetHints":{"allow":["GET"]}}],"collection":[{"href":"https:\/\/adequat.eu\/de\/wp-json\/wp\/v2\/product"}],"about":[{"href":"https:\/\/adequat.eu\/de\/wp-json\/wp\/v2\/types\/product"}],"replies":[{"embeddable":true,"href":"https:\/\/adequat.eu\/de\/wp-json\/wp\/v2\/comments?post=25864"}],"wp:featuredmedia":[{"embeddable":true,"href":"https:\/\/adequat.eu\/de\/wp-json\/wp\/v2\/media\/25857"}],"wp:attachment":[{"href":"https:\/\/adequat.eu\/de\/wp-json\/wp\/v2\/media?parent=25864"}],"wp:term":[{"taxonomy":"product_brand","embeddable":true,"href":"https:\/\/adequat.eu\/de\/wp-json\/wp\/v2\/product_brand?post=25864"},{"taxonomy":"product_cat","embeddable":true,"href":"https:\/\/adequat.eu\/de\/wp-json\/wp\/v2\/product_cat?post=25864"},{"taxonomy":"product_tag","embeddable":true,"href":"https:\/\/adequat.eu\/de\/wp-json\/wp\/v2\/product_tag?post=25864"}],"curies":[{"name":"wp","href":"https:\/\/api.w.org\/{rel}","templated":true}]}}