{"id":26159,"date":"2024-01-11T19:39:12","date_gmt":"2024-01-11T18:39:12","guid":{"rendered":"https:\/\/adequat.eu\/de\/?post_type=product&#038;p=26159"},"modified":"2026-03-31T18:13:43","modified_gmt":"2026-03-31T16:13:43","slug":"endpfosten-robinie-rund-3-system","status":"publish","type":"product","link":"https:\/\/adequat.eu\/de\/produkt\/kastanienzaun-naturzaun\/post-and-rail-fencing-fence-weidezaun-holz\/endpfosten-robinie-rund-3-system\/","title":{"rendered":"Endpfosten Robinie System 3 \u2013 Rund"},"content":{"rendered":"<h2>Runder Pfosten f\u00fcr Ende des Zauns<\/h2>\n<p>Dieser spezielle Pfosten aus Robinie ist f\u00fcr Ende eines Post &amp; Rails Zaun mit 3 Querlatten (Riegeln) gedacht.<\/p>\n<h6>Pfosten f\u00fcr 120 cm hohen Zaun:<\/h6>\n<p>Der Robinienpfosten ist ca. 200 cm lang. Davon verschwinden ca. 80 cm beim Einschlagen des Pfostens unter der Erdoberfl\u00e4che. \u00a0Die \u00fcber dem Erdboden sichtbare H\u00f6he betr\u00e4gt also 120 cm<\/p>\n<h6>Extrem langlebiges und widerstandsf\u00e4higes Holz:<\/h6>\n<p>Robinienholz ist ein ideales Outdoor-Holz, da es sehr langlebig und widerstandsf\u00e4hig ist und keinerlei Pflege ben\u00f6tigt.<\/p>\n<h3>Endpfosten (Robinie) f\u00fcr Post &amp; Rail Z\u00e4une:<\/h3>\n<ul>\n<li>Mit diesem Endpfosten k\u00f6nnen Sie einen Post &amp; Rail Zaun auf sch\u00f6ne Weise abschlie\u00dfen, z. B. wenn Sie den Zaun bis zu einer Mauer verl\u00e4ngern m\u00f6chten. Die L\u00f6cher sind halb gebohrt und die Enden der Balken sind im Pfosten gut versteckt.<\/li>\n<li>Post &amp; Rail Z\u00e4une werden h\u00e4ufig f\u00fcr die Einz\u00e4unung von Wiesen und Weiden eingesetzt.<\/li>\n<li>Diese Pfosten sind auch <a href=\"https:\/\/adequat.eu\/de\/produkt\/kastanienzaun-naturzaun\/post-and-rail-fencing-fence-weidezaun-holz\/endpfosten-robinie-rund-2-system\/\">f\u00fcr das 2-er System<\/a> (d.h. mit zwei Querlatten) erh\u00e4ltlich.<\/li>\n<\/ul>\n<h6>Sollte ich Robinie oder Edelkastanie nehmen?<\/h6>\n<p>Robinienholz ist etwas langlebiger und widerstandsf\u00e4higer (in der Fachsprache &#8218;dauerhafter&#8216;) als Kastanienholz, aber das Holz ist etwas unregelm\u00e4\u00dfiger in der Form.<\/p>\n<p>Die Rinde der Robinie kann f\u00fcr Pferde gef\u00e4hrlich sein. Die Meinungen dar\u00fcber sind geteilt, aber wenn Sie den Post &amp; Rail Zaun f\u00fcr Pferde verwenden m\u00f6chten, raten wir vorsichtshalber dazu, Pf\u00e4hle aus Edelkastanie zu verwenden.<\/p>\n<h6>Wie viele Pfosten ben\u00f6tige ich?<\/h6>\n<p>Wenn Sie sich ausrechnen lassen m\u00f6chten, wie viele Pfosten Sie ben\u00f6tigen, k\u00f6nnen Sie daf\u00fcr unseren praktischen <a href=\"https:\/\/adequat.eu\/de\/zaunkonfigurator-zaun-berechnen\/\"><strong>Zaun-Konfigurator<\/strong> <\/a>verwenden. Damit k\u00f6nnen Sie genau berechnen, wie viel Material Sie ben\u00f6tigen. Alternativ k\u00f6nnen Sie ein individuell f\u00fcr Sie erstelltes <a href=\"https:\/\/adequat.eu\/de\/angebot\/formular\/\"><strong>Angebot<\/strong><\/a> bei uns anfordern.<\/p>\n","protected":false},"excerpt":{"rendered":"<p>Runder Pfosten f\u00fcr Ende des Zauns Dieser spezielle Pfosten aus Robinie ist f\u00fcr Ende eines Post &amp; Rails Zaun mit 3 Querlatten (Riegeln) gedacht. Pfosten&#8230;<\/p>\n","protected":false},"featured_media":26377,"comment_status":"closed","ping_status":"closed","template":"","meta":{"_acf_changed":false,"inline_featured_image":false,"_trash_the_other_posts":false,"ep_exclude_from_search":false,"iawp_total_views":43,"editor_notices":[]},"product_brand":[],"product_cat":[247,731],"product_tag":[],"class_list":{"0":"post-26159","1":"product","2":"type-product","3":"status-publish","4":"has-post-thumbnail","6":"product_cat-post-and-rail-fencing-fence-weidezaun-holz","7":"product_cat-robinie-post-rail","9":"first","10":"instock","11":"shipping-taxable","12":"purchasable","13":"product-type-simple"},"composite_virtual":false,"composite_layout":"","composite_add_to_cart_form_location":"","composite_editable_in_cart":false,"composite_sold_individually_context":"","composite_shop_price_calc":"","composite_components":[],"composite_scenarios":[],"acf":[],"_links":{"self":[{"href":"https:\/\/adequat.eu\/de\/wp-json\/wp\/v2\/product\/26159","targetHints":{"allow":["GET"]}}],"collection":[{"href":"https:\/\/adequat.eu\/de\/wp-json\/wp\/v2\/product"}],"about":[{"href":"https:\/\/adequat.eu\/de\/wp-json\/wp\/v2\/types\/product"}],"replies":[{"embeddable":true,"href":"https:\/\/adequat.eu\/de\/wp-json\/wp\/v2\/comments?post=26159"}],"wp:featuredmedia":[{"embeddable":true,"href":"https:\/\/adequat.eu\/de\/wp-json\/wp\/v2\/media\/26377"}],"wp:attachment":[{"href":"https:\/\/adequat.eu\/de\/wp-json\/wp\/v2\/media?parent=26159"}],"wp:term":[{"taxonomy":"product_brand","embeddable":true,"href":"https:\/\/adequat.eu\/de\/wp-json\/wp\/v2\/product_brand?post=26159"},{"taxonomy":"product_cat","embeddable":true,"href":"https:\/\/adequat.eu\/de\/wp-json\/wp\/v2\/product_cat?post=26159"},{"taxonomy":"product_tag","embeddable":true,"href":"https:\/\/adequat.eu\/de\/wp-json\/wp\/v2\/product_tag?post=26159"}],"curies":[{"name":"wp","href":"https:\/\/api.w.org\/{rel}","templated":true}]}}