{"id":26257,"date":"2024-01-11T11:25:40","date_gmt":"2024-01-11T10:25:40","guid":{"rendered":"https:\/\/adequat.eu\/de\/?post_type=product&#038;p=26257"},"modified":"2026-02-24T16:21:13","modified_gmt":"2026-02-24T15:21:13","slug":"sichtschutz-flechtzaun-lamellenzaun-kastanie-180-x-180-cm","status":"publish","type":"product","link":"https:\/\/adequat.eu\/de\/produkt\/sichtschutz-holz\/flechtzaun\/sichtschutz-flechtzaun-lamellenzaun-kastanie-180-x-180-cm\/","title":{"rendered":"Sichtschutz Flechtzaun &#8211; Lamellenzaun Kastanie 180 cm hoch"},"content":{"rendered":"<h2>Sichtschutz: Flechtzaun aus Kastanie &#8211; 180 cm hoch<\/h2>\n<p>Bei diesem <strong>Flechtzaun aus Kastanie<\/strong> in 180 cm H\u00f6he handelt es sich um gebrauchsfertige Sichtschutz-Paneele in verschiedenen Breiten (100 cm, 120 cm, 150 cm und 180 cm). Diese Art von Sichtschutzzaun aus Holz wird auch als <strong>Lamellenzaun<\/strong> bezeichnet. Der Zaun ist zu 100% aus langlebigem und widerstandsf\u00e4higem Edelkastanienholz gefertigt.<\/p>\n<ul>\n<li>Erh\u00e4ltliche H\u00f6hen &amp; Breiten: 100 cm, 120 cm, 150 cm, 180 cm<\/li>\n<\/ul>\n<h6>So fertigen wir den Flechtzaun:<\/h6>\n<p>Die Querlatten (auch Lamellen genannt) fertigen wir aus Kastanienpf\u00e4hlen mit 4-7 cm Durchmesser. Diese Pf\u00e4hle werden halbiert, d.h. der L\u00e4nge nach in zwei H\u00e4lften ges\u00e4gt, sodass halbrunde Lamellen entstehen. Dabei wird die nat\u00fcrlich Form des Holzes so weit wie m\u00f6glich beibehalten, damit der Flechtzaun einen nat\u00fcrlichen Look erh\u00e4lt.<\/p>\n<p>Die Querlatten (Lamellen) werden anschlie\u00dfend durch drei senkrechte Kanth\u00f6lzer (auch aus Edelkastanie) &#8218;geflochten&#8216; und fixiert. Die Kanth\u00f6lzer sind 4 cm dick und 5 cm breit. So entsteht ein sehr stabiler Sichtschutz.<\/p>\n<h2>Holz-Lamellenzaun 1,80 Meter hoch<\/h2>\n<p>Sie k\u00f6nnen die Lamellenzaun-Paneele schnell und einfach selbst aufstellen. Sie eignen sich sehr gut als Sichtschutz im Garten, auf der Terrasse oder um eine unansehnliche Wand oder eine andere unsch\u00f6ne Stelle zu verdecken. Sie k\u00f6nnen beispielsweise M\u00fclltonnen, Fahrr\u00e4der, Gartenger\u00e4te und \u00e4hnliches dahinter verbergen.<\/p>\n<p>Durch das nat\u00fcrliche Material schaffen Sie mit einem Lamellenzaun aus Kastanie\u00a0 eine gem\u00fctliche Atmosph\u00e4re im Au\u00dfenbereicht. Der Sichtschutz ist leicht lichtdurchl\u00e4ssig und eignet sich auch sehr gut f\u00fcr rankende Pflanzen.<\/p>\n<h6>Befestigung des Flechtzauns<\/h6>\n<p>Obwohl sich im Prinzip alle Holzpf\u00e4hle aus Kastanie zur Befestigung des Flechtzauns eignet, empfehlen wir <a href=\"https:\/\/adequat.eu\/de\/produkt\/holzpfaehle-holzpfosten\/kastanienpfaehle-kastanienpfosten\/vierkantpfosten-kastanie-abgerundet\/\">Vierkantpfosten aus Kastanie mit abgerundeten Ecken<\/a>. Die abgerundete Oberfl\u00e4che des Pfostens eignet sich sehr gut zum Anschrauben der Rahmenkanth\u00f6lzer (3 Schrauben \u00e0 100 mm oder 120 mm L\u00e4nge pro Seite). Dadurch entsteht ein optisch sch\u00f6ner, gerader Look.<\/p>\n<h6>Flechtzaun f\u00fcr windige Stellen:<\/h6>\n<p dir=\"auto\">Der Flechtzaun l\u00e4sst etwas Luft durch, sodass er keine dichte Wand bildet. Dadurch eignet sich dieser Sichtschutz perfekt f\u00fcr windige Stellen und kann dem Wind gut standhalten. Er bietet guten Schutz, ohne dass man sich eingeengt f\u00fchlt. Ein Sichtschutz aus Kastanienholz bringt Nat\u00fcrlichkeit, Langlebigkeit und eine lockere Optik in Ihren Garten.<\/p>\n<h6>Alternativ erh\u00e4ltlich: Ausf\u00fchrung aus Haselnuss<\/h6>\n<p>G\u00fcnstigere Variante, aber weniger langlebig: Dieser Lamellenzaun ist auch in Haselnuss erh\u00e4ltlich (Gr\u00f6\u00dfen 180 x 150 cm und 150 x 150 cm). Die Variante aus Haselnuss ist preislich etwas g\u00fcnstiger als die Ausf\u00fchrung aus Edelkastanie. Das liegt daran, dass Haselnussholz g\u00fcnstiger ist. Jedoch h\u00e4lt Edelkastanie auch 3x l\u00e4nger als Haselnussholz. Beachten Sie dies bitte unbedingt vor der Anschaffung. Je nach Verwendungszweck ist ratsam, den Unterschied in Bezug auf Haltbarkeit und Preis bei Ihrer Entscheidung miteinzubeziehen.<\/p>\n<h2>Flechtzaun nach Mass<\/h2>\n<p>Passen unsere Standardgr\u00f6\u00dfen nicht so richtig zu Ihrem Garten? Kein Problem! Gern fertigen wir die Sichtschutz-Elemente nach Ma\u00df f\u00fcr Sie an. Alle Ma\u00dfe zwischen 100 cm und 180 cm sind m\u00f6glich. M\u00f6chten Sie wissen, was eine Ma\u00dfanfertigung kostet? Die Preisangabe der n\u00e4chstgr\u00f6\u00dferen Standardgr\u00f6\u00dfe gibt Ihnen eine gute Orientierung. Sie k\u00f6nnen nat\u00fcrlich auch jederzeit ein unverbindliches Angebot bei uns anfordern. Wir freuen uns auf Ihre Nachricht.<\/p>\n<p><em><strong>Ihr Ad\u00e9quat Team<\/strong><\/em><\/p>\n","protected":false},"excerpt":{"rendered":"<p>Sichtschutz: Flechtzaun aus Kastanie &#8211; 180 cm hoch Bei diesem Flechtzaun aus Kastanie in 180 cm H\u00f6he handelt es sich um gebrauchsfertige Sichtschutz-Paneele in verschiedenen&#8230;<\/p>\n","protected":false},"featured_media":26370,"comment_status":"closed","ping_status":"closed","template":"","meta":{"_acf_changed":false,"inline_featured_image":false,"_trash_the_other_posts":false,"ep_exclude_from_search":false,"iawp_total_views":2327,"editor_notices":[]},"product_brand":[],"product_cat":[473,608,514],"product_tag":[],"class_list":{"0":"post-26257","1":"product","2":"type-product","3":"status-publish","4":"has-post-thumbnail","6":"product_cat-flechtzaun","7":"product_cat-lamellenzaun","8":"product_cat-garten","10":"first","11":"instock","12":"shipping-taxable","13":"purchasable","14":"product-type-variable","15":"has-default-attributes"},"composite_virtual":false,"composite_layout":"","composite_add_to_cart_form_location":"","composite_editable_in_cart":false,"composite_sold_individually_context":"","composite_shop_price_calc":"","composite_components":[],"composite_scenarios":[],"acf":[],"_links":{"self":[{"href":"https:\/\/adequat.eu\/de\/wp-json\/wp\/v2\/product\/26257","targetHints":{"allow":["GET"]}}],"collection":[{"href":"https:\/\/adequat.eu\/de\/wp-json\/wp\/v2\/product"}],"about":[{"href":"https:\/\/adequat.eu\/de\/wp-json\/wp\/v2\/types\/product"}],"replies":[{"embeddable":true,"href":"https:\/\/adequat.eu\/de\/wp-json\/wp\/v2\/comments?post=26257"}],"wp:featuredmedia":[{"embeddable":true,"href":"https:\/\/adequat.eu\/de\/wp-json\/wp\/v2\/media\/26370"}],"wp:attachment":[{"href":"https:\/\/adequat.eu\/de\/wp-json\/wp\/v2\/media?parent=26257"}],"wp:term":[{"taxonomy":"product_brand","embeddable":true,"href":"https:\/\/adequat.eu\/de\/wp-json\/wp\/v2\/product_brand?post=26257"},{"taxonomy":"product_cat","embeddable":true,"href":"https:\/\/adequat.eu\/de\/wp-json\/wp\/v2\/product_cat?post=26257"},{"taxonomy":"product_tag","embeddable":true,"href":"https:\/\/adequat.eu\/de\/wp-json\/wp\/v2\/product_tag?post=26257"}],"curies":[{"name":"wp","href":"https:\/\/api.w.org\/{rel}","templated":true}]}}