{"id":27363,"date":"2024-07-04T16:25:58","date_gmt":"2024-07-04T14:25:58","guid":{"rendered":"https:\/\/adequat.eu\/de\/?post_type=product&#038;p=27363"},"modified":"2025-11-21T10:03:33","modified_gmt":"2025-11-21T09:03:33","slug":"weidetor-kastanie-4-querlatten-einzeln","status":"publish","type":"product","link":"https:\/\/adequat.eu\/de\/produkt\/holztore\/hoftor-mit-strebe-4-querlatten-kastanie-einzeln\/","title":{"rendered":"Hoftor mit Strebe 4 Querlatten Kastanie einzeln"},"content":{"rendered":"<p>Dieses Weidetor aus Kastanie mit 4 Querlatten und Diagonalsrebe ist ein sch\u00f6nes, klassisches, l\u00e4ndliches Zugangs- und Einfahrtstor, das oft f\u00fcr Pferdekoppeln oder als Durchgang auf Bauernh\u00f6fen verwendet wird. Ein Tor, das nicht nur auf dem Land, sondern auch in der Stadt eine gute Figur macht! Dieses Zuantor verlieht Ihrem Holzzaun einen Hauch von englischem Charme!<\/p>\n<p>Durch die Verwendung der erh\u00f6hten Diagonalstrebe erh\u00e4lt dieses Weidetor einen traditionellen, edlen Look. Diese Diagonalstrebe hat \u00a0keinen funktionalen Wert, sondern wird aus rein \u00e4sthetischen Gr\u00fcnden eingesetzt. Wir stellen dieses langlebige Tor aus Kastanienholz mit 4 Querlatten auf traditionelle Art und Weise in unserer Holzwerkstatt in den Niederlanden her.<\/p>\n<p>Dieses Weidetor ist 2,5 cm starken Holzbrettern aus Kastanien (Edelkastanie \u2013 Dauerhaftigkeitsklasse 2) gefertigt. Die einzelnen Bretter wurden gehobelt und geschliffen. Die scharfen Kanten wurden gefr\u00e4st und sind daher leicht abgerundet. Das ist sicherer und sorgt gleichzeitig f\u00fcr ein gepflegtes Erscheinungsbild. Die vier Querlatten dieses Eingangstores sind je 18 cm breit und sind an der R\u00fcckseite des Tores aus mit Edelstahlschrauben und Leim am Rahmen befestigt. So entsteht eine sch\u00f6ne saubere Frontansicht (ohne unsch\u00f6ne Schraubenl\u00f6cher an der Vorderseite).<\/p>\n<h2>H\u00f6he und Breite<\/h2>\n<p>Das Weidetor mit 4 Querlatten hat eine 155 cm hohe Diagonalstrebe. Die oberste Querlatte schlie\u00dft auf einer H\u00f6he von 110 cm ab, und der traditionelle Kopf, der sich links oder rechts am Tor befindet, ist insgesamt 120 cm hoch. Dieses Holztor ist in verschiedenen Breiten von 120 cm bis 300 cm erh\u00e4ltlich.<\/p>\n<h2>Weidetor Kastanie mit 4 Latten als Einzel- oder Doppeltor<\/h2>\n<p>Dieses moderne Holztor aus Edelkastanie ist als Einzeltor, aber auch als Doppeltor erh\u00e4ltlich. Sie k\u00f6nnen selbst entscheiden, wie breit Ihr sein soll. Wir fertigen diese Tore jedoch nicht breiter als 250 cm pro Torfl\u00fcgel, weil ansonsten die Spannweite zu gro\u00df w\u00fcrde. Es best\u00fcnde dann die Gefahr, dass das Tor durchh\u00e4ngt. Das w\u00e4re nicht sch\u00f6n und k\u00e4me der Stabilit\u00e4t des Tores nicht zugute. Vielleicht m\u00f6chten Sie ein Tor, das aus zwei gleich breiten Teilen besteht, da ist sch\u00f6n als Eingangstor zu einer gro\u00dfen Einfahrt. Vielleicht aber bevorzugen Sie ein Doppeltor, das aus zwei ungleich breiten Torfl\u00fcgeln besteht. Also beispielsweise ein kleineres Tor f\u00fcr den t\u00e4glichen Gebrauch und ein breiteres Tor, wenn Sie mal mit einem gr\u00f6\u00dferen Fahrzeug auf das Gel\u00e4nde fahren m\u00f6chten. Beide Optionen sind m\u00f6glich und je nach Anwendungszweck sinnvoll. Vielleicht bevorzugen Sie ein Tor aus Kastanie mit mehr, aber daf\u00fcr schmaleren Querlatten? Auch das k\u00f6nnen wir f\u00fcr Sie anfertigen!<\/p>\n<p><strong>Passende Torbeschl\u00e4ge:<\/strong> Auf Wunsch liefern wir hochwertige Beschl\u00e4ge passend zu diesem Holztor. Damit sind die Scharniere und das Schlie\u00dfwerk gemeint, mit denen Sie das Tor schnell &amp; einfach an den Pfosten befestigen und aufstellen k\u00f6nnen. Oben k\u00f6nnen Sie w\u00e4hlen, ob wir das Tor ohne oder mit Beschl\u00e4gen liefern sollen. Die Scharniere sind verstellbar, sodass Sie das Tor jederzeit selbst justieren k\u00f6nnen, falls es mal aus irgendeinem Grund nicht ganz gerade h\u00e4ngen sollte.<\/p>\n<p><strong>Passende Torpfosten:<\/strong> Auf Wunsch liefern wir die passenden Torpfosten gleich mit. Zu diesem Tor empfehlen wir unsere <a href=\"https:\/\/adequat.eu\/de\/produkt\/holzprodukte-2\/scharniere-und-schliesswerk\/eichenpfosten-mit-diamantkopf-in-verschiedenen-groessen\/\">eckigen Eichenpfosten mit Diamantk\u00f6pfen<\/a>. Sie haben die Wahl zwischen 15 x 15 cm Pfosten mit einer L\u00e4nge von 210 cm oder 280 cm oder 20 x 20 cm Pfosten mit einer L\u00e4nge von 210 cm oder 280 cm. Wenn Sie sich unsicher sind, welche Torpfosten Sie w\u00e4hlen sollen, <a href=\"https:\/\/adequat.eu\/de\/service-contact\/\">kontaktieren Sie uns<\/a>. Unsere Experten helfen Ihnen gerne weiter.<\/p>\n<h3>Soll sich das Tor automatisch \u00f6ffnen?<\/h3>\n<p>Auf Wunsch k\u00f6nnen Sie dieses Holztor per Knopfdruck oder Anruf in einer Zentrale automatisch \u00f6ffnen lassen. Eine praktische L\u00f6sung! Dieses Holztor kann sehr einfach mit einer Torautomatik versehen werden. W\u00e4hlen Sie in diesem Fall die Option \u201everst\u00e4rkter Unterbalken\u201c. Der untere Balken wird dann mit einem zus\u00e4tzlichen Balken versehen, damit der Antrieb sicher befestigt werden kann. Bitte w\u00e4hlen Sie als Torpfosten dann unbedingt die <a href=\"https:\/\/adequat.eu\/de\/produkt\/holzprodukte-2\/scharniere-und-schliesswerk\/eichenpfosten-mit-diamantkopf-in-verschiedenen-groessen\/\">20 x 20 dicken Eichenpfosten mit Diamantkopf<\/a> aus, da diese Breite ben\u00f6tigt wird, um einen Drehtorantrieb zu befestigen.<\/p>\n<h3>Torpfosten f\u00fcr dieses Holztor ausw\u00e4hlen<\/h3>\n<p>Wenn Sie ein hochwertiges Holztor mit vielf\u00e4ltigen Optionen m\u00f6chten, raten wir dazu, die 20 x 20 cm dicken Torpfosten zu w\u00e4hlen. Dies verbessert nicht nur die Stabilit\u00e4t, sondern auch die Haltbarkeit Ihres Tores. Aus Erfahrung k\u00f6nnen wir sagen, dass Sie umso l\u00e4nger Freude an Ihrem Tor (und Zaun) haben, je stabiler der Torpfosten ist. Wenn Sie ein Tor mit allem Drum und Dran kaufen, w\u00e4re es schade, am Torpfosten zu sparen, denn diese sind entscheidend f\u00fcr die Haltbarkeit und Stabilit\u00e4t Ihres Holztores.<\/p>\n","protected":false},"excerpt":{"rendered":"<p>Dieses Weidetor aus Kastanie mit 4 Querlatten und Diagonalsrebe ist ein sch\u00f6nes, klassisches, l\u00e4ndliches Zugangs- und Einfahrtstor, das oft f\u00fcr Pferdekoppeln oder als Durchgang auf&#8230;<\/p>\n","protected":false},"featured_media":29586,"comment_status":"closed","ping_status":"closed","template":"","meta":{"_acf_changed":false,"inline_featured_image":false,"_trash_the_other_posts":false,"ep_exclude_from_search":false,"iawp_total_views":17,"editor_notices":[]},"product_brand":[],"product_cat":[630,631,640,643,646,649,624,653,636,35,627],"product_tag":[],"class_list":{"0":"post-27363","1":"product","2":"type-product","3":"status-publish","4":"has-post-thumbnail","6":"product_cat-einzeltor","7":"product_cat-laendlich","8":"product_cat-120-cm","9":"product_cat-150-cm","10":"product_cat-200-cm","11":"product_cat-250-cm","12":"product_cat-kastanie","13":"product_cat-antrieb","14":"product_cat-nach-mass","15":"product_cat-uncategorized","16":"product_cat-weidetore","18":"first","19":"instock","20":"shipping-taxable","21":"purchasable","22":"product-type-composite"},"composite_virtual":false,"composite_layout":"single","composite_add_to_cart_form_location":"default","composite_editable_in_cart":false,"composite_sold_individually_context":"product","composite_shop_price_calc":"defaults","composite_components":[{"id":"1721400615","title":"Torfl\u00fcgel","description":"","query_type":"product_ids","query_ids":[30328],"default_option_id":30328,"thumbnail_id":"","thumbnail_src":"","quantity_min":1,"quantity_max":1,"priced_individually":true,"shipped_individually":false,"optional":false,"discount":"","options_style":"dropdowns","pagination_style":"classic","display_prices":"absolute","show_sorting_options":false,"show_filtering_options":false,"attribute_filter_ids":[],"select_action":"view","product_title_visible":false,"product_descr_visible":false,"product_price_visible":true,"product_thumb_visible":false,"subtotal_visible_product":false,"subtotal_visible_cart":false,"subtotal_visible_orders":false},{"id":"1721400616","title":"Torbeschl\u00e4ge","description":"","query_type":"product_ids","query_ids":[30253],"default_option_id":"","thumbnail_id":"","thumbnail_src":"","quantity_min":1,"quantity_max":1,"priced_individually":true,"shipped_individually":false,"optional":true,"discount":"","options_style":"radios","pagination_style":"classic","display_prices":"absolute","show_sorting_options":false,"show_filtering_options":false,"attribute_filter_ids":[],"select_action":"view","product_title_visible":false,"product_descr_visible":false,"product_price_visible":true,"product_thumb_visible":false,"subtotal_visible_product":false,"subtotal_visible_cart":false,"subtotal_visible_orders":false},{"id":"1721400617","title":"Verst\u00e4rkter Unterbalken","description":"","query_type":"product_ids","query_ids":[30254],"default_option_id":"","thumbnail_id":"","thumbnail_src":"","quantity_min":1,"quantity_max":1,"priced_individually":true,"shipped_individually":false,"optional":true,"discount":"","options_style":"radios","pagination_style":"classic","display_prices":"absolute","show_sorting_options":false,"show_filtering_options":false,"attribute_filter_ids":[],"select_action":"view","product_title_visible":false,"product_descr_visible":false,"product_price_visible":true,"product_thumb_visible":false,"subtotal_visible_product":false,"subtotal_visible_cart":false,"subtotal_visible_orders":false},{"id":"1721400618","title":"Torpfosten","description":"","query_type":"product_ids","query_ids":[9360],"default_option_id":"","thumbnail_id":"","thumbnail_src":"","quantity_min":2,"quantity_max":2,"priced_individually":true,"shipped_individually":false,"optional":true,"discount":"","options_style":"radios","pagination_style":"classic","display_prices":"absolute","show_sorting_options":false,"show_filtering_options":false,"attribute_filter_ids":[],"select_action":"view","product_title_visible":false,"product_descr_visible":false,"product_price_visible":true,"product_thumb_visible":false,"subtotal_visible_product":false,"subtotal_visible_cart":false,"subtotal_visible_orders":false}],"composite_scenarios":[],"acf":[],"_links":{"self":[{"href":"https:\/\/adequat.eu\/de\/wp-json\/wp\/v2\/product\/27363","targetHints":{"allow":["GET"]}}],"collection":[{"href":"https:\/\/adequat.eu\/de\/wp-json\/wp\/v2\/product"}],"about":[{"href":"https:\/\/adequat.eu\/de\/wp-json\/wp\/v2\/types\/product"}],"replies":[{"embeddable":true,"href":"https:\/\/adequat.eu\/de\/wp-json\/wp\/v2\/comments?post=27363"}],"wp:featuredmedia":[{"embeddable":true,"href":"https:\/\/adequat.eu\/de\/wp-json\/wp\/v2\/media\/29586"}],"wp:attachment":[{"href":"https:\/\/adequat.eu\/de\/wp-json\/wp\/v2\/media?parent=27363"}],"wp:term":[{"taxonomy":"product_brand","embeddable":true,"href":"https:\/\/adequat.eu\/de\/wp-json\/wp\/v2\/product_brand?post=27363"},{"taxonomy":"product_cat","embeddable":true,"href":"https:\/\/adequat.eu\/de\/wp-json\/wp\/v2\/product_cat?post=27363"},{"taxonomy":"product_tag","embeddable":true,"href":"https:\/\/adequat.eu\/de\/wp-json\/wp\/v2\/product_tag?post=27363"}],"curies":[{"name":"wp","href":"https:\/\/api.w.org\/{rel}","templated":true}]}}