{"id":27367,"date":"2024-07-04T16:23:00","date_gmt":"2024-07-04T14:23:00","guid":{"rendered":"https:\/\/adequat.eu\/de\/?post_type=product&#038;p=27367"},"modified":"2025-11-21T10:01:33","modified_gmt":"2025-11-21T09:01:33","slug":"hoftor-modern-douglasie-4-querlatten-einzeln-mit-tradit-kopf","status":"publish","type":"product","link":"https:\/\/adequat.eu\/de\/produkt\/holztore\/hoftor-kopf-4-querlatten-douglasie-einzeln\/","title":{"rendered":"Hoftor Kopf 4 Querlatten Douglasie einzeln"},"content":{"rendered":"<p>Dieses Holztor aus Douglasie mit 4 Querlatten und traditionellem Kopf ist ein sch\u00f6nes, stilvolles und l\u00e4ndliches Tor, das bereits an vielen Orten seinen Platz gefunden hat. Auf dem Land ist es ein beliebtes Tor, aber es macht sich auch gut in einer Einfahrt oder als Gartentor. Es handelt sich um ein neutrales, modernes Holztor, dass sich \u00fcberall gut einf\u00fcgt. Das Design dieses traditionellen Holztores ist absichtlich schlicht und modern gehalten. Ein wahres Meisterwerk, das in der Ad\u00e9quat Werkstatt hergestellt wird.<\/p>\n<p><strong>Traditioneller Kopf:<\/strong> Damit sind die Erh\u00f6hungen an den beiden vertikalen Holzlatten gemeint, links und rechts oben am Tor. Dadurch erh\u00e4lt das Holztor einen traditionell-eleganten Look im franz\u00f6sischen und englischen Stil.<\/p>\n<p>Das Holztor besteht aus Douglasienbrettern (Dauerhaftigkeitsklasse 3) mit einer St\u00e4rke von 2,5 cm. Die Bretter sind gehobelt und geschliffen und die Ecken sind &#8218;gerundet&#8216;, d.h. die scharfen Kanten sind gefr\u00e4st und leicht abgerundet. Es gibt also keine scharfen Kanten, was das Tor zu einem sch\u00f6nen Handschmeichler macht! Die Bretter des Holztores sind 18 cm breit. Bei diesem Modell haben wir vier Bretter gleichm\u00e4\u00dfig auf den Rahmen verteilt. Die Bretter sind an der R\u00fcckseite des Tores mit Edelstahlschrauben und Leim am Rahmen befestigt. So entsteht ein stabiles und dichtes Erscheinungsbild, ohne dass an der Vorderseite Schraubl\u00f6cher sichtbar sind. Das schlanke Erscheinungsbild bleibt somit erhalten.<\/p>\n<h2>H\u00f6he und Breite<\/h2>\n<p>Die traditionellen K\u00f6pfe links und rechts am Tor sind insgesamt 120 cm hoch. Die oberste Querlatte ist 110 cm hoch.<\/p>\n<p>Das Tor ist in verschiedenen Breiten erh\u00e4ltlich.<\/p>\n<h2>Douglasientor mit 4 Latten als Einzel- oder Doppeltor<\/h2>\n<p>Dieses moderne Holztor aus Douglasie ist als Einzeltor, aber auch als Doppeltor erh\u00e4ltlich. Sie k\u00f6nnen selbst entscheiden, wie breit Ihr sein soll. Wir fertigen diese Tore jedoch nicht breiter als 350 cm pro Torfl\u00fcgel, weil ansonsten die Spannweite zu gro\u00df w\u00fcrde. Es best\u00fcnde dann die Gefahr, dass das Tor durchh\u00e4ngt. Das w\u00e4re nicht sch\u00f6n und k\u00e4me der Stabilit\u00e4t des Tores nicht zugute. Vielleicht m\u00f6chten Sie ein Tor, das aus zwei gleich breiten Teilen besteht, da ist sch\u00f6n als Eingangstor zu einer gro\u00dfen Einfahrt. Vielleicht aber bevorzugen Sie ein Doppeltor, das aus zwei ungleich breiten Torfl\u00fcgeln besteht. Also beispielsweise ein kleineres Tor f\u00fcr den t\u00e4glichen Gebrauch und ein breiteres Tor, wenn Sie mal mit einem gr\u00f6\u00dferen Fahrzeug auf das Gel\u00e4nde fahren m\u00f6chten. Beide Optionen sind m\u00f6glich und je nach Anwendungszweck sinnvoll. Vielleicht bevorzugen Sie ein Tor aus Douglasie mit mehr, aber daf\u00fcr schmaleren Querlatten? Auch das k\u00f6nnen wir f\u00fcr Sie anfertigen!<\/p>\n<p><strong>Passende Torbeschl\u00e4ge:<\/strong> Auf Wunsch liefern wir hochwertige Beschl\u00e4ge passend zu diesem Holztor. Damit sind die Scharniere und das Schlie\u00dfwerk gemeint, mit denen Sie das Tor schnell &amp; einfach an den Pfosten befestigen und aufstellen k\u00f6nnen. Oben k\u00f6nnen Sie w\u00e4hlen, ob wir das Tor ohne oder mit Beschl\u00e4gen liefern sollen. Die Scharniere sind verstellbar, sodass Sie das Tor jederzeit selbst justieren k\u00f6nnen, falls es mal aus irgendeinem Grund nicht ganz gerade h\u00e4ngen sollte.<\/p>\n<p><strong>Passende Torpfosten:<\/strong> Auf Wunsch liefern wir die passenden Torpfosten gleich mit. Zu diesem Tor empfehlen wir unsere <a href=\"https:\/\/adequat.eu\/de\/produkt\/holzprodukte-2\/scharniere-und-schliesswerk\/eichenpfosten-mit-diamantkopf-in-verschiedenen-groessen\/\">eckigen Eichenpfosten mit Diamantk\u00f6pfen<\/a>. Sie haben die Wahl zwischen 15 x 15 cm Pfosten mit einer L\u00e4nge von 210 cm oder 280 cm oder 20 x 20 cm Pfosten mit einer L\u00e4nge von 210 cm oder 280 cm. Wenn Sie sich unsicher sind, welche Torpfosten Sie w\u00e4hlen sollen, <a href=\"https:\/\/adequat.eu\/de\/service-contact\/\">kontaktieren Sie uns<\/a>. Unsere Experten helfen Ihnen gerne weiter.<\/p>\n<h3>Soll sich das Tor automatisch \u00f6ffnen?<\/h3>\n<p>Auf Wunsch k\u00f6nnen Sie dieses Holztor per Knopfdruck oder Anruf in einer Zentrale automatisch \u00f6ffnen lassen. Eine praktische L\u00f6sung! Dieses Holztor kann sehr einfach mit einer Torautomatik versehen werden. W\u00e4hlen Sie in diesem Fall die Option \u201everst\u00e4rkter Unterbalken\u201c. Der untere Balken wird dann mit einem zus\u00e4tzlichen Balken versehen, damit der Antrieb sicher befestigt werden kann. Bitte w\u00e4hlen Sie als Torpfosten dann unbedingt die <a href=\"https:\/\/adequat.eu\/de\/produkt\/holzprodukte-2\/scharniere-und-schliesswerk\/eichenpfosten-mit-diamantkopf-in-verschiedenen-groessen\/\">20 x 20 dicken Eichenpfosten mit Diamantkopf<\/a> aus, da diese Breite ben\u00f6tigt wird, um einen Drehtorantrieb zu befestigen.<\/p>\n<h3>Torpfosten f\u00fcr dieses Holztor ausw\u00e4hlen<\/h3>\n<p>Wenn Sie ein hochwertiges Holztor mit vielf\u00e4ltigen Optionen m\u00f6chten, raten wir dazu, die 20 x 20 cm dicken Torpfosten zu w\u00e4hlen. Dies verbessert nicht nur die Stabilit\u00e4t, sondern auch die Haltbarkeit Ihres Tores. Aus Erfahrung k\u00f6nnen wir sagen, dass Sie umso l\u00e4nger Freude an Ihrem Tor (und Zaun) haben, je stabiler der Torpfosten ist. Wenn Sie ein Tor mit allem Drum und Dran kaufen, w\u00e4re es schade, am Torpfosten zu sparen, denn diese sind entscheidend f\u00fcr die Haltbarkeit und Stabilit\u00e4t Ihres Holztores.<\/p>\n","protected":false},"excerpt":{"rendered":"<p>Dieses Holztor aus Douglasie mit 4 Querlatten und traditionellem Kopf ist ein sch\u00f6nes, stilvolles und l\u00e4ndliches Tor, das bereits an vielen Orten seinen Platz gefunden&#8230;<\/p>\n","protected":false},"featured_media":29422,"comment_status":"closed","ping_status":"closed","template":"","meta":{"_acf_changed":false,"inline_featured_image":false,"_trash_the_other_posts":false,"ep_exclude_from_search":false,"iawp_total_views":57,"editor_notices":[]},"product_brand":[],"product_cat":[625,630,631,640,643,646,649,651,653,636,627],"product_tag":[],"class_list":{"0":"post-27367","1":"product","2":"type-product","3":"status-publish","4":"has-post-thumbnail","6":"product_cat-douglasie","7":"product_cat-einzeltor","8":"product_cat-laendlich","9":"product_cat-120-cm","10":"product_cat-150-cm","11":"product_cat-200-cm","12":"product_cat-250-cm","13":"product_cat-300-cm","14":"product_cat-antrieb","15":"product_cat-nach-mass","16":"product_cat-weidetore","18":"first","19":"instock","20":"shipping-taxable","21":"purchasable","22":"product-type-composite"},"composite_virtual":false,"composite_layout":"single","composite_add_to_cart_form_location":"default","composite_editable_in_cart":false,"composite_sold_individually_context":"product","composite_shop_price_calc":"defaults","composite_components":[{"id":"1721396893","title":"Torfl\u00fcgel","description":"","query_type":"product_ids","query_ids":[30293],"default_option_id":30293,"thumbnail_id":"","thumbnail_src":"","quantity_min":1,"quantity_max":1,"priced_individually":true,"shipped_individually":false,"optional":false,"discount":"","options_style":"dropdowns","pagination_style":"classic","display_prices":"absolute","show_sorting_options":false,"show_filtering_options":false,"attribute_filter_ids":[],"select_action":"view","product_title_visible":false,"product_descr_visible":false,"product_price_visible":true,"product_thumb_visible":false,"subtotal_visible_product":false,"subtotal_visible_cart":false,"subtotal_visible_orders":false},{"id":"1721396894","title":"Torbeschl\u00e4ge","description":"","query_type":"product_ids","query_ids":[30253],"default_option_id":"","thumbnail_id":"","thumbnail_src":"","quantity_min":1,"quantity_max":1,"priced_individually":true,"shipped_individually":false,"optional":true,"discount":"","options_style":"radios","pagination_style":"classic","display_prices":"absolute","show_sorting_options":false,"show_filtering_options":false,"attribute_filter_ids":[],"select_action":"view","product_title_visible":false,"product_descr_visible":false,"product_price_visible":true,"product_thumb_visible":false,"subtotal_visible_product":false,"subtotal_visible_cart":false,"subtotal_visible_orders":false},{"id":"1721396895","title":"Verst\u00e4rkter Unterbalken","description":"","query_type":"product_ids","query_ids":[30254],"default_option_id":"","thumbnail_id":"","thumbnail_src":"","quantity_min":1,"quantity_max":1,"priced_individually":true,"shipped_individually":false,"optional":true,"discount":"","options_style":"radios","pagination_style":"classic","display_prices":"absolute","show_sorting_options":false,"show_filtering_options":false,"attribute_filter_ids":[],"select_action":"view","product_title_visible":false,"product_descr_visible":false,"product_price_visible":true,"product_thumb_visible":false,"subtotal_visible_product":false,"subtotal_visible_cart":false,"subtotal_visible_orders":false},{"id":"1721396896","title":"Torpfosten","description":"","query_type":"product_ids","query_ids":[9360],"default_option_id":"","thumbnail_id":"","thumbnail_src":"","quantity_min":2,"quantity_max":2,"priced_individually":true,"shipped_individually":false,"optional":true,"discount":"","options_style":"radios","pagination_style":"classic","display_prices":"absolute","show_sorting_options":false,"show_filtering_options":false,"attribute_filter_ids":[],"select_action":"view","product_title_visible":false,"product_descr_visible":false,"product_price_visible":true,"product_thumb_visible":false,"subtotal_visible_product":false,"subtotal_visible_cart":false,"subtotal_visible_orders":false}],"composite_scenarios":[],"acf":[],"_links":{"self":[{"href":"https:\/\/adequat.eu\/de\/wp-json\/wp\/v2\/product\/27367","targetHints":{"allow":["GET"]}}],"collection":[{"href":"https:\/\/adequat.eu\/de\/wp-json\/wp\/v2\/product"}],"about":[{"href":"https:\/\/adequat.eu\/de\/wp-json\/wp\/v2\/types\/product"}],"replies":[{"embeddable":true,"href":"https:\/\/adequat.eu\/de\/wp-json\/wp\/v2\/comments?post=27367"}],"wp:featuredmedia":[{"embeddable":true,"href":"https:\/\/adequat.eu\/de\/wp-json\/wp\/v2\/media\/29422"}],"wp:attachment":[{"href":"https:\/\/adequat.eu\/de\/wp-json\/wp\/v2\/media?parent=27367"}],"wp:term":[{"taxonomy":"product_brand","embeddable":true,"href":"https:\/\/adequat.eu\/de\/wp-json\/wp\/v2\/product_brand?post=27367"},{"taxonomy":"product_cat","embeddable":true,"href":"https:\/\/adequat.eu\/de\/wp-json\/wp\/v2\/product_cat?post=27367"},{"taxonomy":"product_tag","embeddable":true,"href":"https:\/\/adequat.eu\/de\/wp-json\/wp\/v2\/product_tag?post=27367"}],"curies":[{"name":"wp","href":"https:\/\/api.w.org\/{rel}","templated":true}]}}