{"id":30904,"date":"2024-08-16T13:05:47","date_gmt":"2024-08-16T11:05:47","guid":{"rendered":"https:\/\/adequat.eu\/de\/?post_type=product&#038;p=30904"},"modified":"2025-11-13T09:43:30","modified_gmt":"2025-11-13T08:43:30","slug":"geodome-gewaechshaus","status":"publish","type":"product","link":"https:\/\/adequat.eu\/de\/produkt\/holzprodukte\/goedaetische-kuppel-holz\/geodome-gewaechshaus\/","title":{"rendered":"Geodome Bausatz \u2013\u00a0Kuppelgew\u00e4chshaus"},"content":{"rendered":"<h2>Geodome kaufen<\/h2>\n<p>Dieses <strong>Kuppelgew\u00e4chshaus aus Holz<\/strong> (auch <strong>Geodome<\/strong> oder <strong>geod\u00e4tische Kuppel<\/strong> genannt) besteht aus einem kompletten DIY-Bau-Set, das Sie ganz einfach selbst zusammenstecken k\u00f6nnen. In diesem Bausatz ist alles enthalten, was Sie ben\u00f6tigen, um den Geodome selbst zu bauen. Sie erhalten die ben\u00f6tigten Holzlatten Zugschnitten auf die richtigen L\u00e4ngen und die Verbindungsteile. Einfacher und schnell k\u00f6nnen Sie einen Geodome nicht selbst bauen!<\/p>\n<p>Die geod\u00e4tische Kuppel ist in zwei Ausf\u00fchrungen erh\u00e4ltlich:<\/p>\n<ul>\n<li>ohne T\u00fcr\u00f6ffnung<\/li>\n<li>mit T\u00fcr\u00f6ffnung<\/li>\n<\/ul>\n<p>Sie k\u00f6nnen die geod\u00e4tische Kuppel in 3 Gr\u00f6\u00dfen bestellen:<\/p>\n<ul>\n<li>200 cm Durchmesser<\/li>\n<li>300 cm Durchmesser<\/li>\n<li>400 cm Durchmesser<\/li>\n<\/ul>\n<p>Fragen Sie sich, welche Gr\u00f6\u00dfe sich am besten f\u00fcr Ihren Verwendungszweck eignet? Kontaktieren Sie uns, wir beraten Sie gern.<\/p>\n<h3>Geodome ohne T\u00fcr\u00f6ffnung:<\/h3>\n<p>Das Geodome-Set ohne T\u00fcr\u00f6ffnung wird inkl. Kastanienholzlatten in den folgenden L\u00e4ngen geliefert:<\/p>\n<ul>\n<li>Geodome 200 cm Durchmesser: 30 kurze Latten (je 458 mm L\u00e4nge) und 35 lange Latten (je 530 mm L\u00e4nge)<\/li>\n<li>Geodome 300 cm Durchmesser: 30 kurze Latten (je 731 mm L\u00e4nge) und 35 lange Latten (je 839 mm L\u00e4nge).<\/li>\n<li>Geodome 400 cm Durchmesser: 30 kurze Latten (je 1005 mm L\u00e4nge) und 35 lange Latten (je 1148 mm L\u00e4nge).<\/li>\n<\/ul>\n<p>Die passende Anzahl an Verbindern ist selbstverst\u00e4ndlich im Bausatz inklusive und wird mitgeliefert.<\/p>\n<h3>Geodome mit T\u00fcr\u00f6ffnung:<\/h3>\n<p>Das Geodome-Set mit T\u00fcr\u00f6ffnung wird inkl. Kastanienholzlatten in den folgenden L\u00e4ngen geliefert:<\/p>\n<ul>\n<li>Geodome 200 cm Durchmesser: 50 kurze Latten (je 458 mm L\u00e4nge) und 45 lange Latten (je 530 mm L\u00e4nge) + 1 kurze T\u00fcrlatte (844 mm L\u00e4nge) und 1 lange T\u00fcrlatte (932 mm L\u00e4nge).<\/li>\n<li>Geodome 300 cm Durchmesser: 50 kurze Latten (je 731 mm L\u00e4nge) und 45 lange Latten (je 839 mm L\u00e4nge) + 1 kurze T\u00fcrlatte (1266 mm L\u00e4nge) und 1 lange T\u00fcrlatte (1398 mm L\u00e4nge).<\/li>\n<li>Geodome 400 cm Durchmesser: 50 kurze Latten (je 1005 mm L\u00e4nge) und 45 lange Latten (je 1148 mm L\u00e4nge) + 1 kurze T\u00fcrlatte (1864 mm L\u00e4nge) und 1 lange T\u00fcrlatte (1888 mm L\u00e4nge).<\/li>\n<\/ul>\n<p>Die passende Anzahl an Verbindern ist selbstverst\u00e4ndlich im Bausatz inklusive und wird mitgeliefert.<\/p>\n<p>Die T\u00fcr ist nicht im Lieferumfang enthalten. Sie erhalten eine Kuppel mit einer \u00d6ffnung, in die Sie auf Wunsch eine T\u00fcr einbauen k\u00f6nnen.<\/p>\n<h3>Verbinder f\u00fcr geod\u00e4tische Kuppel<\/h3>\n<p>Die Verbinder f\u00fcr den Geodome sind bereits im Bausatz enthalten. Sie k\u00f6nnen also sofort loslegen! Alles hat die richtige Gr\u00f6\u00dfe, Verbinder und Holzst\u00fccke passen genau zusammen. Alles liefern wir mit unseren eigenen LKW&#8217;s direkt zu Ihnen nach Hause.<\/p>\n<h3>Konstruktion erh\u00f6hen<\/h3>\n<p>Wenn Sie Ihre geod\u00e4tische Kuppel h\u00f6her setzen m\u00f6chten, k\u00f6nnen Sie das Gesamtkonstrukt mithilfe von Pfosten, die als Stelzen dienen, erh\u00f6hen:<\/p>\n<p>Daf\u00fcr empfehlen wir folgende Pfosten:<\/p>\n<ul>\n<li><a href=\"https:\/\/adequat.eu\/de\/produkt\/holzpfaehle-holzpfosten\/kastanienpfaehle-kastanienpfosten\/zaunpfahl-kastanie\/\">Kastanienpf\u00e4hle mit 7-9 cm Durchmesser<\/a><\/li>\n<li><a href=\"https:\/\/adequat.eu\/de\/produkt\/holzpfaehle-holzpfosten\/kastanienpfaehle-kastanienpfosten\/zaunpfosten-kastanie\/?attribute_pa_length=100-cm&amp;quantity=1\">Kastanienpf\u00e4hle mit 10-12 cm Durchmesser<\/a><\/li>\n<\/ul>\n<p>Die ben\u00f6tigte L\u00e4nge h\u00e4ngt davon ab, auf welche H\u00f6he Sie die Kuppel setzen m\u00f6chten.<\/p>\n<p>Beachten Sie, dass die Pf\u00e4hle so tief einschlagenden werden sollten, dass ca. ein Drittel unter der Erdoberfl\u00e4che verschwindet, damit die Konstruktion stabil steht. Sie ben\u00f6tigen zehn Pfosten, um die Kuppel auf Pfosten zu setzen.<\/p>\n<h3>Fragen zum Geodome?<\/h3>\n<p>Kontaktieren Sie uns. Wir helfen Ihnen gern weiter.<\/p>\n","protected":false},"excerpt":{"rendered":"<p>Geodome kaufen Dieses Kuppelgew\u00e4chshaus aus Holz (auch Geodome oder geod\u00e4tische Kuppel genannt) besteht aus einem kompletten DIY-Bau-Set, das Sie ganz einfach selbst zusammenstecken k\u00f6nnen. In&#8230;<\/p>\n","protected":false},"featured_media":30928,"comment_status":"closed","ping_status":"closed","template":"","meta":{"_acf_changed":false,"inline_featured_image":false,"_trash_the_other_posts":false,"ep_exclude_from_search":false,"iawp_total_views":9690,"editor_notices":[]},"product_brand":[],"product_cat":[665,35],"product_tag":[],"class_list":{"0":"post-30904","1":"product","2":"type-product","3":"status-publish","4":"has-post-thumbnail","6":"product_cat-goedaetische-kuppel-holz","7":"product_cat-uncategorized","9":"first","10":"instock","11":"shipping-taxable","12":"purchasable","13":"product-type-variable"},"composite_virtual":false,"composite_layout":"","composite_add_to_cart_form_location":"","composite_editable_in_cart":false,"composite_sold_individually_context":"","composite_shop_price_calc":"","composite_components":[],"composite_scenarios":[],"acf":[],"_links":{"self":[{"href":"https:\/\/adequat.eu\/de\/wp-json\/wp\/v2\/product\/30904","targetHints":{"allow":["GET"]}}],"collection":[{"href":"https:\/\/adequat.eu\/de\/wp-json\/wp\/v2\/product"}],"about":[{"href":"https:\/\/adequat.eu\/de\/wp-json\/wp\/v2\/types\/product"}],"replies":[{"embeddable":true,"href":"https:\/\/adequat.eu\/de\/wp-json\/wp\/v2\/comments?post=30904"}],"wp:featuredmedia":[{"embeddable":true,"href":"https:\/\/adequat.eu\/de\/wp-json\/wp\/v2\/media\/30928"}],"wp:attachment":[{"href":"https:\/\/adequat.eu\/de\/wp-json\/wp\/v2\/media?parent=30904"}],"wp:term":[{"taxonomy":"product_brand","embeddable":true,"href":"https:\/\/adequat.eu\/de\/wp-json\/wp\/v2\/product_brand?post=30904"},{"taxonomy":"product_cat","embeddable":true,"href":"https:\/\/adequat.eu\/de\/wp-json\/wp\/v2\/product_cat?post=30904"},{"taxonomy":"product_tag","embeddable":true,"href":"https:\/\/adequat.eu\/de\/wp-json\/wp\/v2\/product_tag?post=30904"}],"curies":[{"name":"wp","href":"https:\/\/api.w.org\/{rel}","templated":true}]}}