{"id":31682,"date":"2024-08-29T16:23:33","date_gmt":"2024-08-29T14:23:33","guid":{"rendered":"https:\/\/adequat.eu\/de\/?post_type=product&#038;p=31682"},"modified":"2025-11-25T15:42:59","modified_gmt":"2025-11-25T14:42:59","slug":"hollaendisches-tor-eiche-doppelt","status":"publish","type":"product","link":"https:\/\/adequat.eu\/de\/produkt\/holztore\/hollaendisches-tor-eiche-doppelt\/","title":{"rendered":"Holl\u00e4ndisches Tor Eiche doppelt"},"content":{"rendered":"<h2>Doppeltor Holz aus Eiche im niederl\u00e4ndischen Stil<\/h2>\n<p>Doppeltor Holz im niederl\u00e4ndischen Stil. Das Doppeltor ist aus Eichenholz gefertigt und in der Standardausf\u00fchrung 120 cm hoch (gemessen bis zur Oberkante des vertikalen Endbalkens). Die H\u00f6he bis zum oberen Querbalken betr\u00e4gt 110 cm.<\/p>\n<p>Bei diesem Doppeltor aus Holz betr\u00e4gt die maximale Breite 720 cm. Die Breitenma\u00dfe in Liste beziehen sich nur auf das Tor selbst. Bitte achten Sie darauf, dass Sie bei Ihrer Berechnung Platz f\u00fcr die Pf\u00e4hle (2 x 15 cm oder 2 x 20 cm) und das Scharnier und die Beschl\u00e4ge (2 x 12 cm) mit einberechnen.<\/p>\n<p><b>H\u00f6he und Breite:<\/b><br \/>\nDieses Holztor hat eine Standardh\u00f6he von 120 cm und ist in verschiedenen Breiten erh\u00e4ltlich.<\/p>\n<p><b>Einzel- oder Doppeltor:<\/b><br \/>\nDieses Tor ist als Einzeltor und als Doppeltor erh\u00e4ltlich. Sie k\u00f6nnen selbst bestimmen, wie breit Ihr Tor sein soll. Die maximale Breite pro Torfl\u00fcgel betr\u00e4gt 360 cm (da die Spannweite ansonsten zu gro\u00df w\u00e4re und das Tor durchh\u00e4ngen k\u00f6nnte).<\/p>\n<p><b>Gleiche oder ungleiche Fl\u00fcgel:<\/b><br \/>\nSie k\u00f6nnen ein Tor bestellen, das aus zwei gleich gro\u00dfen Fl\u00fcgeln besteht, oder ein Tor mit zwei ungleich gro\u00dfen Fl\u00fcgeln w\u00e4hlen. Eine beliebte Kombination ist ein schmalerer Torfl\u00fcgel f\u00fcr Fu\u00dfg\u00e4nger (f\u00fcr den t\u00e4glichen Gebrauch) und ein breiterer Torfl\u00fcgel, durch den auch motorisierte Fahrzeuge hindurchpassen.<\/p>\n<p><b>Beschl\u00e4ge und Verschlusssysteme:<\/b><br \/>\nSie k\u00f6nnen dieses Tor einzeln kaufen, das hei\u00dft ohne Torbeschl\u00e4ge (Scharniere und Torverschluss). Die verstellbaren Torbeschl\u00e4ge k\u00f6nnen Sie optional hinzubestellen. Wir raten zu diesem optionalen Set, damit Sie das Tor selbst nachjustieren k\u00f6nnen, falls es mal nicht ganz gerade h\u00e4ngt.<\/p>\n<p><b>Torautomatisierung:<\/b><br \/>\nM\u00f6chten Sie das Tor mit einem Torantrieb versehen? W\u00e4hlen Sie in diesem Fall die Option \u201everst\u00e4rkender Unterbalken\u201c. Der Unterbalken wird dann mit einem zus\u00e4tzlichen Balken versehen, damit der Antrieb gut befestigt werden kann. Bitte achten Sie unbedingt darauf, f\u00fcr den Torantrieb unsere eckigen Pfosten mit Diamantkopf (20 x 20 cm) zu w\u00e4hlen, da der Drehtorantrieb nur an diesen dickeren Pfosten befestigt werden kann.<\/p>\n<p><b>Torpfosten:<\/b><br \/>\nTorpfosten werden nicht standardm\u00e4\u00dfig mitgeliefert, k\u00f6nnen aber optional bestellt werden. Sie k\u00f6nnen folgende Pfosten w\u00e4hlen: A) 15 x 15 cm dicke Pfosten in 210 cm oder 280 cm L\u00e4nge oder B) 20 x 20 cm dicke Pfosten in 210 cm oder 280 cm L\u00e4nge w\u00e4hlen. Wenn Sie nicht sicher sind, welche Pfosten sich am besten f\u00fcr Ihren Anwendungszweck eignen, kontaktieren Sie uns.. Unsere Experten helfen Ihnen gerne weiter. Wenn Sie ein hochwertiges Tor mit mehreren Optionen zusammenstellen, empfehlen wir die breiteren Pfosten (20 x 20 cm). Dadurch verbessert Sie nicht nur die Stabilit\u00e4t, sondern auch die Langlebigkeit Ihres Holztores. Die Erfahrung zeigt: Je robuster der Torpfosten, desto l\u00e4nger die Haltbarkeit.<\/p>\n<p><b>Tor nach Ma\u00df:<\/b><br \/>\nAuf Wunsch passen wir dieses Tor auch an Ihre individuellen W\u00fcnsche an. Wir k\u00f6nnen dieses Tor beispielsweise in einer anderen H\u00f6he fertigen oder mit mehr Latten versehen. Vielleicht bevorzugen Sie auch eine andere Holzart? Gern senden wir Ihnen ein Angebot f\u00fcr ein Holztor in Ihren Wunschma\u00dfen.<\/p>\n<p><b>Bodenblock:<\/b><br \/>\nSpeziell f\u00fcr dieses niederl\u00e4ndische Doppeltor ist eine passender Bodenblock erh\u00e4ltlich, der dem Tor im geschlossenen Zustand mehr Stabilit\u00e4t verleiht. Dieser Bodenblock sorgt f\u00fcr eine perfekte Unterst\u00fctzung des Tors und verhindert so das \u201eDurchh\u00e4ngen\u201c.<\/p>\n","protected":false},"excerpt":{"rendered":"<p>Doppeltor Holz aus Eiche im niederl\u00e4ndischen Stil Doppeltor Holz im niederl\u00e4ndischen Stil. Das Doppeltor ist aus Eichenholz gefertigt und in der Standardausf\u00fchrung 120 cm hoch&#8230;<\/p>\n","protected":false},"featured_media":21621,"comment_status":"closed","ping_status":"closed","template":"","meta":{"_acf_changed":false,"inline_featured_image":false,"_trash_the_other_posts":false,"ep_exclude_from_search":false,"iawp_total_views":174,"editor_notices":[]},"product_brand":[],"product_cat":[254,522,500,626,635,261,631,523,640,643,645,647,648,650,651,429,653,636,627],"product_tag":[],"class_list":{"0":"post-31682","1":"product","2":"type-product","3":"status-publish","4":"has-post-thumbnail","6":"product_cat-einfahrtstore","7":"product_cat-alpakazaun","8":"product_cat-doppelfluegeltor","9":"product_cat-gartentore","10":"product_cat-hollaendisch","11":"product_cat-holztore","12":"product_cat-laendlich","13":"product_cat-pferdezaun","14":"product_cat-120-cm","15":"product_cat-150-cm","16":"product_cat-180-cm","17":"product_cat-210-cm","18":"product_cat-240-cm","19":"product_cat-270-cm","20":"product_cat-300-cm","21":"product_cat-eiche","22":"product_cat-antrieb","23":"product_cat-nach-mass","24":"product_cat-weidetore","26":"first","27":"instock","28":"shipping-taxable","29":"purchasable","30":"product-type-composite"},"composite_virtual":false,"composite_layout":"single","composite_add_to_cart_form_location":"default","composite_editable_in_cart":false,"composite_sold_individually_context":"product","composite_shop_price_calc":"min_max","composite_components":[{"id":"1610145273","title":"Linker Torfl\u00fcgel","description":"","query_type":"product_ids","query_ids":[31459],"default_option_id":31459,"thumbnail_id":"","thumbnail_src":"","quantity_min":1,"quantity_max":1,"priced_individually":true,"shipped_individually":false,"optional":false,"discount":"","options_style":"dropdowns","pagination_style":"classic","display_prices":"absolute","show_sorting_options":false,"show_filtering_options":false,"attribute_filter_ids":[],"select_action":"view","product_title_visible":false,"product_descr_visible":false,"product_price_visible":true,"product_thumb_visible":false,"subtotal_visible_product":false,"subtotal_visible_cart":true,"subtotal_visible_orders":true},{"id":"1610145274","title":"Rechter Torfl\u00fcgel","description":"","query_type":"product_ids","query_ids":[31459],"default_option_id":31459,"thumbnail_id":"","thumbnail_src":"","quantity_min":1,"quantity_max":1,"priced_individually":true,"shipped_individually":false,"optional":false,"discount":"","options_style":"dropdowns","pagination_style":"classic","display_prices":"absolute","show_sorting_options":false,"show_filtering_options":false,"attribute_filter_ids":[],"select_action":"view","product_title_visible":false,"product_descr_visible":false,"product_price_visible":true,"product_thumb_visible":false,"subtotal_visible_product":false,"subtotal_visible_cart":true,"subtotal_visible_orders":true},{"id":"1724949153","title":"Torbeschl\u00e4ge","description":"","query_type":"product_ids","query_ids":[31070],"default_option_id":"","thumbnail_id":"","thumbnail_src":"","quantity_min":1,"quantity_max":1,"priced_individually":true,"shipped_individually":false,"optional":true,"discount":"","options_style":"radios","pagination_style":"classic","display_prices":"absolute","show_sorting_options":false,"show_filtering_options":false,"attribute_filter_ids":[],"select_action":"view","product_title_visible":false,"product_descr_visible":false,"product_price_visible":true,"product_thumb_visible":false,"subtotal_visible_product":false,"subtotal_visible_cart":true,"subtotal_visible_orders":true},{"id":"1724949154","title":"Verst\u00e4rkter Unterbalken","description":"","query_type":"product_ids","query_ids":[31072],"default_option_id":"","thumbnail_id":"","thumbnail_src":"","quantity_min":2,"quantity_max":2,"priced_individually":true,"shipped_individually":false,"optional":true,"discount":"","options_style":"radios","pagination_style":"classic","display_prices":"absolute","show_sorting_options":false,"show_filtering_options":false,"attribute_filter_ids":[],"select_action":"view","product_title_visible":false,"product_descr_visible":false,"product_price_visible":true,"product_thumb_visible":false,"subtotal_visible_product":false,"subtotal_visible_cart":true,"subtotal_visible_orders":true},{"id":"1724949155","title":"Torpfosten","description":"","query_type":"product_ids","query_ids":[9360],"default_option_id":"","thumbnail_id":"","thumbnail_src":"","quantity_min":2,"quantity_max":2,"priced_individually":true,"shipped_individually":false,"optional":true,"discount":"","options_style":"radios","pagination_style":"classic","display_prices":"absolute","show_sorting_options":false,"show_filtering_options":false,"attribute_filter_ids":[],"select_action":"view","product_title_visible":false,"product_descr_visible":false,"product_price_visible":true,"product_thumb_visible":false,"subtotal_visible_product":false,"subtotal_visible_cart":true,"subtotal_visible_orders":true},{"id":"1724949156","title":"Bodenblock","description":"","query_type":"product_ids","query_ids":[9371,9372],"default_option_id":"","thumbnail_id":"","thumbnail_src":"","quantity_min":1,"quantity_max":1,"priced_individually":true,"shipped_individually":false,"optional":true,"discount":"","options_style":"radios","pagination_style":"classic","display_prices":"absolute","show_sorting_options":false,"show_filtering_options":false,"attribute_filter_ids":[],"select_action":"view","product_title_visible":false,"product_descr_visible":false,"product_price_visible":true,"product_thumb_visible":false,"subtotal_visible_product":false,"subtotal_visible_cart":true,"subtotal_visible_orders":true}],"composite_scenarios":[],"acf":[],"_links":{"self":[{"href":"https:\/\/adequat.eu\/de\/wp-json\/wp\/v2\/product\/31682","targetHints":{"allow":["GET"]}}],"collection":[{"href":"https:\/\/adequat.eu\/de\/wp-json\/wp\/v2\/product"}],"about":[{"href":"https:\/\/adequat.eu\/de\/wp-json\/wp\/v2\/types\/product"}],"replies":[{"embeddable":true,"href":"https:\/\/adequat.eu\/de\/wp-json\/wp\/v2\/comments?post=31682"}],"wp:featuredmedia":[{"embeddable":true,"href":"https:\/\/adequat.eu\/de\/wp-json\/wp\/v2\/media\/21621"}],"wp:attachment":[{"href":"https:\/\/adequat.eu\/de\/wp-json\/wp\/v2\/media?parent=31682"}],"wp:term":[{"taxonomy":"product_brand","embeddable":true,"href":"https:\/\/adequat.eu\/de\/wp-json\/wp\/v2\/product_brand?post=31682"},{"taxonomy":"product_cat","embeddable":true,"href":"https:\/\/adequat.eu\/de\/wp-json\/wp\/v2\/product_cat?post=31682"},{"taxonomy":"product_tag","embeddable":true,"href":"https:\/\/adequat.eu\/de\/wp-json\/wp\/v2\/product_tag?post=31682"}],"curies":[{"name":"wp","href":"https:\/\/api.w.org\/{rel}","templated":true}]}}