{"id":33297,"date":"2024-12-12T18:45:56","date_gmt":"2024-12-12T17:45:56","guid":{"rendered":"https:\/\/adequat.eu\/de\/?post_type=product&#038;p=33297"},"modified":"2026-04-09T14:06:54","modified_gmt":"2026-04-09T12:06:54","slug":"einschlaghuelse-80-mm-rnd","status":"publish","type":"product","link":"https:\/\/adequat.eu\/de\/produkt\/holzprodukte-2\/befestigungsmaterialien\/einschlaghuelse\/","title":{"rendered":"Einschlagh\u00fclse \u00d8 7\/9 cm"},"content":{"rendered":"<h2>Einschlagh\u00fclse 80 mm rund<\/h2>\n<p>Einschlagh\u00fclse (Bodenh\u00fclse mit Keil) 80 mm \u00d8 f\u00fcr runde Holzpf\u00e4hle mit 7-9 cm Durchmesser.<\/p>\n<p class=\"p1\">Die verzinkte Bodenh\u00fclse hat einen Durchmesser von 80 mm und eine Wandst\u00e4rke von 2,5 mm. Diese Einschlagh\u00fclsen bieten die perfekte L\u00f6sung, wenn Sie Holzpf\u00e4hle nicht tief genug in den Boden setzen k\u00f6nnen oder m\u00f6chten.<\/p>\n<p class=\"p1\">Das Set wird inklusive 2 passenden Schrauben, Muttern und Scheiben geliefert.<\/p>\n<p class=\"p1\">Wir bieten auch das Komplett-Paket an, d.h. passend gefr\u00e4ste <strong><a href=\"https:\/\/adequat.eu\/de\/produkt\/holzpfaehle-holzpfosten\/zaunpfahl-bodenhuelse-einschlaghuelse-kastanienpfahl\/\">Rundholzpf\u00e4hle mit Einschlagh\u00fclse<\/a><\/strong> an.<\/p>\n","protected":false},"excerpt":{"rendered":"<p>Einschlagh\u00fclse 80 mm rund Einschlagh\u00fclse (Bodenh\u00fclse mit Keil) 80 mm \u00d8 f\u00fcr runde Holzpf\u00e4hle mit 7-9 cm Durchmesser. Die verzinkte Bodenh\u00fclse hat einen Durchmesser von&#8230;<\/p>\n","protected":false},"featured_media":33366,"comment_status":"closed","ping_status":"closed","template":"","meta":{"_acf_changed":false,"inline_featured_image":false,"_trash_the_other_posts":false,"ep_exclude_from_search":false,"iawp_total_views":589,"editor_notices":[]},"product_brand":[],"product_cat":[274],"product_tag":[],"class_list":{"0":"post-33297","1":"product","2":"type-product","3":"status-publish","4":"has-post-thumbnail","6":"product_cat-befestigungsmaterialien","8":"first","9":"instock","10":"shipping-taxable","11":"purchasable","12":"product-type-simple"},"composite_virtual":false,"composite_layout":"","composite_add_to_cart_form_location":"","composite_editable_in_cart":false,"composite_sold_individually_context":"","composite_shop_price_calc":"","composite_components":[],"composite_scenarios":[],"acf":[],"_links":{"self":[{"href":"https:\/\/adequat.eu\/de\/wp-json\/wp\/v2\/product\/33297","targetHints":{"allow":["GET"]}}],"collection":[{"href":"https:\/\/adequat.eu\/de\/wp-json\/wp\/v2\/product"}],"about":[{"href":"https:\/\/adequat.eu\/de\/wp-json\/wp\/v2\/types\/product"}],"replies":[{"embeddable":true,"href":"https:\/\/adequat.eu\/de\/wp-json\/wp\/v2\/comments?post=33297"}],"wp:featuredmedia":[{"embeddable":true,"href":"https:\/\/adequat.eu\/de\/wp-json\/wp\/v2\/media\/33366"}],"wp:attachment":[{"href":"https:\/\/adequat.eu\/de\/wp-json\/wp\/v2\/media?parent=33297"}],"wp:term":[{"taxonomy":"product_brand","embeddable":true,"href":"https:\/\/adequat.eu\/de\/wp-json\/wp\/v2\/product_brand?post=33297"},{"taxonomy":"product_cat","embeddable":true,"href":"https:\/\/adequat.eu\/de\/wp-json\/wp\/v2\/product_cat?post=33297"},{"taxonomy":"product_tag","embeddable":true,"href":"https:\/\/adequat.eu\/de\/wp-json\/wp\/v2\/product_tag?post=33297"}],"curies":[{"name":"wp","href":"https:\/\/api.w.org\/{rel}","templated":true}]}}