{"id":33298,"date":"2024-12-12T19:07:09","date_gmt":"2024-12-12T18:07:09","guid":{"rendered":"https:\/\/adequat.eu\/de\/?post_type=product&#038;p=33298"},"modified":"2026-04-09T16:12:35","modified_gmt":"2026-04-09T14:12:35","slug":"pfostentraeger-aufschraubhuelse-rund-80-mm","status":"publish","type":"product","link":"https:\/\/adequat.eu\/de\/produkt\/holzprodukte-2\/befestigungsmaterialien\/aufschraubhuelse\/","title":{"rendered":"Aufschraubh\u00fclse \u00d8 8 cm"},"content":{"rendered":"<h2>Aufschraubh\u00fclse rund 80 mm (Pfostentr\u00e4ger)<\/h2>\n<p class=\"p1\">Pfostenh\u00fclse 80 mm \u00d8 mit Bodenplatte (15&#215;15 cm) f\u00fcr das Setzen von Holzpfosten mit 7-9 cm Durchmesser.<\/p>\n<p class=\"p1\">Die feuerverzinkte Bodenh\u00fclse hat einen Durchmesser von 80 mm und eine Wandst\u00e4rke von 2,5 mm.<\/p>\n<p class=\"p1\">Diese Bodenh\u00fclse ist perfekt, wenn Sie Holzpfosten nicht in den Boden setzen k\u00f6nnen oder m\u00f6chten.<\/p>\n<p class=\"p1\">Das Set wird inklusive 2 passenden Schrauben, Muttern und Scheiben geliefert.<\/p>\n<p class=\"p1\">Wir bieten auch das Komplett-Paket an, d.h. passend gefr\u00e4ste\u00a0<strong><a href=\"https:\/\/adequat.eu\/de\/produkt\/holzpfaehle-holzpfosten\/zaunpfahl-aufschraubhuelse\/\">Rundholzpf\u00e4hle inkl. Aufschraubh\u00fclse<\/a><\/strong>\u00a0an.<\/p>\n","protected":false},"excerpt":{"rendered":"<p>Aufschraubh\u00fclse rund 80 mm (Pfostentr\u00e4ger) Pfostenh\u00fclse 80 mm \u00d8 mit Bodenplatte (15&#215;15 cm) f\u00fcr das Setzen von Holzpfosten mit 7-9 cm Durchmesser. Die feuerverzinkte Bodenh\u00fclse&#8230;<\/p>\n","protected":false},"featured_media":33369,"comment_status":"closed","ping_status":"closed","template":"","meta":{"_acf_changed":false,"inline_featured_image":false,"_trash_the_other_posts":false,"ep_exclude_from_search":false,"iawp_total_views":374,"editor_notices":[]},"product_brand":[],"product_cat":[274],"product_tag":[],"class_list":{"0":"post-33298","1":"product","2":"type-product","3":"status-publish","4":"has-post-thumbnail","6":"product_cat-befestigungsmaterialien","8":"first","9":"instock","10":"shipping-taxable","11":"purchasable","12":"product-type-simple"},"composite_virtual":false,"composite_layout":"","composite_add_to_cart_form_location":"","composite_editable_in_cart":false,"composite_sold_individually_context":"","composite_shop_price_calc":"","composite_components":[],"composite_scenarios":[],"acf":[],"_links":{"self":[{"href":"https:\/\/adequat.eu\/de\/wp-json\/wp\/v2\/product\/33298","targetHints":{"allow":["GET"]}}],"collection":[{"href":"https:\/\/adequat.eu\/de\/wp-json\/wp\/v2\/product"}],"about":[{"href":"https:\/\/adequat.eu\/de\/wp-json\/wp\/v2\/types\/product"}],"replies":[{"embeddable":true,"href":"https:\/\/adequat.eu\/de\/wp-json\/wp\/v2\/comments?post=33298"}],"wp:featuredmedia":[{"embeddable":true,"href":"https:\/\/adequat.eu\/de\/wp-json\/wp\/v2\/media\/33369"}],"wp:attachment":[{"href":"https:\/\/adequat.eu\/de\/wp-json\/wp\/v2\/media?parent=33298"}],"wp:term":[{"taxonomy":"product_brand","embeddable":true,"href":"https:\/\/adequat.eu\/de\/wp-json\/wp\/v2\/product_brand?post=33298"},{"taxonomy":"product_cat","embeddable":true,"href":"https:\/\/adequat.eu\/de\/wp-json\/wp\/v2\/product_cat?post=33298"},{"taxonomy":"product_tag","embeddable":true,"href":"https:\/\/adequat.eu\/de\/wp-json\/wp\/v2\/product_tag?post=33298"}],"curies":[{"name":"wp","href":"https:\/\/api.w.org\/{rel}","templated":true}]}}