{"id":33372,"date":"2024-12-13T18:30:11","date_gmt":"2024-12-13T17:30:11","guid":{"rendered":"https:\/\/adequat.eu\/de\/?post_type=product&#038;p=33372"},"modified":"2026-04-01T11:07:49","modified_gmt":"2026-04-01T09:07:49","slug":"zaunpfahl-fuer-aufschraubhuelse-pfostentraeger","status":"publish","type":"product","link":"https:\/\/adequat.eu\/de\/produkt\/holzpfaehle-holzpfosten\/zaunpfahl-fuer-bodenhuelse\/","title":{"rendered":"Zaunpfahl (teilgefr\u00e4st) f\u00fcr Bodenh\u00fclse \u00d8 7\/9 cm"},"content":{"rendered":"<h2>Zaunpfahl teilgefr\u00e4st f\u00fcr Bodenh\u00fclse<\/h2>\n<p>Dieser Zaunpfahl aus Kastanie (Edelkastanie) ist so gefr\u00e4st, dass er perfekt in eine Bodenh\u00fclse passt.<\/p>\n<p>Sie k\u00f6nnen w\u00e4hlen, ob Sie den Zaunpfahl einzeln bestellen m\u00f6chten oder direkt als Set mit einer Einschlagh\u00fclse oder einer Aufschraubh\u00fclse.<\/p>\n<p>Wenn Sie bereits Bodenh\u00fclsen f\u00fcr Zaunpf\u00e4hle haben und nur noch die passenden Zaunpf\u00e4hle ben\u00f6tigen, dann k\u00f6nnen Sie hier die teilgefr\u00e4sten Holzpf\u00e4hle bestellen. Die Zaunpf\u00e4hle sind so gefr\u00e4st, dass sie in Bodenh\u00fclsen mit 80 mm Durchmesser passen.<\/p>\n<p>Alternativ k\u00f6nnen Sie <strong><a href=\"https:\/\/adequat.eu\/de\/produkte\/holzprodukte-2\/befestigungsmaterialien\/\">hier<\/a><\/strong> einzeln Einschlagh\u00fclsen und Aufschraubh\u00fclsen\u00a0(inkl. Schrauben) bei uns bestellen.<\/p>\n<h2>Warum Pf\u00e4hle aus Kastanienholz?<\/h2>\n<p>Die Pf\u00e4hle sind aus robusten und langlebigem Kastanienholz (Edelkastanie) hergestellt. Diese Holzart hat den Vorteil, dass sie sehr widerstandsf\u00e4hig, langlebig und nachhaltig ist. Der hohe Gehalt an <strong><a href=\"https:\/\/adequat.eu\/de\/aktuell\/anwendungen\/gerbstoff-gerbsaeure-tannin-in-holz\/\">Gerbs\u00e4ure<\/a><\/strong> im Holz sch\u00fctzt den Zaunpfahl vor Witterungseinfl\u00fcssen, Sch\u00e4dlingsbefall, Schimmel und F\u00e4ulnis. Diese Pf\u00e4hle brauchen nicht mit Holzschutzmitteln behandelt zu werden!<\/p>\n<p>Edelkastanienholz geh\u00f6rt in die <strong><a href=\"https:\/\/adequat.eu\/de\/aktuell\/dauerhaftigkeitsklasse-holzarten\/\">Dauerhaftigkeitsklasse 2<\/a><\/strong>, das hei\u00dft, Sie kaufen hier einen Zaunpfahl, der extrem lange h\u00e4lt!<\/p>\n","protected":false},"excerpt":{"rendered":"<p>Zaunpfahl teilgefr\u00e4st f\u00fcr Bodenh\u00fclse Dieser Zaunpfahl aus Kastanie (Edelkastanie) ist so gefr\u00e4st, dass er perfekt in eine Bodenh\u00fclse passt. Sie k\u00f6nnen w\u00e4hlen, ob Sie den&#8230;<\/p>\n","protected":false},"featured_media":33373,"comment_status":"closed","ping_status":"closed","template":"","meta":{"_acf_changed":false,"inline_featured_image":false,"_trash_the_other_posts":false,"ep_exclude_from_search":false,"iawp_total_views":1830,"editor_notices":[]},"product_brand":[],"product_cat":[263,492,255],"product_tag":[],"class_list":{"0":"post-33372","1":"product","2":"type-product","3":"status-publish","4":"has-post-thumbnail","6":"product_cat-holzpfaehle-holzpfosten","7":"product_cat-holzpfaehle-200-cm","8":"product_cat-kastanienpfaehle-kastanienpfosten","10":"first","11":"instock","12":"shipping-taxable","13":"purchasable","14":"product-type-variable","15":"has-default-attributes"},"composite_virtual":false,"composite_layout":"","composite_add_to_cart_form_location":"","composite_editable_in_cart":false,"composite_sold_individually_context":"","composite_shop_price_calc":"","composite_components":[],"composite_scenarios":[],"acf":[],"_links":{"self":[{"href":"https:\/\/adequat.eu\/de\/wp-json\/wp\/v2\/product\/33372","targetHints":{"allow":["GET"]}}],"collection":[{"href":"https:\/\/adequat.eu\/de\/wp-json\/wp\/v2\/product"}],"about":[{"href":"https:\/\/adequat.eu\/de\/wp-json\/wp\/v2\/types\/product"}],"replies":[{"embeddable":true,"href":"https:\/\/adequat.eu\/de\/wp-json\/wp\/v2\/comments?post=33372"}],"wp:featuredmedia":[{"embeddable":true,"href":"https:\/\/adequat.eu\/de\/wp-json\/wp\/v2\/media\/33373"}],"wp:attachment":[{"href":"https:\/\/adequat.eu\/de\/wp-json\/wp\/v2\/media?parent=33372"}],"wp:term":[{"taxonomy":"product_brand","embeddable":true,"href":"https:\/\/adequat.eu\/de\/wp-json\/wp\/v2\/product_brand?post=33372"},{"taxonomy":"product_cat","embeddable":true,"href":"https:\/\/adequat.eu\/de\/wp-json\/wp\/v2\/product_cat?post=33372"},{"taxonomy":"product_tag","embeddable":true,"href":"https:\/\/adequat.eu\/de\/wp-json\/wp\/v2\/product_tag?post=33372"}],"curies":[{"name":"wp","href":"https:\/\/api.w.org\/{rel}","templated":true}]}}