{"id":34741,"date":"2025-03-20T15:12:36","date_gmt":"2025-03-20T14:12:36","guid":{"rendered":"https:\/\/adequat.eu\/de\/?post_type=product&#038;p=34741"},"modified":"2025-10-16T13:21:38","modified_gmt":"2025-10-16T11:21:38","slug":"aussensteckdose-auf-pfahl-billy-kastanie-rund","status":"publish","type":"product","link":"https:\/\/adequat.eu\/de\/produkt\/aussenleuchte-holz\/aussensteckdose-pfahl-billy-kastanie-rund\/","title":{"rendered":"Pfahl mit Aussensteckdose Billy Kastanie rund"},"content":{"rendered":"<h2>Kastanienholzpfahl Billy mit Aussensteckdose<\/h2>\n<p>Eine Au\u00dfensteckdose integriert im runden Kastanienpfahl &#8218;Billy&#8216; ist eine <strong>praktische Hilfe<\/strong> im Garten, und wirkt dabei elegant und nat\u00fcrlich!<\/p>\n<p>Kein Gefummel mehr mit langen Verl\u00e4ngerungskabeln, wenn Sie die Hecke mit einer <strong>elektrischen Heckenschere<\/strong> schneiden wollen, kein umst\u00e4ndliches Hantieren mit einer Kabeltrommel, wenn Sie den <strong>Elektrogrill<\/strong> anschlie\u00dfen wollen. Oder wie w\u00e4re es mit einer Au\u00dfensteckdose in der N\u00e4he Ihrer Fahrr\u00e4der? Ideal zum Aufladen Ihres <strong>Fahrradakkus<\/strong>!<\/p>\n<h2>Sichere Aussensteckdose im Garten<\/h2>\n<p>Eine Au\u00dfensteckdose muss in erster Linie <strong>sicher<\/strong> sein. Die Au\u00dfensteckdose ist bereits im Holzpfosten integriert und ordentlich hinter einer <strong>Klappe<\/strong> verborgen. Sie m\u00fcssen lediglich das Erdkabel mit dem Stromkabel verbinden, das an die Steckdose angeschlossen ist. Sie verbinden das Erdkabel einfach mit dem Kabel, das aus der Steckdose kommt. Der Pfahl wird mit Wago-Verbindungsklemmen und einer Wago-Box geliefert, mit der sich leicht eine wasserdichte Verbindung zwischen den beiden Kabeln herstellen l\u00e4sst. F\u00fcr die Sicherheit ist also gesorgt!<\/p>\n<p>Neben der Sicherheit spielt auch die \u00c4sthetik eine Rolle in Ihrem Garten! Integriert in einem sch\u00f6nen dicken Holzpfahl aus Edelkastanie, der sich auf nat\u00fcrliche Weise in den Garten einf\u00fcgt.<\/p>\n<p>Der Pfosten, in dem die Au\u00dfensteckdose integriert ist wird, besteht aus Edelkastanie und hat 16-22 cm Durchmesser und eine L\u00e4nge von 150 cm (der Pfosten geht etwa 60 bis 70 cm in den Boden, sodass er \u2013 je nach Geschmack \u2013 80 oder 90 cm hoch ist).<\/p>\n<ul>\n<li>Material: Edelkastanie<\/li>\n<li>Durchmesser d. Pfostens: 16-22 cm<\/li>\n<li>L\u00e4nge d. Pfostens: 150 cm ( 60- 70 cm unter der Erdoberfl\u00e4che, 80- 90 cm \u00fcber dem Boden)<\/li>\n<\/ul>\n<p>Eine <strong>elegante<\/strong>, <strong>nat\u00fcrliche<\/strong> und <strong>praktische L\u00f6sung<\/strong> f\u00fcr eine Steckdose in Ihrem Garten!<\/p>\n<p>Die Steckdose ist quadratisch und ist 7,5 cm x 7,5 cm gro\u00df. Die Steckdose befindet sich etwa 22 cm von der Oberkante des Pfahls entfernt. Wenn Sie sich f\u00fcr eine Doppelsteckdose entscheiden, befindet sich die zweite Steckdose direkt darunter. Eine Doppelsteckdose ist dann 15 cm lang und 7,5 cm breit.<\/p>\n<h2>Kombination mit Wegeleuchte &#8218;Billy&#8216;<\/h2>\n<p>Diese Au\u00dfensteckdose l\u00e4sst sich wunderbar mit unserer runden Wegeleuchte \u201eBilly\u201c aus Edelkastanie kombinieren. Sie ist im selben Stil gehalten. Zur Info: Wenn Sie sowohl die Wegeleuchte als auch die Au\u00dfensteckdosen in Ihrem Garten anbringen m\u00f6chten, denken Sie daran, dass Sie daf\u00fcr separate Stromkreise einrichten m\u00fcssen.<\/p>\n","protected":false},"excerpt":{"rendered":"<p>Kastanienholzpfahl Billy mit Aussensteckdose Eine Au\u00dfensteckdose integriert im runden Kastanienpfahl &#8218;Billy&#8216; ist eine praktische Hilfe im Garten, und wirkt dabei elegant und nat\u00fcrlich! Kein Gefummel&#8230;<\/p>\n","protected":false},"featured_media":35973,"comment_status":"closed","ping_status":"closed","template":"","meta":{"_acf_changed":false,"inline_featured_image":false,"_trash_the_other_posts":false,"ep_exclude_from_search":false,"iawp_total_views":189,"editor_notices":[]},"product_brand":[],"product_cat":[452,675],"product_tag":[],"class_list":{"0":"post-34741","1":"product","2":"type-product","3":"status-publish","4":"has-post-thumbnail","6":"product_cat-aussenleuchte-holz","7":"product_cat-aussensteckdosen","9":"first","10":"instock","11":"shipping-taxable","12":"purchasable","13":"product-type-variable","14":"has-default-attributes"},"composite_virtual":false,"composite_layout":"","composite_add_to_cart_form_location":"","composite_editable_in_cart":false,"composite_sold_individually_context":"","composite_shop_price_calc":"","composite_components":[],"composite_scenarios":[],"acf":[],"_links":{"self":[{"href":"https:\/\/adequat.eu\/de\/wp-json\/wp\/v2\/product\/34741","targetHints":{"allow":["GET"]}}],"collection":[{"href":"https:\/\/adequat.eu\/de\/wp-json\/wp\/v2\/product"}],"about":[{"href":"https:\/\/adequat.eu\/de\/wp-json\/wp\/v2\/types\/product"}],"replies":[{"embeddable":true,"href":"https:\/\/adequat.eu\/de\/wp-json\/wp\/v2\/comments?post=34741"}],"wp:featuredmedia":[{"embeddable":true,"href":"https:\/\/adequat.eu\/de\/wp-json\/wp\/v2\/media\/35973"}],"wp:attachment":[{"href":"https:\/\/adequat.eu\/de\/wp-json\/wp\/v2\/media?parent=34741"}],"wp:term":[{"taxonomy":"product_brand","embeddable":true,"href":"https:\/\/adequat.eu\/de\/wp-json\/wp\/v2\/product_brand?post=34741"},{"taxonomy":"product_cat","embeddable":true,"href":"https:\/\/adequat.eu\/de\/wp-json\/wp\/v2\/product_cat?post=34741"},{"taxonomy":"product_tag","embeddable":true,"href":"https:\/\/adequat.eu\/de\/wp-json\/wp\/v2\/product_tag?post=34741"}],"curies":[{"name":"wp","href":"https:\/\/api.w.org\/{rel}","templated":true}]}}