{"id":35056,"date":"2025-04-04T16:27:13","date_gmt":"2025-04-04T14:27:13","guid":{"rendered":"https:\/\/adequat.eu\/de\/?post_type=product&#038;p=35056"},"modified":"2025-10-16T13:08:04","modified_gmt":"2025-10-16T11:08:04","slug":"lamellenzaun-tor-kastanie-einzeln","status":"publish","type":"product","link":"https:\/\/adequat.eu\/de\/produkt\/holztore\/lamellenzaun-tor-kastanie-einzeln\/","title":{"rendered":"Lamellenzaun-Tor Eiche \/ Kastanie einzeln mit Schloss"},"content":{"rendered":"<h2>Einzeltor f\u00fcr Lamellenzaun<\/h2>\n<p>Mit diesem <b>Einzeltor <\/b>aus Eichen- und Kastanienholz, passend zu unseren <a href=\"https:\/\/adequat.eu\/de\/produkte\/sichtschutz-holz\/lamellenzaun\/\"><strong>Lamellenz\u00e4unen<\/strong><\/a> holen Sie sich etwas ganz Besonderes in Ihren Garten!<\/p>\n<p>Dieses Tor ist auch als <strong><a href=\"https:\/\/adequat.eu\/de\/produkt\/holztore\/lamellenzaun-tor-kastanie-doppelt\/\">Doppeltor (siehe hier)<\/a><\/strong> erh\u00e4ltlich.<\/p>\n<p>Der hochwertige, stabile Rahmen ist aus Eichenholz gefertigt (Rahmendicke 7 cm x 8,5 cm) und harmoniert hervorragend mit dem verspielten Flechtwerk aus halben Kastanienrundh\u00f6lzern, die abwechselnd (mit runder und flacher Seite) angebracht sind. Das Tor ist <strong>nahezu blickdicht<\/strong> und bietet viel Privatsph\u00e4re. Gleichzeitig sorgen die geflochtenen Lamellen und daf\u00fcr, dass das Zauntor <strong>besonders nat\u00fcrlich<\/strong> wirkt.<\/p>\n<p>Dieses Gartentor passt hervorragend zu unserem <strong><a href=\"https:\/\/adequat.eu\/de\/produkt\/sichtschutz-holz\/flechtzaun\/sichtschutz-flechtzaun-lamellenzaun-kastanie-180-x-180-cm\/\">Lamellenzaun aus Kastanie<\/a><\/strong> und zum <strong><a href=\"https:\/\/adequat.eu\/de\/produkt\/sichtschutz-holz\/flechtzaun\/sichtschutz-haselnuss-180-x-150-cm\/\">Lamellenzaun aus Haselnuss<\/a><\/strong>. Auch <strong>zwischen einer gr\u00fcnen Hecke<\/strong>, <strong>neben einem Haus<\/strong> oder als <strong>Zugang zu Ihrem Garten<\/strong> ist dieses auff\u00e4llige, charmante Tor ein echter Hingucker. Ein au\u00dfergew\u00f6hnliches Tor mit nat\u00fcrlichem Charme!<\/p>\n<p>Der Torrahmen besteht aus europ\u00e4ischer Eiche. Die Vierkanth\u00f6lzer sind mittels einer robusten und stabilen Zapfenverbindung miteinander verbunden. Die halbrunden Latten bestehen aus Kastanienpf\u00e4hlen mit einem Durchmesser von 4-6 cm, die der L\u00e4nge nach durchges\u00e4gt wurden. Die halbrunden Latten sind mit Edelstahlschrauben am Eichenrahmen befestigt.<\/p>\n<p>Das Tor ist mit hochwertigen, <strong>verstellbaren (d.h. regulierbaren) Scharnieren<\/strong> ausgestattet. Es verf\u00fcgt \u00fcber einen <strong>Edelstahlgriff<\/strong> mit einem <strong>Edelstahl-Schloss<\/strong> der Marke Locinox. Dieses Schloss wurde speziell f\u00fcr Holztore entwickelt. Bekannterweise &#8218;arbeitet&#8216; Holz immer ein wenig, aber dieses Schloss stellt sicher, dass diese Bewegung keinen negativen Einfluss auf die Schlie\u00dffunktion hat. Das Tor f\u00e4llt weiterhin sauber ins Schloss. Sollte das Tor mit der Zeit etwas absacken, k\u00f6nnen Sie es einfach mit den verstellbaren Scharnieren neu justieren.<\/p>\n<h2>Abschlie\u00dfbares Gartentor:<\/h2>\n<p><strong>Der Schlie\u00dfzylinder wird NICHT mitgeliefert.<\/strong> So k\u00f6nnen Sie selbst entscheiden, mit welchem Schl\u00fcssel Sie Ihr Torschloss kombinieren m\u00f6chten.<\/p>\n<h2>Spezifikationen<\/h2>\n<p>Mit diesem Gartentor aus Eiche und Kastanie schlie\u00dfen Sie Ihr Grundst\u00fcck oder Ihren Garten effektiv und auf sch\u00f6ne Weise ab.<\/p>\n<p>Das Tor hat eine <strong>Standardh\u00f6he von 180 cm<\/strong> und ist in <strong>vier Breiten<\/strong> erh\u00e4ltlich: 80 cm, 100 cm, 120 cm und 150 cm. Die angegebenen Breiten beziehen sich nur auf das Tor selbst. Bitte beachten Sie, dass zur Gesamtbreite die Torpfosten (2 x 15 cm) und der Abstand zwischen Pfosten und Scharnieren (2 x 2 cm) hinzukommen. Das Tor ist standardm\u00e4\u00dfig mit einem <strong>Edelstahlschloss<\/strong> und einem<strong> Edelstahl-T\u00fcrgriff<\/strong> ausgestattet.<\/p>\n<h2>Einzel- oder Doppeltor<\/h2>\n<p>Dieses Tor ist in verschiedenen Breiten erh\u00e4ltlich und kann auch als Einzeltor geliefert werden. Sie k\u00f6nnen selbst bestimmen, wie breit das Tor sein soll. Breiter als 150 cm pro Torfl\u00fcgel fertigen wir dieses Tor nicht an, da die Spannweite dann zu gro\u00df w\u00e4re. Bei einer gro\u00dfen Spannweite besteht die Gefahr, dass das Tor durchh\u00e4ngt.<\/p>\n<h2>Gleiche oder ungleiche Torfl\u00fcgel<\/h2>\n<p>Sie k\u00f6nnen ein Tor w\u00e4hlen, das aus zwei gleich gro\u00dfen Torfl\u00fcgeln besteht oder ein Tor mit Torfl\u00fcgeln in unterschiedlichen Breiten, z.B. ein schmales Fu\u00dfg\u00e4nger-Tor f\u00fcr den t\u00e4glichen Gebrauch und ein breites Tor f\u00fcr gr\u00f6\u00dfere Fahrzeuge.<\/p>\n<h2>Scharniere und Verschluss<\/h2>\n<p>Sie kaufen dieses Tor <strong>inklusive hochwertigem, verzinktem Scharnier- und Verschlusswerk<\/strong>. Das Scharnier- und Verschlusswerk ist ein integraler Bestandteil f\u00fcr die Stabilit\u00e4t des Tores und ist daher nicht optional.<\/p>\n<h2>Torpfosten<\/h2>\n<p>Torpfosten werden nicht standardm\u00e4\u00dfig mitgeliefert. Sie k\u00f6nnen Torpfosten Ihrer Wahl dazu bestellen. Wir empfehlen Eichenholzpfosten mit Diamantkopf, in der Gr\u00f6\u00dfe 15 x 15 cm mit einer L\u00e4nge von 280 cm.<\/p>\n<h2>Tor nach Ma\u00df<\/h2>\n<p>H\u00e4tten Sie dieses oder ein anderes Holztor von Ad\u00e9quat gern in speziellen Ma\u00dfen? Oder haben Sie ein bestimmtes Holztor im Kopf, das wir f\u00fcr Sie anfertigen k\u00f6nnen? Kontaktieren Sie uns! Wir denken gerne mit Ihnen mit und erstellen ein Angebot f\u00fcr ein Holztor nach Ma\u00df.<\/p>\n","protected":false},"excerpt":{"rendered":"<p>Einzeltor f\u00fcr Lamellenzaun Mit diesem Einzeltor aus Eichen- und Kastanienholz, passend zu unseren Lamellenz\u00e4unen holen Sie sich etwas ganz Besonderes in Ihren Garten! Dieses Tor&#8230;<\/p>\n","protected":false},"featured_media":36325,"comment_status":"closed","ping_status":"closed","template":"","meta":{"_acf_changed":false,"inline_featured_image":false,"_trash_the_other_posts":false,"ep_exclude_from_search":false,"iawp_total_views":243,"editor_notices":[]},"product_brand":[],"product_cat":[633,254,630,626,634,631,638,640,643,637,429,624,654,636],"product_tag":[],"class_list":{"0":"post-35056","1":"product","2":"type-product","3":"status-publish","4":"has-post-thumbnail","6":"product_cat-blickdicht","7":"product_cat-einfahrtstore","8":"product_cat-einzeltor","9":"product_cat-gartentore","10":"product_cat-lamellen","11":"product_cat-laendlich","12":"product_cat-100-cm","13":"product_cat-120-cm","14":"product_cat-150-cm","15":"product_cat-80-cm","16":"product_cat-eiche","17":"product_cat-kastanie","18":"product_cat-schloss","19":"product_cat-nach-mass","21":"first","22":"instock","23":"shipping-taxable","24":"purchasable","25":"product-type-composite"},"composite_virtual":false,"composite_layout":"single","composite_add_to_cart_form_location":"default","composite_editable_in_cart":false,"composite_sold_individually_context":"product","composite_shop_price_calc":"defaults","composite_components":[{"id":"1743784035","title":"Torfl\u00fcgel","description":"","query_type":"product_ids","query_ids":[35260],"default_option_id":35260,"thumbnail_id":"","thumbnail_src":"","quantity_min":1,"quantity_max":1,"priced_individually":true,"shipped_individually":false,"optional":false,"discount":"","options_style":"dropdowns","pagination_style":"classic","display_prices":"absolute","show_sorting_options":false,"show_filtering_options":false,"attribute_filter_ids":[],"select_action":"view","product_title_visible":false,"product_descr_visible":false,"product_price_visible":true,"product_thumb_visible":false,"subtotal_visible_product":false,"subtotal_visible_cart":false,"subtotal_visible_orders":false},{"id":"1743784036","title":"Torpfosten","description":"","query_type":"product_ids","query_ids":[35428],"default_option_id":"","thumbnail_id":"","thumbnail_src":"","quantity_min":2,"quantity_max":2,"priced_individually":true,"shipped_individually":false,"optional":true,"discount":"","options_style":"radios","pagination_style":"classic","display_prices":"absolute","show_sorting_options":false,"show_filtering_options":false,"attribute_filter_ids":[],"select_action":"view","product_title_visible":false,"product_descr_visible":false,"product_price_visible":true,"product_thumb_visible":false,"subtotal_visible_product":false,"subtotal_visible_cart":false,"subtotal_visible_orders":false}],"composite_scenarios":[],"acf":[],"_links":{"self":[{"href":"https:\/\/adequat.eu\/de\/wp-json\/wp\/v2\/product\/35056","targetHints":{"allow":["GET"]}}],"collection":[{"href":"https:\/\/adequat.eu\/de\/wp-json\/wp\/v2\/product"}],"about":[{"href":"https:\/\/adequat.eu\/de\/wp-json\/wp\/v2\/types\/product"}],"replies":[{"embeddable":true,"href":"https:\/\/adequat.eu\/de\/wp-json\/wp\/v2\/comments?post=35056"}],"wp:featuredmedia":[{"embeddable":true,"href":"https:\/\/adequat.eu\/de\/wp-json\/wp\/v2\/media\/36325"}],"wp:attachment":[{"href":"https:\/\/adequat.eu\/de\/wp-json\/wp\/v2\/media?parent=35056"}],"wp:term":[{"taxonomy":"product_brand","embeddable":true,"href":"https:\/\/adequat.eu\/de\/wp-json\/wp\/v2\/product_brand?post=35056"},{"taxonomy":"product_cat","embeddable":true,"href":"https:\/\/adequat.eu\/de\/wp-json\/wp\/v2\/product_cat?post=35056"},{"taxonomy":"product_tag","embeddable":true,"href":"https:\/\/adequat.eu\/de\/wp-json\/wp\/v2\/product_tag?post=35056"}],"curies":[{"name":"wp","href":"https:\/\/api.w.org\/{rel}","templated":true}]}}