{"id":35218,"date":"2025-04-11T10:06:29","date_gmt":"2025-04-11T08:06:29","guid":{"rendered":"https:\/\/adequat.eu\/de\/?post_type=product&#038;p=35218"},"modified":"2025-10-23T16:04:43","modified_gmt":"2025-10-23T14:04:43","slug":"hochwertiges-staketenzauntor-mit-schloss-kastanie-doppelt-175-cm-hoch","status":"publish","type":"product","link":"https:\/\/adequat.eu\/de\/produkt\/holztore\/hochwertiges-staketenzauntor-mit-schloss-kastanie-doppelt-175-cm-hoch\/","title":{"rendered":"Hochwertiges Staketenzauntor mit Schloss Kastanie doppelt 175 cm hoch"},"content":{"rendered":"<h2>Doppeltor mit Schloss, 175 cm hoch<\/h2>\n<p>Dieses hochwertige, 175 cm hohe <strong>Doppeltor mit Schloss und T\u00fcrklinke <\/strong>ist in mehreren Breiten erh\u00e4ltlich. Sowohl der linke als auch der recht Torfl\u00fcgel kann in folgenden Breiten gew\u00e4hlt werden: 80 cm, 100 cm, 120 cm und 150 cm. Die maximale Breite dieses Doppelfl\u00fcgeltors betr\u00e4gt also 300 cm.<\/p>\n<p>Das robuste, <strong>abschlie\u00dfbare Holztor<\/strong> passt sehr gut zu unseren <a href=\"https:\/\/adequat.eu\/de\/produkt\/kastanienzaun-naturzaun\/staketenzaun\/staketenzaun-175-cm\/\"><strong>Staketenz\u00e4unen in 175 cm H\u00f6he<\/strong><\/a>, eignet sich aber auch sehr gut als eigenst\u00e4ndiges <strong>Gartentor<\/strong>, <strong>Einfahrtstor<\/strong> oder <strong>Zugangstor <\/strong>zum Grundst\u00fcck.<\/p>\n<p><strong>Hochwertige Edelkastanie:<\/strong> Das Holztor mit Schloss ist aus langlebigem Kastanienholz gefertigt. Die Pfosten bestehen aus Kastanienpf\u00e4hlen mit 10-12 cm Durchmesser, w\u00e4hrend die Querstreben und die Diagonalstrebe aus Kastanienpf\u00e4hlen mit 7-9 cm Durchmesser gefertigt sind.<\/p>\n<h2>Was ist der Unterschied zum &#8217;normalen&#8216; Staketenzauntor?<\/h2>\n<ul>\n<li><strong>Abschlie\u00dfbares Tor:<\/strong> Dieses hochwertige Staketenzauntor verf\u00fcgt \u00fcber eine T\u00fcrklinke und kann abgeschlossen werden. Das Holztor ist so konstruiert, dass die nat\u00fcrliche &#8218;Atmung&#8216; des Holzes kaum Einfluss auf ein reibungsloses Schlie\u00dfmechanismus hat. Sollte es mit der Zeit dennoch etwas schwerg\u00e4ngiger werden, l\u00e4sst sich dies einfach mit den verstellbaren Scharnieren beheben.<\/li>\n<li><strong>Stabiler Rahmen:<\/strong> Die Holzst\u00e4rke: Die Pfosten des luxuri\u00f6sen Staketenzauntors bestehen aus Kastanienholzpf\u00e4hlen mit 10-12 cm Durchmesser, die horizontalen Querstreben und die Diagonalstrebe (der schr\u00e4ge Pfahl im Rahmen) sind aus Pf\u00e4hlen 7-9 cm Durchmesser gefertigt. Dies sorgt f\u00fcr einen \u00e4u\u00dferst stabilen Rahmen.\n<ul>\n<li>Zum Vergleich: Bei einem normalen Staketenzauntoror verwenden wir Pfosten mit 8-10 cm Durchmesser und Querstreben sowie Diagonalstreben mit 4-6 cm Durchmesser.<\/li>\n<\/ul>\n<\/li>\n<li><strong>Verarbeitung:<\/strong>\n<ul>\n<li>Die Verbindungen, die dieses schwere Tor stabil halten, sind besonders solide und robust.<\/li>\n<li>Die Pfosten sind auf zwei Seiten abgeflacht, um die Verbindungen zu verbessern.<\/li>\n<li>Die Zapfenverbindungen sind verleimt und mit hochwertigen Edelstahlschrauben festgeschraubt.<\/li>\n<\/ul>\n<\/li>\n<\/ul>\n<h2>Torpfosten &amp; Beschl\u00e4ge<\/h2>\n<p>Dieses Holztor wird standardm\u00e4\u00dfig OHNE Torpfosten geliefert. Wir empfehlen <a href=\"https:\/\/adequat.eu\/de\/produkt\/holzprodukte\/gesaegtes-holz\/holzbalken-edelkastanie\/\"><strong>solide Kastanienbalken (16 x 16 cm<\/strong>)<\/a> als Pfosten f\u00fcr dieses Tor. F\u00fcr ein <strong>175 cm hohes Tor<\/strong> sollten Sie <strong>Pfosten in 300 cm H\u00f6he<\/strong> w\u00e4hlen. (Damit die Torpfosten stabil stehen, muss ein Drittel des Pfostens unter der Erdoberfl\u00e4che im Boden verankert sein.)<\/p>\n<p>Das Holztor mit Schloss ist mit hochwertigen, <strong>verzinkten Beschl\u00e4gen<\/strong> ausgestattet. Die Scharniere sind mit Edelstahl-Sicherheitsbolzen am Tor befestigt, und die Scharniere sind verstellbar. Das Schloss (Locinox) ist aus Edelstahl und speziell f\u00fcr Holztore entwickelt. ACHTUNG: Der <strong>Schlie\u00dfzylinder ist nicht im Lieferumfang<\/strong> enthalten. So k\u00f6nnen Sie selbst entscheiden, ob Sie beispielsweise den gleichen Schl\u00fcssel verwenden m\u00f6chten, den Sie auch f\u00fcr Ihre Haust\u00fcr oder den Ger\u00e4teschuppen nutzen.<\/p>\n<h2>Drehrichtung des Tores<\/h2>\n<p>Um die richtige Drehrichtung zu bestimmen, ist es wichtig zu wissen, was bei uns als Standard gilt: Wir von der Seite auf das Tor, an der die Latten befestigt sind. Das ist f\u00fcr uns die Vorderseite (auf der R\u00fcckseite befinden sich die Scharniere). Wenn Sie auf die Vorderseite des Tores schauen, ist das Tor auf der rechten Seite mit den Scharnieren befestigt und \u00f6ffnet sich standardm\u00e4\u00dfig nach rechts von Ihnen weg. Wahlweise k\u00f6nnen Sie auch ein sich nach links hin \u00f6ffnendes Tor w\u00e4hlen.<\/p>\n<h2><span style=\"color: #641e14;font-size: 1.875rem\">Breite des Doppeltores<\/span><\/h2>\n<p>Um die richtige Gr\u00f6\u00dfe dieses Doppeltores zu bestimmen, sollten Sie ber\u00fccksichtigen, dass Sie auf beiden Seiten des Tores 16 cm zus\u00e4tzlich f\u00fcr die Torpfosten und einen Zwischenr\u00e4ume f\u00fcr die Scharniere und einen kleinen Abstand zwischen den Torfl\u00fcgeln (jeweils 2 cm) einplanen m\u00fcssen. Um zu berechnen, wie viel Platz Sie f\u00fcr ein Doppeltor ben\u00f6tigen, gehen Sie von der Gr\u00f6\u00dfe der Tore + (2 x 16 cm + 3 x 2 cm =) 38 cm aus, die Sie f\u00fcr ein Doppeltor ben\u00f6tigen.<\/p>\n","protected":false},"excerpt":{"rendered":"<p>Doppeltor mit Schloss, 175 cm hoch Dieses hochwertige, 175 cm hohe Doppeltor mit Schloss und T\u00fcrklinke ist in mehreren Breiten erh\u00e4ltlich. Sowohl der linke als&#8230;<\/p>\n","protected":false},"featured_media":35391,"comment_status":"closed","ping_status":"closed","template":"","meta":{"_acf_changed":false,"inline_featured_image":false,"_trash_the_other_posts":false,"ep_exclude_from_search":false,"iawp_total_views":180,"editor_notices":[]},"product_brand":[],"product_cat":[251,682,624,654],"product_tag":[],"class_list":{"0":"post-35218","1":"product","2":"type-product","3":"status-publish","4":"has-post-thumbnail","6":"product_cat-staketenzauntore","7":"product_cat-hochwertig","8":"product_cat-kastanie","9":"product_cat-schloss","11":"first","12":"instock","13":"shipping-taxable","14":"purchasable","15":"product-type-composite"},"composite_virtual":false,"composite_layout":"single","composite_add_to_cart_form_location":"default","composite_editable_in_cart":false,"composite_sold_individually_context":"product","composite_shop_price_calc":"defaults","composite_components":[{"id":"1744365991","title":"Linker Torfl\u00fcgel","description":"","query_type":"product_ids","query_ids":[35549],"default_option_id":35549,"thumbnail_id":"","thumbnail_src":"","quantity_min":1,"quantity_max":1,"priced_individually":true,"shipped_individually":false,"optional":false,"discount":"","options_style":"dropdowns","pagination_style":"classic","display_prices":"absolute","show_sorting_options":false,"show_filtering_options":false,"attribute_filter_ids":[],"select_action":"view","product_title_visible":false,"product_descr_visible":false,"product_price_visible":true,"product_thumb_visible":false,"subtotal_visible_product":false,"subtotal_visible_cart":false,"subtotal_visible_orders":false},{"id":"1744365992","title":"Rechter Torfl\u00fcgel","description":"","query_type":"product_ids","query_ids":[35549],"default_option_id":35549,"thumbnail_id":"","thumbnail_src":"","quantity_min":1,"quantity_max":1,"priced_individually":true,"shipped_individually":false,"optional":false,"discount":"","options_style":"dropdowns","pagination_style":"classic","display_prices":"absolute","show_sorting_options":false,"show_filtering_options":false,"attribute_filter_ids":[],"select_action":"view","product_title_visible":false,"product_descr_visible":false,"product_price_visible":true,"product_thumb_visible":false,"subtotal_visible_product":false,"subtotal_visible_cart":false,"subtotal_visible_orders":false},{"id":"1744365993","title":"Torpfosten Kastanie","description":"","query_type":"product_ids","query_ids":[35524],"default_option_id":"","thumbnail_id":"","thumbnail_src":"","quantity_min":2,"quantity_max":2,"priced_individually":true,"shipped_individually":false,"optional":true,"discount":"","options_style":"radios","pagination_style":"classic","display_prices":"absolute","show_sorting_options":false,"show_filtering_options":false,"attribute_filter_ids":[],"select_action":"view","product_title_visible":false,"product_descr_visible":false,"product_price_visible":true,"product_thumb_visible":false,"subtotal_visible_product":false,"subtotal_visible_cart":false,"subtotal_visible_orders":false}],"composite_scenarios":[],"acf":[],"_links":{"self":[{"href":"https:\/\/adequat.eu\/de\/wp-json\/wp\/v2\/product\/35218","targetHints":{"allow":["GET"]}}],"collection":[{"href":"https:\/\/adequat.eu\/de\/wp-json\/wp\/v2\/product"}],"about":[{"href":"https:\/\/adequat.eu\/de\/wp-json\/wp\/v2\/types\/product"}],"replies":[{"embeddable":true,"href":"https:\/\/adequat.eu\/de\/wp-json\/wp\/v2\/comments?post=35218"}],"wp:featuredmedia":[{"embeddable":true,"href":"https:\/\/adequat.eu\/de\/wp-json\/wp\/v2\/media\/35391"}],"wp:attachment":[{"href":"https:\/\/adequat.eu\/de\/wp-json\/wp\/v2\/media?parent=35218"}],"wp:term":[{"taxonomy":"product_brand","embeddable":true,"href":"https:\/\/adequat.eu\/de\/wp-json\/wp\/v2\/product_brand?post=35218"},{"taxonomy":"product_cat","embeddable":true,"href":"https:\/\/adequat.eu\/de\/wp-json\/wp\/v2\/product_cat?post=35218"},{"taxonomy":"product_tag","embeddable":true,"href":"https:\/\/adequat.eu\/de\/wp-json\/wp\/v2\/product_tag?post=35218"}],"curies":[{"name":"wp","href":"https:\/\/api.w.org\/{rel}","templated":true}]}}